{"id":33350,"date":"2017-06-21T07:32:19","date_gmt":"2017-06-21T07:32:19","guid":{"rendered":"http:\/\/www.sotograndeguide.com\/?page_id=33350"},"modified":"2019-05-21T20:38:25","modified_gmt":"2019-05-21T20:38:25","slug":"lenoteca","status":"publish","type":"page","link":"https:\/\/www.sotograndeguide.com\/fr\/sotogrande-restaurants\/la-enoteca\/","title":{"rendered":"La Enoteca"},"content":{"rendered":"<p>La Enoteca est un nouveau bar \u00e0 vin et restaurant \u00e0 tapas situ\u00e9 sur le boulevard principal de Torreguadiaro.<\/p>\n<p>Ce restaurant \u00e0 la d\u00e9coration impeccable est une nouveaut\u00e9 sur la sc\u00e8ne gastronomique de Sotogrande et de ses environs.<\/p>\n<p>\u00c0 La Enoteca, vous pourrez d\u00e9guster une vari\u00e9t\u00e9 de plats de tapas typiques avec une touche de modernit\u00e9.<\/p>\n<p>L'Enoteca propose \u00e9galement une large s\u00e9lection de vins \u00e9cologiques et biologiques.<\/p>\n<p><strong>La Enoteca<\/strong><br \/>\nCuisine : M\u00e9diterran\u00e9e, Tapas, Vins Eco<br \/>\nAdresse : Avenida Mar del Sur, Edificio Boulevar S\/N, Torreguadiaro Avenida Mar del Sur, Edificio Boulevar S\/N, Torreguadiaro<br \/>\nT\u00e9l\u00e9phone : <a href=\"tel:+34695916445\">695916445<\/a><\/p>","protected":false},"excerpt":{"rendered":"<p>La Enoteca est un nouveau bar \u00e0 vin et restaurant de tapas situ\u00e9 sur le boulevard principal de Torreguadiaro. Ce restaurant \u00e0 la d\u00e9coration impeccable est une nouveaut\u00e9 sur la sc\u00e8ne gastronomique de Sotogrande et de ses environs. \u00c0 La Enoteca, vous pourrez d\u00e9guster une vari\u00e9t\u00e9 de plats de tapas typiques avec une touche de modernit\u00e9. L'Enoteca dispose \u00e9galement d'un... <a title=\"La Enoteca\" class=\"read-more\" href=\"https:\/\/www.sotograndeguide.com\/fr\/sotogrande-restaurants\/la-enoteca\/\" aria-label=\"En savoir plus sur La Enoteca\">Lire plus<\/a><\/p>","protected":false},"author":1,"featured_media":33769,"parent":91,"menu_order":0,"comment_status":"closed","ping_status":"closed","template":"","meta":{"footnotes":""},"class_list":["post-33350","page","type-page","status-publish","has-post-thumbnail"],"yoast_head":"<!-- This site is optimized with the Yoast SEO Premium plugin v20.5 (Yoast SEO v27.3) - https:\/\/yoast.com\/product\/yoast-seo-premium-wordpress\/ -->\n<title>La Enoteca Wine Bar - Sotogrande Guide<\/title>\n<meta name=\"robots\" content=\"index, follow, max-snippet:-1, max-image-preview:large, max-video-preview:-1\" \/>\n<link rel=\"canonical\" href=\"https:\/\/www.sotograndeguide.com\/fr\/restaurants-de-sotogrande\/lenoteca\/\" \/>\n<meta property=\"og:locale\" content=\"fr_FR\" \/>\n<meta property=\"og:type\" content=\"article\" \/>\n<meta property=\"og:title\" content=\"La Enoteca\" \/>\n<meta property=\"og:description\" content=\"La Enoteca is a new wine bar and tapas restaurant located on the main boulevard in Torreguadiaro. The impeccably decorated restaurant makes it a fresh new addition to the gastronomy scene in and around Sotogrande. At La Enoteca you can taste a variety of typical tapas dishes with a modern twist. La Enoteca also has ... Lire plus\" \/>\n<meta property=\"og:url\" content=\"https:\/\/www.sotograndeguide.com\/fr\/restaurants-de-sotogrande\/lenoteca\/\" \/>\n<meta property=\"og:site_name\" content=\"Sotogrande Guide\" \/>\n<meta property=\"article:publisher\" content=\"https:\/\/www.facebook.com\/sotograndeguide\" \/>\n<meta property=\"article:modified_time\" content=\"2019-05-21T20:38:25+00:00\" \/>\n<meta property=\"og:image\" content=\"https:\/\/www.sotograndeguide.com\/wp-content\/uploads\/2017\/12\/La-Enoteca-Restaurant-Torreguadiaro.jpg\" \/>\n\t<meta property=\"og:image:width\" content=\"960\" \/>\n\t<meta property=\"og:image:height\" content=\"640\" \/>\n\t<meta property=\"og:image:type\" content=\"image\/jpeg\" \/>\n<meta name=\"twitter:card\" content=\"summary_large_image\" \/>\n<meta name=\"twitter:site\" content=\"@sotograndeguide\" \/>\n<!-- \/ Yoast SEO Premium plugin. -->","yoast_head_json":{"title":"La Enoteca Wine Bar - Guide de Sotogrande","robots":{"index":"index","follow":"follow","max-snippet":"max-snippet:-1","max-image-preview":"max-image-preview:large","max-video-preview":"max-video-preview:-1"},"canonical":"https:\/\/www.sotograndeguide.com\/fr\/restaurants-de-sotogrande\/lenoteca\/","og_locale":"fr_FR","og_type":"article","og_title":"La Enoteca","og_description":"La Enoteca is a new wine bar and tapas restaurant located on the main boulevard in Torreguadiaro. The impeccably decorated restaurant makes it a fresh new addition to the gastronomy scene in and around Sotogrande. At La Enoteca you can taste a variety of typical tapas dishes with a modern twist. La Enoteca also has ... Lire plus","og_url":"https:\/\/www.sotograndeguide.com\/fr\/restaurants-de-sotogrande\/lenoteca\/","og_site_name":"Sotogrande Guide","article_publisher":"https:\/\/www.facebook.com\/sotograndeguide","article_modified_time":"2019-05-21T20:38:25+00:00","og_image":[{"width":960,"height":640,"url":"https:\/\/www.sotograndeguide.com\/wp-content\/uploads\/2017\/12\/La-Enoteca-Restaurant-Torreguadiaro.jpg","type":"image\/jpeg"}],"twitter_card":"summary_large_image","twitter_site":"@sotograndeguide","schema":{"@context":"https:\/\/schema.org","@graph":[{"@type":"WebPage","@id":"https:\/\/www.sotograndeguide.com\/sotogrande-restaurants\/la-enoteca\/","url":"https:\/\/www.sotograndeguide.com\/sotogrande-restaurants\/la-enoteca\/","name":"La Enoteca Wine Bar - Guide de Sotogrande","isPartOf":{"@id":"https:\/\/www.sotograndeguide.com\/#website"},"primaryImageOfPage":{"@id":"https:\/\/www.sotograndeguide.com\/sotogrande-restaurants\/la-enoteca\/#primaryimage"},"image":{"@id":"https:\/\/www.sotograndeguide.com\/sotogrande-restaurants\/la-enoteca\/#primaryimage"},"thumbnailUrl":"https:\/\/www.sotograndeguide.com\/wp-content\/uploads\/2017\/12\/La-Enoteca-Restaurant-Torreguadiaro.jpg","datePublished":"2017-06-21T07:32:19+00:00","dateModified":"2019-05-21T20:38:25+00:00","breadcrumb":{"@id":"https:\/\/www.sotograndeguide.com\/sotogrande-restaurants\/la-enoteca\/#breadcrumb"},"inLanguage":"fr-FR","potentialAction":[{"@type":"ReadAction","target":["https:\/\/www.sotograndeguide.com\/sotogrande-restaurants\/la-enoteca\/"]}]},{"@type":"ImageObject","inLanguage":"fr-FR","@id":"https:\/\/www.sotograndeguide.com\/sotogrande-restaurants\/la-enoteca\/#primaryimage","url":"https:\/\/www.sotograndeguide.com\/wp-content\/uploads\/2017\/12\/La-Enoteca-Restaurant-Torreguadiaro.jpg","contentUrl":"https:\/\/www.sotograndeguide.com\/wp-content\/uploads\/2017\/12\/La-Enoteca-Restaurant-Torreguadiaro.jpg","width":960,"height":640,"caption":"La Enoteca Restaurant Torreguadiaro"},{"@type":"BreadcrumbList","@id":"https:\/\/www.sotograndeguide.com\/sotogrande-restaurants\/la-enoteca\/#breadcrumb","itemListElement":[{"@type":"ListItem","position":1,"name":"Home","item":"https:\/\/www.sotograndeguide.com\/"},{"@type":"ListItem","position":2,"name":"Sotogrande Restaurants","item":"https:\/\/www.sotograndeguide.com\/sotogrande-restaurants\/"},{"@type":"ListItem","position":3,"name":"La Enoteca"}]},{"@type":"WebSite","@id":"https:\/\/www.sotograndeguide.com\/#website","url":"https:\/\/www.sotograndeguide.com\/","name":"Guide de Sotogrande","description":"Nouvelles, conseils, \u00e9v\u00e9nements et critiques","publisher":{"@id":"https:\/\/www.sotograndeguide.com\/#organization"},"potentialAction":[{"@type":"SearchAction","target":{"@type":"EntryPoint","urlTemplate":"https:\/\/www.sotograndeguide.com\/?s={search_term_string}"},"query-input":{"@type":"PropertyValueSpecification","valueRequired":true,"valueName":"search_term_string"}}],"inLanguage":"fr-FR"},{"@type":"Organization","@id":"https:\/\/www.sotograndeguide.com\/#organization","name":"Guide de Sotogrande","url":"https:\/\/www.sotograndeguide.com\/","logo":{"@type":"ImageObject","inLanguage":"fr-FR","@id":"https:\/\/www.sotograndeguide.com\/#\/schema\/logo\/image\/","url":"https:\/\/www.sotograndeguide.com\/wp-content\/uploads\/2017\/03\/Sotogrande-Logo-GUIDE.png","contentUrl":"https:\/\/www.sotograndeguide.com\/wp-content\/uploads\/2017\/03\/Sotogrande-Logo-GUIDE.png","width":300,"height":300,"caption":"Sotogrande Guide"},"image":{"@id":"https:\/\/www.sotograndeguide.com\/#\/schema\/logo\/image\/"},"sameAs":["https:\/\/www.facebook.com\/sotograndeguide","https:\/\/x.com\/sotograndeguide","https:\/\/www.tiktok.com\/@sotograndeguide","https:\/\/www.youtube.com\/@SotograndeGuide"]}]}},"jetpack_sharing_enabled":true,"_links":{"self":[{"href":"https:\/\/www.sotograndeguide.com\/fr\/wp-json\/wp\/v2\/pages\/33350","targetHints":{"allow":["GET"]}}],"collection":[{"href":"https:\/\/www.sotograndeguide.com\/fr\/wp-json\/wp\/v2\/pages"}],"about":[{"href":"https:\/\/www.sotograndeguide.com\/fr\/wp-json\/wp\/v2\/types\/page"}],"author":[{"embeddable":true,"href":"https:\/\/www.sotograndeguide.com\/fr\/wp-json\/wp\/v2\/users\/1"}],"replies":[{"embeddable":true,"href":"https:\/\/www.sotograndeguide.com\/fr\/wp-json\/wp\/v2\/comments?post=33350"}],"version-history":[{"count":0,"href":"https:\/\/www.sotograndeguide.com\/fr\/wp-json\/wp\/v2\/pages\/33350\/revisions"}],"up":[{"embeddable":true,"href":"https:\/\/www.sotograndeguide.com\/fr\/wp-json\/wp\/v2\/pages\/91"}],"wp:featuredmedia":[{"embeddable":true,"href":"https:\/\/www.sotograndeguide.com\/fr\/wp-json\/wp\/v2\/media\/33769"}],"wp:attachment":[{"href":"https:\/\/www.sotograndeguide.com\/fr\/wp-json\/wp\/v2\/media?parent=33350"}],"curies":[{"name":"wp","href":"https:\/\/api.w.org\/{rel}","templated":true}]}}