{"id":31595,"date":"2017-02-19T22:41:06","date_gmt":"2017-02-19T22:41:06","guid":{"rendered":"http:\/\/www.sotograndeguide.com\/?page_id=31595"},"modified":"2019-05-21T20:53:27","modified_gmt":"2019-05-21T20:53:27","slug":"cancha-ii","status":"publish","type":"page","link":"https:\/\/www.sotograndeguide.com\/fr\/sotogrande-restaurants\/cancha-ii\/","title":{"rendered":"Cancha II"},"content":{"rendered":"<p>Le restaurant Cancha II est situ\u00e9 sur le terrain de polo du club Ayala \u00e0 San Enrique de Guadiaro. Pour y acc\u00e9der, il faut emprunter une longue piste entour\u00e9e d'arbres imposants. Le restaurant lui-m\u00eame est situ\u00e9 sur une partie sur\u00e9lev\u00e9e du c\u00f4t\u00e9 du terrain de polo.<\/p>\n<p>Le Cancha II a un aspect rustique mais moderne, avec une d\u00e9coration m\u00ealant le bois et le verre. Ce n'est pas un grand restaurant, donc m\u00eame les soirs o\u00f9 il y a beaucoup de monde, vous pouvez profiter d'un repas agr\u00e9able. Compte tenu de l'emplacement et du type de nourriture, c'est un endroit parfait pour un repas d\u00e9contract\u00e9.<\/p>\n<p>Le personnel, agr\u00e9able et attentif, est positif et informatif. Fid\u00e8les \u00e0 leur style argentin, les plats principaux du menu sont des viandes. R\u00f4tie sur un feu ouvert, \u00e0 la vue des convives, l'atmosph\u00e8re ainsi cr\u00e9\u00e9e est majestueuse. Le Cancha II propose \u00e9galement une s\u00e9lection impressionnante de vins argentins de qualit\u00e9. Bien que la sp\u00e9cialit\u00e9 soit la viande, le restaurant sert \u00e9galement du poisson et propose des desserts tr\u00e8s originaux.<\/p>\n<p>Cuisine : Argentin, Viande<br \/>\nAdresse : Polo Ayala Club, Haciendas de San Enrique, San Enrique de Guadiaro, Sotogrande, Espagne<br \/>\nT\u00e9l\u00e9phone : <a href=\"tel:+34618568368\">618568368<\/a><\/p>","protected":false},"excerpt":{"rendered":"<p>Le restaurant Cancha II est situ\u00e9 sur le terrain de polo du club Ayala \u00e0 San Enrique de Guadiaro. Pour y acc\u00e9der, il faut emprunter une longue piste entour\u00e9e d'arbres imposants. Le restaurant lui-m\u00eame est situ\u00e9 sur une partie sur\u00e9lev\u00e9e du c\u00f4t\u00e9 du terrain de polo. Le Cancha II a un style rustique... <a title=\"Cancha II\" class=\"read-more\" href=\"https:\/\/www.sotograndeguide.com\/fr\/sotogrande-restaurants\/cancha-ii\/\" aria-label=\"En savoir plus sur Cancha II\">Lire plus<\/a><\/p>","protected":false},"author":1,"featured_media":33297,"parent":91,"menu_order":0,"comment_status":"closed","ping_status":"closed","template":"","meta":{"footnotes":""},"class_list":["post-31595","page","type-page","status-publish","has-post-thumbnail"],"yoast_head":"<!-- This site is optimized with the Yoast SEO Premium plugin v20.5 (Yoast SEO v27.3) - https:\/\/yoast.com\/product\/yoast-seo-premium-wordpress\/ -->\n<title>Cancha II Argentinian Restaurant - Sotogrande Guide<\/title>\n<meta name=\"robots\" content=\"index, follow, max-snippet:-1, max-image-preview:large, max-video-preview:-1\" \/>\n<link rel=\"canonical\" href=\"https:\/\/www.sotograndeguide.com\/fr\/restaurants-de-sotogrande\/cancha-ii\/\" \/>\n<meta property=\"og:locale\" content=\"fr_FR\" \/>\n<meta property=\"og:type\" content=\"article\" \/>\n<meta property=\"og:title\" content=\"Cancha II\" \/>\n<meta property=\"og:description\" content=\"The Cancha II restaurant is located on the Ayala Club polo field in San Enrique de Guadiaro. To get to the restaurant you have to drive down a long track surrounded by imposing trees. The restaurant itself is located on an elevated section on the side of the Polo field. Cancha II has a rustic ... Lire plus\" \/>\n<meta property=\"og:url\" content=\"https:\/\/www.sotograndeguide.com\/fr\/restaurants-de-sotogrande\/cancha-ii\/\" \/>\n<meta property=\"og:site_name\" content=\"Sotogrande Guide\" \/>\n<meta property=\"article:publisher\" content=\"https:\/\/www.facebook.com\/sotograndeguide\" \/>\n<meta property=\"article:modified_time\" content=\"2019-05-21T20:53:27+00:00\" \/>\n<meta property=\"og:image\" content=\"https:\/\/www.sotograndeguide.com\/wp-content\/uploads\/2017\/02\/Asador-Cancha-II-Sotogrande.jpg\" \/>\n\t<meta property=\"og:image:width\" content=\"1024\" \/>\n\t<meta property=\"og:image:height\" content=\"680\" \/>\n\t<meta property=\"og:image:type\" content=\"image\/jpeg\" \/>\n<meta name=\"twitter:card\" content=\"summary_large_image\" \/>\n<meta name=\"twitter:site\" content=\"@sotograndeguide\" \/>\n<meta name=\"twitter:label1\" content=\"Est. reading time\" \/>\n\t<meta name=\"twitter:data1\" content=\"1 minute\" \/>\n<!-- \/ Yoast SEO Premium plugin. -->","yoast_head_json":{"title":"Cancha II Restaurant Argentin - Guide Sotogrande","robots":{"index":"index","follow":"follow","max-snippet":"max-snippet:-1","max-image-preview":"max-image-preview:large","max-video-preview":"max-video-preview:-1"},"canonical":"https:\/\/www.sotograndeguide.com\/fr\/restaurants-de-sotogrande\/cancha-ii\/","og_locale":"fr_FR","og_type":"article","og_title":"Cancha II","og_description":"The Cancha II restaurant is located on the Ayala Club polo field in San Enrique de Guadiaro. To get to the restaurant you have to drive down a long track surrounded by imposing trees. The restaurant itself is located on an elevated section on the side of the Polo field. Cancha II has a rustic ... Lire plus","og_url":"https:\/\/www.sotograndeguide.com\/fr\/restaurants-de-sotogrande\/cancha-ii\/","og_site_name":"Sotogrande Guide","article_publisher":"https:\/\/www.facebook.com\/sotograndeguide","article_modified_time":"2019-05-21T20:53:27+00:00","og_image":[{"width":1024,"height":680,"url":"https:\/\/www.sotograndeguide.com\/wp-content\/uploads\/2017\/02\/Asador-Cancha-II-Sotogrande.jpg","type":"image\/jpeg"}],"twitter_card":"summary_large_image","twitter_site":"@sotograndeguide","twitter_misc":{"Est. reading time":"1 minute"},"schema":{"@context":"https:\/\/schema.org","@graph":[{"@type":"WebPage","@id":"https:\/\/www.sotograndeguide.com\/sotogrande-restaurants\/cancha-ii\/","url":"https:\/\/www.sotograndeguide.com\/sotogrande-restaurants\/cancha-ii\/","name":"Cancha II Restaurant Argentin - Guide Sotogrande","isPartOf":{"@id":"https:\/\/www.sotograndeguide.com\/#website"},"primaryImageOfPage":{"@id":"https:\/\/www.sotograndeguide.com\/sotogrande-restaurants\/cancha-ii\/#primaryimage"},"image":{"@id":"https:\/\/www.sotograndeguide.com\/sotogrande-restaurants\/cancha-ii\/#primaryimage"},"thumbnailUrl":"https:\/\/www.sotograndeguide.com\/wp-content\/uploads\/2017\/02\/Asador-Cancha-II-Sotogrande.jpg","datePublished":"2017-02-19T22:41:06+00:00","dateModified":"2019-05-21T20:53:27+00:00","breadcrumb":{"@id":"https:\/\/www.sotograndeguide.com\/sotogrande-restaurants\/cancha-ii\/#breadcrumb"},"inLanguage":"fr-FR","potentialAction":[{"@type":"ReadAction","target":["https:\/\/www.sotograndeguide.com\/sotogrande-restaurants\/cancha-ii\/"]}]},{"@type":"ImageObject","inLanguage":"fr-FR","@id":"https:\/\/www.sotograndeguide.com\/sotogrande-restaurants\/cancha-ii\/#primaryimage","url":"https:\/\/www.sotograndeguide.com\/wp-content\/uploads\/2017\/02\/Asador-Cancha-II-Sotogrande.jpg","contentUrl":"https:\/\/www.sotograndeguide.com\/wp-content\/uploads\/2017\/02\/Asador-Cancha-II-Sotogrande.jpg","width":"1024","height":"680","caption":"Cancha II Sotogrande"},{"@type":"BreadcrumbList","@id":"https:\/\/www.sotograndeguide.com\/sotogrande-restaurants\/cancha-ii\/#breadcrumb","itemListElement":[{"@type":"ListItem","position":1,"name":"Home","item":"https:\/\/www.sotograndeguide.com\/"},{"@type":"ListItem","position":2,"name":"Sotogrande Restaurants","item":"https:\/\/www.sotograndeguide.com\/sotogrande-restaurants\/"},{"@type":"ListItem","position":3,"name":"Cancha II"}]},{"@type":"WebSite","@id":"https:\/\/www.sotograndeguide.com\/#website","url":"https:\/\/www.sotograndeguide.com\/","name":"Guide de Sotogrande","description":"Nouvelles, conseils, \u00e9v\u00e9nements et critiques","publisher":{"@id":"https:\/\/www.sotograndeguide.com\/#organization"},"potentialAction":[{"@type":"SearchAction","target":{"@type":"EntryPoint","urlTemplate":"https:\/\/www.sotograndeguide.com\/?s={search_term_string}"},"query-input":{"@type":"PropertyValueSpecification","valueRequired":true,"valueName":"search_term_string"}}],"inLanguage":"fr-FR"},{"@type":"Organization","@id":"https:\/\/www.sotograndeguide.com\/#organization","name":"Guide de Sotogrande","url":"https:\/\/www.sotograndeguide.com\/","logo":{"@type":"ImageObject","inLanguage":"fr-FR","@id":"https:\/\/www.sotograndeguide.com\/#\/schema\/logo\/image\/","url":"https:\/\/www.sotograndeguide.com\/wp-content\/uploads\/2017\/03\/Sotogrande-Logo-GUIDE.png","contentUrl":"https:\/\/www.sotograndeguide.com\/wp-content\/uploads\/2017\/03\/Sotogrande-Logo-GUIDE.png","width":300,"height":300,"caption":"Sotogrande Guide"},"image":{"@id":"https:\/\/www.sotograndeguide.com\/#\/schema\/logo\/image\/"},"sameAs":["https:\/\/www.facebook.com\/sotograndeguide","https:\/\/x.com\/sotograndeguide","https:\/\/www.tiktok.com\/@sotograndeguide","https:\/\/www.youtube.com\/@SotograndeGuide"]}]}},"jetpack_sharing_enabled":true,"_links":{"self":[{"href":"https:\/\/www.sotograndeguide.com\/fr\/wp-json\/wp\/v2\/pages\/31595","targetHints":{"allow":["GET"]}}],"collection":[{"href":"https:\/\/www.sotograndeguide.com\/fr\/wp-json\/wp\/v2\/pages"}],"about":[{"href":"https:\/\/www.sotograndeguide.com\/fr\/wp-json\/wp\/v2\/types\/page"}],"author":[{"embeddable":true,"href":"https:\/\/www.sotograndeguide.com\/fr\/wp-json\/wp\/v2\/users\/1"}],"replies":[{"embeddable":true,"href":"https:\/\/www.sotograndeguide.com\/fr\/wp-json\/wp\/v2\/comments?post=31595"}],"version-history":[{"count":0,"href":"https:\/\/www.sotograndeguide.com\/fr\/wp-json\/wp\/v2\/pages\/31595\/revisions"}],"up":[{"embeddable":true,"href":"https:\/\/www.sotograndeguide.com\/fr\/wp-json\/wp\/v2\/pages\/91"}],"wp:featuredmedia":[{"embeddable":true,"href":"https:\/\/www.sotograndeguide.com\/fr\/wp-json\/wp\/v2\/media\/33297"}],"wp:attachment":[{"href":"https:\/\/www.sotograndeguide.com\/fr\/wp-json\/wp\/v2\/media?parent=31595"}],"curies":[{"name":"wp","href":"https:\/\/api.w.org\/{rel}","templated":true}]}}