{"id":31590,"date":"2017-04-27T16:27:09","date_gmt":"2017-04-27T16:27:09","guid":{"rendered":"http:\/\/www.sotograndeguide.com\/?page_id=31590"},"modified":"2023-04-10T19:05:39","modified_gmt":"2023-04-10T19:05:39","slug":"trocadero","status":"publish","type":"page","link":"https:\/\/www.sotograndeguide.com\/fr\/sotogrande-restaurants\/trocadero\/","title":{"rendered":"Trocadero Sotogrande"},"content":{"rendered":"<p>Le Trocadero beach club est un impressionnant \u00e9tablissement de bord de mer dot\u00e9 d'un tr\u00e8s grand restaurant, situ\u00e9 \u00e0 Sotogrande Costa, juste \u00e0 c\u00f4t\u00e9 de la prestigieuse avenue Paseo del Parque. D\u00e8s l'entr\u00e9e, le design et la d\u00e9coration attirent tous les sens.<\/p>\n<p>Il y a deux piscines fra\u00eeches, un grand espace ouvert avec des chaises longues et des lits balinais, ainsi qu'une vari\u00e9t\u00e9 de salles \u00e0 manger int\u00e9rieures et ext\u00e9rieures. Plus qu'un simple restaurant, le club de plage du Trocad\u00e9ro est un lieu de d\u00e9tente o\u00f9 l'on peut boire un verre, prendre le soleil et profiter de la vie \u00e0 son maximum. En \u00e9t\u00e9, le Trocad\u00e9ro peut \u00eatre tr\u00e8s fr\u00e9quent\u00e9, alors soyez patient et vous ne serez pas d\u00e9\u00e7u.<\/p>\n<p>La cuisine est m\u00e9diterran\u00e9enne cr\u00e9ative avec quelques options japonaises, avec une grande vari\u00e9t\u00e9 pour satisfaire tous les go\u00fbts et le bar offre une grande s\u00e9lection de cocktails. L'\u00e9tablissement est \u00e9galement l'un des rares \u00e0 proposer une vie nocturne \u00e0 Sotogrande, avec des DJ jouant de la musique jusque tard dans la nuit.<\/p>\n<p><strong>Trocad\u00e9ro<\/strong><br \/>\nCuisine : M\u00e9diterran\u00e9e, Japon<br \/>\nAdresse : Paseo del Parque, s\/n, 11310 Sotogrande, San Roque, Espagne<br \/>\nT\u00e9l\u00e9phone : <a href=\"tel:+34956795012\">956795012<\/a><\/p>","protected":false},"excerpt":{"rendered":"<p>Le Trocadero beach club est un impressionnant \u00e9tablissement de bord de mer dot\u00e9 d'un tr\u00e8s grand restaurant, situ\u00e9 \u00e0 Sotogrande Costa, juste \u00e0 c\u00f4t\u00e9 de la prestigieuse avenue Paseo del Parque. D\u00e8s l'entr\u00e9e, le design et la d\u00e9coration attirent tous les sens. Il y a deux piscines fra\u00eeches, un grand espace ouvert avec des chaises longues et des lits balinais... <a title=\"Trocadero Sotogrande\" class=\"read-more\" href=\"https:\/\/www.sotograndeguide.com\/fr\/sotogrande-restaurants\/trocadero\/\" aria-label=\"En savoir plus sur Trocadero Sotogrande\">Lire plus<\/a><\/p>","protected":false},"author":1,"featured_media":33238,"parent":91,"menu_order":0,"comment_status":"closed","ping_status":"closed","template":"","meta":{"footnotes":""},"class_list":["post-31590","page","type-page","status-publish","has-post-thumbnail"],"yoast_head":"<!-- This site is optimized with the Yoast SEO Premium plugin v20.5 (Yoast SEO v27.4) - https:\/\/yoast.com\/product\/yoast-seo-premium-wordpress\/ -->\n<title>Trocadero Sotogrande Beach Club &amp; Restaurant - Sotogrande Guide<\/title>\n<meta name=\"robots\" content=\"index, follow, max-snippet:-1, max-image-preview:large, max-video-preview:-1\" \/>\n<link rel=\"canonical\" href=\"https:\/\/www.sotograndeguide.com\/fr\/restaurants-de-sotogrande\/trocadero\/\" \/>\n<meta property=\"og:locale\" content=\"fr_FR\" \/>\n<meta property=\"og:type\" content=\"article\" \/>\n<meta property=\"og:title\" content=\"Trocadero Sotogrande\" \/>\n<meta property=\"og:description\" content=\"The Trocadero beach club is an impressive beachfront venue with a very large Restaurant, located in Sotogrande Costa, just off the prestigious Paseo del Parque avenue. From the moment you walk in, the design and decor attract all your senses. There are two cool swimming pools, large open area with sun loungers and balinese beds ... Lire plus\" \/>\n<meta property=\"og:url\" content=\"https:\/\/www.sotograndeguide.com\/fr\/restaurants-de-sotogrande\/trocadero\/\" \/>\n<meta property=\"og:site_name\" content=\"Sotogrande Guide\" \/>\n<meta property=\"article:publisher\" content=\"https:\/\/www.facebook.com\/sotograndeguide\" \/>\n<meta property=\"article:modified_time\" content=\"2023-04-10T19:05:39+00:00\" \/>\n<meta property=\"og:image\" content=\"https:\/\/www.sotograndeguide.com\/wp-content\/uploads\/2017\/04\/Trocadero-Sotogrande.jpg\" \/>\n\t<meta property=\"og:image:width\" content=\"1000\" \/>\n\t<meta property=\"og:image:height\" content=\"667\" \/>\n\t<meta property=\"og:image:type\" content=\"image\/jpeg\" \/>\n<meta name=\"twitter:card\" content=\"summary_large_image\" \/>\n<meta name=\"twitter:site\" content=\"@sotograndeguide\" \/>\n<meta name=\"twitter:label1\" content=\"Est. reading time\" \/>\n\t<meta name=\"twitter:data1\" content=\"1 minute\" \/>\n<!-- \/ Yoast SEO Premium plugin. -->","yoast_head_json":{"title":"Trocadero Sotogrande Beach Club &amp; Restaurant - Guide Sotogrande","robots":{"index":"index","follow":"follow","max-snippet":"max-snippet:-1","max-image-preview":"max-image-preview:large","max-video-preview":"max-video-preview:-1"},"canonical":"https:\/\/www.sotograndeguide.com\/fr\/restaurants-de-sotogrande\/trocadero\/","og_locale":"fr_FR","og_type":"article","og_title":"Trocadero Sotogrande","og_description":"The Trocadero beach club is an impressive beachfront venue with a very large Restaurant, located in Sotogrande Costa, just off the prestigious Paseo del Parque avenue. From the moment you walk in, the design and decor attract all your senses. There are two cool swimming pools, large open area with sun loungers and balinese beds ... Lire plus","og_url":"https:\/\/www.sotograndeguide.com\/fr\/restaurants-de-sotogrande\/trocadero\/","og_site_name":"Sotogrande Guide","article_publisher":"https:\/\/www.facebook.com\/sotograndeguide","article_modified_time":"2023-04-10T19:05:39+00:00","og_image":[{"width":1000,"height":667,"url":"https:\/\/www.sotograndeguide.com\/wp-content\/uploads\/2017\/04\/Trocadero-Sotogrande.jpg","type":"image\/jpeg"}],"twitter_card":"summary_large_image","twitter_site":"@sotograndeguide","twitter_misc":{"Est. reading time":"1 minute"},"schema":{"@context":"https:\/\/schema.org","@graph":[{"@type":"WebPage","@id":"https:\/\/www.sotograndeguide.com\/sotogrande-restaurants\/trocadero\/","url":"https:\/\/www.sotograndeguide.com\/sotogrande-restaurants\/trocadero\/","name":"Trocadero Sotogrande Beach Club &amp; Restaurant - Guide Sotogrande","isPartOf":{"@id":"https:\/\/www.sotograndeguide.com\/#website"},"primaryImageOfPage":{"@id":"https:\/\/www.sotograndeguide.com\/sotogrande-restaurants\/trocadero\/#primaryimage"},"image":{"@id":"https:\/\/www.sotograndeguide.com\/sotogrande-restaurants\/trocadero\/#primaryimage"},"thumbnailUrl":"https:\/\/www.sotograndeguide.com\/wp-content\/uploads\/2017\/04\/Trocadero-Sotogrande.jpg","datePublished":"2017-04-27T16:27:09+00:00","dateModified":"2023-04-10T19:05:39+00:00","breadcrumb":{"@id":"https:\/\/www.sotograndeguide.com\/sotogrande-restaurants\/trocadero\/#breadcrumb"},"inLanguage":"fr-FR","potentialAction":[{"@type":"ReadAction","target":["https:\/\/www.sotograndeguide.com\/sotogrande-restaurants\/trocadero\/"]}]},{"@type":"ImageObject","inLanguage":"fr-FR","@id":"https:\/\/www.sotograndeguide.com\/sotogrande-restaurants\/trocadero\/#primaryimage","url":"https:\/\/www.sotograndeguide.com\/wp-content\/uploads\/2017\/04\/Trocadero-Sotogrande.jpg","contentUrl":"https:\/\/www.sotograndeguide.com\/wp-content\/uploads\/2017\/04\/Trocadero-Sotogrande.jpg","width":"1000","height":"667","caption":"Trocadero Sotogrande"},{"@type":"BreadcrumbList","@id":"https:\/\/www.sotograndeguide.com\/sotogrande-restaurants\/trocadero\/#breadcrumb","itemListElement":[{"@type":"ListItem","position":1,"name":"Home","item":"https:\/\/www.sotograndeguide.com\/"},{"@type":"ListItem","position":2,"name":"Sotogrande Restaurants","item":"https:\/\/www.sotograndeguide.com\/sotogrande-restaurants\/"},{"@type":"ListItem","position":3,"name":"Trocadero Sotogrande"}]},{"@type":"WebSite","@id":"https:\/\/www.sotograndeguide.com\/#website","url":"https:\/\/www.sotograndeguide.com\/","name":"Guide de Sotogrande","description":"Nouvelles, conseils, \u00e9v\u00e9nements et critiques","publisher":{"@id":"https:\/\/www.sotograndeguide.com\/#organization"},"potentialAction":[{"@type":"SearchAction","target":{"@type":"EntryPoint","urlTemplate":"https:\/\/www.sotograndeguide.com\/?s={search_term_string}"},"query-input":{"@type":"PropertyValueSpecification","valueRequired":true,"valueName":"search_term_string"}}],"inLanguage":"fr-FR"},{"@type":"Organization","@id":"https:\/\/www.sotograndeguide.com\/#organization","name":"Guide de Sotogrande","url":"https:\/\/www.sotograndeguide.com\/","logo":{"@type":"ImageObject","inLanguage":"fr-FR","@id":"https:\/\/www.sotograndeguide.com\/#\/schema\/logo\/image\/","url":"https:\/\/www.sotograndeguide.com\/wp-content\/uploads\/2017\/03\/Sotogrande-Logo-GUIDE.png","contentUrl":"https:\/\/www.sotograndeguide.com\/wp-content\/uploads\/2017\/03\/Sotogrande-Logo-GUIDE.png","width":300,"height":300,"caption":"Sotogrande Guide"},"image":{"@id":"https:\/\/www.sotograndeguide.com\/#\/schema\/logo\/image\/"},"sameAs":["https:\/\/www.facebook.com\/sotograndeguide","https:\/\/x.com\/sotograndeguide","https:\/\/www.tiktok.com\/@sotograndeguide","https:\/\/www.youtube.com\/@SotograndeGuide"]}]}},"jetpack_sharing_enabled":true,"_links":{"self":[{"href":"https:\/\/www.sotograndeguide.com\/fr\/wp-json\/wp\/v2\/pages\/31590","targetHints":{"allow":["GET"]}}],"collection":[{"href":"https:\/\/www.sotograndeguide.com\/fr\/wp-json\/wp\/v2\/pages"}],"about":[{"href":"https:\/\/www.sotograndeguide.com\/fr\/wp-json\/wp\/v2\/types\/page"}],"author":[{"embeddable":true,"href":"https:\/\/www.sotograndeguide.com\/fr\/wp-json\/wp\/v2\/users\/1"}],"replies":[{"embeddable":true,"href":"https:\/\/www.sotograndeguide.com\/fr\/wp-json\/wp\/v2\/comments?post=31590"}],"version-history":[{"count":0,"href":"https:\/\/www.sotograndeguide.com\/fr\/wp-json\/wp\/v2\/pages\/31590\/revisions"}],"up":[{"embeddable":true,"href":"https:\/\/www.sotograndeguide.com\/fr\/wp-json\/wp\/v2\/pages\/91"}],"wp:featuredmedia":[{"embeddable":true,"href":"https:\/\/www.sotograndeguide.com\/fr\/wp-json\/wp\/v2\/media\/33238"}],"wp:attachment":[{"href":"https:\/\/www.sotograndeguide.com\/fr\/wp-json\/wp\/v2\/media?parent=31590"}],"curies":[{"name":"wp","href":"https:\/\/api.w.org\/{rel}","templated":true}]}}