{"id":31589,"date":"2017-02-19T22:45:31","date_gmt":"2017-02-19T22:45:31","guid":{"rendered":"http:\/\/www.sotograndeguide.com\/?page_id=31589"},"modified":"2019-05-21T20:37:06","modified_gmt":"2019-05-21T20:37:06","slug":"mara","status":"publish","type":"page","link":"https:\/\/www.sotograndeguide.com\/fr\/sotogrande-restaurants\/mara\/","title":{"rendered":"Mara"},"content":{"rendered":"<p>Le restaurant Mara est l'un des restaurants les mieux \u00e9tablis de la r\u00e9gion de Sotogrande, avec deux \u00e9tablissements, l'un \u00e0 Sotovila, Pueblo Nuevo de Guadiaro, et l'autre au port de Sotogrande, en deuxi\u00e8me ligne sur la Plaza de Los Naranjos.<\/p>\n<p>Le restaurant Mara, situ\u00e9 dans le port de Sotogrande, est ouvert toute l'ann\u00e9e et sert une d\u00e9licieuse vari\u00e9t\u00e9 de plats typiquement m\u00e9diterran\u00e9ens, dont les populaires Calameres fritos et Gambas al Pil Pil. \u00c0 ne pas manquer si vous aimez le thon, l'Atun Macerado.<\/p>\n<p>Mara a une atmosph\u00e8re sans pr\u00e9tention o\u00f9 l'accent est mis sur la nourriture. \u00c0 l'int\u00e9rieur, un aquarium abrite des langoustes fra\u00eeches et sert un poisson de grande qualit\u00e9, toujours frais.<\/p>\n<p>Les prix sont abordables et l'emplacement est pratique, avec un grand nombre de places de stationnement la plupart de l'ann\u00e9e (en \u00e9t\u00e9, ce ne sera pas le cas).<\/p>\n<p><strong>Restaurant Mara<\/strong><br \/>\nCuisine : M\u00e9diterran\u00e9e, Poisson<br \/>\nAdresse : Plaza de Los Naranjos, 15, Sotogrande Port, 11310, Sotogrande, Espagne<br \/>\nT\u00e9l\u00e9phone : <a href=\"tel:+34650208251\">650208251<\/a><\/p>","protected":false},"excerpt":{"rendered":"<p>Le restaurant Mara est l'un des restaurants les plus r\u00e9put\u00e9s de la r\u00e9gion de Sotogrande, avec deux \u00e9tablissements, l'un \u00e0 Sotovila, Pueblo Nuevo de Guadiaro, et l'autre \u00e0 Sotogrande Port, en deuxi\u00e8me ligne sur la Plaza de Los Naranjos. Le restaurant Mara, situ\u00e9 dans le port de Sotogrande, est ouvert toute l'ann\u00e9e et sert une d\u00e9licieuse vari\u00e9t\u00e9 de plats typiquement m\u00e9diterran\u00e9ens, ... <a title=\"Mara\" class=\"read-more\" href=\"https:\/\/www.sotograndeguide.com\/fr\/sotogrande-restaurants\/mara\/\" aria-label=\"En savoir plus sur Mara\">Lire plus<\/a><\/p>","protected":false},"author":1,"featured_media":33290,"parent":91,"menu_order":0,"comment_status":"closed","ping_status":"closed","template":"","meta":{"footnotes":""},"class_list":["post-31589","page","type-page","status-publish","has-post-thumbnail"],"yoast_head":"<!-- This site is optimized with the Yoast SEO Premium plugin v20.5 (Yoast SEO v27.4) - https:\/\/yoast.com\/product\/yoast-seo-premium-wordpress\/ -->\n<title>Mara Restaurant - Sotogrande Guide<\/title>\n<meta name=\"robots\" content=\"index, follow, max-snippet:-1, max-image-preview:large, max-video-preview:-1\" \/>\n<link rel=\"canonical\" href=\"https:\/\/www.sotograndeguide.com\/fr\/restaurants-de-sotogrande\/mara\/\" \/>\n<meta property=\"og:locale\" content=\"fr_FR\" \/>\n<meta property=\"og:type\" content=\"article\" \/>\n<meta property=\"og:title\" content=\"Mara\" \/>\n<meta property=\"og:description\" content=\"Mara Restaurant is one of the most established restaurants in the Sotogrande area, with two locations, one in Sotovila, Pueblo Nuevo de Guadiaro and one in Sotogrande Port, second line on the Plaza de Los Naranjos. The Mara Restaurant in Sotogrande Port is open all year, serving a delicious and typical Mediterranean variety of dishes, ... Lire plus\" \/>\n<meta property=\"og:url\" content=\"https:\/\/www.sotograndeguide.com\/fr\/restaurants-de-sotogrande\/mara\/\" \/>\n<meta property=\"og:site_name\" content=\"Sotogrande Guide\" \/>\n<meta property=\"article:publisher\" content=\"https:\/\/www.facebook.com\/sotograndeguide\" \/>\n<meta property=\"article:modified_time\" content=\"2019-05-21T20:37:06+00:00\" \/>\n<meta property=\"og:image\" content=\"https:\/\/www.sotograndeguide.com\/wp-content\/uploads\/2017\/02\/Restaurante-Mara-Sotogrande.jpg\" \/>\n\t<meta property=\"og:image:width\" content=\"850\" \/>\n\t<meta property=\"og:image:height\" content=\"572\" \/>\n\t<meta property=\"og:image:type\" content=\"image\/jpeg\" \/>\n<meta name=\"twitter:card\" content=\"summary_large_image\" \/>\n<meta name=\"twitter:site\" content=\"@sotograndeguide\" \/>\n<meta name=\"twitter:label1\" content=\"Est. reading time\" \/>\n\t<meta name=\"twitter:data1\" content=\"1 minute\" \/>\n<!-- \/ Yoast SEO Premium plugin. -->","yoast_head_json":{"title":"Restaurant Mara - Guide Sotogrande","robots":{"index":"index","follow":"follow","max-snippet":"max-snippet:-1","max-image-preview":"max-image-preview:large","max-video-preview":"max-video-preview:-1"},"canonical":"https:\/\/www.sotograndeguide.com\/fr\/restaurants-de-sotogrande\/mara\/","og_locale":"fr_FR","og_type":"article","og_title":"Mara","og_description":"Mara Restaurant is one of the most established restaurants in the Sotogrande area, with two locations, one in Sotovila, Pueblo Nuevo de Guadiaro and one in Sotogrande Port, second line on the Plaza de Los Naranjos. The Mara Restaurant in Sotogrande Port is open all year, serving a delicious and typical Mediterranean variety of dishes, ... Lire plus","og_url":"https:\/\/www.sotograndeguide.com\/fr\/restaurants-de-sotogrande\/mara\/","og_site_name":"Sotogrande Guide","article_publisher":"https:\/\/www.facebook.com\/sotograndeguide","article_modified_time":"2019-05-21T20:37:06+00:00","og_image":[{"width":850,"height":572,"url":"https:\/\/www.sotograndeguide.com\/wp-content\/uploads\/2017\/02\/Restaurante-Mara-Sotogrande.jpg","type":"image\/jpeg"}],"twitter_card":"summary_large_image","twitter_site":"@sotograndeguide","twitter_misc":{"Est. reading time":"1 minute"},"schema":{"@context":"https:\/\/schema.org","@graph":[{"@type":"WebPage","@id":"https:\/\/www.sotograndeguide.com\/sotogrande-restaurants\/mara\/","url":"https:\/\/www.sotograndeguide.com\/sotogrande-restaurants\/mara\/","name":"Restaurant Mara - Guide Sotogrande","isPartOf":{"@id":"https:\/\/www.sotograndeguide.com\/#website"},"primaryImageOfPage":{"@id":"https:\/\/www.sotograndeguide.com\/sotogrande-restaurants\/mara\/#primaryimage"},"image":{"@id":"https:\/\/www.sotograndeguide.com\/sotogrande-restaurants\/mara\/#primaryimage"},"thumbnailUrl":"https:\/\/www.sotograndeguide.com\/wp-content\/uploads\/2017\/02\/Restaurante-Mara-Sotogrande.jpg","datePublished":"2017-02-19T22:45:31+00:00","dateModified":"2019-05-21T20:37:06+00:00","breadcrumb":{"@id":"https:\/\/www.sotograndeguide.com\/sotogrande-restaurants\/mara\/#breadcrumb"},"inLanguage":"fr-FR","potentialAction":[{"@type":"ReadAction","target":["https:\/\/www.sotograndeguide.com\/sotogrande-restaurants\/mara\/"]}]},{"@type":"ImageObject","inLanguage":"fr-FR","@id":"https:\/\/www.sotograndeguide.com\/sotogrande-restaurants\/mara\/#primaryimage","url":"https:\/\/www.sotograndeguide.com\/wp-content\/uploads\/2017\/02\/Restaurante-Mara-Sotogrande.jpg","contentUrl":"https:\/\/www.sotograndeguide.com\/wp-content\/uploads\/2017\/02\/Restaurante-Mara-Sotogrande.jpg","width":"850","height":"572","caption":"Restaurante Mara Sotogrande"},{"@type":"BreadcrumbList","@id":"https:\/\/www.sotograndeguide.com\/sotogrande-restaurants\/mara\/#breadcrumb","itemListElement":[{"@type":"ListItem","position":1,"name":"Home","item":"https:\/\/www.sotograndeguide.com\/"},{"@type":"ListItem","position":2,"name":"Sotogrande Restaurants","item":"https:\/\/www.sotograndeguide.com\/sotogrande-restaurants\/"},{"@type":"ListItem","position":3,"name":"Mara"}]},{"@type":"WebSite","@id":"https:\/\/www.sotograndeguide.com\/#website","url":"https:\/\/www.sotograndeguide.com\/","name":"Guide de Sotogrande","description":"Nouvelles, conseils, \u00e9v\u00e9nements et critiques","publisher":{"@id":"https:\/\/www.sotograndeguide.com\/#organization"},"potentialAction":[{"@type":"SearchAction","target":{"@type":"EntryPoint","urlTemplate":"https:\/\/www.sotograndeguide.com\/?s={search_term_string}"},"query-input":{"@type":"PropertyValueSpecification","valueRequired":true,"valueName":"search_term_string"}}],"inLanguage":"fr-FR"},{"@type":"Organization","@id":"https:\/\/www.sotograndeguide.com\/#organization","name":"Guide de Sotogrande","url":"https:\/\/www.sotograndeguide.com\/","logo":{"@type":"ImageObject","inLanguage":"fr-FR","@id":"https:\/\/www.sotograndeguide.com\/#\/schema\/logo\/image\/","url":"https:\/\/www.sotograndeguide.com\/wp-content\/uploads\/2017\/03\/Sotogrande-Logo-GUIDE.png","contentUrl":"https:\/\/www.sotograndeguide.com\/wp-content\/uploads\/2017\/03\/Sotogrande-Logo-GUIDE.png","width":300,"height":300,"caption":"Sotogrande Guide"},"image":{"@id":"https:\/\/www.sotograndeguide.com\/#\/schema\/logo\/image\/"},"sameAs":["https:\/\/www.facebook.com\/sotograndeguide","https:\/\/x.com\/sotograndeguide","https:\/\/www.tiktok.com\/@sotograndeguide","https:\/\/www.youtube.com\/@SotograndeGuide"]}]}},"jetpack_sharing_enabled":true,"_links":{"self":[{"href":"https:\/\/www.sotograndeguide.com\/fr\/wp-json\/wp\/v2\/pages\/31589","targetHints":{"allow":["GET"]}}],"collection":[{"href":"https:\/\/www.sotograndeguide.com\/fr\/wp-json\/wp\/v2\/pages"}],"about":[{"href":"https:\/\/www.sotograndeguide.com\/fr\/wp-json\/wp\/v2\/types\/page"}],"author":[{"embeddable":true,"href":"https:\/\/www.sotograndeguide.com\/fr\/wp-json\/wp\/v2\/users\/1"}],"replies":[{"embeddable":true,"href":"https:\/\/www.sotograndeguide.com\/fr\/wp-json\/wp\/v2\/comments?post=31589"}],"version-history":[{"count":0,"href":"https:\/\/www.sotograndeguide.com\/fr\/wp-json\/wp\/v2\/pages\/31589\/revisions"}],"up":[{"embeddable":true,"href":"https:\/\/www.sotograndeguide.com\/fr\/wp-json\/wp\/v2\/pages\/91"}],"wp:featuredmedia":[{"embeddable":true,"href":"https:\/\/www.sotograndeguide.com\/fr\/wp-json\/wp\/v2\/media\/33290"}],"wp:attachment":[{"href":"https:\/\/www.sotograndeguide.com\/fr\/wp-json\/wp\/v2\/media?parent=31589"}],"curies":[{"name":"wp","href":"https:\/\/api.w.org\/{rel}","templated":true}]}}