{"id":31588,"date":"2017-02-19T22:45:03","date_gmt":"2017-02-19T22:45:03","guid":{"rendered":"http:\/\/www.sotograndeguide.com\/?page_id=31588"},"modified":"2019-05-21T20:44:11","modified_gmt":"2019-05-21T20:44:11","slug":"puratapa","status":"publish","type":"page","link":"https:\/\/www.sotograndeguide.com\/fr\/sotogrande-restaurants\/puratapa\/","title":{"rendered":"PuraTapa"},"content":{"rendered":"<p>Le gastrobar PuraTapa est souvent class\u00e9 dans les premi\u00e8res positions sur les portails d'avis et d'\u00e9valuation, les guides de voyage et les annuaires gastro. Situ\u00e9 \u00e0 Torreguadiaro, le PuraTapa est un petit restaurant de style boutique qui sert des tapas cr\u00e9atives.<\/p>\n<p>Le restaurant PuraTapa propose une exp\u00e9rience gastronomique qui s'adresse aussi bien aux locaux qu'aux touristes. Il n'a ouvert ses portes qu'en 2011, mais s'est rapidement d\u00e9velopp\u00e9 pour devenir l'un des restaurants les plus populaires de Sotogrande. Fin 2016, il a ouvert un deuxi\u00e8me \u00e9tablissement appel\u00e9 Bokana, situ\u00e9 dans la marina de Sotogrande.<\/p>\n<p>L'int\u00e9rieur est simple et propre. La carte est affich\u00e9e sur un tableau noir et les serveurs sont toujours aimables et pr\u00eats \u00e0 faire des suggestions.<\/p>\n<p>PuraTapa est souvent tr\u00e8s fr\u00e9quent\u00e9 \u00e0 l'heure du d\u00e9jeuner. Si vous pr\u00e9voyez d'y aller en groupe, il est donc recommand\u00e9 de r\u00e9server.<\/p>\n<p><strong>PuraTapa<\/strong><br \/>\nCuisine : Cr\u00e9ative, Tapas<br \/>\nAdresse : Avd Mar Del Sur S\/N, Torreguadiaro, 11312, Sotogrande, Espagne<br \/>\nT\u00e9l\u00e9phone : <a href=\"tel:+34956615366\">956615366<\/a><\/p>","protected":false},"excerpt":{"rendered":"<p>Le gastrobar PuraTapa est souvent class\u00e9 dans les premi\u00e8res positions sur les portails d'avis et d'\u00e9valuation, les guides de voyage et les annuaires gastro. Situ\u00e9 \u00e0 Torreguadiaro, le PuraTapa est un petit restaurant de style boutique qui sert des tapas cr\u00e9atives. Le restaurant PuraTapa propose une exp\u00e9rience gastronomique qui s'adresse aussi bien aux locaux qu'aux touristes. Il n'a ouvert ses portes qu'en 2011, mais il s'est rapidement ... <a title=\"PuraTapa\" class=\"read-more\" href=\"https:\/\/www.sotograndeguide.com\/fr\/sotogrande-restaurants\/puratapa\/\" aria-label=\"En savoir plus sur PuraTapa\">Lire plus<\/a><\/p>","protected":false},"author":1,"featured_media":33291,"parent":91,"menu_order":0,"comment_status":"closed","ping_status":"closed","template":"","meta":{"footnotes":""},"class_list":["post-31588","page","type-page","status-publish","has-post-thumbnail"],"yoast_head":"<!-- This site is optimized with the Yoast SEO Premium plugin v20.5 (Yoast SEO v27.4) - https:\/\/yoast.com\/product\/yoast-seo-premium-wordpress\/ -->\n<title>PuraTapa Tapas Bar Restaurant - Sotogrande Guide<\/title>\n<meta name=\"robots\" content=\"index, follow, max-snippet:-1, max-image-preview:large, max-video-preview:-1\" \/>\n<link rel=\"canonical\" href=\"https:\/\/www.sotograndeguide.com\/fr\/restaurants-de-sotogrande\/puratapa\/\" \/>\n<meta property=\"og:locale\" content=\"fr_FR\" \/>\n<meta property=\"og:type\" content=\"article\" \/>\n<meta property=\"og:title\" content=\"PuraTapa\" \/>\n<meta property=\"og:description\" content=\"The PuraTapa gastrobar is often rated in the top positions on popular reviews and ratings portals, travel guides and gastro directories. Located in Torreguadiaro, PuraTapa is a small boutique style restaurant serving creative tapas. The PuraTapa restaurant offers a gastronomic experience that caters to locals and tourists alike. They only opened in 2011 but quickly ... Lire plus\" \/>\n<meta property=\"og:url\" content=\"https:\/\/www.sotograndeguide.com\/fr\/restaurants-de-sotogrande\/puratapa\/\" \/>\n<meta property=\"og:site_name\" content=\"Sotogrande Guide\" \/>\n<meta property=\"article:publisher\" content=\"https:\/\/www.facebook.com\/sotograndeguide\" \/>\n<meta property=\"article:modified_time\" content=\"2019-05-21T20:44:11+00:00\" \/>\n<meta property=\"og:image\" content=\"https:\/\/www.sotograndeguide.com\/wp-content\/uploads\/2017\/02\/PuraTapa-Torreguadiaro-Sotogrande.jpg\" \/>\n\t<meta property=\"og:image:width\" content=\"900\" \/>\n\t<meta property=\"og:image:height\" content=\"600\" \/>\n\t<meta property=\"og:image:type\" content=\"image\/jpeg\" \/>\n<meta name=\"twitter:card\" content=\"summary_large_image\" \/>\n<meta name=\"twitter:site\" content=\"@sotograndeguide\" \/>\n<meta name=\"twitter:label1\" content=\"Est. reading time\" \/>\n\t<meta name=\"twitter:data1\" content=\"1 minute\" \/>\n<!-- \/ Yoast SEO Premium plugin. -->","yoast_head_json":{"title":"PuraTapa Tapas Bar Restaurant - Guide Sotogrande","robots":{"index":"index","follow":"follow","max-snippet":"max-snippet:-1","max-image-preview":"max-image-preview:large","max-video-preview":"max-video-preview:-1"},"canonical":"https:\/\/www.sotograndeguide.com\/fr\/restaurants-de-sotogrande\/puratapa\/","og_locale":"fr_FR","og_type":"article","og_title":"PuraTapa","og_description":"The PuraTapa gastrobar is often rated in the top positions on popular reviews and ratings portals, travel guides and gastro directories. Located in Torreguadiaro, PuraTapa is a small boutique style restaurant serving creative tapas. The PuraTapa restaurant offers a gastronomic experience that caters to locals and tourists alike. They only opened in 2011 but quickly ... Lire plus","og_url":"https:\/\/www.sotograndeguide.com\/fr\/restaurants-de-sotogrande\/puratapa\/","og_site_name":"Sotogrande Guide","article_publisher":"https:\/\/www.facebook.com\/sotograndeguide","article_modified_time":"2019-05-21T20:44:11+00:00","og_image":[{"width":900,"height":600,"url":"https:\/\/www.sotograndeguide.com\/wp-content\/uploads\/2017\/02\/PuraTapa-Torreguadiaro-Sotogrande.jpg","type":"image\/jpeg"}],"twitter_card":"summary_large_image","twitter_site":"@sotograndeguide","twitter_misc":{"Est. reading time":"1 minute"},"schema":{"@context":"https:\/\/schema.org","@graph":[{"@type":"WebPage","@id":"https:\/\/www.sotograndeguide.com\/sotogrande-restaurants\/puratapa\/","url":"https:\/\/www.sotograndeguide.com\/sotogrande-restaurants\/puratapa\/","name":"PuraTapa Tapas Bar Restaurant - Guide Sotogrande","isPartOf":{"@id":"https:\/\/www.sotograndeguide.com\/#website"},"primaryImageOfPage":{"@id":"https:\/\/www.sotograndeguide.com\/sotogrande-restaurants\/puratapa\/#primaryimage"},"image":{"@id":"https:\/\/www.sotograndeguide.com\/sotogrande-restaurants\/puratapa\/#primaryimage"},"thumbnailUrl":"https:\/\/www.sotograndeguide.com\/wp-content\/uploads\/2017\/02\/PuraTapa-Torreguadiaro-Sotogrande.jpg","datePublished":"2017-02-19T22:45:03+00:00","dateModified":"2019-05-21T20:44:11+00:00","breadcrumb":{"@id":"https:\/\/www.sotograndeguide.com\/sotogrande-restaurants\/puratapa\/#breadcrumb"},"inLanguage":"fr-FR","potentialAction":[{"@type":"ReadAction","target":["https:\/\/www.sotograndeguide.com\/sotogrande-restaurants\/puratapa\/"]}]},{"@type":"ImageObject","inLanguage":"fr-FR","@id":"https:\/\/www.sotograndeguide.com\/sotogrande-restaurants\/puratapa\/#primaryimage","url":"https:\/\/www.sotograndeguide.com\/wp-content\/uploads\/2017\/02\/PuraTapa-Torreguadiaro-Sotogrande.jpg","contentUrl":"https:\/\/www.sotograndeguide.com\/wp-content\/uploads\/2017\/02\/PuraTapa-Torreguadiaro-Sotogrande.jpg","width":"900","height":"600","caption":"PuraTapa Torreguadiaro Sotogrande"},{"@type":"BreadcrumbList","@id":"https:\/\/www.sotograndeguide.com\/sotogrande-restaurants\/puratapa\/#breadcrumb","itemListElement":[{"@type":"ListItem","position":1,"name":"Home","item":"https:\/\/www.sotograndeguide.com\/"},{"@type":"ListItem","position":2,"name":"Sotogrande Restaurants","item":"https:\/\/www.sotograndeguide.com\/sotogrande-restaurants\/"},{"@type":"ListItem","position":3,"name":"PuraTapa"}]},{"@type":"WebSite","@id":"https:\/\/www.sotograndeguide.com\/#website","url":"https:\/\/www.sotograndeguide.com\/","name":"Guide de Sotogrande","description":"Nouvelles, conseils, \u00e9v\u00e9nements et critiques","publisher":{"@id":"https:\/\/www.sotograndeguide.com\/#organization"},"potentialAction":[{"@type":"SearchAction","target":{"@type":"EntryPoint","urlTemplate":"https:\/\/www.sotograndeguide.com\/?s={search_term_string}"},"query-input":{"@type":"PropertyValueSpecification","valueRequired":true,"valueName":"search_term_string"}}],"inLanguage":"fr-FR"},{"@type":"Organization","@id":"https:\/\/www.sotograndeguide.com\/#organization","name":"Guide de Sotogrande","url":"https:\/\/www.sotograndeguide.com\/","logo":{"@type":"ImageObject","inLanguage":"fr-FR","@id":"https:\/\/www.sotograndeguide.com\/#\/schema\/logo\/image\/","url":"https:\/\/www.sotograndeguide.com\/wp-content\/uploads\/2017\/03\/Sotogrande-Logo-GUIDE.png","contentUrl":"https:\/\/www.sotograndeguide.com\/wp-content\/uploads\/2017\/03\/Sotogrande-Logo-GUIDE.png","width":300,"height":300,"caption":"Sotogrande Guide"},"image":{"@id":"https:\/\/www.sotograndeguide.com\/#\/schema\/logo\/image\/"},"sameAs":["https:\/\/www.facebook.com\/sotograndeguide","https:\/\/x.com\/sotograndeguide","https:\/\/www.tiktok.com\/@sotograndeguide","https:\/\/www.youtube.com\/@SotograndeGuide"]}]}},"jetpack_sharing_enabled":true,"_links":{"self":[{"href":"https:\/\/www.sotograndeguide.com\/fr\/wp-json\/wp\/v2\/pages\/31588","targetHints":{"allow":["GET"]}}],"collection":[{"href":"https:\/\/www.sotograndeguide.com\/fr\/wp-json\/wp\/v2\/pages"}],"about":[{"href":"https:\/\/www.sotograndeguide.com\/fr\/wp-json\/wp\/v2\/types\/page"}],"author":[{"embeddable":true,"href":"https:\/\/www.sotograndeguide.com\/fr\/wp-json\/wp\/v2\/users\/1"}],"replies":[{"embeddable":true,"href":"https:\/\/www.sotograndeguide.com\/fr\/wp-json\/wp\/v2\/comments?post=31588"}],"version-history":[{"count":0,"href":"https:\/\/www.sotograndeguide.com\/fr\/wp-json\/wp\/v2\/pages\/31588\/revisions"}],"up":[{"embeddable":true,"href":"https:\/\/www.sotograndeguide.com\/fr\/wp-json\/wp\/v2\/pages\/91"}],"wp:featuredmedia":[{"embeddable":true,"href":"https:\/\/www.sotograndeguide.com\/fr\/wp-json\/wp\/v2\/media\/33291"}],"wp:attachment":[{"href":"https:\/\/www.sotograndeguide.com\/fr\/wp-json\/wp\/v2\/media?parent=31588"}],"curies":[{"name":"wp","href":"https:\/\/api.w.org\/{rel}","templated":true}]}}