{"id":31587,"date":"2017-02-19T22:45:10","date_gmt":"2017-02-19T22:45:10","guid":{"rendered":"http:\/\/www.sotograndeguide.com\/?page_id=31587"},"modified":"2019-05-21T20:45:44","modified_gmt":"2019-05-21T20:45:44","slug":"bokana","status":"publish","type":"page","link":"https:\/\/www.sotograndeguide.com\/fr\/sotogrande-restaurants\/bokana\/","title":{"rendered":"Bokana"},"content":{"rendered":"<p>Le bar Bokana est situ\u00e9 dans la nouvelle Ribera del Marlin ou ce qui \u00e9tait connu sous le nom de Sotogrande Blue, dans le port de plaisance de Sotogrande.<\/p>\n<p>Ouvert fin 2016, aux mains des entrepreneurs gastro \u00e0 l'origine des populaires <a href=\"https:\/\/www.sotograndeguide.com\/fr\/restaurants-de-sotogrande\/puratapa\/\" rel=\"noopener noreferrer\" target=\"_blank\">PuraTapa<\/a> \u00e0 Torreguadiaro, ce lieu a pris son envol.<\/p>\n<p>Le bar Bokana a un int\u00e9rieur unique qui rappelle un lieu chic et urbain d'une ville m\u00e9tropolitaine comme Barcelone. Il est divis\u00e9 en deux parties : un espace tapas avec des tabourets de bar hauts et un espace repas avec des tables et des chaises normales. La terrasse ext\u00e9rieure est am\u00e9nag\u00e9e de la m\u00eame mani\u00e8re.<\/p>\n<p>Cuisine : Cr\u00e9ative, Tapas, M\u00e9diterran\u00e9enne<br \/>\nAdresse : Ribera Del Marlin, 11310, Sotogrande, Espagne<br \/>\nT\u00e9l\u00e9phone : <a href=\"tel:+34956772647\">956772647<\/a><\/p>","protected":false},"excerpt":{"rendered":"<p>Le bar Bokana est situ\u00e9 dans la nouvelle tendance Ribera del Marlin ou ce qui \u00e9tait connu sous le nom de Sotogrande Blue, dans la marina de Sotogrande. Ouvert fin 2016 par les gastro-entrepreneurs \u00e0 l'origine du populaire restaurant PuraTapa \u00e0 Torreguadiaro, cet \u00e9tablissement a pris son envol. Le bar Bokana a un style unique... <a title=\"Bokana\" class=\"read-more\" href=\"https:\/\/www.sotograndeguide.com\/fr\/sotogrande-restaurants\/bokana\/\" aria-label=\"En savoir plus sur Bokana\">Lire plus<\/a><\/p>","protected":false},"author":1,"featured_media":33767,"parent":91,"menu_order":0,"comment_status":"closed","ping_status":"closed","template":"","meta":{"footnotes":""},"class_list":["post-31587","page","type-page","status-publish","has-post-thumbnail"],"yoast_head":"<!-- This site is optimized with the Yoast SEO Premium plugin v20.5 (Yoast SEO v27.4) - https:\/\/yoast.com\/product\/yoast-seo-premium-wordpress\/ -->\n<title>Bokana Tapas Bar Restaurant - Sotogrande Guide<\/title>\n<meta name=\"description\" content=\"Bokana Sotogrande is a popular and trendy new tapas bar and restaurant located in Ribera del Marlin area of the Sotogrande Marina.\" \/>\n<meta name=\"robots\" content=\"index, follow, max-snippet:-1, max-image-preview:large, max-video-preview:-1\" \/>\n<link rel=\"canonical\" href=\"https:\/\/www.sotograndeguide.com\/fr\/restaurants-de-sotogrande\/bokana\/\" \/>\n<meta property=\"og:locale\" content=\"fr_FR\" \/>\n<meta property=\"og:type\" content=\"article\" \/>\n<meta property=\"og:title\" content=\"Bokana\" \/>\n<meta property=\"og:description\" content=\"Bokana Sotogrande is a popular and trendy new tapas bar and restaurant located in Ribera del Marlin area of the Sotogrande Marina.\" \/>\n<meta property=\"og:url\" content=\"https:\/\/www.sotograndeguide.com\/fr\/restaurants-de-sotogrande\/bokana\/\" \/>\n<meta property=\"og:site_name\" content=\"Sotogrande Guide\" \/>\n<meta property=\"article:publisher\" content=\"https:\/\/www.facebook.com\/sotograndeguide\" \/>\n<meta property=\"article:modified_time\" content=\"2019-05-21T20:45:44+00:00\" \/>\n<meta property=\"og:image\" content=\"https:\/\/www.sotograndeguide.com\/wp-content\/uploads\/2017\/12\/Bokana.jpg\" \/>\n\t<meta property=\"og:image:width\" content=\"960\" \/>\n\t<meta property=\"og:image:height\" content=\"640\" \/>\n\t<meta property=\"og:image:type\" content=\"image\/jpeg\" \/>\n<meta name=\"twitter:card\" content=\"summary_large_image\" \/>\n<meta name=\"twitter:site\" content=\"@sotograndeguide\" \/>\n<meta name=\"twitter:label1\" content=\"Est. reading time\" \/>\n\t<meta name=\"twitter:data1\" content=\"1 minute\" \/>\n<!-- \/ Yoast SEO Premium plugin. -->","yoast_head_json":{"title":"Bokana Tapas Bar Restaurant - Guide Sotogrande","description":"Bokana Sotogrande est un nouveau bar \u00e0 tapas et restaurant populaire et branch\u00e9 situ\u00e9 dans le quartier Ribera del Marlin de la marina de Sotogrande.","robots":{"index":"index","follow":"follow","max-snippet":"max-snippet:-1","max-image-preview":"max-image-preview:large","max-video-preview":"max-video-preview:-1"},"canonical":"https:\/\/www.sotograndeguide.com\/fr\/restaurants-de-sotogrande\/bokana\/","og_locale":"fr_FR","og_type":"article","og_title":"Bokana","og_description":"Bokana Sotogrande is a popular and trendy new tapas bar and restaurant located in Ribera del Marlin area of the Sotogrande Marina.","og_url":"https:\/\/www.sotograndeguide.com\/fr\/restaurants-de-sotogrande\/bokana\/","og_site_name":"Sotogrande Guide","article_publisher":"https:\/\/www.facebook.com\/sotograndeguide","article_modified_time":"2019-05-21T20:45:44+00:00","og_image":[{"width":960,"height":640,"url":"https:\/\/www.sotograndeguide.com\/wp-content\/uploads\/2017\/12\/Bokana.jpg","type":"image\/jpeg"}],"twitter_card":"summary_large_image","twitter_site":"@sotograndeguide","twitter_misc":{"Est. reading time":"1 minute"},"schema":{"@context":"https:\/\/schema.org","@graph":[{"@type":"WebPage","@id":"https:\/\/www.sotograndeguide.com\/sotogrande-restaurants\/bokana\/","url":"https:\/\/www.sotograndeguide.com\/sotogrande-restaurants\/bokana\/","name":"Bokana Tapas Bar Restaurant - Guide Sotogrande","isPartOf":{"@id":"https:\/\/www.sotograndeguide.com\/#website"},"primaryImageOfPage":{"@id":"https:\/\/www.sotograndeguide.com\/sotogrande-restaurants\/bokana\/#primaryimage"},"image":{"@id":"https:\/\/www.sotograndeguide.com\/sotogrande-restaurants\/bokana\/#primaryimage"},"thumbnailUrl":"https:\/\/www.sotograndeguide.com\/wp-content\/uploads\/2017\/12\/Bokana.jpg","datePublished":"2017-02-19T22:45:10+00:00","dateModified":"2019-05-21T20:45:44+00:00","description":"Bokana Sotogrande est un nouveau bar \u00e0 tapas et restaurant populaire et branch\u00e9 situ\u00e9 dans le quartier Ribera del Marlin de la marina de Sotogrande.","breadcrumb":{"@id":"https:\/\/www.sotograndeguide.com\/sotogrande-restaurants\/bokana\/#breadcrumb"},"inLanguage":"fr-FR","potentialAction":[{"@type":"ReadAction","target":["https:\/\/www.sotograndeguide.com\/sotogrande-restaurants\/bokana\/"]}]},{"@type":"ImageObject","inLanguage":"fr-FR","@id":"https:\/\/www.sotograndeguide.com\/sotogrande-restaurants\/bokana\/#primaryimage","url":"https:\/\/www.sotograndeguide.com\/wp-content\/uploads\/2017\/12\/Bokana.jpg","contentUrl":"https:\/\/www.sotograndeguide.com\/wp-content\/uploads\/2017\/12\/Bokana.jpg","width":960,"height":640,"caption":"Bokana"},{"@type":"BreadcrumbList","@id":"https:\/\/www.sotograndeguide.com\/sotogrande-restaurants\/bokana\/#breadcrumb","itemListElement":[{"@type":"ListItem","position":1,"name":"Home","item":"https:\/\/www.sotograndeguide.com\/"},{"@type":"ListItem","position":2,"name":"Sotogrande Restaurants","item":"https:\/\/www.sotograndeguide.com\/sotogrande-restaurants\/"},{"@type":"ListItem","position":3,"name":"Bokana"}]},{"@type":"WebSite","@id":"https:\/\/www.sotograndeguide.com\/#website","url":"https:\/\/www.sotograndeguide.com\/","name":"Guide de Sotogrande","description":"Nouvelles, conseils, \u00e9v\u00e9nements et critiques","publisher":{"@id":"https:\/\/www.sotograndeguide.com\/#organization"},"potentialAction":[{"@type":"SearchAction","target":{"@type":"EntryPoint","urlTemplate":"https:\/\/www.sotograndeguide.com\/?s={search_term_string}"},"query-input":{"@type":"PropertyValueSpecification","valueRequired":true,"valueName":"search_term_string"}}],"inLanguage":"fr-FR"},{"@type":"Organization","@id":"https:\/\/www.sotograndeguide.com\/#organization","name":"Guide de Sotogrande","url":"https:\/\/www.sotograndeguide.com\/","logo":{"@type":"ImageObject","inLanguage":"fr-FR","@id":"https:\/\/www.sotograndeguide.com\/#\/schema\/logo\/image\/","url":"https:\/\/www.sotograndeguide.com\/wp-content\/uploads\/2017\/03\/Sotogrande-Logo-GUIDE.png","contentUrl":"https:\/\/www.sotograndeguide.com\/wp-content\/uploads\/2017\/03\/Sotogrande-Logo-GUIDE.png","width":300,"height":300,"caption":"Sotogrande Guide"},"image":{"@id":"https:\/\/www.sotograndeguide.com\/#\/schema\/logo\/image\/"},"sameAs":["https:\/\/www.facebook.com\/sotograndeguide","https:\/\/x.com\/sotograndeguide","https:\/\/www.tiktok.com\/@sotograndeguide","https:\/\/www.youtube.com\/@SotograndeGuide"]}]}},"jetpack_sharing_enabled":true,"_links":{"self":[{"href":"https:\/\/www.sotograndeguide.com\/fr\/wp-json\/wp\/v2\/pages\/31587","targetHints":{"allow":["GET"]}}],"collection":[{"href":"https:\/\/www.sotograndeguide.com\/fr\/wp-json\/wp\/v2\/pages"}],"about":[{"href":"https:\/\/www.sotograndeguide.com\/fr\/wp-json\/wp\/v2\/types\/page"}],"author":[{"embeddable":true,"href":"https:\/\/www.sotograndeguide.com\/fr\/wp-json\/wp\/v2\/users\/1"}],"replies":[{"embeddable":true,"href":"https:\/\/www.sotograndeguide.com\/fr\/wp-json\/wp\/v2\/comments?post=31587"}],"version-history":[{"count":0,"href":"https:\/\/www.sotograndeguide.com\/fr\/wp-json\/wp\/v2\/pages\/31587\/revisions"}],"up":[{"embeddable":true,"href":"https:\/\/www.sotograndeguide.com\/fr\/wp-json\/wp\/v2\/pages\/91"}],"wp:featuredmedia":[{"embeddable":true,"href":"https:\/\/www.sotograndeguide.com\/fr\/wp-json\/wp\/v2\/media\/33767"}],"wp:attachment":[{"href":"https:\/\/www.sotograndeguide.com\/fr\/wp-json\/wp\/v2\/media?parent=31587"}],"curies":[{"name":"wp","href":"https:\/\/api.w.org\/{rel}","templated":true}]}}