{"id":1257,"date":"2017-02-01T09:26:09","date_gmt":"2017-02-01T09:26:09","guid":{"rendered":"http:\/\/www.sotograndeguide.com\/?page_id=1257"},"modified":"2017-02-01T09:26:09","modified_gmt":"2017-02-01T09:26:09","slug":"vie-privee","status":"publish","type":"page","link":"https:\/\/www.sotograndeguide.com\/fr\/privacy\/","title":{"rendered":"Vie priv\u00e9e"},"content":{"rendered":"<p>Cette politique de confidentialit\u00e9 d\u00e9crit la mani\u00e8re dont nous traitons les donn\u00e9es personnelles fournies par nos utilisateurs. Nous collectons, stockons dans des fichiers de donn\u00e9es, utilisons et partageons ces donn\u00e9es personnelles pour aider le site web SotograndeGuide.com (\"SotograndeGuide.com\") \u00e0 fonctionner et pour en assurer la s\u00e9curit\u00e9 (voir d\u00e9tails ci-dessous). SotograndeGuide.com, agissant lui-m\u00eame et par l'interm\u00e9diaire de ses filiales, est le \"contr\u00f4leur de donn\u00e9es\" de ces donn\u00e9es personnelles. Lorsque vous acc\u00e9dez \u00e0 SotograndeGuide.com (et en particulier lorsque vous nous fournissez vos donn\u00e9es personnelles), vous acceptez les conditions pr\u00e9vues dans cette politique et accordez votre consentement \u00e0 SotograndeGuide.com pour effectuer le traitement des donn\u00e9es pr\u00e9vu dans le pr\u00e9sent document). Cette politique entre en vigueur le 01\/01\/2017.<\/p>\n<p>COLLECTION. Les informations publi\u00e9es sur SotograndeGuide.com sont \u00e9videmment accessibles au public. Nos serveurs sont situ\u00e9s aux \u00c9tats-Unis et dans l'Union europ\u00e9enne. Par cons\u00e9quent, si vous choisissez de nous fournir des informations personnelles, vous consentez au transfert et au stockage de ces informations sur nos serveurs aux \u00c9tats-Unis et dans l'Union europ\u00e9enne. Nous collectons et stockons les donn\u00e9es personnelles suivantes dans des fichiers de donn\u00e9es :<\/p>\n<p>l'adresse \u00e9lectronique, les coordonn\u00e9es physiques et (selon le service utilis\u00e9) parfois les num\u00e9ros de t\u00e9l\u00e9phone ;<br \/>\ndonn\u00e9es de connexion \u00e0 l'ordinateur, statistiques sur les pages consult\u00e9es, trafic vers et depuis SotograndeGuide.com et donn\u00e9es publicitaires (toutes par le biais de cookies - vous pouvez prendre des mesures pour d\u00e9sactiver les cookies sur votre navigateur, mais cela risque d'affecter votre capacit\u00e9 \u00e0 utiliser le site) ;<br \/>\nd'autres informations, y compris l'adresse IP des utilisateurs et les informations standard du journal web.<\/p>\n<p>UTILISATION. Nous utilisons les informations personnelles des utilisateurs pour :<\/p>\n<p>fournir nos services ;<br \/>\nr\u00e9soudre les litiges, percevoir les droits et r\u00e9soudre les probl\u00e8mes ;<br \/>\nencourager la s\u00e9curit\u00e9 des \u00e9changes et faire respecter nos politiques ;<br \/>\npersonnaliser l'exp\u00e9rience des utilisateurs, mesurer l'int\u00e9r\u00eat pour nos services, am\u00e9liorer nos services et informer les utilisateurs sur les services et les mises \u00e0 jour ;<br \/>\nvous communiquer des offres marketing et promotionnelles en fonction de vos pr\u00e9f\u00e9rences ;<br \/>\nfaire d'autres choses pour les utilisateurs, comme d\u00e9crit lors de la collecte des informations.<\/p>\n<p>DIVULGATION. Nous ne vendons ni ne louons vos donn\u00e9es personnelles \u00e0 des tiers \u00e0 des fins de marketing sans votre consentement explicite. Nous pouvons divulguer des informations personnelles pour r\u00e9pondre \u00e0 des exigences l\u00e9gales, appliquer nos politiques, r\u00e9pondre \u00e0 des plaintes selon lesquelles une publication ou un autre contenu viole les droits d'autrui, ou prot\u00e9ger les droits, la propri\u00e9t\u00e9 ou la s\u00e9curit\u00e9 de quiconque. Nous pouvons \u00e9galement partager vos informations personnelles pour aider \u00e0 d\u00e9tecter et \u00e0 pr\u00e9venir des actes potentiellement ill\u00e9gaux et des violations de nos politiques, et pour guider les d\u00e9cisions concernant leurs produits, services et communications. Les membres de notre famille d'entreprises utiliseront ces informations pour vous envoyer des communications commerciales uniquement si vous avez demand\u00e9 leurs services.<\/p>\n<p>UTILISATION DES INFORMATIONS DE SotograndeGuide.com. Vous ne pouvez utiliser les informations personnelles recueillies sur SotograndeGuide.com que pour assurer le suivi d'une annonce sp\u00e9cifique aupr\u00e8s d'un autre utilisateur, et non pour envoyer des spams ou collecter des donn\u00e9es personnelles aupr\u00e8s d'une personne qui n'a pas donn\u00e9 son accord \u00e0 cet effet.<\/p>\n<p>COMMUNICATIONS ET OUTILS DE COURRIER \u00c9LECTRONIQUE. Vous acceptez de recevoir des communications marketing de notre part et de celle de nos partenaires, sauf si vous nous indiquez que vous pr\u00e9f\u00e9rez ne pas recevoir de telles communications. Si vous ne souhaitez pas recevoir de communications marketing de notre part, il vous suffit d'indiquer votre pr\u00e9f\u00e9rence en suivant les instructions fournies avec la communication.<\/p>\n<p>Vous ne pouvez pas utiliser notre site ou nos outils de communication pour r\u00e9colter des adresses, envoyer des spams ou enfreindre nos conditions d'utilisation ou notre politique de confidentialit\u00e9. Nous pouvons analyser automatiquement et filtrer manuellement les messages envoy\u00e9s par l'interm\u00e9diaire de nos outils de communication afin de d\u00e9tecter toute activit\u00e9 malveillante ou tout contenu interdit, mais nous ne stockons pas ces messages de mani\u00e8re permanente. Si vous utilisez nos outils pour envoyer du contenu \u00e0 un ami, nous ne stockons pas de mani\u00e8re permanente les adresses de vos amis et nous ne les utilisons ni ne les divulguons \u00e0 des fins de marketing. Pour signaler un spam provenant d'autres utilisateurs, veuillez contacter le service d'assistance \u00e0 la client\u00e8le.<\/p>\n<p>ACC\u00c8S, MODIFICATION, ANNULATION ET OBJECTION. Vous pouvez acc\u00e9der \u00e0 la plupart de vos donn\u00e9es personnelles, les modifier, les annuler ou vous opposer \u00e0 leur traitement en consultant votre page d'affichage ou de statut de votre compte. Contactez le service client\u00e8le pour consulter toutes les donn\u00e9es personnelles que nous stockons et qui ne sont pas disponibles sur SotograndeGuide.com. Des frais peuvent \u00eatre associ\u00e9s \u00e0 ces demandes, mais ils ne d\u00e9passeront pas les montants autoris\u00e9s par la loi. Nous supprimons les donn\u00e9es personnelles lorsque nous n'en avons plus besoin aux fins d\u00e9crites pr\u00e9c\u00e9demment. Nous conservons les donn\u00e9es personnelles dans les limites autoris\u00e9es par la loi afin de r\u00e9soudre les litiges, d'appliquer nos politiques et d'emp\u00eacher les malfaiteurs de revenir.<\/p>\n<p>S\u00c9CURIT\u00c9. Nous utilisons de nombreux outils (cryptage, mots de passe, s\u00e9curit\u00e9 physique) pour prot\u00e9ger vos informations personnelles contre l'acc\u00e8s et la divulgation non autoris\u00e9s, mais comme vous le savez probablement, rien n'est parfait, et nous ne donnons donc aucune garantie.<\/p>\n<p>G\u00c9N\u00c9RALIT\u00c9S. Nous pouvons mettre \u00e0 jour cette politique \u00e0 tout moment, les mises \u00e0 jour prenant effet lors de votre prochaine utilisation de SotograndeGuide.com ou au bout de 30 jours, selon la date la plus proche. Si nous ou nos soci\u00e9t\u00e9s affili\u00e9es sommes impliqu\u00e9s dans une fusion ou une acquisition, nous pouvons partager des donn\u00e9es personnelles avec une autre soci\u00e9t\u00e9, mais cette politique continuera \u00e0 s'appliquer. Pour toute question concernant cette politique, veuillez contacter le service client\u00e8le.<\/p>","protected":false},"excerpt":{"rendered":"<p>Cette politique de confidentialit\u00e9 d\u00e9crit la mani\u00e8re dont nous traitons les donn\u00e9es personnelles fournies par nos utilisateurs. Nous collectons, stockons dans des fichiers de donn\u00e9es, utilisons et partageons ces donn\u00e9es personnelles pour aider le site web SotograndeGuide.com (\"SotograndeGuide.com\") \u00e0 fonctionner et pour en assurer la s\u00e9curit\u00e9 (voir d\u00e9tails ci-dessous). SotograndeGuide.com, agissant lui-m\u00eame et par l'interm\u00e9diaire de ses filiales, est le \"contr\u00f4leur de donn\u00e9es\" de ces donn\u00e9es personnelles. ... <a title=\"Vie priv\u00e9e\" class=\"read-more\" href=\"https:\/\/www.sotograndeguide.com\/fr\/privacy\/\" aria-label=\"En savoir plus sur Vie priv\u00e9e\">Lire plus<\/a><\/p>","protected":false},"author":1,"featured_media":0,"parent":0,"menu_order":0,"comment_status":"closed","ping_status":"closed","template":"","meta":{"footnotes":""},"class_list":["post-1257","page","type-page","status-publish"],"yoast_head":"<!-- This site is optimized with the Yoast SEO Premium plugin v20.5 (Yoast SEO v27.5) - https:\/\/yoast.com\/product\/yoast-seo-premium-wordpress\/ -->\n<title>Privacy<\/title>\n<meta name=\"robots\" content=\"index, follow, max-snippet:-1, max-image-preview:large, max-video-preview:-1\" \/>\n<link rel=\"canonical\" href=\"https:\/\/www.sotograndeguide.com\/fr\/vie-privee\/\" \/>\n<meta property=\"og:locale\" content=\"fr_FR\" \/>\n<meta property=\"og:type\" content=\"article\" \/>\n<meta property=\"og:title\" content=\"Privacy\" \/>\n<meta property=\"og:description\" content=\"This privacy policy describes how we handle the personal data provided by our users. We collect, store in data files, use, and share such personal data to help the SotograndeGuide.com website (\u201cSotograndeGuide.com\u201d) work and to keep it safe (details below). SotograndeGuide.com acting itself and through its subsidiaries, is the \u201cdata controller\u201d of such personal data. ... Lire plus\" \/>\n<meta property=\"og:url\" content=\"https:\/\/www.sotograndeguide.com\/fr\/vie-privee\/\" \/>\n<meta property=\"og:site_name\" content=\"Sotogrande Guide\" \/>\n<meta property=\"article:publisher\" content=\"https:\/\/www.facebook.com\/sotograndeguide\" \/>\n<meta property=\"og:image\" content=\"https:\/\/www.sotograndeguide.com\/wp-content\/uploads\/2017\/03\/Sotogrande-Logo-GUIDE.png\" \/>\n\t<meta property=\"og:image:width\" content=\"300\" \/>\n\t<meta property=\"og:image:height\" content=\"300\" \/>\n\t<meta property=\"og:image:type\" content=\"image\/png\" \/>\n<meta name=\"twitter:card\" content=\"summary_large_image\" \/>\n<meta name=\"twitter:site\" content=\"@sotograndeguide\" \/>\n<meta name=\"twitter:label1\" content=\"Est. reading time\" \/>\n\t<meta name=\"twitter:data1\" content=\"4 minutes\" \/>\n<!-- \/ Yoast SEO Premium plugin. -->","yoast_head_json":{"title":"Vie priv\u00e9e","robots":{"index":"index","follow":"follow","max-snippet":"max-snippet:-1","max-image-preview":"max-image-preview:large","max-video-preview":"max-video-preview:-1"},"canonical":"https:\/\/www.sotograndeguide.com\/fr\/vie-privee\/","og_locale":"fr_FR","og_type":"article","og_title":"Privacy","og_description":"This privacy policy describes how we handle the personal data provided by our users. We collect, store in data files, use, and share such personal data to help the SotograndeGuide.com website (\u201cSotograndeGuide.com\u201d) work and to keep it safe (details below). SotograndeGuide.com acting itself and through its subsidiaries, is the \u201cdata controller\u201d of such personal data. ... Lire plus","og_url":"https:\/\/www.sotograndeguide.com\/fr\/vie-privee\/","og_site_name":"Sotogrande Guide","article_publisher":"https:\/\/www.facebook.com\/sotograndeguide","og_image":[{"width":300,"height":300,"url":"https:\/\/www.sotograndeguide.com\/wp-content\/uploads\/2017\/03\/Sotogrande-Logo-GUIDE.png","type":"image\/png"}],"twitter_card":"summary_large_image","twitter_site":"@sotograndeguide","twitter_misc":{"Est. reading time":"4 minutes"},"schema":{"@context":"https:\/\/schema.org","@graph":[{"@type":"WebPage","@id":"https:\/\/www.sotograndeguide.com\/privacy\/","url":"https:\/\/www.sotograndeguide.com\/privacy\/","name":"Vie priv\u00e9e","isPartOf":{"@id":"https:\/\/www.sotograndeguide.com\/#website"},"datePublished":"2017-02-01T09:26:09+00:00","breadcrumb":{"@id":"https:\/\/www.sotograndeguide.com\/privacy\/#breadcrumb"},"inLanguage":"fr-FR","potentialAction":[{"@type":"ReadAction","target":["https:\/\/www.sotograndeguide.com\/privacy\/"]}]},{"@type":"BreadcrumbList","@id":"https:\/\/www.sotograndeguide.com\/privacy\/#breadcrumb","itemListElement":[{"@type":"ListItem","position":1,"name":"Home","item":"https:\/\/www.sotograndeguide.com\/"},{"@type":"ListItem","position":2,"name":"Privacy"}]},{"@type":"WebSite","@id":"https:\/\/www.sotograndeguide.com\/#website","url":"https:\/\/www.sotograndeguide.com\/","name":"Guide de Sotogrande","description":"Nouvelles, conseils, \u00e9v\u00e9nements et critiques","publisher":{"@id":"https:\/\/www.sotograndeguide.com\/#organization"},"potentialAction":[{"@type":"SearchAction","target":{"@type":"EntryPoint","urlTemplate":"https:\/\/www.sotograndeguide.com\/?s={search_term_string}"},"query-input":{"@type":"PropertyValueSpecification","valueRequired":true,"valueName":"search_term_string"}}],"inLanguage":"fr-FR"},{"@type":"Organization","@id":"https:\/\/www.sotograndeguide.com\/#organization","name":"Guide de Sotogrande","url":"https:\/\/www.sotograndeguide.com\/","logo":{"@type":"ImageObject","inLanguage":"fr-FR","@id":"https:\/\/www.sotograndeguide.com\/#\/schema\/logo\/image\/","url":"https:\/\/www.sotograndeguide.com\/wp-content\/uploads\/2017\/03\/Sotogrande-Logo-GUIDE.png","contentUrl":"https:\/\/www.sotograndeguide.com\/wp-content\/uploads\/2017\/03\/Sotogrande-Logo-GUIDE.png","width":300,"height":300,"caption":"Sotogrande Guide"},"image":{"@id":"https:\/\/www.sotograndeguide.com\/#\/schema\/logo\/image\/"},"sameAs":["https:\/\/www.facebook.com\/sotograndeguide","https:\/\/x.com\/sotograndeguide","https:\/\/www.tiktok.com\/@sotograndeguide","https:\/\/www.youtube.com\/@SotograndeGuide"]}]}},"jetpack_sharing_enabled":true,"_links":{"self":[{"href":"https:\/\/www.sotograndeguide.com\/fr\/wp-json\/wp\/v2\/pages\/1257","targetHints":{"allow":["GET"]}}],"collection":[{"href":"https:\/\/www.sotograndeguide.com\/fr\/wp-json\/wp\/v2\/pages"}],"about":[{"href":"https:\/\/www.sotograndeguide.com\/fr\/wp-json\/wp\/v2\/types\/page"}],"author":[{"embeddable":true,"href":"https:\/\/www.sotograndeguide.com\/fr\/wp-json\/wp\/v2\/users\/1"}],"replies":[{"embeddable":true,"href":"https:\/\/www.sotograndeguide.com\/fr\/wp-json\/wp\/v2\/comments?post=1257"}],"version-history":[{"count":0,"href":"https:\/\/www.sotograndeguide.com\/fr\/wp-json\/wp\/v2\/pages\/1257\/revisions"}],"wp:attachment":[{"href":"https:\/\/www.sotograndeguide.com\/fr\/wp-json\/wp\/v2\/media?parent=1257"}],"curies":[{"name":"wp","href":"https:\/\/api.w.org\/{rel}","templated":true}]}}