{"id":1220,"date":"2017-02-01T09:17:40","date_gmt":"2017-02-01T09:17:40","guid":{"rendered":"http:\/\/www.sotograndeguide.com\/?page_id=1220"},"modified":"2017-02-01T09:23:45","modified_gmt":"2017-02-01T09:23:45","slug":"termes","status":"publish","type":"page","link":"https:\/\/www.sotograndeguide.com\/fr\/terms\/","title":{"rendered":"Conditions"},"content":{"rendered":"<p>Vous trouverez ci-dessous nos conditions g\u00e9n\u00e9rales et notre accord de soumission de contenu qui r\u00e9gissent l'utilisation et l'interaction avec ce site web.<\/p>\n<p>ACCORD DE SOUMISSION DE CONTENU<\/p>\n<p>Nous sommes heureux de constater que vous souhaitez contribuer au site SotograndeGuide.com (le \"site\") (\"nous\"). Veuillez noter les points suivants lorsque vous soumettez du contenu \u00e0 notre examen.<\/p>\n<p>Nous nous r\u00e9servons le droit, \u00e0 notre seule discr\u00e9tion, de publier ou non tout article, contenu ou autre mat\u00e9riel que vous nous soumettez (\"Contenu\"). Vous devrez confirmer que vous avez lu et accept\u00e9 le pr\u00e9sent accord de soumission (\"accord\"), qui r\u00e9gira le contenu que vous nous fournissez et qui est accept\u00e9 pour publication sur le site, aujourd'hui ou \u00e0 l'avenir.<\/p>\n<p>1. Nous n'avons aucun int\u00e9r\u00eat \u00e0 recevoir ou \u00e0 conserver des documents confidentiels de votre part. Par cons\u00e9quent, vous acceptez qu'aucune relation confidentielle ou obligation de secret ne soit \u00e9tablie entre vous et nous en ce qui concerne votre contenu. Vous acceptez irr\u00e9vocablement de ne pas faire valoir de r\u00e9clamation pour appropriation d'id\u00e9es, d\u00e9tournement ou toute autre r\u00e9clamation similaire de quelque nature que ce soit en ce qui concerne votre contenu.<\/p>\n<p>2. En \u00e9change de la mise \u00e0 votre disposition de cette plate-forme d'expression et d'une exposition potentielle aux utilisateurs du Site, ce qui constitue une contrepartie valable, vous nous accordez une licence non exclusive, perp\u00e9tuelle, mondiale et libre de redevances pour utiliser, publier, reproduire, modifier, adapter, conc\u00e9der une licence, conc\u00e9der une sous-licence, distribuer, vendre, ex\u00e9cuter, traduire et afficher le contenu (y compris les dessins, images, sons, enregistrements vid\u00e9o ou autres donn\u00e9es int\u00e9gr\u00e9es dans le contenu et y compris les adaptations ou travaux d\u00e9riv\u00e9s bas\u00e9s sur le contenu) \u00e0 toutes fins et de toutes les mani\u00e8res et sur tous les supports (existants ou d\u00e9velopp\u00e9s ult\u00e9rieurement) (les \"droits\"). Tous les droits qui nous sont accord\u00e9s en vertu du pr\u00e9sent accord sont irr\u00e9vocables et s'acqui\u00e8rent d\u00e8s la publication de votre contenu sur SotograndeGuide.com. Vous resterez propri\u00e9taire des droits d'auteur de votre contenu, sous r\u00e9serve des droits qui nous sont accord\u00e9s dans le pr\u00e9sent accord. Toutefois, si vous d\u00e9cidez de republier le contenu ailleurs, vous acceptez d'inclure la mention suivante : \"Publi\u00e9 \u00e0 l'origine par SotograndeGuide.com\".<\/p>\n<p>3. Si votre contenu est accept\u00e9 pour publication sur le site, vous pouvez utiliser notre page de profil d'auteur pour vous faire conna\u00eetre et diffuser votre voix aupr\u00e8s de notre public. Sachez toutefois que nous pouvons publier sans restriction d'autres contenus sur des sujets identiques ou similaires \u00e0 ceux de votre contenu. Nous ne faisons aucune d\u00e9claration, garantie ou promesse de quelque nature que ce soit concernant la nature ou le niveau d'exposition que vous ou votre contenu recevrez par l'interm\u00e9diaire de notre site, et vous acceptez que nous n'ayons aucune obligation envers vous en vertu du pr\u00e9sent accord, ou en vertu de toute loi, ou en \u00e9quit\u00e9, en relation avec votre contenu que nous pourrions utiliser. Nous d\u00e9clinons express\u00e9ment toute garantie de quelque nature que ce soit, expresse ou implicite, y compris, mais sans s'y limiter, toute garantie de qualit\u00e9 marchande, de jouissance paisible ou d'ad\u00e9quation \u00e0 un usage particulier.<\/p>\n<p>4. Si vous souhaitez que votre contenu soit publi\u00e9 sous le nom de \"Anonyme\", veuillez suivre les instructions figurant sur notre formulaire de soumission (nous aurons toujours besoin de votre vrai nom et de votre adresse \u00e9lectronique sur notre formulaire de soumission). Bien que nous nous efforcions d'honorer les demandes de publication anonyme, nous ne garantissons pas que votre contenu sera publi\u00e9 de mani\u00e8re anonyme et nous d\u00e9clinons toute responsabilit\u00e9 en cas de pr\u00e9judice r\u00e9sultant de la non-publication de votre contenu de mani\u00e8re anonyme. En outre, m\u00eame si votre contenu est publi\u00e9 de mani\u00e8re anonyme, nous ne garantissons pas que votre identit\u00e9 restera anonyme et nous d\u00e9clinons toute responsabilit\u00e9 en cas de pr\u00e9judice r\u00e9sultant de la divulgation intentionnelle ou non de votre identit\u00e9.<\/p>\n<p>5. Vous comprenez que notre site fait l'objet d'un trafic important et qu'il est accessible \u00e0 tout le monde sur Internet. Vous ne devez pas nous fournir de contenu priv\u00e9. Tout ce qui est affich\u00e9 sur notre site est accessible \u00e0 tout le monde sur Internet. Vous \u00eates seul responsable de toute r\u00e9percussion juridique ou autre r\u00e9sultant de la publication de votre contenu sur notre site. Nous n'assumons aucune responsabilit\u00e9 pouvant d\u00e9couler de votre contenu. Nous ne sommes pas tenus de modifier ou de supprimer votre contenu une fois qu'il est publi\u00e9 sur notre site.<\/p>\n<p>6. SI VOUS PENSEZ QUE VOUS DEVRIEZ \u00caTRE R\u00c9MUN\u00c9R\u00c9 OU RECEVOIR UNE AUTRE FORME DE COMPENSATION POUR VOTRE CONTENU, VEUILLEZ NE PAS NOUS LE SOUMETTRE PAR LE BIAIS DE CE FORMULAIRE. CE FORMULAIRE EST DESTIN\u00c9 UNIQUEMENT AUX PERSONNES QUI PENSENT B\u00c9N\u00c9FICIER PERSONNELLEMENT OU PROFESSIONNELLEMENT DE LA PUBLICATION DE LEUR CONTENU SANS COMPENSATION. VOUS RECONNAISSEZ QUE VOUS N'AVEZ DROIT \u00c0 AUCUNE COMPENSATION OU REMBOURSEMENT DE QUELQUE NATURE QUE CE SOIT POUR VOTRE CONTENU OU VOS ACTIVIT\u00c9S LI\u00c9ES \u00c0 VOTRE CONTENU ET QUE NOUS POUVONS B\u00c9N\u00c9FICIER COMMERCIALEMENT DE VOTRE CONTENU, NOTAMMENT EN ATTIRANT DE LA PUBLICIT\u00c9 SUR LE SITE, EN AUGMENTANT LA VALEUR DU SITE ET D'AUTRES MANI\u00c8RES. VOUS RECONNAISSEZ EN OUTRE QUE NOUS N'AVONS AUCUNE OBLIGATION DE VOUS FOURNIR DES DONN\u00c9ES, DES ANALYSES OU D'AUTRES INFORMATIONS QUE NOUS POURRIONS OBTENIR OU CR\u00c9ER (Y COMPRIS, MAIS SANS S'Y LIMITER, DES DONN\u00c9ES SUR LES PAGES CONSULT\u00c9ES) CONCERNANT VOTRE CONTENU OU LE SITE.<\/p>\n<p>7. Nous nous r\u00e9servons le droit, \u00e0 notre seule discr\u00e9tion, (a) d'\u00e9diter le contenu, (b) de compl\u00e9ter ou de m\u00e9langer le contenu avec nos noms commerciaux, marques d\u00e9pos\u00e9es et marques de service et avec le contenu fourni par nous ou par des tiers, (c) de retirer le contenu de SotograndeGuide.com, et (d) de tirer un b\u00e9n\u00e9fice commercial du contenu.<\/p>\n<p>8. Vous d\u00e9clarez et garantissez que (a) vous \u00eates \u00e2g\u00e9 de 18 ans ou plus et que vous nous avez fourni votre vrai nom et votre adresse \u00e9lectronique sur notre formulaire de soumission ; (b) le contenu est une \u0153uvre originale cr\u00e9\u00e9e par vous et qui n'a pas \u00e9t\u00e9 publi\u00e9e ailleurs ; (c) vous d\u00e9tenez les droits d'auteur sur le contenu ; (d) le contenu ne contient aucune d\u00e9claration de fait expresse ou implicite qui soit fausse, erron\u00e9e ou mensong\u00e8re ; (e) le contenu n'enfreint pas les droits d'auteur, les marques ou d'autres droits d'un tiers ; (f) le contenu ne contient pas de virus, de vers, de logiciels malveillants ou d'autres \u00e9l\u00e9ments nuisibles ou destructeurs ; et (g) le contenu ne contient pas d'\u00e9l\u00e9ments diffamatoires, obsc\u00e8nes, pornographiques, mena\u00e7ants, abusifs, de harc\u00e8lement ou d'autres \u00e9l\u00e9ments ill\u00e9gaux du m\u00eame ordre. Vous nous indemniserez et nous tiendrez \u00e0 l'\u00e9cart de tout dommage subi ou de toute d\u00e9pense encourue (y compris les honoraires raisonnables d'avocat) en rapport avec toute r\u00e9clamation, action ou proc\u00e9dure fond\u00e9e sur une violation r\u00e9elle ou pr\u00e9sum\u00e9e de ces d\u00e9clarations et garanties.<\/p>\n<p>9. Vous reconnaissez qu'il n'existe aucune relation de partenariat, de coentreprise, d'emploi, de conseil ou autre entre vous et nous (chacune des \"parties\" et ensemble les \"parties\").<\/p>\n<p>10. Les termes du pr\u00e9sent accord lient les parties, y compris leurs licenci\u00e9s, successeurs et ayants droit respectifs, et s'appliquent \u00e0 leur profit.  Nous pouvons c\u00e9der, conc\u00e9der sous licence ou transf\u00e9rer tout ou partie des droits que vous nous avez accord\u00e9s \u00e0 toute autre personne ou entit\u00e9.  Sauf disposition expresse dans le pr\u00e9sent accord, il n'y a pas de tiers b\u00e9n\u00e9ficiaires de l'accord.<\/p>\n<p>11. Si une disposition du pr\u00e9sent accord est jug\u00e9e invalide, ill\u00e9gale ou inapplicable, cette disposition sera appliqu\u00e9e dans toute la mesure du possible de mani\u00e8re \u00e0 r\u00e9aliser l'intention des parties, et la validit\u00e9, la l\u00e9galit\u00e9 et l'applicabilit\u00e9 des autres dispositions ne seront pas affect\u00e9es ou compromises, \u00e0 moins que la poursuite de l'application des dispositions ne contrarie l'intention des parties.<\/p>\n<p>12. Aucun retard ou manquement de l'une ou l'autre partie dans l'exercice d'un droit en vertu du pr\u00e9sent accord, et aucun exercice partiel ou unique de ce droit, ne constituera une renonciation \u00e0 ce droit ou \u00e0 tout autre droit. Le fait de ne pas faire valoir un droit en vertu du pr\u00e9sent accord ne sera pas consid\u00e9r\u00e9 comme une renonciation \u00e0 faire valoir \u00e0 l'avenir ce droit ou tout autre droit.<\/p>\n<p>13. Le pr\u00e9sent accord sera interpr\u00e9t\u00e9 et mis en \u0153uvre conform\u00e9ment aux lois de l'Union europ\u00e9enne, sans tenir compte des principes de conflit\/choix de loi. Chaque partie aux pr\u00e9sentes consent irr\u00e9vocablement \u00e0 la comp\u00e9tence exclusive de tout tribunal europ\u00e9en pour toute question d\u00e9coulant du pr\u00e9sent accord, accepte qu'un acte de proc\u00e9dure lui soit signifi\u00e9 de toute mani\u00e8re autoris\u00e9e par les lois de l'Union europ\u00e9enne, et renonce et s'engage \u00e0 ne pas faire valoir ou plaider toute objection qu'elle pourrait autrement avoir \u00e0 l'\u00e9gard de cette comp\u00e9tence, de ce lieu ou de cet acte de proc\u00e9dure.<\/p>\n<p>14. Le pr\u00e9sent document constitue l'int\u00e9gralit\u00e9 de l'accord entre les parties et toute modification doit \u00eatre approuv\u00e9e par \u00e9crit par les parties.<\/p>","protected":false},"excerpt":{"rendered":"<p>Vous trouverez ci-dessous les conditions g\u00e9n\u00e9rales et l'accord de soumission de contenu qui r\u00e9gissent l'utilisation et l'interaction avec ce site web. ACCORD DE SOUMISSION DE CONTENU Nous sommes heureux de constater que vous souhaitez contribuer au site SotograndeGuide.com (le \"site\") (\"nous\"). Nous vous prions de tenir compte des points suivants lorsque vous soumettez du contenu \u00e0 notre examen. Nous nous r\u00e9servons le droit ... <a title=\"Conditions\" class=\"read-more\" href=\"https:\/\/www.sotograndeguide.com\/fr\/terms\/\" aria-label=\"En savoir plus sur Conditions\">Lire plus<\/a><\/p>","protected":false},"author":1,"featured_media":0,"parent":0,"menu_order":0,"comment_status":"closed","ping_status":"closed","template":"","meta":{"footnotes":""},"class_list":["post-1220","page","type-page","status-publish"],"yoast_head":"<!-- This site is optimized with the Yoast SEO Premium plugin v20.5 (Yoast SEO v27.4) - https:\/\/yoast.com\/product\/yoast-seo-premium-wordpress\/ -->\n<title>Terms<\/title>\n<meta name=\"robots\" content=\"index, follow, max-snippet:-1, max-image-preview:large, max-video-preview:-1\" \/>\n<link rel=\"canonical\" href=\"https:\/\/www.sotograndeguide.com\/fr\/termes\/\" \/>\n<meta property=\"og:locale\" content=\"fr_FR\" \/>\n<meta property=\"og:type\" content=\"article\" \/>\n<meta property=\"og:title\" content=\"Terms\" \/>\n<meta property=\"og:description\" content=\"Please find below our General Terms and Conditions and Content Submission Agreement that govern the use and interaction with this website. CONTENT SUBMISSION AGREEMENT We are glad to see you have an interest in contributing to SotograndeGuide.com (the \u201cSite\u201d) (\u201cwe\u201d or \u201cus\u201d). Please note the following when submitting content for our review. We reserve the ... Lire plus\" \/>\n<meta property=\"og:url\" content=\"https:\/\/www.sotograndeguide.com\/fr\/termes\/\" \/>\n<meta property=\"og:site_name\" content=\"Sotogrande Guide\" \/>\n<meta property=\"article:publisher\" content=\"https:\/\/www.facebook.com\/sotograndeguide\" \/>\n<meta property=\"article:modified_time\" content=\"2017-02-01T09:23:45+00:00\" \/>\n<meta property=\"og:image\" content=\"https:\/\/www.sotograndeguide.com\/wp-content\/uploads\/2017\/03\/Sotogrande-Logo-GUIDE.png\" \/>\n\t<meta property=\"og:image:width\" content=\"300\" \/>\n\t<meta property=\"og:image:height\" content=\"300\" \/>\n\t<meta property=\"og:image:type\" content=\"image\/png\" \/>\n<meta name=\"twitter:card\" content=\"summary_large_image\" \/>\n<meta name=\"twitter:site\" content=\"@sotograndeguide\" \/>\n<meta name=\"twitter:label1\" content=\"Est. reading time\" \/>\n\t<meta name=\"twitter:data1\" content=\"7 minutes\" \/>\n<!-- \/ Yoast SEO Premium plugin. -->","yoast_head_json":{"title":"Conditions","robots":{"index":"index","follow":"follow","max-snippet":"max-snippet:-1","max-image-preview":"max-image-preview:large","max-video-preview":"max-video-preview:-1"},"canonical":"https:\/\/www.sotograndeguide.com\/fr\/termes\/","og_locale":"fr_FR","og_type":"article","og_title":"Terms","og_description":"Please find below our General Terms and Conditions and Content Submission Agreement that govern the use and interaction with this website. CONTENT SUBMISSION AGREEMENT We are glad to see you have an interest in contributing to SotograndeGuide.com (the \u201cSite\u201d) (\u201cwe\u201d or \u201cus\u201d). Please note the following when submitting content for our review. We reserve the ... Lire plus","og_url":"https:\/\/www.sotograndeguide.com\/fr\/termes\/","og_site_name":"Sotogrande Guide","article_publisher":"https:\/\/www.facebook.com\/sotograndeguide","article_modified_time":"2017-02-01T09:23:45+00:00","og_image":[{"width":300,"height":300,"url":"https:\/\/www.sotograndeguide.com\/wp-content\/uploads\/2017\/03\/Sotogrande-Logo-GUIDE.png","type":"image\/png"}],"twitter_card":"summary_large_image","twitter_site":"@sotograndeguide","twitter_misc":{"Est. reading time":"7 minutes"},"schema":{"@context":"https:\/\/schema.org","@graph":[{"@type":"WebPage","@id":"https:\/\/www.sotograndeguide.com\/terms\/","url":"https:\/\/www.sotograndeguide.com\/terms\/","name":"Conditions","isPartOf":{"@id":"https:\/\/www.sotograndeguide.com\/#website"},"datePublished":"2017-02-01T09:17:40+00:00","dateModified":"2017-02-01T09:23:45+00:00","breadcrumb":{"@id":"https:\/\/www.sotograndeguide.com\/terms\/#breadcrumb"},"inLanguage":"fr-FR","potentialAction":[{"@type":"ReadAction","target":["https:\/\/www.sotograndeguide.com\/terms\/"]}]},{"@type":"BreadcrumbList","@id":"https:\/\/www.sotograndeguide.com\/terms\/#breadcrumb","itemListElement":[{"@type":"ListItem","position":1,"name":"Home","item":"https:\/\/www.sotograndeguide.com\/"},{"@type":"ListItem","position":2,"name":"Terms"}]},{"@type":"WebSite","@id":"https:\/\/www.sotograndeguide.com\/#website","url":"https:\/\/www.sotograndeguide.com\/","name":"Guide de Sotogrande","description":"Nouvelles, conseils, \u00e9v\u00e9nements et critiques","publisher":{"@id":"https:\/\/www.sotograndeguide.com\/#organization"},"potentialAction":[{"@type":"SearchAction","target":{"@type":"EntryPoint","urlTemplate":"https:\/\/www.sotograndeguide.com\/?s={search_term_string}"},"query-input":{"@type":"PropertyValueSpecification","valueRequired":true,"valueName":"search_term_string"}}],"inLanguage":"fr-FR"},{"@type":"Organization","@id":"https:\/\/www.sotograndeguide.com\/#organization","name":"Guide de Sotogrande","url":"https:\/\/www.sotograndeguide.com\/","logo":{"@type":"ImageObject","inLanguage":"fr-FR","@id":"https:\/\/www.sotograndeguide.com\/#\/schema\/logo\/image\/","url":"https:\/\/www.sotograndeguide.com\/wp-content\/uploads\/2017\/03\/Sotogrande-Logo-GUIDE.png","contentUrl":"https:\/\/www.sotograndeguide.com\/wp-content\/uploads\/2017\/03\/Sotogrande-Logo-GUIDE.png","width":300,"height":300,"caption":"Sotogrande Guide"},"image":{"@id":"https:\/\/www.sotograndeguide.com\/#\/schema\/logo\/image\/"},"sameAs":["https:\/\/www.facebook.com\/sotograndeguide","https:\/\/x.com\/sotograndeguide","https:\/\/www.tiktok.com\/@sotograndeguide","https:\/\/www.youtube.com\/@SotograndeGuide"]}]}},"jetpack_sharing_enabled":true,"_links":{"self":[{"href":"https:\/\/www.sotograndeguide.com\/fr\/wp-json\/wp\/v2\/pages\/1220","targetHints":{"allow":["GET"]}}],"collection":[{"href":"https:\/\/www.sotograndeguide.com\/fr\/wp-json\/wp\/v2\/pages"}],"about":[{"href":"https:\/\/www.sotograndeguide.com\/fr\/wp-json\/wp\/v2\/types\/page"}],"author":[{"embeddable":true,"href":"https:\/\/www.sotograndeguide.com\/fr\/wp-json\/wp\/v2\/users\/1"}],"replies":[{"embeddable":true,"href":"https:\/\/www.sotograndeguide.com\/fr\/wp-json\/wp\/v2\/comments?post=1220"}],"version-history":[{"count":0,"href":"https:\/\/www.sotograndeguide.com\/fr\/wp-json\/wp\/v2\/pages\/1220\/revisions"}],"wp:attachment":[{"href":"https:\/\/www.sotograndeguide.com\/fr\/wp-json\/wp\/v2\/media?parent=1220"}],"curies":[{"name":"wp","href":"https:\/\/api.w.org\/{rel}","templated":true}]}}