{"id":110,"date":"2017-01-30T19:13:22","date_gmt":"2017-01-30T19:13:22","guid":{"rendered":"http:\/\/www.sotograndeguide.com\/?page_id=110"},"modified":"2019-05-06T13:39:42","modified_gmt":"2019-05-06T13:39:42","slug":"sports-sotogrande","status":"publish","type":"page","link":"https:\/\/www.sotograndeguide.com\/fr\/sotogrande-sports\/","title":{"rendered":"Sotogrande Sports"},"content":{"rendered":"<p>Les activit\u00e9s sportives et de loisirs sont tr\u00e8s populaires \u00e0 Sotogrande. Vous verrez souvent des gens faire du v\u00e9lo ou du jogging dans les larges rues de la station. Bien s\u00fbr, Sotogrande est aussi un lieu de pr\u00e9dilection pour les activit\u00e9s sportives et de loisirs. <a href=\"https:\/\/www.sotograndeguide.com\/fr\/golf-de-sotogrande\/\">Golf<\/a> et <a href=\"https:\/\/www.sotograndeguide.com\/fr\/sotogrande-polo\/\">Polo<\/a>. Mais ce n'est pas tout.<\/p>\n<p>Qu'il s'agisse de kayak, de planche \u00e0 voile, de tennis, de paddle, de jet ski, de voile ou d'\u00e9quitation, vous trouverez tout ce qu'il vous faut ici. Des activit\u00e9s pour tous les \u00e2ges sont propos\u00e9es tout au long de l'ann\u00e9e.<\/p>\n<div class=\"pt-cv-wrapper\"><div class=\"pt-cv-view pt-cv-grid pt-cv-colsys\" id=\"pt-cv-view-a74a144178\"><div data-id=\"pt-cv-page-1\" class=\"pt-cv-page\" data-cvc=\"2\"><div class=\"col-md-6 col-sm-6 col-xs-12 pt-cv-content-item pt-cv-1-col\"  data-pid=\"34988\"><div class='pt-cv-ifield'><a href=\"https:\/\/www.sotograndeguide.com\/fr\/sotogrande-sports\/pilates-sotogrande\/\" class=\"_self pt-cv-href-thumbnail pt-cv-thumb-default cvplbd\" target=\"_self\" ><img decoding=\"async\" width=\"250\" height=\"200\" src=\"https:\/\/www.sotograndeguide.com\/wp-content\/uploads\/2023\/04\/pilates-sotogrande-250x200.jpg\" class=\"pt-cv-thumbnail img-none\" alt=\"Pilates Sotogrande\" srcset=\"https:\/\/www.sotograndeguide.com\/wp-content\/uploads\/2023\/04\/pilates-sotogrande-250x200.jpg\" sizes=\"(max-width: 250px) 100vw, 250px\" \/><\/a>\n<h4 class=\"pt-cv-title\"><a href=\"https:\/\/www.sotograndeguide.com\/fr\/sotogrande-sports\/pilates-sotogrande\/\" class=\"_self cvplbd\" target=\"_self\" >Pilates Sotogrande<\/a><\/h4><\/div><\/div>\n<div class=\"col-md-6 col-sm-6 col-xs-12 pt-cv-content-item pt-cv-1-col\"  data-pid=\"35541\"><div class='pt-cv-ifield'><a href=\"https:\/\/www.sotograndeguide.com\/fr\/sotogrande-sports\/yogafit-sotogrande\/\" class=\"_self pt-cv-href-thumbnail pt-cv-thumb-default cvplbd\" target=\"_self\" ><img decoding=\"async\" width=\"250\" height=\"200\" src=\"https:\/\/www.sotograndeguide.com\/wp-content\/uploads\/2020\/11\/Yogafit-Sotogrande-250x200.jpg\" class=\"pt-cv-thumbnail img-none\" alt=\"Yogafit Sotogrande\" srcset=\"https:\/\/www.sotograndeguide.com\/wp-content\/uploads\/2020\/11\/Yogafit-Sotogrande-250x200.jpg\" sizes=\"(max-width: 250px) 100vw, 250px\" \/><\/a>\n<h4 class=\"pt-cv-title\"><a href=\"https:\/\/www.sotograndeguide.com\/fr\/sotogrande-sports\/yogafit-sotogrande\/\" class=\"_self cvplbd\" target=\"_self\" >Yogafit Sotogrande<\/a><\/h4><\/div><\/div>\n<div class=\"col-md-6 col-sm-6 col-xs-12 pt-cv-content-item pt-cv-1-col\"  data-pid=\"35712\"><div class='pt-cv-ifield'><a href=\"https:\/\/www.sotograndeguide.com\/fr\/feathers-food-fitness\/\" class=\"_self pt-cv-href-thumbnail pt-cv-thumb-default cvplbd\" target=\"_self\" ><img decoding=\"async\" width=\"250\" height=\"200\" src=\"https:\/\/www.sotograndeguide.com\/wp-content\/uploads\/2021\/10\/Feathers-Food-Fitness-250x200.jpg\" class=\"pt-cv-thumbnail img-none\" alt=\"Feathers Food &amp; Fitness\" srcset=\"https:\/\/www.sotograndeguide.com\/wp-content\/uploads\/2021\/10\/Feathers-Food-Fitness-250x200.jpg\" sizes=\"(max-width: 250px) 100vw, 250px\" \/><\/a>\n<h4 class=\"pt-cv-title\"><a href=\"https:\/\/www.sotograndeguide.com\/fr\/feathers-food-fitness\/\" class=\"_self cvplbd\" target=\"_self\" >Feathers Food &amp; Fitness<\/a><\/h4><\/div><\/div>\n<div class=\"col-md-6 col-sm-6 col-xs-12 pt-cv-content-item pt-cv-1-col\"  data-pid=\"35739\"><div class='pt-cv-ifield'><a href=\"https:\/\/www.sotograndeguide.com\/fr\/centro-nautico-de-sotogrande\/\" class=\"_self pt-cv-href-thumbnail pt-cv-thumb-default cvplbd\" target=\"_self\" ><img decoding=\"async\" width=\"250\" height=\"200\" src=\"https:\/\/www.sotograndeguide.com\/wp-content\/uploads\/2021\/10\/Water-Sports-Sotogrande-250x200.jpeg\" class=\"pt-cv-thumbnail img-none\" alt=\"Centre Nautique de Sotogrande\" srcset=\"https:\/\/www.sotograndeguide.com\/wp-content\/uploads\/2021\/10\/Water-Sports-Sotogrande-250x200.jpeg\" sizes=\"(max-width: 250px) 100vw, 250px\" \/><\/a>\n<h4 class=\"pt-cv-title\"><a href=\"https:\/\/www.sotograndeguide.com\/fr\/centro-nautico-de-sotogrande\/\" class=\"_self cvplbd\" target=\"_self\" >Centre Nautique de Sotogrande<\/a><\/h4><\/div><\/div>\n<div class=\"col-md-6 col-sm-6 col-xs-12 pt-cv-content-item pt-cv-1-col\"  data-pid=\"35775\"><div class='pt-cv-ifield'><a href=\"https:\/\/www.sotograndeguide.com\/fr\/sotogrande-sports\/sotogrande-hipica\/\" class=\"_self pt-cv-href-thumbnail pt-cv-thumb-default cvplbd\" target=\"_self\" ><img decoding=\"async\" width=\"250\" height=\"200\" src=\"https:\/\/www.sotograndeguide.com\/wp-content\/uploads\/2022\/01\/Sotogrande-Hipica-250x200.jpg\" class=\"pt-cv-thumbnail img-none\" alt=\"Sotogrande Hipica\" srcset=\"https:\/\/www.sotograndeguide.com\/wp-content\/uploads\/2022\/01\/Sotogrande-Hipica-250x200.jpg\" sizes=\"(max-width: 250px) 100vw, 250px\" \/><\/a>\n<h4 class=\"pt-cv-title\"><a href=\"https:\/\/www.sotograndeguide.com\/fr\/sotogrande-sports\/sotogrande-hipica\/\" class=\"_self cvplbd\" target=\"_self\" >Sotogrande Hipica<\/a><\/h4><\/div><\/div><\/div><\/div><\/div>\t\t\t<style type=\"text\/css\" id=\"pt-cv-inline-style-a18a8d3m6s\">#pt-cv-view-a74a144178 .pt-cv-title a, #pt-cv-view-a74a144178  .panel-title { font-weight: 600 !important; }\n#pt-cv-view-a74a144178 .pt-cv-readmore  { color: #ffffff !important; background-color: #00aeef !important; }\n#pt-cv-view-a74a144178 .pt-cv-readmore:hover  { color: #ffffff !important; background-color: #00aeef !important; }<\/style>\r\n\t\t\t\n<p><em>Avons-nous oubli\u00e9 quelque chose ? Souhaitez-vous que votre entreprise soit pr\u00e9sent\u00e9e ? <a href=\"https:\/\/www.sotograndeguide.com\/fr\/contact\/\">Prendre contact<\/a>.<\/em><\/p>","protected":false},"excerpt":{"rendered":"<p>Les activit\u00e9s sportives et de loisirs sont tr\u00e8s populaires \u00e0 Sotogrande. Vous verrez souvent des gens faire du v\u00e9lo ou du jogging dans les larges rues de la station. Bien entendu, Sotogrande est un haut lieu du golf et du polo. Mais ce n'est pas tout. Qu'il s'agisse de kayak, de planche \u00e0 voile, de tennis, de paddle, de jet ski, de voile ou d'\u00e9quitation, vous trouverez tout ce qu'il vous faut ici. ... <a title=\"Sotogrande Sports\" class=\"read-more\" href=\"https:\/\/www.sotograndeguide.com\/fr\/sotogrande-sports\/\" aria-label=\"En savoir plus sur Sotogrande Sports\">Lire plus<\/a><\/p>","protected":false},"author":1,"featured_media":34995,"parent":0,"menu_order":0,"comment_status":"closed","ping_status":"closed","template":"","meta":{"footnotes":""},"class_list":["post-110","page","type-page","status-publish","has-post-thumbnail"],"yoast_head":"<!-- This site is optimized with the Yoast SEO Premium plugin v20.5 (Yoast SEO v27.4) - https:\/\/yoast.com\/product\/yoast-seo-premium-wordpress\/ -->\n<title>Sotogrande Sports<\/title>\n<meta name=\"robots\" content=\"index, follow, max-snippet:-1, max-image-preview:large, max-video-preview:-1\" \/>\n<link rel=\"canonical\" href=\"https:\/\/www.sotograndeguide.com\/fr\/sports-sotogrande\/\" \/>\n<meta property=\"og:locale\" content=\"fr_FR\" \/>\n<meta property=\"og:type\" content=\"article\" \/>\n<meta property=\"og:title\" content=\"Sotogrande Sports\" \/>\n<meta property=\"og:description\" content=\"Sports and leisure activities in Sotogrande are very popular. You will often see people cycling and jogging resort\u2019s wide streets. Then of course Sotogrande is big for Golf and Polo. But there is more. Whether it is kayaking, wind surfing, tennis, paddle tennis, jet skiing, sailing or horse riding, you will find it all here. ... Lire plus\" \/>\n<meta property=\"og:url\" content=\"https:\/\/www.sotograndeguide.com\/fr\/sports-sotogrande\/\" \/>\n<meta property=\"og:site_name\" content=\"Sotogrande Guide\" \/>\n<meta property=\"article:publisher\" content=\"https:\/\/www.facebook.com\/sotograndeguide\" \/>\n<meta property=\"article:modified_time\" content=\"2019-05-06T13:39:42+00:00\" \/>\n<meta property=\"og:image\" content=\"https:\/\/www.sotograndeguide.com\/wp-content\/uploads\/2019\/02\/Sotogrande-Sports.jpg\" \/>\n\t<meta property=\"og:image:width\" content=\"1280\" \/>\n\t<meta property=\"og:image:height\" content=\"853\" \/>\n\t<meta property=\"og:image:type\" content=\"image\/jpeg\" \/>\n<meta name=\"twitter:card\" content=\"summary_large_image\" \/>\n<meta name=\"twitter:site\" content=\"@sotograndeguide\" \/>\n<!-- \/ Yoast SEO Premium plugin. -->","yoast_head_json":{"title":"Sotogrande Sports","robots":{"index":"index","follow":"follow","max-snippet":"max-snippet:-1","max-image-preview":"max-image-preview:large","max-video-preview":"max-video-preview:-1"},"canonical":"https:\/\/www.sotograndeguide.com\/fr\/sports-sotogrande\/","og_locale":"fr_FR","og_type":"article","og_title":"Sotogrande Sports","og_description":"Sports and leisure activities in Sotogrande are very popular. You will often see people cycling and jogging resort\u2019s wide streets. Then of course Sotogrande is big for Golf and Polo. But there is more. Whether it is kayaking, wind surfing, tennis, paddle tennis, jet skiing, sailing or horse riding, you will find it all here. ... Lire plus","og_url":"https:\/\/www.sotograndeguide.com\/fr\/sports-sotogrande\/","og_site_name":"Sotogrande Guide","article_publisher":"https:\/\/www.facebook.com\/sotograndeguide","article_modified_time":"2019-05-06T13:39:42+00:00","og_image":[{"width":1280,"height":853,"url":"https:\/\/www.sotograndeguide.com\/wp-content\/uploads\/2019\/02\/Sotogrande-Sports.jpg","type":"image\/jpeg"}],"twitter_card":"summary_large_image","twitter_site":"@sotograndeguide","schema":{"@context":"https:\/\/schema.org","@graph":[{"@type":"WebPage","@id":"https:\/\/www.sotograndeguide.com\/sotogrande-sports\/","url":"https:\/\/www.sotograndeguide.com\/sotogrande-sports\/","name":"Sotogrande Sports","isPartOf":{"@id":"https:\/\/www.sotograndeguide.com\/#website"},"primaryImageOfPage":{"@id":"https:\/\/www.sotograndeguide.com\/sotogrande-sports\/#primaryimage"},"image":{"@id":"https:\/\/www.sotograndeguide.com\/sotogrande-sports\/#primaryimage"},"thumbnailUrl":"https:\/\/www.sotograndeguide.com\/wp-content\/uploads\/2019\/02\/Sotogrande-Sports.jpg","datePublished":"2017-01-30T19:13:22+00:00","dateModified":"2019-05-06T13:39:42+00:00","breadcrumb":{"@id":"https:\/\/www.sotograndeguide.com\/sotogrande-sports\/#breadcrumb"},"inLanguage":"fr-FR","potentialAction":[{"@type":"ReadAction","target":["https:\/\/www.sotograndeguide.com\/sotogrande-sports\/"]}]},{"@type":"ImageObject","inLanguage":"fr-FR","@id":"https:\/\/www.sotograndeguide.com\/sotogrande-sports\/#primaryimage","url":"https:\/\/www.sotograndeguide.com\/wp-content\/uploads\/2019\/02\/Sotogrande-Sports.jpg","contentUrl":"https:\/\/www.sotograndeguide.com\/wp-content\/uploads\/2019\/02\/Sotogrande-Sports.jpg","width":1280,"height":853,"caption":"Sotogrande Sports"},{"@type":"BreadcrumbList","@id":"https:\/\/www.sotograndeguide.com\/sotogrande-sports\/#breadcrumb","itemListElement":[{"@type":"ListItem","position":1,"name":"Home","item":"https:\/\/www.sotograndeguide.com\/"},{"@type":"ListItem","position":2,"name":"Sotogrande Sports"}]},{"@type":"WebSite","@id":"https:\/\/www.sotograndeguide.com\/#website","url":"https:\/\/www.sotograndeguide.com\/","name":"Guide de Sotogrande","description":"Nouvelles, conseils, \u00e9v\u00e9nements et critiques","publisher":{"@id":"https:\/\/www.sotograndeguide.com\/#organization"},"potentialAction":[{"@type":"SearchAction","target":{"@type":"EntryPoint","urlTemplate":"https:\/\/www.sotograndeguide.com\/?s={search_term_string}"},"query-input":{"@type":"PropertyValueSpecification","valueRequired":true,"valueName":"search_term_string"}}],"inLanguage":"fr-FR"},{"@type":"Organization","@id":"https:\/\/www.sotograndeguide.com\/#organization","name":"Guide de Sotogrande","url":"https:\/\/www.sotograndeguide.com\/","logo":{"@type":"ImageObject","inLanguage":"fr-FR","@id":"https:\/\/www.sotograndeguide.com\/#\/schema\/logo\/image\/","url":"https:\/\/www.sotograndeguide.com\/wp-content\/uploads\/2017\/03\/Sotogrande-Logo-GUIDE.png","contentUrl":"https:\/\/www.sotograndeguide.com\/wp-content\/uploads\/2017\/03\/Sotogrande-Logo-GUIDE.png","width":300,"height":300,"caption":"Sotogrande Guide"},"image":{"@id":"https:\/\/www.sotograndeguide.com\/#\/schema\/logo\/image\/"},"sameAs":["https:\/\/www.facebook.com\/sotograndeguide","https:\/\/x.com\/sotograndeguide","https:\/\/www.tiktok.com\/@sotograndeguide","https:\/\/www.youtube.com\/@SotograndeGuide"]}]}},"jetpack_sharing_enabled":true,"_links":{"self":[{"href":"https:\/\/www.sotograndeguide.com\/fr\/wp-json\/wp\/v2\/pages\/110","targetHints":{"allow":["GET"]}}],"collection":[{"href":"https:\/\/www.sotograndeguide.com\/fr\/wp-json\/wp\/v2\/pages"}],"about":[{"href":"https:\/\/www.sotograndeguide.com\/fr\/wp-json\/wp\/v2\/types\/page"}],"author":[{"embeddable":true,"href":"https:\/\/www.sotograndeguide.com\/fr\/wp-json\/wp\/v2\/users\/1"}],"replies":[{"embeddable":true,"href":"https:\/\/www.sotograndeguide.com\/fr\/wp-json\/wp\/v2\/comments?post=110"}],"version-history":[{"count":0,"href":"https:\/\/www.sotograndeguide.com\/fr\/wp-json\/wp\/v2\/pages\/110\/revisions"}],"wp:featuredmedia":[{"embeddable":true,"href":"https:\/\/www.sotograndeguide.com\/fr\/wp-json\/wp\/v2\/media\/34995"}],"wp:attachment":[{"href":"https:\/\/www.sotograndeguide.com\/fr\/wp-json\/wp\/v2\/media?parent=110"}],"curies":[{"name":"wp","href":"https:\/\/api.w.org\/{rel}","templated":true}]}}