{"id":107,"date":"2017-01-30T19:12:59","date_gmt":"2017-01-30T19:12:59","guid":{"rendered":"http:\/\/www.sotograndeguide.com\/?page_id=107"},"modified":"2018-04-21T21:29:17","modified_gmt":"2018-04-21T21:29:17","slug":"meteo-de-sotogrande","status":"publish","type":"page","link":"https:\/\/www.sotograndeguide.com\/fr\/sotogrande-weather\/","title":{"rendered":"M\u00e9t\u00e9o de Sotogrande"},"content":{"rendered":"<p>Sotogrande jouit d'un climat fantastique tout au long de l'ann\u00e9e, avec une temp\u00e9rature moyenne de 25\u00ba Celsius.<\/p>\n<p>En janvier, les temp\u00e9ratures moyennes peuvent descendre jusqu'\u00e0 12\u00ba Celsius. Les mois les plus chauds sont juillet et ao\u00fbt, avec des temp\u00e9ratures moyennes atteignant 25\u00ba Celsius.<\/p>\n<p>En \u00e9t\u00e9, la temp\u00e9rature moyenne de la mer est de 22\u00ba Celsius, ce qui en fait le meilleur mois pour des vacances d'\u00e9t\u00e9.<\/p>\n<p><strong>Pr\u00e9visions m\u00e9t\u00e9orologiques pour Sotogrande<\/strong><\/p>\n<p>Voici les pr\u00e9visions m\u00e9t\u00e9orologiques pour Sotogrande aujourd'hui :<\/p>\n<div id=\"awe-ajax-awesome-weather-sotogrande-spain\" class=\"awe-ajax-awesome-weather-sotogrande-spain awe-weather-ajax-wrap\" style=\"\"><div class=\"awe-loading\"><i class=\"wi wi-day-sunny\"><\/i><\/div><\/div><script type=\"text\/javascript\"> jQuery(document).ready(function() { awe_ajax_load({\"hide_attribution\":\"1\",\"units\":\"C\",\"location\":\"Sotogrande, Spain\",\"id\":\"awesome-weather-sotogrande-spain\",\"ajaxurl\":\"https:\\\/\\\/www.sotograndeguide.com\\\/wp-admin\\\/admin-ajax.php\",\"via_ajax\":1}); }); <\/script>","protected":false},"excerpt":{"rendered":"<p>Sotogrande jouit d'un climat fantastique tout au long de l'ann\u00e9e, avec une temp\u00e9rature moyenne de 25\u00ba Celsius. En janvier, les temp\u00e9ratures moyennes peuvent descendre jusqu'\u00e0 12\u00ba Celsius. Les mois les plus chauds sont juillet et ao\u00fbt, avec des temp\u00e9ratures moyennes atteignant 25\u00ba Celsius. En \u00e9t\u00e9, la temp\u00e9rature moyenne de la mer est de 22\u00ba Celsius, ce qui en fait le meilleur mois pour ... <a title=\"M\u00e9t\u00e9o de Sotogrande\" class=\"read-more\" href=\"https:\/\/www.sotograndeguide.com\/fr\/sotogrande-weather\/\" aria-label=\"En savoir plus sur M\u00e9t\u00e9o Sotogrande\">Lire plus<\/a><\/p>","protected":false},"author":1,"featured_media":33501,"parent":0,"menu_order":0,"comment_status":"closed","ping_status":"closed","template":"","meta":{"footnotes":""},"class_list":["post-107","page","type-page","status-publish","has-post-thumbnail"],"yoast_head":"<!-- This site is optimized with the Yoast SEO Premium plugin v20.5 (Yoast SEO v27.5) - https:\/\/yoast.com\/product\/yoast-seo-premium-wordpress\/ -->\n<title>Sotogrande Weather<\/title>\n<meta name=\"robots\" content=\"index, follow, max-snippet:-1, max-image-preview:large, max-video-preview:-1\" \/>\n<link rel=\"canonical\" href=\"https:\/\/www.sotograndeguide.com\/fr\/meteo-de-sotogrande\/\" \/>\n<meta property=\"og:locale\" content=\"fr_FR\" \/>\n<meta property=\"og:type\" content=\"article\" \/>\n<meta property=\"og:title\" content=\"Sotogrande Weather\" \/>\n<meta property=\"og:description\" content=\"Sotogrande enjoys a fantastic weather throughout the year with an average temperate of 25\u00ba Celsius. In January, average temperatures can drop to a mild 12\u00ba Celsius. The hottest months are July and August with average temperatures reaching 25\u00ba Celsius. In Summer, the average sea temperature is 22\u00ba Celsius, making it the best month for a ... Lire plus\" \/>\n<meta property=\"og:url\" content=\"https:\/\/www.sotograndeguide.com\/fr\/meteo-de-sotogrande\/\" \/>\n<meta property=\"og:site_name\" content=\"Sotogrande Guide\" \/>\n<meta property=\"article:publisher\" content=\"https:\/\/www.facebook.com\/sotograndeguide\" \/>\n<meta property=\"article:modified_time\" content=\"2018-04-21T21:29:17+00:00\" \/>\n<meta property=\"og:image\" content=\"https:\/\/www.sotograndeguide.com\/wp-content\/uploads\/2017\/01\/Weather.jpg\" \/>\n\t<meta property=\"og:image:width\" content=\"1306\" \/>\n\t<meta property=\"og:image:height\" content=\"980\" \/>\n\t<meta property=\"og:image:type\" content=\"image\/jpeg\" \/>\n<meta name=\"twitter:card\" content=\"summary_large_image\" \/>\n<meta name=\"twitter:site\" content=\"@sotograndeguide\" \/>\n<!-- \/ Yoast SEO Premium plugin. -->","yoast_head_json":{"title":"M\u00e9t\u00e9o de Sotogrande","robots":{"index":"index","follow":"follow","max-snippet":"max-snippet:-1","max-image-preview":"max-image-preview:large","max-video-preview":"max-video-preview:-1"},"canonical":"https:\/\/www.sotograndeguide.com\/fr\/meteo-de-sotogrande\/","og_locale":"fr_FR","og_type":"article","og_title":"Sotogrande Weather","og_description":"Sotogrande enjoys a fantastic weather throughout the year with an average temperate of 25\u00ba Celsius. In January, average temperatures can drop to a mild 12\u00ba Celsius. The hottest months are July and August with average temperatures reaching 25\u00ba Celsius. In Summer, the average sea temperature is 22\u00ba Celsius, making it the best month for a ... Lire plus","og_url":"https:\/\/www.sotograndeguide.com\/fr\/meteo-de-sotogrande\/","og_site_name":"Sotogrande Guide","article_publisher":"https:\/\/www.facebook.com\/sotograndeguide","article_modified_time":"2018-04-21T21:29:17+00:00","og_image":[{"width":1306,"height":980,"url":"https:\/\/www.sotograndeguide.com\/wp-content\/uploads\/2017\/01\/Weather.jpg","type":"image\/jpeg"}],"twitter_card":"summary_large_image","twitter_site":"@sotograndeguide","schema":{"@context":"https:\/\/schema.org","@graph":[{"@type":"WebPage","@id":"https:\/\/www.sotograndeguide.com\/sotogrande-weather\/","url":"https:\/\/www.sotograndeguide.com\/sotogrande-weather\/","name":"M\u00e9t\u00e9o de Sotogrande","isPartOf":{"@id":"https:\/\/www.sotograndeguide.com\/#website"},"primaryImageOfPage":{"@id":"https:\/\/www.sotograndeguide.com\/sotogrande-weather\/#primaryimage"},"image":{"@id":"https:\/\/www.sotograndeguide.com\/sotogrande-weather\/#primaryimage"},"thumbnailUrl":"https:\/\/www.sotograndeguide.com\/wp-content\/uploads\/2017\/01\/Weather.jpg","datePublished":"2017-01-30T19:12:59+00:00","dateModified":"2018-04-21T21:29:17+00:00","breadcrumb":{"@id":"https:\/\/www.sotograndeguide.com\/sotogrande-weather\/#breadcrumb"},"inLanguage":"fr-FR","potentialAction":[{"@type":"ReadAction","target":["https:\/\/www.sotograndeguide.com\/sotogrande-weather\/"]}]},{"@type":"ImageObject","inLanguage":"fr-FR","@id":"https:\/\/www.sotograndeguide.com\/sotogrande-weather\/#primaryimage","url":"https:\/\/www.sotograndeguide.com\/wp-content\/uploads\/2017\/01\/Weather.jpg","contentUrl":"https:\/\/www.sotograndeguide.com\/wp-content\/uploads\/2017\/01\/Weather.jpg","width":1306,"height":980,"caption":"Sotogrande Weather"},{"@type":"BreadcrumbList","@id":"https:\/\/www.sotograndeguide.com\/sotogrande-weather\/#breadcrumb","itemListElement":[{"@type":"ListItem","position":1,"name":"Home","item":"https:\/\/www.sotograndeguide.com\/"},{"@type":"ListItem","position":2,"name":"Sotogrande Weather"}]},{"@type":"WebSite","@id":"https:\/\/www.sotograndeguide.com\/#website","url":"https:\/\/www.sotograndeguide.com\/","name":"Guide de Sotogrande","description":"Nouvelles, conseils, \u00e9v\u00e9nements et critiques","publisher":{"@id":"https:\/\/www.sotograndeguide.com\/#organization"},"potentialAction":[{"@type":"SearchAction","target":{"@type":"EntryPoint","urlTemplate":"https:\/\/www.sotograndeguide.com\/?s={search_term_string}"},"query-input":{"@type":"PropertyValueSpecification","valueRequired":true,"valueName":"search_term_string"}}],"inLanguage":"fr-FR"},{"@type":"Organization","@id":"https:\/\/www.sotograndeguide.com\/#organization","name":"Guide de Sotogrande","url":"https:\/\/www.sotograndeguide.com\/","logo":{"@type":"ImageObject","inLanguage":"fr-FR","@id":"https:\/\/www.sotograndeguide.com\/#\/schema\/logo\/image\/","url":"https:\/\/www.sotograndeguide.com\/wp-content\/uploads\/2017\/03\/Sotogrande-Logo-GUIDE.png","contentUrl":"https:\/\/www.sotograndeguide.com\/wp-content\/uploads\/2017\/03\/Sotogrande-Logo-GUIDE.png","width":300,"height":300,"caption":"Sotogrande Guide"},"image":{"@id":"https:\/\/www.sotograndeguide.com\/#\/schema\/logo\/image\/"},"sameAs":["https:\/\/www.facebook.com\/sotograndeguide","https:\/\/x.com\/sotograndeguide","https:\/\/www.tiktok.com\/@sotograndeguide","https:\/\/www.youtube.com\/@SotograndeGuide"]}]}},"jetpack_sharing_enabled":true,"_links":{"self":[{"href":"https:\/\/www.sotograndeguide.com\/fr\/wp-json\/wp\/v2\/pages\/107","targetHints":{"allow":["GET"]}}],"collection":[{"href":"https:\/\/www.sotograndeguide.com\/fr\/wp-json\/wp\/v2\/pages"}],"about":[{"href":"https:\/\/www.sotograndeguide.com\/fr\/wp-json\/wp\/v2\/types\/page"}],"author":[{"embeddable":true,"href":"https:\/\/www.sotograndeguide.com\/fr\/wp-json\/wp\/v2\/users\/1"}],"replies":[{"embeddable":true,"href":"https:\/\/www.sotograndeguide.com\/fr\/wp-json\/wp\/v2\/comments?post=107"}],"version-history":[{"count":0,"href":"https:\/\/www.sotograndeguide.com\/fr\/wp-json\/wp\/v2\/pages\/107\/revisions"}],"wp:featuredmedia":[{"embeddable":true,"href":"https:\/\/www.sotograndeguide.com\/fr\/wp-json\/wp\/v2\/media\/33501"}],"wp:attachment":[{"href":"https:\/\/www.sotograndeguide.com\/fr\/wp-json\/wp\/v2\/media?parent=107"}],"curies":[{"name":"wp","href":"https:\/\/api.w.org\/{rel}","templated":true}]}}