{"id":97,"date":"2017-01-30T19:11:59","date_gmt":"2017-01-30T19:11:59","guid":{"rendered":"http:\/\/www.sotograndeguide.com\/?page_id=97"},"modified":"2019-01-28T20:39:06","modified_gmt":"2019-01-28T20:39:06","slug":"vision-general-de-sotogrande","status":"publish","type":"page","link":"https:\/\/www.sotograndeguide.com\/es\/sotogrande-overview\/","title":{"rendered":"Sotogrande"},"content":{"rendered":"<p>Sotogrande, tambi\u00e9n conocido como \"Soto\", es sin\u00f3nimo de discreci\u00f3n, tranquilidad y sofisticaci\u00f3n.<\/p>\n<h2>Historia de Sotogrande<\/h2>\n<p>El general retirado estadounidense Joseph Rafael McMicking e Ynchausti y Mercedes Zobel de Ayala y Roxas, ambos filipinos de ascendencia estadounidense y espa\u00f1ola respectivamente, compraron por primera vez cinco fincas vecinas en 1962, con la idea de crear una urbanizaci\u00f3n de lujo junto al Mediterr\u00e1neo.<\/p>\n<h2>Informaci\u00f3n sobre Sotogrande<\/h2>\n<p>Con excelentes conexiones a\u00e9reas con el Reino Unido a trav\u00e9s del aeropuerto de Gibraltar y con Europa a trav\u00e9s del aeropuerto de M\u00e1laga, Sotogrande es un lugar conveniente tanto para los residentes a tiempo completo como para los residentes a tiempo parcial.<\/p>\n<h2>Sotogrande Ubicaci\u00f3n<\/h2>\n<p>Sotogrande est\u00e1 situado en la Costa del Sol Occidental, en la provincia de C\u00e1diz. A s\u00f3lo 20 minutos del aeropuerto de Gibraltar y aproximadamente 1 hora del aeropuerto internacional de M\u00e1laga.<\/p>\n<h2>Instalaciones de Sotogrande<\/h2>\n<p>Sotogrande ofrece lo mejor de todos los mundos. Las instalaciones de Sotogrande incluyen una larga lista de opciones deportivas y de ocio. Entre otras: tenis, fitness, polo, equitaci\u00f3n, kitesurf, vela, golf y mucho m\u00e1s.<\/p>\n<h2>Sotogrande en breve<\/h2>\n<p>Una finca de 2000 hect\u00e1reas<br \/>\n320 d\u00edas de sol de media<br \/>\nDesarrollado por primera vez en los a\u00f1os 60<br \/>\nA s\u00f3lo 15 minutos de Gibraltar<br \/>\nA s\u00f3lo 30 minutos de Marbella<br \/>\nA s\u00f3lo 20 minutos de Tarifa<br \/>\nA s\u00f3lo 60 minutos del aeropuerto de M\u00e1laga<br \/>\nA apenas 3 horas de Sierra Nevada<br \/>\nUn para\u00edso natural virgen<br \/>\nBaja densidad de construcci\u00f3n<br \/>\nM\u00e1ximo confort e intimidad<br \/>\nCalidad de vida exquisita<\/p>","protected":false},"excerpt":{"rendered":"<p>Sotogrande, tambi\u00e9n conocido como \"Soto\", es sin\u00f3nimo de discreci\u00f3n, tranquilidad y sofisticaci\u00f3n. Historia de Sotogrande El general retirado estadounidense Joseph Rafael McMicking e Ynchausti y Mercedes Zobel de Ayala y Roxas, ambos filipinos de ascendencia estadounidense y espa\u00f1ola respectivamente, compraron por primera vez cinco fincas vecinas en 1962, con la idea de crear una urbanizaci\u00f3n de lujo junto al Mediterr\u00e1neo. ... <a title=\"Sotogrande\" class=\"read-more\" href=\"https:\/\/www.sotograndeguide.com\/es\/sotogrande-overview\/\" aria-label=\"Leer m\u00e1s sobre Sotogrande Overview\">Leer m\u00e1s<\/a><\/p>","protected":false},"author":1,"featured_media":0,"parent":0,"menu_order":0,"comment_status":"closed","ping_status":"closed","template":"","meta":{"footnotes":""},"class_list":["post-97","page","type-page","status-publish"],"yoast_head":"<!-- This site is optimized with the Yoast SEO Premium plugin v20.5 (Yoast SEO v27.3) - https:\/\/yoast.com\/product\/yoast-seo-premium-wordpress\/ -->\n<title>Sotogrande Overview<\/title>\n<meta name=\"robots\" content=\"index, follow, max-snippet:-1, max-image-preview:large, max-video-preview:-1\" \/>\n<link rel=\"canonical\" href=\"https:\/\/www.sotograndeguide.com\/es\/vision-general-de-sotogrande\/\" \/>\n<meta property=\"og:locale\" content=\"es_ES\" \/>\n<meta property=\"og:type\" content=\"article\" \/>\n<meta property=\"og:title\" content=\"Sotogrande Overview\" \/>\n<meta property=\"og:description\" content=\"Sotogrande, also known as &#8216;Soto&#8217; is about discretion, peace and sophistication. Sotogrande History Retired US General Joseph Rafael McMicking e Ynchausti and Mercedes Zobel de Ayala y Roxas, both Filipinos of American and Spanish descent, respectively first bought five neighbouring farms in 1962, with the idea of creating a luxurious residential development by the Mediterranean. ... Leer m\u00e1s\" \/>\n<meta property=\"og:url\" content=\"https:\/\/www.sotograndeguide.com\/es\/vision-general-de-sotogrande\/\" \/>\n<meta property=\"og:site_name\" content=\"Sotogrande Guide\" \/>\n<meta property=\"article:publisher\" content=\"https:\/\/www.facebook.com\/sotograndeguide\" \/>\n<meta property=\"article:modified_time\" content=\"2019-01-28T20:39:06+00:00\" \/>\n<meta property=\"og:image\" content=\"https:\/\/www.sotograndeguide.com\/wp-content\/uploads\/2017\/03\/Sotogrande-Logo-GUIDE.png\" \/>\n\t<meta property=\"og:image:width\" content=\"300\" \/>\n\t<meta property=\"og:image:height\" content=\"300\" \/>\n\t<meta property=\"og:image:type\" content=\"image\/png\" \/>\n<meta name=\"twitter:card\" content=\"summary_large_image\" \/>\n<meta name=\"twitter:site\" content=\"@sotograndeguide\" \/>\n<meta name=\"twitter:label1\" content=\"Tiempo de lectura\" \/>\n\t<meta name=\"twitter:data1\" content=\"1 minuto\" \/>\n<!-- \/ Yoast SEO Premium plugin. -->","yoast_head_json":{"title":"Sotogrande","robots":{"index":"index","follow":"follow","max-snippet":"max-snippet:-1","max-image-preview":"max-image-preview:large","max-video-preview":"max-video-preview:-1"},"canonical":"https:\/\/www.sotograndeguide.com\/es\/vision-general-de-sotogrande\/","og_locale":"es_ES","og_type":"article","og_title":"Sotogrande Overview","og_description":"Sotogrande, also known as &#8216;Soto&#8217; is about discretion, peace and sophistication. Sotogrande History Retired US General Joseph Rafael McMicking e Ynchausti and Mercedes Zobel de Ayala y Roxas, both Filipinos of American and Spanish descent, respectively first bought five neighbouring farms in 1962, with the idea of creating a luxurious residential development by the Mediterranean. ... Leer m\u00e1s","og_url":"https:\/\/www.sotograndeguide.com\/es\/vision-general-de-sotogrande\/","og_site_name":"Sotogrande Guide","article_publisher":"https:\/\/www.facebook.com\/sotograndeguide","article_modified_time":"2019-01-28T20:39:06+00:00","og_image":[{"width":300,"height":300,"url":"https:\/\/www.sotograndeguide.com\/wp-content\/uploads\/2017\/03\/Sotogrande-Logo-GUIDE.png","type":"image\/png"}],"twitter_card":"summary_large_image","twitter_site":"@sotograndeguide","twitter_misc":{"Tiempo de lectura":"1 minuto"},"schema":{"@context":"https:\/\/schema.org","@graph":[{"@type":"WebPage","@id":"https:\/\/www.sotograndeguide.com\/sotogrande-overview\/","url":"https:\/\/www.sotograndeguide.com\/sotogrande-overview\/","name":"Sotogrande","isPartOf":{"@id":"https:\/\/www.sotograndeguide.com\/#website"},"datePublished":"2017-01-30T19:11:59+00:00","dateModified":"2019-01-28T20:39:06+00:00","breadcrumb":{"@id":"https:\/\/www.sotograndeguide.com\/sotogrande-overview\/#breadcrumb"},"inLanguage":"es","potentialAction":[{"@type":"ReadAction","target":["https:\/\/www.sotograndeguide.com\/sotogrande-overview\/"]}]},{"@type":"BreadcrumbList","@id":"https:\/\/www.sotograndeguide.com\/sotogrande-overview\/#breadcrumb","itemListElement":[{"@type":"ListItem","position":1,"name":"Home","item":"https:\/\/www.sotograndeguide.com\/"},{"@type":"ListItem","position":2,"name":"Sotogrande Overview"}]},{"@type":"WebSite","@id":"https:\/\/www.sotograndeguide.com\/#website","url":"https:\/\/www.sotograndeguide.com\/","name":"Gu\u00eda de Sotogrande","description":"Noticias, consejos, eventos y rese\u00f1as","publisher":{"@id":"https:\/\/www.sotograndeguide.com\/#organization"},"potentialAction":[{"@type":"SearchAction","target":{"@type":"EntryPoint","urlTemplate":"https:\/\/www.sotograndeguide.com\/?s={search_term_string}"},"query-input":{"@type":"PropertyValueSpecification","valueRequired":true,"valueName":"search_term_string"}}],"inLanguage":"es"},{"@type":"Organization","@id":"https:\/\/www.sotograndeguide.com\/#organization","name":"Gu\u00eda de Sotogrande","url":"https:\/\/www.sotograndeguide.com\/","logo":{"@type":"ImageObject","inLanguage":"es","@id":"https:\/\/www.sotograndeguide.com\/#\/schema\/logo\/image\/","url":"https:\/\/www.sotograndeguide.com\/wp-content\/uploads\/2017\/03\/Sotogrande-Logo-GUIDE.png","contentUrl":"https:\/\/www.sotograndeguide.com\/wp-content\/uploads\/2017\/03\/Sotogrande-Logo-GUIDE.png","width":300,"height":300,"caption":"Sotogrande Guide"},"image":{"@id":"https:\/\/www.sotograndeguide.com\/#\/schema\/logo\/image\/"},"sameAs":["https:\/\/www.facebook.com\/sotograndeguide","https:\/\/x.com\/sotograndeguide","https:\/\/www.tiktok.com\/@sotograndeguide","https:\/\/www.youtube.com\/@SotograndeGuide"]}]}},"jetpack_sharing_enabled":true,"_links":{"self":[{"href":"https:\/\/www.sotograndeguide.com\/es\/wp-json\/wp\/v2\/pages\/97","targetHints":{"allow":["GET"]}}],"collection":[{"href":"https:\/\/www.sotograndeguide.com\/es\/wp-json\/wp\/v2\/pages"}],"about":[{"href":"https:\/\/www.sotograndeguide.com\/es\/wp-json\/wp\/v2\/types\/page"}],"author":[{"embeddable":true,"href":"https:\/\/www.sotograndeguide.com\/es\/wp-json\/wp\/v2\/users\/1"}],"replies":[{"embeddable":true,"href":"https:\/\/www.sotograndeguide.com\/es\/wp-json\/wp\/v2\/comments?post=97"}],"version-history":[{"count":0,"href":"https:\/\/www.sotograndeguide.com\/es\/wp-json\/wp\/v2\/pages\/97\/revisions"}],"wp:attachment":[{"href":"https:\/\/www.sotograndeguide.com\/es\/wp-json\/wp\/v2\/media?parent=97"}],"curies":[{"name":"wp","href":"https:\/\/api.w.org\/{rel}","templated":true}]}}