{"id":85,"date":"2017-01-30T19:07:29","date_gmt":"2017-01-30T19:07:29","guid":{"rendered":"http:\/\/www.sotograndeguide.com\/?page_id=85"},"modified":"2021-02-15T19:18:41","modified_gmt":"2021-02-15T19:18:41","slug":"playas-de-sotogrande","status":"publish","type":"page","link":"https:\/\/www.sotograndeguide.com\/es\/sotogrande-beaches\/","title":{"rendered":"Playas de Sotogrande"},"content":{"rendered":"<p>En Sotogrande y sus alrededores encontrar\u00e1 algunas playas maravillosas, entre ellas <a href=\"https:\/\/www.sotograndeguide.com\/es\/playas-de-sotogrande\/el-club-de-playa-la-reserva\/\"><em>La playa<\/em> en el Club La Reserva<\/a>Una playa y una laguna artificiales situadas en la exclusiva urbanizaci\u00f3n cerrada de La Reserva. Algunas amplias y largas y otras m\u00e1s peque\u00f1as y acogedoras. Tanto si busca un lugar donde relajarse como dar un largo paseo y disfrutar de espectaculares vistas a Gibraltar y al Mar Mediterr\u00e1neo, hay una playa para usted. Las playas m\u00e1s cercanas a Sotogrande son:<\/p>\n<h2>Playa del Puerto de Sotogrande<\/h2>\n<p>La playa del Puerto de Sotogrande est\u00e1 situada junto al <a href=\"https:\/\/www.sotograndeguide.com\/es\/playas-de-sotogrande\/el-octogono\/\">Club de playa Oct\u00f3gono<\/a> en el Paseo del Mar. Hay una serie de restaurantes y bares en las inmediaciones, incluyendo el popular bar y restaurante Gigi's Beach, as\u00ed como el t\u00edpico chiringuito espa\u00f1ol. <a href=\"https:\/\/www.sotograndeguide.com\/es\/playas-de-sotogrande\/chiringuito-altamar\/\">Chiringuito Altamar<\/a>.<\/p>\n<p>Longitud: 500 metros<br \/>\nAnchura media: 70 metros<br \/>\nAparcamiento: 100 plazas<\/p>\n<h2>Playa de Torreguadiaro<\/h2>\n<p><img decoding=\"async\" class=\"alignnone size-full wp-image-35270\" src=\"https:\/\/www.sotograndeguide.com\/wp-content\/uploads\/2019\/07\/Torreguadiaro-Beach.jpeg\" alt=\"Playa de Torreguadiaro\" width=\"1180\" height=\"846\" srcset=\"https:\/\/www.sotograndeguide.com\/wp-content\/uploads\/2019\/07\/Torreguadiaro-Beach.jpeg 1180w, https:\/\/www.sotograndeguide.com\/wp-content\/uploads\/2019\/07\/Torreguadiaro-Beach-300x215.jpeg 300w, https:\/\/www.sotograndeguide.com\/wp-content\/uploads\/2019\/07\/Torreguadiaro-Beach-768x551.jpeg 768w, https:\/\/www.sotograndeguide.com\/wp-content\/uploads\/2019\/07\/Torreguadiaro-Beach-1024x734.jpeg 1024w\" sizes=\"(max-width: 1180px) 100vw, 1180px\" \/><\/p>\n<p>La playa de Torreguadiaro (tambi\u00e9n conocida como Playa de las Conchas) es una de las m\u00e1s concurridas de Sotogrande. La playa tiene arena fina y algunas piedras peque\u00f1as. La playa se encuentra a la entrada del Puerto de Sotogrande y se extiende hacia Torreguadiaro, donde se encuentra el <a href=\"https:\/\/www.sotograndeguide.com\/es\/playas-de-sotogrande\/chambao\/\">Chiringuito Chambao<\/a> as\u00ed como el <a href=\"https:\/\/www.sotograndeguide.com\/es\/playas-de-sotogrande\/bahia-limon-chiringochill\/\">Chiringuito Bah\u00eda Lim\u00f3n<\/a>.<\/p>\n<p>Longitud: 1.300 metros<br \/>\nAnchura media: 60 metros<br \/>\nAparcamiento: 300 plazas<\/p>\n<h2>Playa de Alcaidesa<\/h2>\n<p>Las playas alcaidesas de Torrecarbonera y Hacienda ofrecen algunos de los entornos m\u00e1s naturales y r\u00fasticos de Sotogrande y sus alrededores. La playa de Alcaidesa ostenta la bandera azul por la limpieza de sus aguas. Tambi\u00e9n hay una parte de la playa que es una playa nudista oficial.<\/p>\n<p>Longitud: 840 metros<br \/>\nAnchura media: 70 metros<br \/>\nAparcamiento: 100 plazas<\/p>\n<h2>Playa de Cala Sardina<\/h2>\n<p>La playa de Cala Sardina (tambi\u00e9n conocida como Playa El Cabrero o Cala Taraje) es una playa virgen de arena fina y oscura. La playa est\u00e1 bastante apartada y concurrida durante todo el a\u00f1o.<\/p>\n<p>Longitud: 900 metros<br \/>\nAnchura media: 60 metros<br \/>\nAparcamiento: 100 plazas<\/p>\n<h2>Playa de Sotogrande<\/h2>\n<p>La playa conocida como playa de Sotogrande o Guadaquit\u00f3n y Borondo se encuentra en el Paseo del Parque junto al club de tenis. La playa comienza en el r\u00edo Guadiaro y llega hasta el Faro de Carbonera. Es la playa perfecta para dar un largo paseo. Aqu\u00ed se encuentran los populares chiringuitos <a href=\"https:\/\/www.sotograndeguide.com\/es\/restaurantes-sotogrande\/trocadero\/\">Trocadero<\/a> y <a href=\"https:\/\/www.sotograndeguide.com\/es\/playas-de-sotogrande\/club-de-playa-bunker\/\">Playa Bunker<\/a>.<\/p>\n<p>Longitud: 5450 metros<br \/>\nAnchura media: 70 metros<br \/>\nAparcamiento: 100 plazas<\/p>\n<p><a href=\"https:\/\/www.sotograndeguide.com\/es\/clubes-de-playa-de-sotogrande\/\">Antes de ir a la playa, consulte nuestra gu\u00eda de chiringuitos y beach clubs de Sotogrande y alrededores.<\/a>.<\/p>","protected":false},"excerpt":{"rendered":"<p>En Sotogrande y sus alrededores encontrar\u00e1 algunas playas maravillosas, incluida La Playa del Club La Reserva, una playa artificial y una laguna situada en la exclusiva urbanizaci\u00f3n cerrada de La Reserva. Algunas son anchas y largas y otras m\u00e1s peque\u00f1as y acogedoras. Tanto si busca un lugar donde relajarse como dar un largo paseo ... <a title=\"Playas de Sotogrande\" class=\"read-more\" href=\"https:\/\/www.sotograndeguide.com\/es\/sotogrande-beaches\/\" aria-label=\"Leer m\u00e1s sobre Playas de Sotogrande\">Leer m\u00e1s<\/a><\/p>","protected":false},"author":1,"featured_media":33164,"parent":0,"menu_order":0,"comment_status":"closed","ping_status":"closed","template":"","meta":{"footnotes":""},"class_list":["post-85","page","type-page","status-publish","has-post-thumbnail"],"yoast_head":"<!-- This site is optimized with the Yoast SEO Premium plugin v20.5 (Yoast SEO v27.4) - https:\/\/yoast.com\/product\/yoast-seo-premium-wordpress\/ -->\n<title>Sotogrande Beaches: The Complete Guide - Sotogrande Guide<\/title>\n<meta name=\"description\" content=\"In and around Sotogrande you will find some wonderful beaches, our guide provides a comprehensive overview of every single beach in the Sotogrande area.\" \/>\n<meta name=\"robots\" content=\"index, follow, max-snippet:-1, max-image-preview:large, max-video-preview:-1\" \/>\n<link rel=\"canonical\" href=\"https:\/\/www.sotograndeguide.com\/es\/playas-de-sotogrande\/\" \/>\n<meta property=\"og:locale\" content=\"es_ES\" \/>\n<meta property=\"og:type\" content=\"article\" \/>\n<meta property=\"og:title\" content=\"Sotogrande Beaches\" \/>\n<meta property=\"og:description\" content=\"In and around Sotogrande you will find some wonderful beaches, our guide provides a comprehensive overview of every single beach in the Sotogrande area.\" \/>\n<meta property=\"og:url\" content=\"https:\/\/www.sotograndeguide.com\/es\/playas-de-sotogrande\/\" \/>\n<meta property=\"og:site_name\" content=\"Sotogrande Guide\" \/>\n<meta property=\"article:publisher\" content=\"https:\/\/www.facebook.com\/sotograndeguide\" \/>\n<meta property=\"article:modified_time\" content=\"2021-02-15T19:18:41+00:00\" \/>\n<meta property=\"og:image\" content=\"https:\/\/www.sotograndeguide.com\/wp-content\/uploads\/2017\/02\/Bunker-Beach-Club-Sotogrande.jpg\" \/>\n\t<meta property=\"og:image:width\" content=\"1766\" \/>\n\t<meta property=\"og:image:height\" content=\"1074\" \/>\n\t<meta property=\"og:image:type\" content=\"image\/jpeg\" \/>\n<meta name=\"twitter:card\" content=\"summary_large_image\" \/>\n<meta name=\"twitter:site\" content=\"@sotograndeguide\" \/>\n<meta name=\"twitter:label1\" content=\"Tiempo de lectura\" \/>\n\t<meta name=\"twitter:data1\" content=\"2 minutos\" \/>\n<!-- \/ Yoast SEO Premium plugin. -->","yoast_head_json":{"title":"Playas de Sotogrande: La Gu\u00eda Completa - Gu\u00eda de Sotogrande","description":"En Sotogrande y sus alrededores encontrar\u00e1 algunas playas maravillosas, nuestra gu\u00eda ofrece una visi\u00f3n completa de todas y cada una de las playas de la zona de Sotogrande.","robots":{"index":"index","follow":"follow","max-snippet":"max-snippet:-1","max-image-preview":"max-image-preview:large","max-video-preview":"max-video-preview:-1"},"canonical":"https:\/\/www.sotograndeguide.com\/es\/playas-de-sotogrande\/","og_locale":"es_ES","og_type":"article","og_title":"Sotogrande Beaches","og_description":"In and around Sotogrande you will find some wonderful beaches, our guide provides a comprehensive overview of every single beach in the Sotogrande area.","og_url":"https:\/\/www.sotograndeguide.com\/es\/playas-de-sotogrande\/","og_site_name":"Sotogrande Guide","article_publisher":"https:\/\/www.facebook.com\/sotograndeguide","article_modified_time":"2021-02-15T19:18:41+00:00","og_image":[{"width":1766,"height":1074,"url":"https:\/\/www.sotograndeguide.com\/wp-content\/uploads\/2017\/02\/Bunker-Beach-Club-Sotogrande.jpg","type":"image\/jpeg"}],"twitter_card":"summary_large_image","twitter_site":"@sotograndeguide","twitter_misc":{"Tiempo de lectura":"2 minutos"},"schema":{"@context":"https:\/\/schema.org","@graph":[{"@type":"WebPage","@id":"https:\/\/www.sotograndeguide.com\/sotogrande-beaches\/","url":"https:\/\/www.sotograndeguide.com\/sotogrande-beaches\/","name":"Playas de Sotogrande: La Gu\u00eda Completa - Gu\u00eda de Sotogrande","isPartOf":{"@id":"https:\/\/www.sotograndeguide.com\/#website"},"primaryImageOfPage":{"@id":"https:\/\/www.sotograndeguide.com\/sotogrande-beaches\/#primaryimage"},"image":{"@id":"https:\/\/www.sotograndeguide.com\/sotogrande-beaches\/#primaryimage"},"thumbnailUrl":"https:\/\/www.sotograndeguide.com\/wp-content\/uploads\/2017\/02\/Bunker-Beach-Club-Sotogrande.jpg","datePublished":"2017-01-30T19:07:29+00:00","dateModified":"2021-02-15T19:18:41+00:00","description":"En Sotogrande y sus alrededores encontrar\u00e1 algunas playas maravillosas, nuestra gu\u00eda ofrece una visi\u00f3n completa de todas y cada una de las playas de la zona de Sotogrande.","breadcrumb":{"@id":"https:\/\/www.sotograndeguide.com\/sotogrande-beaches\/#breadcrumb"},"inLanguage":"es","potentialAction":[{"@type":"ReadAction","target":["https:\/\/www.sotograndeguide.com\/sotogrande-beaches\/"]}]},{"@type":"ImageObject","inLanguage":"es","@id":"https:\/\/www.sotograndeguide.com\/sotogrande-beaches\/#primaryimage","url":"https:\/\/www.sotograndeguide.com\/wp-content\/uploads\/2017\/02\/Bunker-Beach-Club-Sotogrande.jpg","contentUrl":"https:\/\/www.sotograndeguide.com\/wp-content\/uploads\/2017\/02\/Bunker-Beach-Club-Sotogrande.jpg","width":1766,"height":1074,"caption":"Bunker Beach Club Sotogrande"},{"@type":"BreadcrumbList","@id":"https:\/\/www.sotograndeguide.com\/sotogrande-beaches\/#breadcrumb","itemListElement":[{"@type":"ListItem","position":1,"name":"Home","item":"https:\/\/www.sotograndeguide.com\/"},{"@type":"ListItem","position":2,"name":"Sotogrande Beaches"}]},{"@type":"WebSite","@id":"https:\/\/www.sotograndeguide.com\/#website","url":"https:\/\/www.sotograndeguide.com\/","name":"Gu\u00eda de Sotogrande","description":"Noticias, consejos, eventos y rese\u00f1as","publisher":{"@id":"https:\/\/www.sotograndeguide.com\/#organization"},"potentialAction":[{"@type":"SearchAction","target":{"@type":"EntryPoint","urlTemplate":"https:\/\/www.sotograndeguide.com\/?s={search_term_string}"},"query-input":{"@type":"PropertyValueSpecification","valueRequired":true,"valueName":"search_term_string"}}],"inLanguage":"es"},{"@type":"Organization","@id":"https:\/\/www.sotograndeguide.com\/#organization","name":"Gu\u00eda de Sotogrande","url":"https:\/\/www.sotograndeguide.com\/","logo":{"@type":"ImageObject","inLanguage":"es","@id":"https:\/\/www.sotograndeguide.com\/#\/schema\/logo\/image\/","url":"https:\/\/www.sotograndeguide.com\/wp-content\/uploads\/2017\/03\/Sotogrande-Logo-GUIDE.png","contentUrl":"https:\/\/www.sotograndeguide.com\/wp-content\/uploads\/2017\/03\/Sotogrande-Logo-GUIDE.png","width":300,"height":300,"caption":"Sotogrande Guide"},"image":{"@id":"https:\/\/www.sotograndeguide.com\/#\/schema\/logo\/image\/"},"sameAs":["https:\/\/www.facebook.com\/sotograndeguide","https:\/\/x.com\/sotograndeguide","https:\/\/www.tiktok.com\/@sotograndeguide","https:\/\/www.youtube.com\/@SotograndeGuide"]}]}},"jetpack_sharing_enabled":true,"_links":{"self":[{"href":"https:\/\/www.sotograndeguide.com\/es\/wp-json\/wp\/v2\/pages\/85","targetHints":{"allow":["GET"]}}],"collection":[{"href":"https:\/\/www.sotograndeguide.com\/es\/wp-json\/wp\/v2\/pages"}],"about":[{"href":"https:\/\/www.sotograndeguide.com\/es\/wp-json\/wp\/v2\/types\/page"}],"author":[{"embeddable":true,"href":"https:\/\/www.sotograndeguide.com\/es\/wp-json\/wp\/v2\/users\/1"}],"replies":[{"embeddable":true,"href":"https:\/\/www.sotograndeguide.com\/es\/wp-json\/wp\/v2\/comments?post=85"}],"version-history":[{"count":0,"href":"https:\/\/www.sotograndeguide.com\/es\/wp-json\/wp\/v2\/pages\/85\/revisions"}],"wp:featuredmedia":[{"embeddable":true,"href":"https:\/\/www.sotograndeguide.com\/es\/wp-json\/wp\/v2\/media\/33164"}],"wp:attachment":[{"href":"https:\/\/www.sotograndeguide.com\/es\/wp-json\/wp\/v2\/media?parent=85"}],"curies":[{"name":"wp","href":"https:\/\/api.w.org\/{rel}","templated":true}]}}