{"id":82,"date":"2017-01-30T19:06:36","date_gmt":"2017-01-30T19:06:36","guid":{"rendered":"http:\/\/www.sotograndeguide.com\/?page_id=82"},"modified":"2023-07-18T10:51:00","modified_gmt":"2023-07-18T10:51:00","slug":"arquitectos-de-sotogrande","status":"publish","type":"page","link":"https:\/\/www.sotograndeguide.com\/es\/sotogrande-architects\/","title":{"rendered":"Arquitectos de Sotogrande"},"content":{"rendered":"<p><strong><a href=\"http:\/\/www.na-arquitectos.eu\" target=\"_blank\" rel=\"noopener\">N+A ARQUITECTOS<\/a><\/strong><br \/>\nDirecci\u00f3n: Centro Comercial Sotomarket, Planta Baja Local 14. Sotogrande 11310, C\u00e1diz Espa\u00f1a<br \/>\nTel\u00e9fono: <a href=\"tel:+34650317660\">650317660<\/a><\/p>\n<p><strong>RV Arquitectos<\/strong><br \/>\nDirecci\u00f3n: Centro Comercial Sotomarket, Primera planta, Local 36, Sotogrande, 11310 San Roque, C\u00e1diz, Espa\u00f1a<br \/>\nTel\u00e9fono: <a href=\"tel:+34659410482\">659410482<\/a><\/p>\n<p><strong>Estudio Ark Architects<\/strong><br \/>\nDirecci\u00f3n: Centro Comercial Sotomarket, Oficina 3, A-7, Salida 130, 11310, Sotogrande, C\u00e1diz, Espa\u00f1a<br \/>\nTel\u00e9fono: <a href=\"tel:+34956793166\">956793166<\/a><\/p>\n<p><strong>Arquitectos McLundie<\/strong><br \/>\nDirecci\u00f3n: Edificio Guadiaro, Pueblo Nuevo, Sotogrande, C\u00e1diz, Espa\u00f1a<br \/>\nTel\u00e9fono: <a href=\"tel:+34956796651\">956796651<\/a><\/p>\n<p><em>\u00bfNos hemos dejado alg\u00fan arquitecto? <mark>\u00bfDesea que su empresa aparezca en la lista?<\/mark> <a href=\"https:\/\/www.sotograndeguide.com\/es\/pongase-en-contacto-con\/\">P\u00f3ngase en contacto<\/a>.<\/em><\/p>","protected":false},"excerpt":{"rendered":"<p>N+A ARQUITECTOS Direcci\u00f3n: Centro Comercial Sotomarket, Planta Baja Local 14. Sotogrande 11310, C\u00e1diz Espa\u00f1a Tel\u00e9fono: 650317660 RV Arquitectos Direcci\u00f3n: Centro Comercial Sotomarket, Primera planta, Local 36, Sotogrande, 11310 San Roque, C\u00e1diz, Espa\u00f1a Tel\u00e9fono: 659410482 Estudio Arca Arquitectos Direcci\u00f3n: Centro Comercial Sotomarket, Oficina 3, A-7, Salida 130, 11310, Sotogrande, C\u00e1diz, Espa\u00f1a Tel\u00e9fono: 956793166 McLundie Arquitectos Direcci\u00f3n: ... <a title=\"Arquitectos de Sotogrande\" class=\"read-more\" href=\"https:\/\/www.sotograndeguide.com\/es\/sotogrande-architects\/\" aria-label=\"Leer m\u00e1s sobre Arquitectos de Sotogrande\">Leer m\u00e1s<\/a><\/p>","protected":false},"author":1,"featured_media":33493,"parent":0,"menu_order":0,"comment_status":"closed","ping_status":"closed","template":"","meta":{"footnotes":""},"class_list":["post-82","page","type-page","status-publish","has-post-thumbnail"],"yoast_head":"<!-- This site is optimized with the Yoast SEO Premium plugin v20.5 (Yoast SEO v27.3) - https:\/\/yoast.com\/product\/yoast-seo-premium-wordpress\/ -->\n<title>Sotogrande Architects<\/title>\n<meta name=\"robots\" content=\"index, follow, max-snippet:-1, max-image-preview:large, max-video-preview:-1\" \/>\n<link rel=\"canonical\" href=\"https:\/\/www.sotograndeguide.com\/es\/arquitectos-de-sotogrande\/\" \/>\n<meta property=\"og:locale\" content=\"es_ES\" \/>\n<meta property=\"og:type\" content=\"article\" \/>\n<meta property=\"og:title\" content=\"Sotogrande Architects\" \/>\n<meta property=\"og:description\" content=\"N+A ARQUITECTOS Address: Centro Comercial Sotomarket, Ground floor Local 14. Sotogrande 11310, C\u00e1diz Spain Telephone: 650317660 RV Arquitectos Address: Centro Comercial Sotomarket, First floor, Local 36, Sotogrande, 11310 San Roque, C\u00e1diz, Spain Telephone: 659410482 Ark Architects Studio Address: Centro Comercial Sotomarket, Office 3, A-7, Exit 130, 11310, Sotogrande, C\u00e1diz, Spain Telephone: 956793166 McLundie Architects Address: ... Leer m\u00e1s\" \/>\n<meta property=\"og:url\" content=\"https:\/\/www.sotograndeguide.com\/es\/arquitectos-de-sotogrande\/\" \/>\n<meta property=\"og:site_name\" content=\"Sotogrande Guide\" \/>\n<meta property=\"article:publisher\" content=\"https:\/\/www.facebook.com\/sotograndeguide\" \/>\n<meta property=\"article:modified_time\" content=\"2023-07-18T10:51:00+00:00\" \/>\n<meta property=\"og:image\" content=\"https:\/\/www.sotograndeguide.com\/wp-content\/uploads\/2017\/01\/architect.jpg\" \/>\n\t<meta property=\"og:image:width\" content=\"960\" \/>\n\t<meta property=\"og:image:height\" content=\"640\" \/>\n\t<meta property=\"og:image:type\" content=\"image\/jpeg\" \/>\n<meta name=\"twitter:card\" content=\"summary_large_image\" \/>\n<meta name=\"twitter:site\" content=\"@sotograndeguide\" \/>\n<meta name=\"twitter:label1\" content=\"Tiempo de lectura\" \/>\n\t<meta name=\"twitter:data1\" content=\"1 minuto\" \/>\n<!-- \/ Yoast SEO Premium plugin. -->","yoast_head_json":{"title":"Arquitectos de Sotogrande","robots":{"index":"index","follow":"follow","max-snippet":"max-snippet:-1","max-image-preview":"max-image-preview:large","max-video-preview":"max-video-preview:-1"},"canonical":"https:\/\/www.sotograndeguide.com\/es\/arquitectos-de-sotogrande\/","og_locale":"es_ES","og_type":"article","og_title":"Sotogrande Architects","og_description":"N+A ARQUITECTOS Address: Centro Comercial Sotomarket, Ground floor Local 14. Sotogrande 11310, C\u00e1diz Spain Telephone: 650317660 RV Arquitectos Address: Centro Comercial Sotomarket, First floor, Local 36, Sotogrande, 11310 San Roque, C\u00e1diz, Spain Telephone: 659410482 Ark Architects Studio Address: Centro Comercial Sotomarket, Office 3, A-7, Exit 130, 11310, Sotogrande, C\u00e1diz, Spain Telephone: 956793166 McLundie Architects Address: ... Leer m\u00e1s","og_url":"https:\/\/www.sotograndeguide.com\/es\/arquitectos-de-sotogrande\/","og_site_name":"Sotogrande Guide","article_publisher":"https:\/\/www.facebook.com\/sotograndeguide","article_modified_time":"2023-07-18T10:51:00+00:00","og_image":[{"width":960,"height":640,"url":"https:\/\/www.sotograndeguide.com\/wp-content\/uploads\/2017\/01\/architect.jpg","type":"image\/jpeg"}],"twitter_card":"summary_large_image","twitter_site":"@sotograndeguide","twitter_misc":{"Tiempo de lectura":"1 minuto"},"schema":{"@context":"https:\/\/schema.org","@graph":[{"@type":"WebPage","@id":"https:\/\/www.sotograndeguide.com\/sotogrande-architects\/","url":"https:\/\/www.sotograndeguide.com\/sotogrande-architects\/","name":"Arquitectos de Sotogrande","isPartOf":{"@id":"https:\/\/www.sotograndeguide.com\/#website"},"primaryImageOfPage":{"@id":"https:\/\/www.sotograndeguide.com\/sotogrande-architects\/#primaryimage"},"image":{"@id":"https:\/\/www.sotograndeguide.com\/sotogrande-architects\/#primaryimage"},"thumbnailUrl":"https:\/\/www.sotograndeguide.com\/wp-content\/uploads\/2017\/01\/architect.jpg","datePublished":"2017-01-30T19:06:36+00:00","dateModified":"2023-07-18T10:51:00+00:00","breadcrumb":{"@id":"https:\/\/www.sotograndeguide.com\/sotogrande-architects\/#breadcrumb"},"inLanguage":"es","potentialAction":[{"@type":"ReadAction","target":["https:\/\/www.sotograndeguide.com\/sotogrande-architects\/"]}]},{"@type":"ImageObject","inLanguage":"es","@id":"https:\/\/www.sotograndeguide.com\/sotogrande-architects\/#primaryimage","url":"https:\/\/www.sotograndeguide.com\/wp-content\/uploads\/2017\/01\/architect.jpg","contentUrl":"https:\/\/www.sotograndeguide.com\/wp-content\/uploads\/2017\/01\/architect.jpg","width":960,"height":640,"caption":"Sotogrande Architects"},{"@type":"BreadcrumbList","@id":"https:\/\/www.sotograndeguide.com\/sotogrande-architects\/#breadcrumb","itemListElement":[{"@type":"ListItem","position":1,"name":"Home","item":"https:\/\/www.sotograndeguide.com\/"},{"@type":"ListItem","position":2,"name":"Sotogrande Architects"}]},{"@type":"WebSite","@id":"https:\/\/www.sotograndeguide.com\/#website","url":"https:\/\/www.sotograndeguide.com\/","name":"Gu\u00eda de Sotogrande","description":"Noticias, consejos, eventos y rese\u00f1as","publisher":{"@id":"https:\/\/www.sotograndeguide.com\/#organization"},"potentialAction":[{"@type":"SearchAction","target":{"@type":"EntryPoint","urlTemplate":"https:\/\/www.sotograndeguide.com\/?s={search_term_string}"},"query-input":{"@type":"PropertyValueSpecification","valueRequired":true,"valueName":"search_term_string"}}],"inLanguage":"es"},{"@type":"Organization","@id":"https:\/\/www.sotograndeguide.com\/#organization","name":"Gu\u00eda de Sotogrande","url":"https:\/\/www.sotograndeguide.com\/","logo":{"@type":"ImageObject","inLanguage":"es","@id":"https:\/\/www.sotograndeguide.com\/#\/schema\/logo\/image\/","url":"https:\/\/www.sotograndeguide.com\/wp-content\/uploads\/2017\/03\/Sotogrande-Logo-GUIDE.png","contentUrl":"https:\/\/www.sotograndeguide.com\/wp-content\/uploads\/2017\/03\/Sotogrande-Logo-GUIDE.png","width":300,"height":300,"caption":"Sotogrande Guide"},"image":{"@id":"https:\/\/www.sotograndeguide.com\/#\/schema\/logo\/image\/"},"sameAs":["https:\/\/www.facebook.com\/sotograndeguide","https:\/\/x.com\/sotograndeguide","https:\/\/www.tiktok.com\/@sotograndeguide","https:\/\/www.youtube.com\/@SotograndeGuide"]}]}},"jetpack_sharing_enabled":true,"_links":{"self":[{"href":"https:\/\/www.sotograndeguide.com\/es\/wp-json\/wp\/v2\/pages\/82","targetHints":{"allow":["GET"]}}],"collection":[{"href":"https:\/\/www.sotograndeguide.com\/es\/wp-json\/wp\/v2\/pages"}],"about":[{"href":"https:\/\/www.sotograndeguide.com\/es\/wp-json\/wp\/v2\/types\/page"}],"author":[{"embeddable":true,"href":"https:\/\/www.sotograndeguide.com\/es\/wp-json\/wp\/v2\/users\/1"}],"replies":[{"embeddable":true,"href":"https:\/\/www.sotograndeguide.com\/es\/wp-json\/wp\/v2\/comments?post=82"}],"version-history":[{"count":0,"href":"https:\/\/www.sotograndeguide.com\/es\/wp-json\/wp\/v2\/pages\/82\/revisions"}],"wp:featuredmedia":[{"embeddable":true,"href":"https:\/\/www.sotograndeguide.com\/es\/wp-json\/wp\/v2\/media\/33493"}],"wp:attachment":[{"href":"https:\/\/www.sotograndeguide.com\/es\/wp-json\/wp\/v2\/media?parent=82"}],"curies":[{"name":"wp","href":"https:\/\/api.w.org\/{rel}","templated":true}]}}