{"id":69,"date":"2017-01-30T19:02:04","date_gmt":"2017-01-30T19:02:04","guid":{"rendered":"http:\/\/www.sotograndeguide.com\/?page_id=69"},"modified":"2019-01-28T20:08:07","modified_gmt":"2019-01-28T20:08:07","slug":"barrios-de-sotogrande","status":"publish","type":"page","link":"https:\/\/www.sotograndeguide.com\/es\/sotogrande-neighbourhoods\/","title":{"rendered":"Barrios de Sotogrande"},"content":{"rendered":"<p>El centro tur\u00edstico de Sotogrande est\u00e1 formado por cuatro distritos principales:<\/p>\n<h2>La Reserva de Sotogrande<\/h2>\n<p>La Reserva se encuentra hacia la parte superior derecha de Sotogrande. La zona est\u00e1 rodeada de naturaleza y urbanizada con amplias carreteras. En La Reserva se encuentra el Colegio Internacional de Sotogrande, el campo de golf La Reserva y el centro ecuestre Sotogrande H\u00edpica. Entre las urbanizaciones m\u00e1s populares se encuentran Los Cortijos De La Reserva.<\/p>\n<h2>Sotogrande Costa<\/h2>\n<p>Sotogrande Costa, o Sotogrande Bajo es la zona de Sotogrande que bordea la costa e incluye la zona de Kings &amp; Queens con su avenida principal 'Paseo del Parque', Zona A y Zona B. Las urbanizaciones m\u00e1s populares son Los Granados del Mar, Casar Fronda y Royal Golf.<\/p>\n<h2>Puerto deportivo de Sotogrande<\/h2>\n<p>En el Puerto Deportivo de Sotogrande y en el Puerto de Sotogrande encontrar\u00e1 una gran variedad de tiendas, bares y restaurantes, as\u00ed como el Club N\u00e1utico y el chiringuito El Oct\u00f3gono. El Puerto de Sotogrande es el eje central, especialmente durante los meses de verano. Construido a principios de los 90, la Marina y el Puerto albergan 548 amarres. Las urbanizaciones m\u00e1s populares son Paseo del Mar, Paseo del R\u00edo, Ribera del Obispo, Jungla de Loro, Isla Carey, Ribera del Emperador, Isla Pez Volador y Ribera del Marlin.<\/p>\n<h2>Sotogrande Alto<\/h2>\n<p>Sotogrande Alto est\u00e1 hacia la parte superior izquierda de Sotogrande e incluye la Zona C, la Zona D, la Zona E, la Zona F y la Zona G. En Sotogrande Alto se encuentran el Campo de Golf Almenara, el Hotel Almenara y el Club de Golf Valderrama. Las urbanizaciones m\u00e1s populares son Carmenes de Almenara, Los Gazules y Sotogolf.<\/p>\n<p>Otras zonas y barrios de los alrededores de Sotogrande, son:<\/p>\n<h2>Guadiaro<\/h2>\n<p>Guadiaro es un peque\u00f1o pueblo situado justo encima de Pueblo Nuevo de Guadiaro. En Guadiaro hay una Caixa, un estanco, varios bares y restaurantes, una iglesia y una escuela.<\/p>\n<h2>Pueblo Nuevo de Guadiaro<\/h2>\n<p>Pueblo Nuevo de Guadiaro es el centro neur\u00e1lgico de los residentes durante todo el a\u00f1o. Hay innumerables opciones para ir de compras, hacer negocios, comer fuera o disfrutar de un caf\u00e9 o una copa.<\/p>\n<h2>Torreguadiaro<\/h2>\n<p>Torreguadiaro se encuentra justo al este de la entrada del Puerto de Sotogrande. Es un pueblo popular para comer fuera con algunos de los mejores restaurantes de la zona y la playa m\u00e1s concurrida en verano.<\/p>\n<h2>La Alcaidesa<\/h2>\n<p>La Alcaidesa est\u00e1 a s\u00f3lo cinco minutos en coche de Sotogrande. Aqu\u00ed tiene dos campos de golf, un gran complejo tur\u00edstico y hermosas playas con un chiringuito de moda. La Alcaidesa es bastante tranquila fuera de temporada, pero se llena mucho durante los meses de verano.<\/p>","protected":false},"excerpt":{"rendered":"<p>El centro tur\u00edstico de Sotogrande se compone de cuatro distritos principales: La Reserva de Sotogrande La Reserva se encuentra hacia la parte superior derecha de Sotogrande. La zona est\u00e1 rodeada de naturaleza y urbanizada con amplias carreteras. En La Reserva se encuentra el Colegio Internacional de Sotogrande, el campo de golf La Reserva y el centro ecuestre Sotogrande Hipica. ... <a title=\"Barrios de Sotogrande\" class=\"read-more\" href=\"https:\/\/www.sotograndeguide.com\/es\/sotogrande-neighbourhoods\/\" aria-label=\"Leer m\u00e1s sobre Barrios de Sotogrande\">Leer m\u00e1s<\/a><\/p>","protected":false},"author":1,"featured_media":0,"parent":0,"menu_order":0,"comment_status":"closed","ping_status":"closed","template":"","meta":{"footnotes":""},"class_list":["post-69","page","type-page","status-publish"],"yoast_head":"<!-- This site is optimized with the Yoast SEO Premium plugin v20.5 (Yoast SEO v27.6) - https:\/\/yoast.com\/product\/yoast-seo-premium-wordpress\/ -->\n<title>Sotogrande Neighbourhoods<\/title>\n<meta name=\"robots\" content=\"index, follow, max-snippet:-1, max-image-preview:large, max-video-preview:-1\" \/>\n<link rel=\"canonical\" href=\"https:\/\/www.sotograndeguide.com\/es\/barrios-de-sotogrande\/\" \/>\n<meta property=\"og:locale\" content=\"es_ES\" \/>\n<meta property=\"og:type\" content=\"article\" \/>\n<meta property=\"og:title\" content=\"Sotogrande Neighbourhoods\" \/>\n<meta property=\"og:description\" content=\"The resort of Sotogrande is made up of four main districts: La Reserva de Sotogrande La Reserva is towards the top right of Sotogrande. The area is surrounded by nature and developed with wide roads. In La Reserva you will find the Sotogrande International School, La Reserva Golf Course and the Sotogrande Hipica equestrian centre. ... Leer m\u00e1s\" \/>\n<meta property=\"og:url\" content=\"https:\/\/www.sotograndeguide.com\/es\/barrios-de-sotogrande\/\" \/>\n<meta property=\"og:site_name\" content=\"Sotogrande Guide\" \/>\n<meta property=\"article:publisher\" content=\"https:\/\/www.facebook.com\/sotograndeguide\" \/>\n<meta property=\"article:modified_time\" content=\"2019-01-28T20:08:07+00:00\" \/>\n<meta property=\"og:image\" content=\"https:\/\/www.sotograndeguide.com\/wp-content\/uploads\/2017\/03\/Sotogrande-Logo-GUIDE.png\" \/>\n\t<meta property=\"og:image:width\" content=\"300\" \/>\n\t<meta property=\"og:image:height\" content=\"300\" \/>\n\t<meta property=\"og:image:type\" content=\"image\/png\" \/>\n<meta name=\"twitter:card\" content=\"summary_large_image\" \/>\n<meta name=\"twitter:site\" content=\"@sotograndeguide\" \/>\n<meta name=\"twitter:label1\" content=\"Tiempo de lectura\" \/>\n\t<meta name=\"twitter:data1\" content=\"2 minutos\" \/>\n<!-- \/ Yoast SEO Premium plugin. -->","yoast_head_json":{"title":"Barrios de Sotogrande","robots":{"index":"index","follow":"follow","max-snippet":"max-snippet:-1","max-image-preview":"max-image-preview:large","max-video-preview":"max-video-preview:-1"},"canonical":"https:\/\/www.sotograndeguide.com\/es\/barrios-de-sotogrande\/","og_locale":"es_ES","og_type":"article","og_title":"Sotogrande Neighbourhoods","og_description":"The resort of Sotogrande is made up of four main districts: La Reserva de Sotogrande La Reserva is towards the top right of Sotogrande. The area is surrounded by nature and developed with wide roads. In La Reserva you will find the Sotogrande International School, La Reserva Golf Course and the Sotogrande Hipica equestrian centre. ... Leer m\u00e1s","og_url":"https:\/\/www.sotograndeguide.com\/es\/barrios-de-sotogrande\/","og_site_name":"Sotogrande Guide","article_publisher":"https:\/\/www.facebook.com\/sotograndeguide","article_modified_time":"2019-01-28T20:08:07+00:00","og_image":[{"width":300,"height":300,"url":"https:\/\/www.sotograndeguide.com\/wp-content\/uploads\/2017\/03\/Sotogrande-Logo-GUIDE.png","type":"image\/png"}],"twitter_card":"summary_large_image","twitter_site":"@sotograndeguide","twitter_misc":{"Tiempo de lectura":"2 minutos"},"schema":{"@context":"https:\/\/schema.org","@graph":[{"@type":"WebPage","@id":"https:\/\/www.sotograndeguide.com\/sotogrande-neighbourhoods\/","url":"https:\/\/www.sotograndeguide.com\/sotogrande-neighbourhoods\/","name":"Barrios de Sotogrande","isPartOf":{"@id":"https:\/\/www.sotograndeguide.com\/#website"},"datePublished":"2017-01-30T19:02:04+00:00","dateModified":"2019-01-28T20:08:07+00:00","breadcrumb":{"@id":"https:\/\/www.sotograndeguide.com\/sotogrande-neighbourhoods\/#breadcrumb"},"inLanguage":"es","potentialAction":[{"@type":"ReadAction","target":["https:\/\/www.sotograndeguide.com\/sotogrande-neighbourhoods\/"]}]},{"@type":"BreadcrumbList","@id":"https:\/\/www.sotograndeguide.com\/sotogrande-neighbourhoods\/#breadcrumb","itemListElement":[{"@type":"ListItem","position":1,"name":"Home","item":"https:\/\/www.sotograndeguide.com\/"},{"@type":"ListItem","position":2,"name":"Sotogrande Neighbourhoods"}]},{"@type":"WebSite","@id":"https:\/\/www.sotograndeguide.com\/#website","url":"https:\/\/www.sotograndeguide.com\/","name":"Gu\u00eda de Sotogrande","description":"Noticias, consejos, eventos y rese\u00f1as","publisher":{"@id":"https:\/\/www.sotograndeguide.com\/#organization"},"potentialAction":[{"@type":"SearchAction","target":{"@type":"EntryPoint","urlTemplate":"https:\/\/www.sotograndeguide.com\/?s={search_term_string}"},"query-input":{"@type":"PropertyValueSpecification","valueRequired":true,"valueName":"search_term_string"}}],"inLanguage":"es"},{"@type":"Organization","@id":"https:\/\/www.sotograndeguide.com\/#organization","name":"Gu\u00eda de Sotogrande","url":"https:\/\/www.sotograndeguide.com\/","logo":{"@type":"ImageObject","inLanguage":"es","@id":"https:\/\/www.sotograndeguide.com\/#\/schema\/logo\/image\/","url":"https:\/\/www.sotograndeguide.com\/wp-content\/uploads\/2017\/03\/Sotogrande-Logo-GUIDE.png","contentUrl":"https:\/\/www.sotograndeguide.com\/wp-content\/uploads\/2017\/03\/Sotogrande-Logo-GUIDE.png","width":300,"height":300,"caption":"Sotogrande Guide"},"image":{"@id":"https:\/\/www.sotograndeguide.com\/#\/schema\/logo\/image\/"},"sameAs":["https:\/\/www.facebook.com\/sotograndeguide","https:\/\/x.com\/sotograndeguide","https:\/\/www.tiktok.com\/@sotograndeguide","https:\/\/www.youtube.com\/@SotograndeGuide"]}]}},"jetpack_sharing_enabled":true,"_links":{"self":[{"href":"https:\/\/www.sotograndeguide.com\/es\/wp-json\/wp\/v2\/pages\/69","targetHints":{"allow":["GET"]}}],"collection":[{"href":"https:\/\/www.sotograndeguide.com\/es\/wp-json\/wp\/v2\/pages"}],"about":[{"href":"https:\/\/www.sotograndeguide.com\/es\/wp-json\/wp\/v2\/types\/page"}],"author":[{"embeddable":true,"href":"https:\/\/www.sotograndeguide.com\/es\/wp-json\/wp\/v2\/users\/1"}],"replies":[{"embeddable":true,"href":"https:\/\/www.sotograndeguide.com\/es\/wp-json\/wp\/v2\/comments?post=69"}],"version-history":[{"count":0,"href":"https:\/\/www.sotograndeguide.com\/es\/wp-json\/wp\/v2\/pages\/69\/revisions"}],"wp:attachment":[{"href":"https:\/\/www.sotograndeguide.com\/es\/wp-json\/wp\/v2\/media?parent=69"}],"curies":[{"name":"wp","href":"https:\/\/api.w.org\/{rel}","templated":true}]}}