{"id":66,"date":"2017-01-30T19:01:09","date_gmt":"2017-01-30T19:01:09","guid":{"rendered":"http:\/\/www.sotograndeguide.com\/?page_id=66"},"modified":"2019-05-15T09:52:18","modified_gmt":"2019-05-15T09:52:18","slug":"escuelas-de-sotogrande","status":"publish","type":"page","link":"https:\/\/www.sotograndeguide.com\/es\/sotogrande-schools\/","title":{"rendered":"Escuelas de Sotogrande"},"content":{"rendered":"<p>En Sotogrande y sus alrededores los padres pueden encontrar una gran variedad de colegios, tanto p\u00fablicos como privados de todos los niveles.<\/p>\n<div class=\"pt-cv-wrapper\"><div class=\"pt-cv-view pt-cv-grid pt-cv-colsys\" id=\"pt-cv-view-f641f1b4vc\"><div data-id=\"pt-cv-page-1\" class=\"pt-cv-page\" data-cvc=\"2\"><div class=\"col-md-6 col-sm-6 col-xs-12 pt-cv-content-item pt-cv-1-col\"  data-pid=\"35016\"><div class='pt-cv-ifield'><a href=\"https:\/\/www.sotograndeguide.com\/es\/sotogrande-schools\/nanitos-montessori-school\/\" class=\"_self pt-cv-href-thumbnail pt-cv-thumb-default cvplbd\" target=\"_self\" ><img decoding=\"async\" width=\"600\" height=\"450\" src=\"https:\/\/www.sotograndeguide.com\/wp-content\/uploads\/2019\/03\/Nanitos-Montessori-School-768x576-600x450.jpg\" class=\"pt-cv-thumbnail img-none\" alt=\"Nanitos Montessori Sotogrande\" srcset=\"https:\/\/www.sotograndeguide.com\/wp-content\/uploads\/2019\/03\/Nanitos-Montessori-School-768x576-600x450.jpg\" sizes=\"(max-width: 600px) 100vw, 600px\" \/><\/a>\n<h4 class=\"pt-cv-title\"><a href=\"https:\/\/www.sotograndeguide.com\/es\/sotogrande-schools\/nanitos-montessori-school\/\" class=\"_self cvplbd\" target=\"_self\" >Escuela Montessori Nanitos<\/a><\/h4><\/div><\/div>\n<div class=\"col-md-6 col-sm-6 col-xs-12 pt-cv-content-item pt-cv-1-col\"  data-pid=\"35013\"><div class='pt-cv-ifield'><a href=\"https:\/\/www.sotograndeguide.com\/es\/sotogrande-schools\/alma-forest\/\" class=\"_self pt-cv-href-thumbnail pt-cv-thumb-default cvplbd\" target=\"_self\" ><img decoding=\"async\" width=\"600\" height=\"450\" src=\"https:\/\/www.sotograndeguide.com\/wp-content\/uploads\/2019\/03\/Alma-Forest-600x450.jpg\" class=\"pt-cv-thumbnail img-none\" alt=\"Bosque Alma\" srcset=\"https:\/\/www.sotograndeguide.com\/wp-content\/uploads\/2019\/03\/Alma-Forest-600x450.jpg\" sizes=\"(max-width: 600px) 100vw, 600px\" \/><\/a>\n<h4 class=\"pt-cv-title\"><a href=\"https:\/\/www.sotograndeguide.com\/es\/sotogrande-schools\/alma-forest\/\" class=\"_self cvplbd\" target=\"_self\" >Bosque Alma<\/a><\/h4><\/div><\/div>\n<div class=\"col-md-6 col-sm-6 col-xs-12 pt-cv-content-item pt-cv-1-col\"  data-pid=\"34830\"><div class='pt-cv-ifield'><a href=\"https:\/\/www.sotograndeguide.com\/es\/sotogrande-schools\/kiddi-bank\/\" class=\"_self pt-cv-href-thumbnail pt-cv-thumb-default cvplbd\" target=\"_self\" ><img decoding=\"async\" width=\"600\" height=\"450\" src=\"https:\/\/www.sotograndeguide.com\/wp-content\/uploads\/2018\/11\/Schools-in-Sotogrande-6-600x450.jpg\" class=\"pt-cv-thumbnail img-none\" alt=\"Banco Kiddi\" srcset=\"https:\/\/www.sotograndeguide.com\/wp-content\/uploads\/2018\/11\/Schools-in-Sotogrande-6-600x450.jpg\" sizes=\"(max-width: 600px) 100vw, 600px\" \/><\/a>\n<h4 class=\"pt-cv-title\"><a href=\"https:\/\/www.sotograndeguide.com\/es\/sotogrande-schools\/kiddi-bank\/\" class=\"_self cvplbd\" target=\"_self\" >Banco Kiddi<\/a><\/h4><\/div><\/div>\n<div class=\"col-md-6 col-sm-6 col-xs-12 pt-cv-content-item pt-cv-1-col\"  data-pid=\"34829\"><div class='pt-cv-ifield'><a href=\"https:\/\/www.sotograndeguide.com\/es\/sotogrande-schools\/fundamentals\/\" class=\"_self pt-cv-href-thumbnail pt-cv-thumb-default cvplbd\" target=\"_self\" ><img decoding=\"async\" width=\"600\" height=\"450\" src=\"https:\/\/www.sotograndeguide.com\/wp-content\/uploads\/2018\/11\/Schools-in-Sotogrande-5-600x450.jpg\" class=\"pt-cv-thumbnail img-none\" alt=\"Fundamentos\" srcset=\"https:\/\/www.sotograndeguide.com\/wp-content\/uploads\/2018\/11\/Schools-in-Sotogrande-5-600x450.jpg\" sizes=\"(max-width: 600px) 100vw, 600px\" \/><\/a>\n<h4 class=\"pt-cv-title\"><a href=\"https:\/\/www.sotograndeguide.com\/es\/sotogrande-schools\/fundamentals\/\" class=\"_self cvplbd\" target=\"_self\" >Fundamentos<\/a><\/h4><\/div><\/div>\n<div class=\"col-md-6 col-sm-6 col-xs-12 pt-cv-content-item pt-cv-1-col\"  data-pid=\"34828\"><div class='pt-cv-ifield'><a href=\"https:\/\/www.sotograndeguide.com\/es\/sotogrande-schools\/sotogrande-nursery\/\" class=\"_self pt-cv-href-thumbnail pt-cv-thumb-default cvplbd\" target=\"_self\" ><img decoding=\"async\" width=\"600\" height=\"450\" src=\"https:\/\/www.sotograndeguide.com\/wp-content\/uploads\/2018\/11\/Schools-in-Sotogrande-2-600x450.jpg\" class=\"pt-cv-thumbnail img-none\" alt=\"Vivero de Sotogrande\" srcset=\"https:\/\/www.sotograndeguide.com\/wp-content\/uploads\/2018\/11\/Schools-in-Sotogrande-2-600x450.jpg\" sizes=\"(max-width: 600px) 100vw, 600px\" \/><\/a>\n<h4 class=\"pt-cv-title\"><a href=\"https:\/\/www.sotograndeguide.com\/es\/sotogrande-schools\/sotogrande-nursery\/\" class=\"_self cvplbd\" target=\"_self\" >Vivero de Sotogrande<\/a><\/h4><\/div><\/div>\n<div class=\"col-md-6 col-sm-6 col-xs-12 pt-cv-content-item pt-cv-1-col\"  data-pid=\"34827\"><div class='pt-cv-ifield'><a href=\"https:\/\/www.sotograndeguide.com\/es\/sotogrande-schools\/gloria-fuertes\/\" class=\"_self pt-cv-href-thumbnail pt-cv-thumb-default cvplbd\" target=\"_self\" ><img decoding=\"async\" width=\"600\" height=\"450\" src=\"https:\/\/www.sotograndeguide.com\/wp-content\/uploads\/2018\/11\/Schools-in-Sotogrande-3-600x450.jpg\" class=\"pt-cv-thumbnail img-none\" alt=\"Gloria Fuertes\" srcset=\"https:\/\/www.sotograndeguide.com\/wp-content\/uploads\/2018\/11\/Schools-in-Sotogrande-3-600x450.jpg\" sizes=\"(max-width: 600px) 100vw, 600px\" \/><\/a>\n<h4 class=\"pt-cv-title\"><a href=\"https:\/\/www.sotograndeguide.com\/es\/sotogrande-schools\/gloria-fuertes\/\" class=\"_self cvplbd\" target=\"_self\" >Gloria Fuertes<\/a><\/h4><\/div><\/div>\n<div class=\"col-md-6 col-sm-6 col-xs-12 pt-cv-content-item pt-cv-1-col\"  data-pid=\"34826\"><div class='pt-cv-ifield'><a href=\"https:\/\/www.sotograndeguide.com\/es\/sotogrande-schools\/sotogrande-international-school\/\" class=\"_self pt-cv-href-thumbnail pt-cv-thumb-default cvplbd\" target=\"_self\" ><img decoding=\"async\" width=\"600\" height=\"450\" src=\"https:\/\/www.sotograndeguide.com\/wp-content\/uploads\/2018\/11\/Schools-in-Sotogrande-4-600x450.jpg\" class=\"pt-cv-thumbnail img-none\" alt=\"Escuela Internacional de Sotogrande\" srcset=\"https:\/\/www.sotograndeguide.com\/wp-content\/uploads\/2018\/11\/Schools-in-Sotogrande-4-600x450.jpg\" sizes=\"(max-width: 600px) 100vw, 600px\" \/><\/a>\n<h4 class=\"pt-cv-title\"><a href=\"https:\/\/www.sotograndeguide.com\/es\/sotogrande-schools\/sotogrande-international-school\/\" class=\"_self cvplbd\" target=\"_self\" >Escuela Internacional de Sotogrande<\/a><\/h4><\/div><\/div>\n<div class=\"col-md-6 col-sm-6 col-xs-12 pt-cv-content-item pt-cv-1-col\"  data-pid=\"34825\"><div class='pt-cv-ifield'><a href=\"https:\/\/www.sotograndeguide.com\/es\/sotogrande-schools\/cameron-international-primary-school\/\" class=\"_self pt-cv-href-thumbnail pt-cv-thumb-default cvplbd\" target=\"_self\" ><img decoding=\"async\" width=\"600\" height=\"450\" src=\"https:\/\/www.sotograndeguide.com\/wp-content\/uploads\/2018\/11\/Schools-in-Sotogrande-1-600x450.jpg\" class=\"pt-cv-thumbnail img-none\" alt=\"Escuela Primaria Internacional Cameron\" srcset=\"https:\/\/www.sotograndeguide.com\/wp-content\/uploads\/2018\/11\/Schools-in-Sotogrande-1-600x450.jpg\" sizes=\"(max-width: 600px) 100vw, 600px\" \/><\/a>\n<h4 class=\"pt-cv-title\"><a href=\"https:\/\/www.sotograndeguide.com\/es\/sotogrande-schools\/cameron-international-primary-school\/\" class=\"_self cvplbd\" target=\"_self\" >Escuela Primaria Internacional Cameron<\/a><\/h4><\/div><\/div><\/div><\/div><\/div>\t\t\t<style type=\"text\/css\" id=\"pt-cv-inline-style-eb33f12qcg\">#pt-cv-view-f641f1b4vc .pt-cv-title a, #pt-cv-view-f641f1b4vc  .panel-title { font-weight: 600 !important; }\n#pt-cv-view-f641f1b4vc .pt-cv-readmore  { color: #ffffff !important; background-color: #00aeef !important; }\n#pt-cv-view-f641f1b4vc .pt-cv-readmore:hover  { color: #ffffff !important; background-color: #00aeef !important; }<\/style>\r\n\t\t\t\n<p>\u00bfBuscas una academia de idiomas o de apoyo en Sotogrande? Eche un vistazo a la <a href=\"https:\/\/www.sotograndeguide.com\/es\/directorio-de-sotogrande\/\">Directorio de Sotogrande<\/a>. <em>\u00bfNos hemos dejado alguna escuela? \u00bfHa asistido usted o sus hijos a alguno de ellos y le gustar\u00eda compartir una rese\u00f1a con nuestros lectores? <strong>\u00bfLe gustar\u00eda que su escuela apareciera?<\/strong> <a href=\"https:\/\/www.sotograndeguide.com\/es\/pongase-en-contacto-con\/\">P\u00f3ngase en contacto<\/a>.<\/em><\/p>","protected":false},"excerpt":{"rendered":"<p>En Sotogrande y sus alrededores los padres pueden encontrar una gran variedad de escuelas, tanto p\u00fablicas como privadas de todos los niveles. \u00bfBusca una escuela de idiomas o una academia de apoyo en Sotogrande? Echa un vistazo al directorio de Sotogrande. \u00bfNos hemos dejado alguna escuela? \u00bfHa asistido usted o sus hijos a alguna de ellas y le gustar\u00eda compartir una rese\u00f1a con ... <a title=\"Escuelas de Sotogrande\" class=\"read-more\" href=\"https:\/\/www.sotograndeguide.com\/es\/sotogrande-schools\/\" aria-label=\"Leer m\u00e1s sobre Escuelas de Sotogrande\">Leer m\u00e1s<\/a><\/p>","protected":false},"author":1,"featured_media":34520,"parent":0,"menu_order":0,"comment_status":"closed","ping_status":"closed","template":"","meta":{"footnotes":""},"class_list":["post-66","page","type-page","status-publish","has-post-thumbnail"],"yoast_head":"<!-- This site is optimized with the Yoast SEO Premium plugin v20.5 (Yoast SEO v27.5) - https:\/\/yoast.com\/product\/yoast-seo-premium-wordpress\/ -->\n<title>Schools in Sotogrande - Sotogrande Guide<\/title>\n<meta name=\"description\" content=\"A directory and guide of all the schools in and around Sotogrande, in south of Spain. Including nurseries, primary schools and international schools.\" \/>\n<meta name=\"robots\" content=\"index, follow, max-snippet:-1, max-image-preview:large, max-video-preview:-1\" \/>\n<link rel=\"canonical\" href=\"https:\/\/www.sotograndeguide.com\/es\/escuelas-de-sotogrande\/\" \/>\n<meta property=\"og:locale\" content=\"es_ES\" \/>\n<meta property=\"og:type\" content=\"article\" \/>\n<meta property=\"og:title\" content=\"Sotogrande Schools\" \/>\n<meta property=\"og:description\" content=\"A directory and guide of all the schools in and around Sotogrande, in south of Spain. Including nurseries, primary schools and international schools.\" \/>\n<meta property=\"og:url\" content=\"https:\/\/www.sotograndeguide.com\/es\/escuelas-de-sotogrande\/\" \/>\n<meta property=\"og:site_name\" content=\"Sotogrande Guide\" \/>\n<meta property=\"article:publisher\" content=\"https:\/\/www.facebook.com\/sotograndeguide\" \/>\n<meta property=\"article:modified_time\" content=\"2019-05-15T09:52:18+00:00\" \/>\n<meta property=\"og:image\" content=\"https:\/\/www.sotograndeguide.com\/wp-content\/uploads\/2018\/05\/Sotogrande-Schools.jpg\" \/>\n\t<meta property=\"og:image:width\" content=\"1920\" \/>\n\t<meta property=\"og:image:height\" content=\"1187\" \/>\n\t<meta property=\"og:image:type\" content=\"image\/jpeg\" \/>\n<meta name=\"twitter:card\" content=\"summary_large_image\" \/>\n<meta name=\"twitter:site\" content=\"@sotograndeguide\" \/>\n<!-- \/ Yoast SEO Premium plugin. -->","yoast_head_json":{"title":"Colegios en Sotogrande - Gu\u00eda de Sotogrande","description":"Directorio y gu\u00eda de todos los colegios de Sotogrande y alrededores, en el sur de Espa\u00f1a. Incluye guarder\u00edas, escuelas primarias y escuelas internacionales.","robots":{"index":"index","follow":"follow","max-snippet":"max-snippet:-1","max-image-preview":"max-image-preview:large","max-video-preview":"max-video-preview:-1"},"canonical":"https:\/\/www.sotograndeguide.com\/es\/escuelas-de-sotogrande\/","og_locale":"es_ES","og_type":"article","og_title":"Sotogrande Schools","og_description":"A directory and guide of all the schools in and around Sotogrande, in south of Spain. Including nurseries, primary schools and international schools.","og_url":"https:\/\/www.sotograndeguide.com\/es\/escuelas-de-sotogrande\/","og_site_name":"Sotogrande Guide","article_publisher":"https:\/\/www.facebook.com\/sotograndeguide","article_modified_time":"2019-05-15T09:52:18+00:00","og_image":[{"width":1920,"height":1187,"url":"https:\/\/www.sotograndeguide.com\/wp-content\/uploads\/2018\/05\/Sotogrande-Schools.jpg","type":"image\/jpeg"}],"twitter_card":"summary_large_image","twitter_site":"@sotograndeguide","schema":{"@context":"https:\/\/schema.org","@graph":[{"@type":"WebPage","@id":"https:\/\/www.sotograndeguide.com\/sotogrande-schools\/","url":"https:\/\/www.sotograndeguide.com\/sotogrande-schools\/","name":"Colegios en Sotogrande - Gu\u00eda de Sotogrande","isPartOf":{"@id":"https:\/\/www.sotograndeguide.com\/#website"},"primaryImageOfPage":{"@id":"https:\/\/www.sotograndeguide.com\/sotogrande-schools\/#primaryimage"},"image":{"@id":"https:\/\/www.sotograndeguide.com\/sotogrande-schools\/#primaryimage"},"thumbnailUrl":"https:\/\/www.sotograndeguide.com\/wp-content\/uploads\/2018\/05\/Sotogrande-Schools.jpg","datePublished":"2017-01-30T19:01:09+00:00","dateModified":"2019-05-15T09:52:18+00:00","description":"Directorio y gu\u00eda de todos los colegios de Sotogrande y alrededores, en el sur de Espa\u00f1a. Incluye guarder\u00edas, escuelas primarias y escuelas internacionales.","breadcrumb":{"@id":"https:\/\/www.sotograndeguide.com\/sotogrande-schools\/#breadcrumb"},"inLanguage":"es","potentialAction":[{"@type":"ReadAction","target":["https:\/\/www.sotograndeguide.com\/sotogrande-schools\/"]}]},{"@type":"ImageObject","inLanguage":"es","@id":"https:\/\/www.sotograndeguide.com\/sotogrande-schools\/#primaryimage","url":"https:\/\/www.sotograndeguide.com\/wp-content\/uploads\/2018\/05\/Sotogrande-Schools.jpg","contentUrl":"https:\/\/www.sotograndeguide.com\/wp-content\/uploads\/2018\/05\/Sotogrande-Schools.jpg","width":1920,"height":1187,"caption":"Sotogrande Schools"},{"@type":"BreadcrumbList","@id":"https:\/\/www.sotograndeguide.com\/sotogrande-schools\/#breadcrumb","itemListElement":[{"@type":"ListItem","position":1,"name":"Home","item":"https:\/\/www.sotograndeguide.com\/"},{"@type":"ListItem","position":2,"name":"Sotogrande Schools"}]},{"@type":"WebSite","@id":"https:\/\/www.sotograndeguide.com\/#website","url":"https:\/\/www.sotograndeguide.com\/","name":"Gu\u00eda de Sotogrande","description":"Noticias, consejos, eventos y rese\u00f1as","publisher":{"@id":"https:\/\/www.sotograndeguide.com\/#organization"},"potentialAction":[{"@type":"SearchAction","target":{"@type":"EntryPoint","urlTemplate":"https:\/\/www.sotograndeguide.com\/?s={search_term_string}"},"query-input":{"@type":"PropertyValueSpecification","valueRequired":true,"valueName":"search_term_string"}}],"inLanguage":"es"},{"@type":"Organization","@id":"https:\/\/www.sotograndeguide.com\/#organization","name":"Gu\u00eda de Sotogrande","url":"https:\/\/www.sotograndeguide.com\/","logo":{"@type":"ImageObject","inLanguage":"es","@id":"https:\/\/www.sotograndeguide.com\/#\/schema\/logo\/image\/","url":"https:\/\/www.sotograndeguide.com\/wp-content\/uploads\/2017\/03\/Sotogrande-Logo-GUIDE.png","contentUrl":"https:\/\/www.sotograndeguide.com\/wp-content\/uploads\/2017\/03\/Sotogrande-Logo-GUIDE.png","width":300,"height":300,"caption":"Sotogrande Guide"},"image":{"@id":"https:\/\/www.sotograndeguide.com\/#\/schema\/logo\/image\/"},"sameAs":["https:\/\/www.facebook.com\/sotograndeguide","https:\/\/x.com\/sotograndeguide","https:\/\/www.tiktok.com\/@sotograndeguide","https:\/\/www.youtube.com\/@SotograndeGuide"]}]}},"jetpack_sharing_enabled":true,"_links":{"self":[{"href":"https:\/\/www.sotograndeguide.com\/es\/wp-json\/wp\/v2\/pages\/66","targetHints":{"allow":["GET"]}}],"collection":[{"href":"https:\/\/www.sotograndeguide.com\/es\/wp-json\/wp\/v2\/pages"}],"about":[{"href":"https:\/\/www.sotograndeguide.com\/es\/wp-json\/wp\/v2\/types\/page"}],"author":[{"embeddable":true,"href":"https:\/\/www.sotograndeguide.com\/es\/wp-json\/wp\/v2\/users\/1"}],"replies":[{"embeddable":true,"href":"https:\/\/www.sotograndeguide.com\/es\/wp-json\/wp\/v2\/comments?post=66"}],"version-history":[{"count":0,"href":"https:\/\/www.sotograndeguide.com\/es\/wp-json\/wp\/v2\/pages\/66\/revisions"}],"wp:featuredmedia":[{"embeddable":true,"href":"https:\/\/www.sotograndeguide.com\/es\/wp-json\/wp\/v2\/media\/34520"}],"wp:attachment":[{"href":"https:\/\/www.sotograndeguide.com\/es\/wp-json\/wp\/v2\/media?parent=66"}],"curies":[{"name":"wp","href":"https:\/\/api.w.org\/{rel}","templated":true}]}}