{"id":60,"date":"2017-01-30T18:58:45","date_gmt":"2017-01-30T18:58:45","guid":{"rendered":"http:\/\/www.sotograndeguide.com\/?page_id=60"},"modified":"2019-03-24T18:05:13","modified_gmt":"2019-03-24T18:05:13","slug":"polo-sotogrande","status":"publish","type":"page","link":"https:\/\/www.sotograndeguide.com\/es\/sotogrande-polo\/","title":{"rendered":"Polo Sotogrande"},"content":{"rendered":"<p>Como cabr\u00eda esperar de un lugar tan prestigioso como Sotogrande, Polo es <em>el<\/em> deporte en este centro tur\u00edstico. El torneo de polo que se celebra en agosto es tambi\u00e9n la mayor atracci\u00f3n del verano y suele atraer a miembros de la realeza y miembros de la \u00e9lite social.<\/p>\n<h2><strong>Clubes de Polo en Sotogrande<\/strong><\/h2>\n<p><strong>Ayala Polo Club<\/strong><br \/>\nSan Enrique, San Roque, C\u00e1diz, Espa\u00f1a<br \/>\nTel: 956610144<\/p>\n<p><strong>Dos Lunas Polo Club<\/strong><br \/>\nFinca El Mezquiton, San Martin del Tesorillo, San Roque, Cadiz, Espa\u00f1a<br \/>\nTel: 956618052<\/p>\n<p><strong>Santa M\u00aa Polo Club<\/strong><br \/>\nFinca Los Pinos. Ctra. A7 - Salida A133, 11310, Sotogrande, San Roque, C\u00e1diz, Espa\u00f1a<br \/>\nTel: 956610012<\/p>","protected":false},"excerpt":{"rendered":"<p>Como cabr\u00eda esperar de un lugar tan prestigioso como Sotogrande, el polo es el deporte rey en este complejo tur\u00edstico. El torneo de polo que se celebra en agosto es la principal atracci\u00f3n durante el verano y suele atraer a miembros de la realeza y miembros de la \u00e9lite social. Clubes de Polo en Sotogrande Ayala Polo Club San Enrique, San Roque, C\u00e1diz, Espa\u00f1a Tel: 956610144 Dos Lunas ... <a title=\"Polo Sotogrande\" class=\"read-more\" href=\"https:\/\/www.sotograndeguide.com\/es\/sotogrande-polo\/\" aria-label=\"Leer m\u00e1s sobre Sotogrande Polo\">Leer m\u00e1s<\/a><\/p>","protected":false},"author":1,"featured_media":375,"parent":0,"menu_order":0,"comment_status":"closed","ping_status":"closed","template":"","meta":{"footnotes":""},"class_list":["post-60","page","type-page","status-publish","has-post-thumbnail"],"yoast_head":"<!-- This site is optimized with the Yoast SEO Premium plugin v20.5 (Yoast SEO v27.5) - https:\/\/yoast.com\/product\/yoast-seo-premium-wordpress\/ -->\n<title>Sotogrande Polo<\/title>\n<meta name=\"robots\" content=\"index, follow, max-snippet:-1, max-image-preview:large, max-video-preview:-1\" \/>\n<link rel=\"canonical\" href=\"https:\/\/www.sotograndeguide.com\/es\/polo-sotogrande\/\" \/>\n<meta property=\"og:locale\" content=\"es_ES\" \/>\n<meta property=\"og:type\" content=\"article\" \/>\n<meta property=\"og:title\" content=\"Sotogrande Polo\" \/>\n<meta property=\"og:description\" content=\"As you would expect of such a prestigious place like Sotogrande, Polo is the sport in this resort. The Polo tournament is August is also the major attraction during the summer often also attracting royalties and elite socialites. Polo Clubs in Sotogrande Ayala Polo Club San Enrique, San Roque, Cadiz, Spain Tel: 956610144 Dos Lunas ... Leer m\u00e1s\" \/>\n<meta property=\"og:url\" content=\"https:\/\/www.sotograndeguide.com\/es\/polo-sotogrande\/\" \/>\n<meta property=\"og:site_name\" content=\"Sotogrande Guide\" \/>\n<meta property=\"article:publisher\" content=\"https:\/\/www.facebook.com\/sotograndeguide\" \/>\n<meta property=\"article:modified_time\" content=\"2019-03-24T18:05:13+00:00\" \/>\n<meta property=\"og:image\" content=\"https:\/\/www.sotograndeguide.com\/wp-content\/uploads\/2017\/01\/polo.jpg\" \/>\n\t<meta property=\"og:image:width\" content=\"960\" \/>\n\t<meta property=\"og:image:height\" content=\"614\" \/>\n\t<meta property=\"og:image:type\" content=\"image\/jpeg\" \/>\n<meta name=\"twitter:card\" content=\"summary_large_image\" \/>\n<meta name=\"twitter:site\" content=\"@sotograndeguide\" \/>\n<!-- \/ Yoast SEO Premium plugin. -->","yoast_head_json":{"title":"Polo Sotogrande","robots":{"index":"index","follow":"follow","max-snippet":"max-snippet:-1","max-image-preview":"max-image-preview:large","max-video-preview":"max-video-preview:-1"},"canonical":"https:\/\/www.sotograndeguide.com\/es\/polo-sotogrande\/","og_locale":"es_ES","og_type":"article","og_title":"Sotogrande Polo","og_description":"As you would expect of such a prestigious place like Sotogrande, Polo is the sport in this resort. The Polo tournament is August is also the major attraction during the summer often also attracting royalties and elite socialites. Polo Clubs in Sotogrande Ayala Polo Club San Enrique, San Roque, Cadiz, Spain Tel: 956610144 Dos Lunas ... Leer m\u00e1s","og_url":"https:\/\/www.sotograndeguide.com\/es\/polo-sotogrande\/","og_site_name":"Sotogrande Guide","article_publisher":"https:\/\/www.facebook.com\/sotograndeguide","article_modified_time":"2019-03-24T18:05:13+00:00","og_image":[{"width":960,"height":614,"url":"https:\/\/www.sotograndeguide.com\/wp-content\/uploads\/2017\/01\/polo.jpg","type":"image\/jpeg"}],"twitter_card":"summary_large_image","twitter_site":"@sotograndeguide","schema":{"@context":"https:\/\/schema.org","@graph":[{"@type":"WebPage","@id":"https:\/\/www.sotograndeguide.com\/sotogrande-polo\/","url":"https:\/\/www.sotograndeguide.com\/sotogrande-polo\/","name":"Polo Sotogrande","isPartOf":{"@id":"https:\/\/www.sotograndeguide.com\/#website"},"primaryImageOfPage":{"@id":"https:\/\/www.sotograndeguide.com\/sotogrande-polo\/#primaryimage"},"image":{"@id":"https:\/\/www.sotograndeguide.com\/sotogrande-polo\/#primaryimage"},"thumbnailUrl":"https:\/\/www.sotograndeguide.com\/wp-content\/uploads\/2017\/01\/polo.jpg","datePublished":"2017-01-30T18:58:45+00:00","dateModified":"2019-03-24T18:05:13+00:00","breadcrumb":{"@id":"https:\/\/www.sotograndeguide.com\/sotogrande-polo\/#breadcrumb"},"inLanguage":"es","potentialAction":[{"@type":"ReadAction","target":["https:\/\/www.sotograndeguide.com\/sotogrande-polo\/"]}]},{"@type":"ImageObject","inLanguage":"es","@id":"https:\/\/www.sotograndeguide.com\/sotogrande-polo\/#primaryimage","url":"https:\/\/www.sotograndeguide.com\/wp-content\/uploads\/2017\/01\/polo.jpg","contentUrl":"https:\/\/www.sotograndeguide.com\/wp-content\/uploads\/2017\/01\/polo.jpg","width":960,"height":614,"caption":"Sotogrande Polo"},{"@type":"BreadcrumbList","@id":"https:\/\/www.sotograndeguide.com\/sotogrande-polo\/#breadcrumb","itemListElement":[{"@type":"ListItem","position":1,"name":"Home","item":"https:\/\/www.sotograndeguide.com\/"},{"@type":"ListItem","position":2,"name":"Sotogrande Polo"}]},{"@type":"WebSite","@id":"https:\/\/www.sotograndeguide.com\/#website","url":"https:\/\/www.sotograndeguide.com\/","name":"Gu\u00eda de Sotogrande","description":"Noticias, consejos, eventos y rese\u00f1as","publisher":{"@id":"https:\/\/www.sotograndeguide.com\/#organization"},"potentialAction":[{"@type":"SearchAction","target":{"@type":"EntryPoint","urlTemplate":"https:\/\/www.sotograndeguide.com\/?s={search_term_string}"},"query-input":{"@type":"PropertyValueSpecification","valueRequired":true,"valueName":"search_term_string"}}],"inLanguage":"es"},{"@type":"Organization","@id":"https:\/\/www.sotograndeguide.com\/#organization","name":"Gu\u00eda de Sotogrande","url":"https:\/\/www.sotograndeguide.com\/","logo":{"@type":"ImageObject","inLanguage":"es","@id":"https:\/\/www.sotograndeguide.com\/#\/schema\/logo\/image\/","url":"https:\/\/www.sotograndeguide.com\/wp-content\/uploads\/2017\/03\/Sotogrande-Logo-GUIDE.png","contentUrl":"https:\/\/www.sotograndeguide.com\/wp-content\/uploads\/2017\/03\/Sotogrande-Logo-GUIDE.png","width":300,"height":300,"caption":"Sotogrande Guide"},"image":{"@id":"https:\/\/www.sotograndeguide.com\/#\/schema\/logo\/image\/"},"sameAs":["https:\/\/www.facebook.com\/sotograndeguide","https:\/\/x.com\/sotograndeguide","https:\/\/www.tiktok.com\/@sotograndeguide","https:\/\/www.youtube.com\/@SotograndeGuide"]}]}},"jetpack_sharing_enabled":true,"_links":{"self":[{"href":"https:\/\/www.sotograndeguide.com\/es\/wp-json\/wp\/v2\/pages\/60","targetHints":{"allow":["GET"]}}],"collection":[{"href":"https:\/\/www.sotograndeguide.com\/es\/wp-json\/wp\/v2\/pages"}],"about":[{"href":"https:\/\/www.sotograndeguide.com\/es\/wp-json\/wp\/v2\/types\/page"}],"author":[{"embeddable":true,"href":"https:\/\/www.sotograndeguide.com\/es\/wp-json\/wp\/v2\/users\/1"}],"replies":[{"embeddable":true,"href":"https:\/\/www.sotograndeguide.com\/es\/wp-json\/wp\/v2\/comments?post=60"}],"version-history":[{"count":0,"href":"https:\/\/www.sotograndeguide.com\/es\/wp-json\/wp\/v2\/pages\/60\/revisions"}],"wp:featuredmedia":[{"embeddable":true,"href":"https:\/\/www.sotograndeguide.com\/es\/wp-json\/wp\/v2\/media\/375"}],"wp:attachment":[{"href":"https:\/\/www.sotograndeguide.com\/es\/wp-json\/wp\/v2\/media?parent=60"}],"curies":[{"name":"wp","href":"https:\/\/api.w.org\/{rel}","templated":true}]}}