{"id":47,"date":"2017-01-30T14:57:46","date_gmt":"2017-01-30T14:57:46","guid":{"rendered":"http:\/\/www.sotograndeguide.com\/?page_id=47"},"modified":"2019-05-19T19:09:06","modified_gmt":"2019-05-19T19:09:06","slug":"trabajo-sotogrande","status":"publish","type":"page","link":"https:\/\/www.sotograndeguide.com\/es\/sotogrande-jobs\/","title":{"rendered":"Sotogrande Empleo"},"content":{"rendered":"<p><em>\u00bfBusca trabajo? Consulte nuestra secci\u00f3n <a href=\"https:\/\/www.sotograndeguide.com\/es\/trabajo-en-sotogrande\/\">empleo en Sotogrande<\/a> secci\u00f3n<\/em>.<br \/>\n<em>\u00bfBusca personal o contrata temporeros para el verano? <a href=\"https:\/\/www.sotograndeguide.com\/es\/publicar-un-empleo\/\">Publique su vacante<\/a><\/em>. <\/p>\n<p><strong>Trabajar en Sotogrande<\/strong><\/p>\n<p>Muchas personas que viven en Sotogrande trabajan en Gibraltar, pero tambi\u00e9n puede encontrar trabajo en la zona.<\/p>\n<p>La mayor\u00eda de los puestos de trabajo en Sotogrande y sus alrededores se encuentran en peque\u00f1as y medianas empresas, especialmente bares, restaurantes y hoteles, as\u00ed como en el sector servicios.<\/p>\n<p>Entre los empleos m\u00e1s populares est\u00e1n los de au pair y ni\u00f1era, as\u00ed como los de camarero y barman.<\/p>\n<p>El sector n\u00e1utico e inmobiliario, as\u00ed como la Escuela Internacional de Sotogrande y otras instituciones educativas, son tambi\u00e9n importantes empleadores en Sotogrande.<\/p>\n<p>La mejor manera de encontrar ofertas de empleo en Sotogrande es a trav\u00e9s de contactos locales o de redes de contactos, y ahora tambi\u00e9n a trav\u00e9s de la p\u00e1gina web dedicada a este tema <a href=\"https:\/\/www.sotograndeguide.com\/es\/trabajo-en-sotogrande\/\">empleo en Sotogrande<\/a> secci\u00f3n en SotograndeGuide.com.<\/p>\n<p>Tambi\u00e9n aconsejamos a los solicitantes de empleo que se unan a nuestro <a href=\"https:\/\/www.facebook.com\/groups\/sotogrande\/\" rel=\"noopener noreferrer\" target=\"_blank\">Comunidad de Sotogrande en Facebook<\/a>. <\/p>","protected":false},"excerpt":{"rendered":"<p>\u00bfBusca trabajo? Consulte nuestra secci\u00f3n dedicada al empleo en Sotogrande. \u00bfBusca personal o contrata temporeros para el verano? Anuncie su vacante. Trabajar en Sotogrande Mucha gente que vive en Sotogrande trabaja en Gibraltar, pero tambi\u00e9n puede encontrar trabajo en la zona. La mayor\u00eda de los empleos en Sotogrande y alrededores son en peque\u00f1as y medianas empresas, ... <a title=\"Sotogrande Empleo\" class=\"read-more\" href=\"https:\/\/www.sotograndeguide.com\/es\/sotogrande-jobs\/\" aria-label=\"Leer m\u00e1s sobre Empleo en Sotogrande\">Leer m\u00e1s<\/a><\/p>","protected":false},"author":1,"featured_media":33370,"parent":0,"menu_order":0,"comment_status":"closed","ping_status":"closed","template":"","meta":{"footnotes":""},"class_list":["post-47","page","type-page","status-publish","has-post-thumbnail"],"yoast_head":"<!-- This site is optimized with the Yoast SEO Premium plugin v20.5 (Yoast SEO v27.4) - https:\/\/yoast.com\/product\/yoast-seo-premium-wordpress\/ -->\n<title>Sotogrande Jobs<\/title>\n<meta name=\"robots\" content=\"index, follow, max-snippet:-1, max-image-preview:large, max-video-preview:-1\" \/>\n<link rel=\"canonical\" href=\"https:\/\/www.sotograndeguide.com\/es\/trabajo-sotogrande\/\" \/>\n<meta property=\"og:locale\" content=\"es_ES\" \/>\n<meta property=\"og:type\" content=\"article\" \/>\n<meta property=\"og:title\" content=\"Sotogrande Jobs\" \/>\n<meta property=\"og:description\" content=\"Looking for a job? Check out our dedicated jobs in Sotogrande section. Looking for staff or hiring seasonal workers for summer? List your vacancy. Working in Sotogrande Many people living in Sotogrande work in Gibraltar, but you can also find work locally. Most jobs in and around Sotogrande are in small and medium sized companies, ... Leer m\u00e1s\" \/>\n<meta property=\"og:url\" content=\"https:\/\/www.sotograndeguide.com\/es\/trabajo-sotogrande\/\" \/>\n<meta property=\"og:site_name\" content=\"Sotogrande Guide\" \/>\n<meta property=\"article:publisher\" content=\"https:\/\/www.facebook.com\/sotograndeguide\" \/>\n<meta property=\"article:modified_time\" content=\"2019-05-19T19:09:06+00:00\" \/>\n<meta property=\"og:image\" content=\"https:\/\/www.sotograndeguide.com\/wp-content\/uploads\/2017\/01\/Jobs-in-Sotogrande.jpg\" \/>\n\t<meta property=\"og:image:width\" content=\"960\" \/>\n\t<meta property=\"og:image:height\" content=\"637\" \/>\n\t<meta property=\"og:image:type\" content=\"image\/jpeg\" \/>\n<meta name=\"twitter:card\" content=\"summary_large_image\" \/>\n<meta name=\"twitter:site\" content=\"@sotograndeguide\" \/>\n<meta name=\"twitter:label1\" content=\"Tiempo de lectura\" \/>\n\t<meta name=\"twitter:data1\" content=\"1 minuto\" \/>\n<!-- \/ Yoast SEO Premium plugin. -->","yoast_head_json":{"title":"Sotogrande Empleo","robots":{"index":"index","follow":"follow","max-snippet":"max-snippet:-1","max-image-preview":"max-image-preview:large","max-video-preview":"max-video-preview:-1"},"canonical":"https:\/\/www.sotograndeguide.com\/es\/trabajo-sotogrande\/","og_locale":"es_ES","og_type":"article","og_title":"Sotogrande Jobs","og_description":"Looking for a job? Check out our dedicated jobs in Sotogrande section. Looking for staff or hiring seasonal workers for summer? List your vacancy. Working in Sotogrande Many people living in Sotogrande work in Gibraltar, but you can also find work locally. Most jobs in and around Sotogrande are in small and medium sized companies, ... Leer m\u00e1s","og_url":"https:\/\/www.sotograndeguide.com\/es\/trabajo-sotogrande\/","og_site_name":"Sotogrande Guide","article_publisher":"https:\/\/www.facebook.com\/sotograndeguide","article_modified_time":"2019-05-19T19:09:06+00:00","og_image":[{"width":960,"height":637,"url":"https:\/\/www.sotograndeguide.com\/wp-content\/uploads\/2017\/01\/Jobs-in-Sotogrande.jpg","type":"image\/jpeg"}],"twitter_card":"summary_large_image","twitter_site":"@sotograndeguide","twitter_misc":{"Tiempo de lectura":"1 minuto"},"schema":{"@context":"https:\/\/schema.org","@graph":[{"@type":"WebPage","@id":"https:\/\/www.sotograndeguide.com\/sotogrande-jobs\/","url":"https:\/\/www.sotograndeguide.com\/sotogrande-jobs\/","name":"Sotogrande Empleo","isPartOf":{"@id":"https:\/\/www.sotograndeguide.com\/#website"},"primaryImageOfPage":{"@id":"https:\/\/www.sotograndeguide.com\/sotogrande-jobs\/#primaryimage"},"image":{"@id":"https:\/\/www.sotograndeguide.com\/sotogrande-jobs\/#primaryimage"},"thumbnailUrl":"https:\/\/www.sotograndeguide.com\/wp-content\/uploads\/2017\/01\/Jobs-in-Sotogrande.jpg","datePublished":"2017-01-30T14:57:46+00:00","dateModified":"2019-05-19T19:09:06+00:00","breadcrumb":{"@id":"https:\/\/www.sotograndeguide.com\/sotogrande-jobs\/#breadcrumb"},"inLanguage":"es","potentialAction":[{"@type":"ReadAction","target":["https:\/\/www.sotograndeguide.com\/sotogrande-jobs\/"]}]},{"@type":"ImageObject","inLanguage":"es","@id":"https:\/\/www.sotograndeguide.com\/sotogrande-jobs\/#primaryimage","url":"https:\/\/www.sotograndeguide.com\/wp-content\/uploads\/2017\/01\/Jobs-in-Sotogrande.jpg","contentUrl":"https:\/\/www.sotograndeguide.com\/wp-content\/uploads\/2017\/01\/Jobs-in-Sotogrande.jpg","width":960,"height":637,"caption":"Jobs in Sotogrande"},{"@type":"BreadcrumbList","@id":"https:\/\/www.sotograndeguide.com\/sotogrande-jobs\/#breadcrumb","itemListElement":[{"@type":"ListItem","position":1,"name":"Home","item":"https:\/\/www.sotograndeguide.com\/"},{"@type":"ListItem","position":2,"name":"Sotogrande Jobs"}]},{"@type":"WebSite","@id":"https:\/\/www.sotograndeguide.com\/#website","url":"https:\/\/www.sotograndeguide.com\/","name":"Gu\u00eda de Sotogrande","description":"Noticias, consejos, eventos y rese\u00f1as","publisher":{"@id":"https:\/\/www.sotograndeguide.com\/#organization"},"potentialAction":[{"@type":"SearchAction","target":{"@type":"EntryPoint","urlTemplate":"https:\/\/www.sotograndeguide.com\/?s={search_term_string}"},"query-input":{"@type":"PropertyValueSpecification","valueRequired":true,"valueName":"search_term_string"}}],"inLanguage":"es"},{"@type":"Organization","@id":"https:\/\/www.sotograndeguide.com\/#organization","name":"Gu\u00eda de Sotogrande","url":"https:\/\/www.sotograndeguide.com\/","logo":{"@type":"ImageObject","inLanguage":"es","@id":"https:\/\/www.sotograndeguide.com\/#\/schema\/logo\/image\/","url":"https:\/\/www.sotograndeguide.com\/wp-content\/uploads\/2017\/03\/Sotogrande-Logo-GUIDE.png","contentUrl":"https:\/\/www.sotograndeguide.com\/wp-content\/uploads\/2017\/03\/Sotogrande-Logo-GUIDE.png","width":300,"height":300,"caption":"Sotogrande Guide"},"image":{"@id":"https:\/\/www.sotograndeguide.com\/#\/schema\/logo\/image\/"},"sameAs":["https:\/\/www.facebook.com\/sotograndeguide","https:\/\/x.com\/sotograndeguide","https:\/\/www.tiktok.com\/@sotograndeguide","https:\/\/www.youtube.com\/@SotograndeGuide"]}]}},"jetpack_sharing_enabled":true,"_links":{"self":[{"href":"https:\/\/www.sotograndeguide.com\/es\/wp-json\/wp\/v2\/pages\/47","targetHints":{"allow":["GET"]}}],"collection":[{"href":"https:\/\/www.sotograndeguide.com\/es\/wp-json\/wp\/v2\/pages"}],"about":[{"href":"https:\/\/www.sotograndeguide.com\/es\/wp-json\/wp\/v2\/types\/page"}],"author":[{"embeddable":true,"href":"https:\/\/www.sotograndeguide.com\/es\/wp-json\/wp\/v2\/users\/1"}],"replies":[{"embeddable":true,"href":"https:\/\/www.sotograndeguide.com\/es\/wp-json\/wp\/v2\/comments?post=47"}],"version-history":[{"count":0,"href":"https:\/\/www.sotograndeguide.com\/es\/wp-json\/wp\/v2\/pages\/47\/revisions"}],"wp:featuredmedia":[{"embeddable":true,"href":"https:\/\/www.sotograndeguide.com\/es\/wp-json\/wp\/v2\/media\/33370"}],"wp:attachment":[{"href":"https:\/\/www.sotograndeguide.com\/es\/wp-json\/wp\/v2\/media?parent=47"}],"curies":[{"name":"wp","href":"https:\/\/api.w.org\/{rel}","templated":true}]}}