{"id":44,"date":"2017-01-30T14:53:49","date_gmt":"2017-01-30T14:53:49","guid":{"rendered":"http:\/\/www.sotograndeguide.com\/?page_id=44"},"modified":"2021-04-22T11:42:36","modified_gmt":"2021-04-22T11:42:36","slug":"acerca-de","status":"publish","type":"page","link":"https:\/\/www.sotograndeguide.com\/es\/about\/","title":{"rendered":"Acerca de"},"content":{"rendered":"<p>La Gu\u00eda de Sotogrande es un portal comunitario con contenido fresco y valioso para individuos, parejas y familias que viven o trabajan en Sotogrande y para todos aquellos de todo el mundo que est\u00e1n considerando mudarse o invertir en Sotogrande.<\/p>\n<p>En nuestra gu\u00eda encontrar\u00e1 negocios locales como cafeter\u00edas, bares y <a href=\"https:\/\/www.sotograndeguide.com\/es\/restaurantes-sotogrande\/\" target=\"_blank\" rel=\"noopener noreferrer\">restaurantes<\/a>, <a href=\"https:\/\/www.sotograndeguide.com\/es\/hoteles-de-sotogrande\/\" target=\"_blank\" rel=\"noopener noreferrer\">hoteles<\/a>, <a href=\"https:\/\/www.sotograndeguide.com\/es\/farmacias-sotogrande\/\">farmacias<\/a>, <a href=\"https:\/\/www.sotograndeguide.com\/es\/arquitectos-de-sotogrande\/\">arquitectos<\/a>, <a href=\"https:\/\/www.sotograndeguide.com\/es\/escuelas-de-sotogrande\/\">escuelas<\/a>, <a href=\"https:\/\/www.sotograndeguide.com\/es\/peluquerias-sotogrande\/\">peluqueros<\/a>, <a href=\"https:\/\/www.sotograndeguide.com\/es\/veterinarios-sotogrande\/\">veterinarios<\/a>, <a href=\"https:\/\/www.sotograndeguide.com\/es\/sotogrande-abogados\/\">abogados<\/a>proveedores de servicios profesionales y <a href=\"https:\/\/www.sotograndeguide.com\/es\/compras-en-sotogrande\/\">tiendas<\/a> con aut\u00e9nticas opiniones de clientes. La Gu\u00eda de Sotogrande ofrece noticias, eventos, cosas que hacer, consejos e historias.<\/p>\n<p>Invitamos a los residentes de Sotogrande, Guadiaro, Pueblo Nuevo de Guadiaro, Torreguadiaro y La Alcaidesa a contribuir a este proyecto mostrando sus historias, noticias, ofertas y conocimientos de Sotogrande. Animamos a nuestros lectores a compartir nuestros contenidos en las redes sociales, especialmente en Facebook, Twitter y LinkedIn.<\/p>\n<p>Tambi\u00e9n invitamos a todos los que viven en Sotogrande o sus alrededores a nuestra <a href=\"https:\/\/www.facebook.com\/groups\/sotogrande\/\" target=\"_blank\" rel=\"noopener noreferrer\">Tabl\u00f3n de anuncios de la Comunidad de Sotogrande<\/a> en Facebook.<\/p>\n<p>Si te gusta Sotogrande, ap\u00f3yanos d\u00e1ndonos a me gusta en <a href=\"https:\/\/www.facebook.com\/sotograndeguide\/\">Facebook<\/a>S\u00edganos en <a href=\"https:\/\/twitter.com\/sotograndeguide\">Twitter<\/a> y <a href=\"http:\/\/instagram.com\/sotograndeguide\">Instagram<\/a> y si est\u00e1 interesado en incluir su negocio o contribuir a la Gu\u00eda de Sotogrande, p\u00f3ngase en contacto con nosotros:<\/p>\n\n<div class=\"wpcf7 no-js\" id=\"wpcf7-f38-o1\" lang=\"en-US\" dir=\"ltr\" data-wpcf7-id=\"38\">\n<div class=\"screen-reader-response\"><p role=\"status\" aria-live=\"polite\" aria-atomic=\"true\"><\/p> <ul><\/ul><\/div>\n<form action=\"\/es\/wp-json\/wp\/v2\/pages\/44#wpcf7-f38-o1\" method=\"post\" class=\"wpcf7-form init\" aria-label=\"Formulario de contacto\" novalidate=\"novalidate\" data-status=\"init\" data-trp-original-action=\"\/es\/wp-json\/wp\/v2\/pages\/44#wpcf7-f38-o1\">\n<fieldset class=\"hidden-fields-container\"><input type=\"hidden\" name=\"_wpcf7\" value=\"38\" \/><input type=\"hidden\" name=\"_wpcf7_version\" value=\"6.1.5\" \/><input type=\"hidden\" name=\"_wpcf7_locale\" value=\"en_US\" \/><input type=\"hidden\" name=\"_wpcf7_unit_tag\" value=\"wpcf7-f38-o1\" \/><input type=\"hidden\" name=\"_wpcf7_container_post\" value=\"0\" \/><input type=\"hidden\" name=\"_wpcf7_posted_data_hash\" value=\"\" \/><input type=\"hidden\" name=\"_wpcf7_recaptcha_response\" value=\"\" \/>\n<\/fieldset>\n<div id=\"responsive-form\" class=\"clearfix\">\n\t<div class=\"form-row\">\n\t\t<div class=\"column-half\">\n\t\t\t<p><span class=\"wpcf7-form-control-wrap\" data-name=\"your-name\"><input size=\"40\" maxlength=\"400\" class=\"wpcf7-form-control wpcf7-text wpcf7-validates-as-required cf7r-fb-first-name\" aria-required=\"true\" aria-invalid=\"false\" placeholder=\"Nombre\" value=\"\" type=\"text\" name=\"your-name\" \/><\/span>\n\t\t\t<\/p>\n\t\t<\/div>\n\t\t<div class=\"column-half\">\n\t\t\t<p><span class=\"wpcf7-form-control-wrap\" data-name=\"your-surname\"><input size=\"40\" maxlength=\"400\" class=\"wpcf7-form-control wpcf7-text wpcf7-validates-as-required cf7r-fb-last-name\" aria-required=\"true\" aria-invalid=\"false\" placeholder=\"Apellido\" value=\"\" type=\"text\" name=\"your-surname\" \/><\/span>\n\t\t\t<\/p>\n\t\t<\/div>\n\t<\/div>\n\t<div class=\"form-row\">\n\t\t<div class=\"column-half\">\n\t\t\t<p><span class=\"wpcf7-form-control-wrap\" data-name=\"your-email\"><input size=\"40\" maxlength=\"400\" class=\"wpcf7-form-control wpcf7-email wpcf7-validates-as-required wpcf7-text wpcf7-validates-as-email cf7r-fb-email\" aria-required=\"true\" aria-invalid=\"false\" placeholder=\"Su correo electr\u00f3nico\" value=\"\" type=\"email\" name=\"your-email\" \/><\/span>\n\t\t\t<\/p>\n\t\t<\/div>\n\t\t<div class=\"column-half\">\n\t\t\t<p><span class=\"wpcf7-form-control-wrap your-tel\"><input class=\"wpcf7-form-control wpcf7-intl_tel wpcf7-intl-tel\" aria-invalid=\"false\" placeholder=\"Su tel\u00e9fono\" size=\"40\" value=\"\" type=\"tel\" name=\"your-tel-cf7it-national\" \/><input name=\"your-tel\" type=\"hidden\" class=\"wpcf7-intl-tel-full\" \/><input type=\"hidden\" name=\"your-tel-cf7it-country-name\" class=\"wpcf7-intl-tel-country-name\" \/><input type=\"hidden\" name=\"your-tel-cf7it-country-code\" class=\"wpcf7-intl-tel-country-code\" \/><\/span>\n\t\t\t<\/p>\n\t\t<\/div>\n\t<\/div>\n\t<div class=\"form-row\">\n\t\t<div class=\"column-full\">\n\t\t\t<p><span class=\"wpcf7-form-control-wrap\" data-name=\"your-message\"><textarea cols=\"10\" rows=\"10\" maxlength=\"2000\" class=\"wpcf7-form-control wpcf7-textarea\" aria-invalid=\"false\" placeholder=\"\u00bfTiene alguna pregunta o requisito espec\u00edfico? D\u00edganoslo aqu\u00ed...\" name=\"your-message\"><\/textarea><\/span>\n\t\t\t<\/p>\n\t\t<\/div>\n\t<\/div>\n\t<div class=\"form-row\">\n\t\t<div class=\"column-full\">\n\t\t\t<p><input class=\"wpcf7-form-control wpcf7-submit has-spinner\" type=\"submit\" value=\"Enviar mi solicitud ahora\" \/>\n\t\t\t<\/p>\n\t\t<\/div>\n\t<\/div>\n<\/div><!--end responsive-form-->\n<p style=\"text-align: center;\"><small>Este sitio est\u00e1 protegido por reCAPTCHA y por la pol\u00edtica de privacidad de Google. <a href=\"https:\/\/policies.google.com\/privacy\">Pol\u00edtica de privacidad<\/a> y <a href=\"https:\/\/policies.google.com\/terms\">Condiciones de uso<\/a> aplicar.<\/small>\n<\/p><div class=\"wpcf7-response-output\" aria-hidden=\"true\"><\/div>\n<input type=\"hidden\" name=\"trp-form-language\" value=\"es\"\/><\/form>\n<\/div>","protected":false},"excerpt":{"rendered":"<p>La Gu\u00eda de Sotogrande es un portal comunitario con contenido fresco y valioso para particulares, parejas y familias que viven o trabajan en Sotogrande y para todos aquellos de todo el mundo que est\u00e1n considerando mudarse o invertir en Sotogrande. Nuestra gu\u00eda incluye negocios locales como cafeter\u00edas, bares y restaurantes, hoteles, farmacias, arquitectos, escuelas, peluquer\u00edas, veterinarios, abogados, ... <a title=\"Acerca de\" class=\"read-more\" href=\"https:\/\/www.sotograndeguide.com\/es\/about\/\" aria-label=\"Leer m\u00e1s sobre Acerca de\">Leer m\u00e1s<\/a><\/p>","protected":false},"author":1,"featured_media":0,"parent":0,"menu_order":0,"comment_status":"closed","ping_status":"closed","template":"","meta":{"footnotes":""},"class_list":["post-44","page","type-page","status-publish"],"yoast_head":"<!-- This site is optimized with the Yoast SEO Premium plugin v20.5 (Yoast SEO v27.4) - https:\/\/yoast.com\/product\/yoast-seo-premium-wordpress\/ -->\n<title>About<\/title>\n<meta name=\"robots\" content=\"index, follow, max-snippet:-1, max-image-preview:large, max-video-preview:-1\" \/>\n<link rel=\"canonical\" href=\"https:\/\/www.sotograndeguide.com\/es\/acerca-de\/\" \/>\n<meta property=\"og:locale\" content=\"es_ES\" \/>\n<meta property=\"og:type\" content=\"article\" \/>\n<meta property=\"og:title\" content=\"About\" \/>\n<meta property=\"og:description\" content=\"Sotogrande Guide is a community portal with fresh, value packed content for individuals, couples and families living or working in Sotogrande and for all those from around the world that are considering moving to or investing in Sotogrande. Our guide features local businesses including cafes, bars and restaurants, hotels, pharmacies, architects, schools, hairdressers, veterinarians, lawyers, ... Leer m\u00e1s\" \/>\n<meta property=\"og:url\" content=\"https:\/\/www.sotograndeguide.com\/es\/acerca-de\/\" \/>\n<meta property=\"og:site_name\" content=\"Sotogrande Guide\" \/>\n<meta property=\"article:publisher\" content=\"https:\/\/www.facebook.com\/sotograndeguide\" \/>\n<meta property=\"article:modified_time\" content=\"2021-04-22T11:42:36+00:00\" \/>\n<meta property=\"og:image\" content=\"https:\/\/www.sotograndeguide.com\/wp-content\/uploads\/2017\/03\/Sotogrande-Logo-GUIDE.png\" \/>\n\t<meta property=\"og:image:width\" content=\"300\" \/>\n\t<meta property=\"og:image:height\" content=\"300\" \/>\n\t<meta property=\"og:image:type\" content=\"image\/png\" \/>\n<meta name=\"twitter:card\" content=\"summary_large_image\" \/>\n<meta name=\"twitter:site\" content=\"@sotograndeguide\" \/>\n<meta name=\"twitter:label1\" content=\"Tiempo de lectura\" \/>\n\t<meta name=\"twitter:data1\" content=\"1 minuto\" \/>\n<!-- \/ Yoast SEO Premium plugin. -->","yoast_head_json":{"title":"Acerca de","robots":{"index":"index","follow":"follow","max-snippet":"max-snippet:-1","max-image-preview":"max-image-preview:large","max-video-preview":"max-video-preview:-1"},"canonical":"https:\/\/www.sotograndeguide.com\/es\/acerca-de\/","og_locale":"es_ES","og_type":"article","og_title":"About","og_description":"Sotogrande Guide is a community portal with fresh, value packed content for individuals, couples and families living or working in Sotogrande and for all those from around the world that are considering moving to or investing in Sotogrande. Our guide features local businesses including cafes, bars and restaurants, hotels, pharmacies, architects, schools, hairdressers, veterinarians, lawyers, ... Leer m\u00e1s","og_url":"https:\/\/www.sotograndeguide.com\/es\/acerca-de\/","og_site_name":"Sotogrande Guide","article_publisher":"https:\/\/www.facebook.com\/sotograndeguide","article_modified_time":"2021-04-22T11:42:36+00:00","og_image":[{"width":300,"height":300,"url":"https:\/\/www.sotograndeguide.com\/wp-content\/uploads\/2017\/03\/Sotogrande-Logo-GUIDE.png","type":"image\/png"}],"twitter_card":"summary_large_image","twitter_site":"@sotograndeguide","twitter_misc":{"Tiempo de lectura":"1 minuto"},"schema":{"@context":"https:\/\/schema.org","@graph":[{"@type":"WebPage","@id":"https:\/\/www.sotograndeguide.com\/about\/","url":"https:\/\/www.sotograndeguide.com\/about\/","name":"Acerca de","isPartOf":{"@id":"https:\/\/www.sotograndeguide.com\/#website"},"datePublished":"2017-01-30T14:53:49+00:00","dateModified":"2021-04-22T11:42:36+00:00","breadcrumb":{"@id":"https:\/\/www.sotograndeguide.com\/about\/#breadcrumb"},"inLanguage":"es","potentialAction":[{"@type":"ReadAction","target":["https:\/\/www.sotograndeguide.com\/about\/"]}]},{"@type":"BreadcrumbList","@id":"https:\/\/www.sotograndeguide.com\/about\/#breadcrumb","itemListElement":[{"@type":"ListItem","position":1,"name":"Home","item":"https:\/\/www.sotograndeguide.com\/"},{"@type":"ListItem","position":2,"name":"About"}]},{"@type":"WebSite","@id":"https:\/\/www.sotograndeguide.com\/#website","url":"https:\/\/www.sotograndeguide.com\/","name":"Gu\u00eda de Sotogrande","description":"Noticias, consejos, eventos y rese\u00f1as","publisher":{"@id":"https:\/\/www.sotograndeguide.com\/#organization"},"potentialAction":[{"@type":"SearchAction","target":{"@type":"EntryPoint","urlTemplate":"https:\/\/www.sotograndeguide.com\/?s={search_term_string}"},"query-input":{"@type":"PropertyValueSpecification","valueRequired":true,"valueName":"search_term_string"}}],"inLanguage":"es"},{"@type":"Organization","@id":"https:\/\/www.sotograndeguide.com\/#organization","name":"Gu\u00eda de Sotogrande","url":"https:\/\/www.sotograndeguide.com\/","logo":{"@type":"ImageObject","inLanguage":"es","@id":"https:\/\/www.sotograndeguide.com\/#\/schema\/logo\/image\/","url":"https:\/\/www.sotograndeguide.com\/wp-content\/uploads\/2017\/03\/Sotogrande-Logo-GUIDE.png","contentUrl":"https:\/\/www.sotograndeguide.com\/wp-content\/uploads\/2017\/03\/Sotogrande-Logo-GUIDE.png","width":300,"height":300,"caption":"Sotogrande Guide"},"image":{"@id":"https:\/\/www.sotograndeguide.com\/#\/schema\/logo\/image\/"},"sameAs":["https:\/\/www.facebook.com\/sotograndeguide","https:\/\/x.com\/sotograndeguide","https:\/\/www.tiktok.com\/@sotograndeguide","https:\/\/www.youtube.com\/@SotograndeGuide"]}]}},"jetpack_sharing_enabled":true,"_links":{"self":[{"href":"https:\/\/www.sotograndeguide.com\/es\/wp-json\/wp\/v2\/pages\/44","targetHints":{"allow":["GET"]}}],"collection":[{"href":"https:\/\/www.sotograndeguide.com\/es\/wp-json\/wp\/v2\/pages"}],"about":[{"href":"https:\/\/www.sotograndeguide.com\/es\/wp-json\/wp\/v2\/types\/page"}],"author":[{"embeddable":true,"href":"https:\/\/www.sotograndeguide.com\/es\/wp-json\/wp\/v2\/users\/1"}],"replies":[{"embeddable":true,"href":"https:\/\/www.sotograndeguide.com\/es\/wp-json\/wp\/v2\/comments?post=44"}],"version-history":[{"count":0,"href":"https:\/\/www.sotograndeguide.com\/es\/wp-json\/wp\/v2\/pages\/44\/revisions"}],"wp:attachment":[{"href":"https:\/\/www.sotograndeguide.com\/es\/wp-json\/wp\/v2\/media?parent=44"}],"curies":[{"name":"wp","href":"https:\/\/api.w.org\/{rel}","templated":true}]}}