{"id":36111,"date":"2024-01-02T13:44:36","date_gmt":"2024-01-02T13:44:36","guid":{"rendered":"https:\/\/www.sotograndeguide.com\/?page_id=36111"},"modified":"2024-01-19T11:47:49","modified_gmt":"2024-01-19T11:47:49","slug":"diseno-secuoya-azul","status":"publish","type":"page","link":"https:\/\/www.sotograndeguide.com\/es\/sotogrande-directory\/blue-sequoia-design\/","title":{"rendered":"Dise\u00f1o Blue Sequoia"},"content":{"rendered":"<p>Blue Sequoia Design es un servicio de dise\u00f1o gr\u00e1fico e ilustraci\u00f3n con sede en Sotogrande. \u00a1Eleve su marca con Blue Sequoia Design! Especializados en branding, ilustraci\u00f3n, impresi\u00f3n, carteler\u00eda y dise\u00f1o de packaging, hemos colaborado con varios negocios locales en la Costa del Sol para dar vida a sus visiones. \u00bfListo para dejar tu huella? Echa un vistazo a nuestra p\u00e1gina web para conocer nuestro mundo creativo y \u00a1creemos algo incre\u00edble juntos!<\/p>\n<div id='gallery-1' class='gallery galleryid-36111 gallery-columns-2 gallery-size-medium'><figure class='gallery-item'>\n\t\t\t<div class='gallery-icon portrait'>\n\t\t\t\t<a href='https:\/\/www.sotograndeguide.com\/wp-content\/uploads\/2024\/01\/Christmas2-01.png'><img decoding=\"async\" width=\"212\" height=\"300\" src=\"https:\/\/www.sotograndeguide.com\/wp-content\/uploads\/2024\/01\/Christmas2-01-212x300.png\" class=\"attachment-medium size-medium\" alt=\"\" srcset=\"https:\/\/www.sotograndeguide.com\/wp-content\/uploads\/2024\/01\/Christmas2-01-212x300.png 212w, https:\/\/www.sotograndeguide.com\/wp-content\/uploads\/2024\/01\/Christmas2-01-724x1024.png 724w, https:\/\/www.sotograndeguide.com\/wp-content\/uploads\/2024\/01\/Christmas2-01-768x1086.png 768w, https:\/\/www.sotograndeguide.com\/wp-content\/uploads\/2024\/01\/Christmas2-01-1086x1536.png 1086w, https:\/\/www.sotograndeguide.com\/wp-content\/uploads\/2024\/01\/Christmas2-01-1448x2048.png 1448w\" sizes=\"(max-width: 212px) 100vw, 212px\" \/><\/a>\n\t\t\t<\/div><\/figure><figure class='gallery-item'>\n\t\t\t<div class='gallery-icon portrait'>\n\t\t\t\t<a href='https:\/\/www.sotograndeguide.com\/wp-content\/uploads\/2024\/01\/Jam-Poster-TG.png'><img decoding=\"async\" width=\"212\" height=\"300\" src=\"https:\/\/www.sotograndeguide.com\/wp-content\/uploads\/2024\/01\/Jam-Poster-TG-212x300.png\" class=\"attachment-medium size-medium\" alt=\"\" srcset=\"https:\/\/www.sotograndeguide.com\/wp-content\/uploads\/2024\/01\/Jam-Poster-TG-212x300.png 212w, https:\/\/www.sotograndeguide.com\/wp-content\/uploads\/2024\/01\/Jam-Poster-TG-724x1024.png 724w, https:\/\/www.sotograndeguide.com\/wp-content\/uploads\/2024\/01\/Jam-Poster-TG-768x1086.png 768w, https:\/\/www.sotograndeguide.com\/wp-content\/uploads\/2024\/01\/Jam-Poster-TG-1086x1536.png 1086w, https:\/\/www.sotograndeguide.com\/wp-content\/uploads\/2024\/01\/Jam-Poster-TG-1448x2048.png 1448w\" sizes=\"(max-width: 212px) 100vw, 212px\" \/><\/a>\n\t\t\t<\/div><\/figure>\n\t\t<\/div>\n\n<p><strong>Dise\u00f1o Blue Sequoia<\/strong><br \/>\nTel\u00e9fono: <a href=\"tel:+34655265323\">655265323<\/a><\/p>","protected":false},"excerpt":{"rendered":"<p>Blue Sequoia Design es un servicio de dise\u00f1o gr\u00e1fico e ilustraci\u00f3n con sede en Sotogrande. \u00a1Eleve su marca con Blue Sequoia Design! Especializados en branding, ilustraci\u00f3n, impresi\u00f3n, carteler\u00eda y dise\u00f1o de packaging, hemos colaborado con varios negocios locales en la Costa del Sol para dar vida a sus visiones. \u00bfListo para dejar tu huella? Echa un vistazo a nuestra p\u00e1gina web ... <a title=\"Dise\u00f1o Blue Sequoia\" class=\"read-more\" href=\"https:\/\/www.sotograndeguide.com\/es\/sotogrande-directory\/blue-sequoia-design\/\" aria-label=\"Leer m\u00e1s sobre Blue Sequoia Design\">Leer m\u00e1s<\/a><\/p>","protected":false},"author":1,"featured_media":36120,"parent":35158,"menu_order":0,"comment_status":"closed","ping_status":"closed","template":"","meta":{"footnotes":""},"class_list":["post-36111","page","type-page","status-publish","has-post-thumbnail"],"yoast_head":"<!-- This site is optimized with the Yoast SEO Premium plugin v20.5 (Yoast SEO v27.3) - https:\/\/yoast.com\/product\/yoast-seo-premium-wordpress\/ -->\n<title>Blue Sequoia Design<\/title>\n<meta name=\"robots\" content=\"index, follow, max-snippet:-1, max-image-preview:large, max-video-preview:-1\" \/>\n<link rel=\"canonical\" href=\"https:\/\/www.sotograndeguide.com\/es\/directorio-de-sotogrande\/diseno-secuoya-azul\/\" \/>\n<meta property=\"og:locale\" content=\"es_ES\" \/>\n<meta property=\"og:type\" content=\"article\" \/>\n<meta property=\"og:title\" content=\"Blue Sequoia Design\" \/>\n<meta property=\"og:description\" content=\"Blue Sequoia Design is Graphic Design\/Illustration Service based in Sotogrande. Elevate Your Brand with Blue Sequoia Design! Specializing in branding, illustration, print, poster and package design, we&#8217;ve collaborated with various local businesses in the Costa Del Sol to bring their visions to life! Ready to make your mark? Check out our website for a glimpse ... Leer m\u00e1s\" \/>\n<meta property=\"og:url\" content=\"https:\/\/www.sotograndeguide.com\/es\/directorio-de-sotogrande\/diseno-secuoya-azul\/\" \/>\n<meta property=\"og:site_name\" content=\"Sotogrande Guide\" \/>\n<meta property=\"article:publisher\" content=\"https:\/\/www.facebook.com\/sotograndeguide\" \/>\n<meta property=\"article:modified_time\" content=\"2024-01-19T11:47:49+00:00\" \/>\n<meta property=\"og:image\" content=\"https:\/\/www.sotograndeguide.com\/wp-content\/uploads\/2024\/01\/Graphic-Design-scaled.jpg\" \/>\n\t<meta property=\"og:image:width\" content=\"2560\" \/>\n\t<meta property=\"og:image:height\" content=\"1404\" \/>\n\t<meta property=\"og:image:type\" content=\"image\/jpeg\" \/>\n<meta name=\"twitter:card\" content=\"summary_large_image\" \/>\n<meta name=\"twitter:site\" content=\"@sotograndeguide\" \/>\n<meta name=\"twitter:label1\" content=\"Tiempo de lectura\" \/>\n\t<meta name=\"twitter:data1\" content=\"1 minuto\" \/>\n<!-- \/ Yoast SEO Premium plugin. -->","yoast_head_json":{"title":"Dise\u00f1o Blue Sequoia","robots":{"index":"index","follow":"follow","max-snippet":"max-snippet:-1","max-image-preview":"max-image-preview:large","max-video-preview":"max-video-preview:-1"},"canonical":"https:\/\/www.sotograndeguide.com\/es\/directorio-de-sotogrande\/diseno-secuoya-azul\/","og_locale":"es_ES","og_type":"article","og_title":"Blue Sequoia Design","og_description":"Blue Sequoia Design is Graphic Design\/Illustration Service based in Sotogrande. Elevate Your Brand with Blue Sequoia Design! Specializing in branding, illustration, print, poster and package design, we&#8217;ve collaborated with various local businesses in the Costa Del Sol to bring their visions to life! Ready to make your mark? Check out our website for a glimpse ... Leer m\u00e1s","og_url":"https:\/\/www.sotograndeguide.com\/es\/directorio-de-sotogrande\/diseno-secuoya-azul\/","og_site_name":"Sotogrande Guide","article_publisher":"https:\/\/www.facebook.com\/sotograndeguide","article_modified_time":"2024-01-19T11:47:49+00:00","og_image":[{"width":2560,"height":1404,"url":"https:\/\/www.sotograndeguide.com\/wp-content\/uploads\/2024\/01\/Graphic-Design-scaled.jpg","type":"image\/jpeg"}],"twitter_card":"summary_large_image","twitter_site":"@sotograndeguide","twitter_misc":{"Tiempo de lectura":"1 minuto"},"schema":{"@context":"https:\/\/schema.org","@graph":[{"@type":"WebPage","@id":"https:\/\/www.sotograndeguide.com\/sotogrande-directory\/blue-sequoia-design\/","url":"https:\/\/www.sotograndeguide.com\/sotogrande-directory\/blue-sequoia-design\/","name":"Dise\u00f1o Blue Sequoia","isPartOf":{"@id":"https:\/\/www.sotograndeguide.com\/#website"},"primaryImageOfPage":{"@id":"https:\/\/www.sotograndeguide.com\/sotogrande-directory\/blue-sequoia-design\/#primaryimage"},"image":{"@id":"https:\/\/www.sotograndeguide.com\/sotogrande-directory\/blue-sequoia-design\/#primaryimage"},"thumbnailUrl":"https:\/\/www.sotograndeguide.com\/wp-content\/uploads\/2024\/01\/Graphic-Design-scaled.jpg","datePublished":"2024-01-02T13:44:36+00:00","dateModified":"2024-01-19T11:47:49+00:00","breadcrumb":{"@id":"https:\/\/www.sotograndeguide.com\/sotogrande-directory\/blue-sequoia-design\/#breadcrumb"},"inLanguage":"es","potentialAction":[{"@type":"ReadAction","target":["https:\/\/www.sotograndeguide.com\/sotogrande-directory\/blue-sequoia-design\/"]}]},{"@type":"ImageObject","inLanguage":"es","@id":"https:\/\/www.sotograndeguide.com\/sotogrande-directory\/blue-sequoia-design\/#primaryimage","url":"https:\/\/www.sotograndeguide.com\/wp-content\/uploads\/2024\/01\/Graphic-Design-scaled.jpg","contentUrl":"https:\/\/www.sotograndeguide.com\/wp-content\/uploads\/2024\/01\/Graphic-Design-scaled.jpg","width":2560,"height":1404,"caption":"Graphic Design in Sotogrande"},{"@type":"BreadcrumbList","@id":"https:\/\/www.sotograndeguide.com\/sotogrande-directory\/blue-sequoia-design\/#breadcrumb","itemListElement":[{"@type":"ListItem","position":1,"name":"Home","item":"https:\/\/www.sotograndeguide.com\/"},{"@type":"ListItem","position":2,"name":"Sotogrande Directory","item":"https:\/\/www.sotograndeguide.com\/sotogrande-directory\/"},{"@type":"ListItem","position":3,"name":"Blue Sequoia Design"}]},{"@type":"WebSite","@id":"https:\/\/www.sotograndeguide.com\/#website","url":"https:\/\/www.sotograndeguide.com\/","name":"Gu\u00eda de Sotogrande","description":"Noticias, consejos, eventos y rese\u00f1as","publisher":{"@id":"https:\/\/www.sotograndeguide.com\/#organization"},"potentialAction":[{"@type":"SearchAction","target":{"@type":"EntryPoint","urlTemplate":"https:\/\/www.sotograndeguide.com\/?s={search_term_string}"},"query-input":{"@type":"PropertyValueSpecification","valueRequired":true,"valueName":"search_term_string"}}],"inLanguage":"es"},{"@type":"Organization","@id":"https:\/\/www.sotograndeguide.com\/#organization","name":"Gu\u00eda de Sotogrande","url":"https:\/\/www.sotograndeguide.com\/","logo":{"@type":"ImageObject","inLanguage":"es","@id":"https:\/\/www.sotograndeguide.com\/#\/schema\/logo\/image\/","url":"https:\/\/www.sotograndeguide.com\/wp-content\/uploads\/2017\/03\/Sotogrande-Logo-GUIDE.png","contentUrl":"https:\/\/www.sotograndeguide.com\/wp-content\/uploads\/2017\/03\/Sotogrande-Logo-GUIDE.png","width":300,"height":300,"caption":"Sotogrande Guide"},"image":{"@id":"https:\/\/www.sotograndeguide.com\/#\/schema\/logo\/image\/"},"sameAs":["https:\/\/www.facebook.com\/sotograndeguide","https:\/\/x.com\/sotograndeguide","https:\/\/www.tiktok.com\/@sotograndeguide","https:\/\/www.youtube.com\/@SotograndeGuide"]}]}},"jetpack_sharing_enabled":true,"_links":{"self":[{"href":"https:\/\/www.sotograndeguide.com\/es\/wp-json\/wp\/v2\/pages\/36111","targetHints":{"allow":["GET"]}}],"collection":[{"href":"https:\/\/www.sotograndeguide.com\/es\/wp-json\/wp\/v2\/pages"}],"about":[{"href":"https:\/\/www.sotograndeguide.com\/es\/wp-json\/wp\/v2\/types\/page"}],"author":[{"embeddable":true,"href":"https:\/\/www.sotograndeguide.com\/es\/wp-json\/wp\/v2\/users\/1"}],"replies":[{"embeddable":true,"href":"https:\/\/www.sotograndeguide.com\/es\/wp-json\/wp\/v2\/comments?post=36111"}],"version-history":[{"count":0,"href":"https:\/\/www.sotograndeguide.com\/es\/wp-json\/wp\/v2\/pages\/36111\/revisions"}],"up":[{"embeddable":true,"href":"https:\/\/www.sotograndeguide.com\/es\/wp-json\/wp\/v2\/pages\/35158"}],"wp:featuredmedia":[{"embeddable":true,"href":"https:\/\/www.sotograndeguide.com\/es\/wp-json\/wp\/v2\/media\/36120"}],"wp:attachment":[{"href":"https:\/\/www.sotograndeguide.com\/es\/wp-json\/wp\/v2\/media?parent=36111"}],"curies":[{"name":"wp","href":"https:\/\/api.w.org\/{rel}","templated":true}]}}