{"id":35884,"date":"2023-04-17T10:26:20","date_gmt":"2023-04-17T10:26:20","guid":{"rendered":"https:\/\/www.sotograndeguide.com\/?page_id=35884"},"modified":"2025-01-20T11:20:08","modified_gmt":"2025-01-20T11:20:08","slug":"resumen","status":"publish","type":"page","link":"https:\/\/www.sotograndeguide.com\/es\/sotogrande-restaurants\/summum\/","title":{"rendered":"Summum Torreguadiaro"},"content":{"rendered":"<p><strong>Summum Torreguadiaro: Una experiencia culinaria de primera junto a Sotogrande.<\/strong><\/p>\n<p>Summum Torreguadiaro, un destino gastron\u00f3mico excepcional, se ha ganado r\u00e1pidamente el reconocimiento como establecimiento de visita obligada en la zona de Sotogrande. El restaurante Summum de Torreguadiaro, inaugurado por el prestigioso grupo responsable de Las Brisas en La L\u00ednea de la Concepci\u00f3n, combina a la perfecci\u00f3n innovaci\u00f3n, tradici\u00f3n y sabores exquisitos para ofrecer una experiencia culinaria inolvidable. Este vers\u00e1til establecimiento est\u00e1 cuidadosamente dividido en dos espacios distintos para atender a una gran variedad de preferencias gastron\u00f3micas.<\/p>\n<p>Por un lado, la <strong>zona de restaurante<\/strong> se especializa en carnes curadas, ofreciendo una tentadora selecci\u00f3n de cortes y razas que se preparan expertamente a la parrilla para resaltar sus sabores \u00fanicos. Junto a estas delicias a la parrilla, el restaurante sirve una gran variedad de platos de inspiraci\u00f3n mediterr\u00e1nea elaborados con los mejores ingredientes de temporada, mostrando el rico patrimonio culinario de la regi\u00f3n.<\/p>\n<p>Por otra parte, el <strong>espacio gastrotapas<\/strong> invita a los clientes a disfrutar de una experiencia gastron\u00f3mica m\u00e1s informal pero igualmente refinada. Aqu\u00ed, la atenci\u00f3n se centra en las \"gastrotapas\", una versi\u00f3n moderna de las tapas tradicionales con un toque creativo. El men\u00fa se inspira en la cocina de mercado local, mezclando h\u00e1bilmente recetas cl\u00e1sicas con atrevidos elementos de fusi\u00f3n de autor para deleitar el paladar.<\/p>\n<p>Tanto si le apetece una buena comida mediterr\u00e1nea como una selecci\u00f3n de tapas innovadoras, Summum Sotogrande promete una experiencia gastron\u00f3mica para todos los gustos. El establecimiento ofrece un ambiente elegante y acogedor, completado con una amplia terraza que permite a los hu\u00e9spedes disfrutar de sus comidas en un ambiente relajado al aire libre. Con una capacidad total de aproximadamente 120 personas, Summum Sotogrande es el lugar perfecto para reuniones \u00edntimas, comidas familiares o celebraciones.<\/p>\n<p>Para aquellos que buscan una comida excepcional y un servicio impecable en un ambiente vibrante pero elegante, Summum Sotogrande destaca como una joya culinaria en la escena gastron\u00f3mica de Sotogrande. Visite Summum Sotogrande hoy mismo para disfrutar de un viaje gastron\u00f3mico sin igual.<\/p>\n<p><strong>Restaurante Summum<\/strong><br \/>\nCocina: Internacional, Carne, Parrilla<br \/>\nDirecci\u00f3n: Av. Mar del Sur, 86, 11312 Torreguadiaro<br \/>\nTel\u00e9fono: <a href=\"tel:+34956067559\">956067559<\/a><\/p>","protected":false},"excerpt":{"rendered":"<p>Summum Torreguadiaro: Una experiencia culinaria de primera junto a Sotogrande. Summum Torreguadiaro, un destino gastron\u00f3mico excepcional, se ha ganado r\u00e1pidamente el reconocimiento como establecimiento de visita obligada en la zona de Sotogrande. Abierto por el renombrado grupo que est\u00e1 detr\u00e1s de Las Brisas en La L\u00ednea de la Concepci\u00f3n, el restaurante Summum de Torreguadiaro re\u00fane una mezcla perfecta de innovaci\u00f3n, tradici\u00f3n y exquisitez ... <a title=\"Summum Torreguadiaro\" class=\"read-more\" href=\"https:\/\/www.sotograndeguide.com\/es\/sotogrande-restaurants\/summum\/\" aria-label=\"Leer m\u00e1s sobre Summum Torreguadiaro\">Leer m\u00e1s<\/a><\/p>","protected":false},"author":1,"featured_media":35886,"parent":91,"menu_order":0,"comment_status":"closed","ping_status":"closed","template":"","meta":{"footnotes":""},"class_list":["post-35884","page","type-page","status-publish","has-post-thumbnail"],"yoast_head":"<!-- This site is optimized with the Yoast SEO Premium plugin v20.5 (Yoast SEO v27.4) - https:\/\/yoast.com\/product\/yoast-seo-premium-wordpress\/ -->\n<title>Summum Torreguadiaro<\/title>\n<meta name=\"robots\" content=\"index, follow, max-snippet:-1, max-image-preview:large, max-video-preview:-1\" \/>\n<link rel=\"canonical\" href=\"https:\/\/www.sotograndeguide.com\/es\/restaurantes-sotogrande\/resumen\/\" \/>\n<meta property=\"og:locale\" content=\"es_ES\" \/>\n<meta property=\"og:type\" content=\"article\" \/>\n<meta property=\"og:title\" content=\"Summum Torreguadiaro\" \/>\n<meta property=\"og:description\" content=\"Summum Torreguadiaro: A Premier Culinary Experience next to Sotogrande. Summum Torreguadiaro, an exceptional dining destination, has quickly gained recognition as a must-visit establishment in the Sotogrande area. Opened by the renowned group behind Las Brisas in La L\u00ednea de la Concepci\u00f3n, Summum Restaurant in Torreguadiaro brings together a perfect blend of innovation, tradition, and exquisite ... Leer m\u00e1s\" \/>\n<meta property=\"og:url\" content=\"https:\/\/www.sotograndeguide.com\/es\/restaurantes-sotogrande\/resumen\/\" \/>\n<meta property=\"og:site_name\" content=\"Sotogrande Guide\" \/>\n<meta property=\"article:publisher\" content=\"https:\/\/www.facebook.com\/sotograndeguide\" \/>\n<meta property=\"article:modified_time\" content=\"2025-01-20T11:20:08+00:00\" \/>\n<meta property=\"og:image\" content=\"https:\/\/www.sotograndeguide.com\/wp-content\/uploads\/2023\/04\/Summum-Torregudiaro-Restaurant.jpg\" \/>\n\t<meta property=\"og:image:width\" content=\"1040\" \/>\n\t<meta property=\"og:image:height\" content=\"780\" \/>\n\t<meta property=\"og:image:type\" content=\"image\/jpeg\" \/>\n<meta name=\"twitter:card\" content=\"summary_large_image\" \/>\n<meta name=\"twitter:site\" content=\"@sotograndeguide\" \/>\n<meta name=\"twitter:label1\" content=\"Tiempo de lectura\" \/>\n\t<meta name=\"twitter:data1\" content=\"2 minutos\" \/>\n<!-- \/ Yoast SEO Premium plugin. -->","yoast_head_json":{"title":"Summum Torreguadiaro","robots":{"index":"index","follow":"follow","max-snippet":"max-snippet:-1","max-image-preview":"max-image-preview:large","max-video-preview":"max-video-preview:-1"},"canonical":"https:\/\/www.sotograndeguide.com\/es\/restaurantes-sotogrande\/resumen\/","og_locale":"es_ES","og_type":"article","og_title":"Summum Torreguadiaro","og_description":"Summum Torreguadiaro: A Premier Culinary Experience next to Sotogrande. Summum Torreguadiaro, an exceptional dining destination, has quickly gained recognition as a must-visit establishment in the Sotogrande area. Opened by the renowned group behind Las Brisas in La L\u00ednea de la Concepci\u00f3n, Summum Restaurant in Torreguadiaro brings together a perfect blend of innovation, tradition, and exquisite ... Leer m\u00e1s","og_url":"https:\/\/www.sotograndeguide.com\/es\/restaurantes-sotogrande\/resumen\/","og_site_name":"Sotogrande Guide","article_publisher":"https:\/\/www.facebook.com\/sotograndeguide","article_modified_time":"2025-01-20T11:20:08+00:00","og_image":[{"width":1040,"height":780,"url":"https:\/\/www.sotograndeguide.com\/wp-content\/uploads\/2023\/04\/Summum-Torregudiaro-Restaurant.jpg","type":"image\/jpeg"}],"twitter_card":"summary_large_image","twitter_site":"@sotograndeguide","twitter_misc":{"Tiempo de lectura":"2 minutos"},"schema":{"@context":"https:\/\/schema.org","@graph":[{"@type":"WebPage","@id":"https:\/\/www.sotograndeguide.com\/sotogrande-restaurants\/summum\/","url":"https:\/\/www.sotograndeguide.com\/sotogrande-restaurants\/summum\/","name":"Summum Torreguadiaro","isPartOf":{"@id":"https:\/\/www.sotograndeguide.com\/#website"},"primaryImageOfPage":{"@id":"https:\/\/www.sotograndeguide.com\/sotogrande-restaurants\/summum\/#primaryimage"},"image":{"@id":"https:\/\/www.sotograndeguide.com\/sotogrande-restaurants\/summum\/#primaryimage"},"thumbnailUrl":"https:\/\/www.sotograndeguide.com\/wp-content\/uploads\/2023\/04\/Summum-Torregudiaro-Restaurant.jpg","datePublished":"2023-04-17T10:26:20+00:00","dateModified":"2025-01-20T11:20:08+00:00","breadcrumb":{"@id":"https:\/\/www.sotograndeguide.com\/sotogrande-restaurants\/summum\/#breadcrumb"},"inLanguage":"es","potentialAction":[{"@type":"ReadAction","target":["https:\/\/www.sotograndeguide.com\/sotogrande-restaurants\/summum\/"]}]},{"@type":"ImageObject","inLanguage":"es","@id":"https:\/\/www.sotograndeguide.com\/sotogrande-restaurants\/summum\/#primaryimage","url":"https:\/\/www.sotograndeguide.com\/wp-content\/uploads\/2023\/04\/Summum-Torregudiaro-Restaurant.jpg","contentUrl":"https:\/\/www.sotograndeguide.com\/wp-content\/uploads\/2023\/04\/Summum-Torregudiaro-Restaurant.jpg","width":1040,"height":780,"caption":"Summum Restaurant"},{"@type":"BreadcrumbList","@id":"https:\/\/www.sotograndeguide.com\/sotogrande-restaurants\/summum\/#breadcrumb","itemListElement":[{"@type":"ListItem","position":1,"name":"Home","item":"https:\/\/www.sotograndeguide.com\/"},{"@type":"ListItem","position":2,"name":"Sotogrande Restaurants","item":"https:\/\/www.sotograndeguide.com\/sotogrande-restaurants\/"},{"@type":"ListItem","position":3,"name":"Summum Torreguadiaro"}]},{"@type":"WebSite","@id":"https:\/\/www.sotograndeguide.com\/#website","url":"https:\/\/www.sotograndeguide.com\/","name":"Gu\u00eda de Sotogrande","description":"Noticias, consejos, eventos y rese\u00f1as","publisher":{"@id":"https:\/\/www.sotograndeguide.com\/#organization"},"potentialAction":[{"@type":"SearchAction","target":{"@type":"EntryPoint","urlTemplate":"https:\/\/www.sotograndeguide.com\/?s={search_term_string}"},"query-input":{"@type":"PropertyValueSpecification","valueRequired":true,"valueName":"search_term_string"}}],"inLanguage":"es"},{"@type":"Organization","@id":"https:\/\/www.sotograndeguide.com\/#organization","name":"Gu\u00eda de Sotogrande","url":"https:\/\/www.sotograndeguide.com\/","logo":{"@type":"ImageObject","inLanguage":"es","@id":"https:\/\/www.sotograndeguide.com\/#\/schema\/logo\/image\/","url":"https:\/\/www.sotograndeguide.com\/wp-content\/uploads\/2017\/03\/Sotogrande-Logo-GUIDE.png","contentUrl":"https:\/\/www.sotograndeguide.com\/wp-content\/uploads\/2017\/03\/Sotogrande-Logo-GUIDE.png","width":300,"height":300,"caption":"Sotogrande Guide"},"image":{"@id":"https:\/\/www.sotograndeguide.com\/#\/schema\/logo\/image\/"},"sameAs":["https:\/\/www.facebook.com\/sotograndeguide","https:\/\/x.com\/sotograndeguide","https:\/\/www.tiktok.com\/@sotograndeguide","https:\/\/www.youtube.com\/@SotograndeGuide"]}]}},"jetpack_sharing_enabled":true,"_links":{"self":[{"href":"https:\/\/www.sotograndeguide.com\/es\/wp-json\/wp\/v2\/pages\/35884","targetHints":{"allow":["GET"]}}],"collection":[{"href":"https:\/\/www.sotograndeguide.com\/es\/wp-json\/wp\/v2\/pages"}],"about":[{"href":"https:\/\/www.sotograndeguide.com\/es\/wp-json\/wp\/v2\/types\/page"}],"author":[{"embeddable":true,"href":"https:\/\/www.sotograndeguide.com\/es\/wp-json\/wp\/v2\/users\/1"}],"replies":[{"embeddable":true,"href":"https:\/\/www.sotograndeguide.com\/es\/wp-json\/wp\/v2\/comments?post=35884"}],"version-history":[{"count":0,"href":"https:\/\/www.sotograndeguide.com\/es\/wp-json\/wp\/v2\/pages\/35884\/revisions"}],"up":[{"embeddable":true,"href":"https:\/\/www.sotograndeguide.com\/es\/wp-json\/wp\/v2\/pages\/91"}],"wp:featuredmedia":[{"embeddable":true,"href":"https:\/\/www.sotograndeguide.com\/es\/wp-json\/wp\/v2\/media\/35886"}],"wp:attachment":[{"href":"https:\/\/www.sotograndeguide.com\/es\/wp-json\/wp\/v2\/media?parent=35884"}],"curies":[{"name":"wp","href":"https:\/\/api.w.org\/{rel}","templated":true}]}}