{"id":35879,"date":"2023-04-17T10:17:47","date_gmt":"2023-04-17T10:17:47","guid":{"rendered":"https:\/\/www.sotograndeguide.com\/?page_id=35879"},"modified":"2023-04-17T10:21:11","modified_gmt":"2023-04-17T10:21:11","slug":"chiringuito-eulogia","status":"publish","type":"page","link":"https:\/\/www.sotograndeguide.com\/es\/sotogrande-beaches\/chiringuito-eulogia\/","title":{"rendered":"Chiringuito Eulogia"},"content":{"rendered":"<p><strong><a href=\"https:\/\/www.instagram.com\/chiringuitoeulogia\/\" rel=\"noopener\" target=\"_blank\">Chiringuito Eulogia<\/a><\/strong><br \/>\nDirecci\u00f3n: Bda. Pescadores, 43, 11312 Torreguadiaro, C\u00e1diz<br \/>\nTel\u00e9fono: <a href=\"tel:+34696916292\">696916292<\/a><\/p>","protected":false},"excerpt":{"rendered":"<p>Chiringuito Eulogia Direcci\u00f3n: Bda. Pescadores, 43, 11312 Torreguadiaro, C\u00e1diz Tel\u00e9fono: 696916292<\/p>","protected":false},"author":1,"featured_media":35882,"parent":85,"menu_order":0,"comment_status":"closed","ping_status":"closed","template":"","meta":{"footnotes":""},"class_list":["post-35879","page","type-page","status-publish","has-post-thumbnail"],"yoast_head":"<!-- This site is optimized with the Yoast SEO Premium plugin v20.5 (Yoast SEO v27.3) - https:\/\/yoast.com\/product\/yoast-seo-premium-wordpress\/ -->\n<title>Chiringuito Eulogia<\/title>\n<meta name=\"robots\" content=\"index, follow, max-snippet:-1, max-image-preview:large, max-video-preview:-1\" \/>\n<link rel=\"canonical\" href=\"https:\/\/www.sotograndeguide.com\/es\/playas-de-sotogrande\/chiringuito-eulogia\/\" \/>\n<meta property=\"og:locale\" content=\"es_ES\" \/>\n<meta property=\"og:type\" content=\"article\" \/>\n<meta property=\"og:title\" content=\"Chiringuito Eulogia\" \/>\n<meta property=\"og:description\" content=\"Chiringuito Eulogia Address: Bda. Pescadores, 43, 11312 Torreguadiaro, C\u00e1diz Telephone: 696916292\" \/>\n<meta property=\"og:url\" content=\"https:\/\/www.sotograndeguide.com\/es\/playas-de-sotogrande\/chiringuito-eulogia\/\" \/>\n<meta property=\"og:site_name\" content=\"Sotogrande Guide\" \/>\n<meta property=\"article:publisher\" content=\"https:\/\/www.facebook.com\/sotograndeguide\" \/>\n<meta property=\"article:modified_time\" content=\"2023-04-17T10:21:11+00:00\" \/>\n<meta property=\"og:image\" content=\"https:\/\/www.sotograndeguide.com\/wp-content\/uploads\/2023\/04\/Chiringuito-Eulogia-Torreguadiaro.jpeg\" \/>\n\t<meta property=\"og:image:width\" content=\"2560\" \/>\n\t<meta property=\"og:image:height\" content=\"1920\" \/>\n\t<meta property=\"og:image:type\" content=\"image\/jpeg\" \/>\n<meta name=\"twitter:card\" content=\"summary_large_image\" \/>\n<meta name=\"twitter:site\" content=\"@sotograndeguide\" \/>\n<!-- \/ Yoast SEO Premium plugin. -->","yoast_head_json":{"title":"Chiringuito Eulogia","robots":{"index":"index","follow":"follow","max-snippet":"max-snippet:-1","max-image-preview":"max-image-preview:large","max-video-preview":"max-video-preview:-1"},"canonical":"https:\/\/www.sotograndeguide.com\/es\/playas-de-sotogrande\/chiringuito-eulogia\/","og_locale":"es_ES","og_type":"article","og_title":"Chiringuito Eulogia","og_description":"Chiringuito Eulogia Address: Bda. Pescadores, 43, 11312 Torreguadiaro, C\u00e1diz Telephone: 696916292","og_url":"https:\/\/www.sotograndeguide.com\/es\/playas-de-sotogrande\/chiringuito-eulogia\/","og_site_name":"Sotogrande Guide","article_publisher":"https:\/\/www.facebook.com\/sotograndeguide","article_modified_time":"2023-04-17T10:21:11+00:00","og_image":[{"width":2560,"height":1920,"url":"https:\/\/www.sotograndeguide.com\/wp-content\/uploads\/2023\/04\/Chiringuito-Eulogia-Torreguadiaro.jpeg","type":"image\/jpeg"}],"twitter_card":"summary_large_image","twitter_site":"@sotograndeguide","schema":{"@context":"https:\/\/schema.org","@graph":[{"@type":"WebPage","@id":"https:\/\/www.sotograndeguide.com\/sotogrande-beaches\/chiringuito-eulogia\/","url":"https:\/\/www.sotograndeguide.com\/sotogrande-beaches\/chiringuito-eulogia\/","name":"Chiringuito Eulogia","isPartOf":{"@id":"https:\/\/www.sotograndeguide.com\/#website"},"primaryImageOfPage":{"@id":"https:\/\/www.sotograndeguide.com\/sotogrande-beaches\/chiringuito-eulogia\/#primaryimage"},"image":{"@id":"https:\/\/www.sotograndeguide.com\/sotogrande-beaches\/chiringuito-eulogia\/#primaryimage"},"thumbnailUrl":"https:\/\/www.sotograndeguide.com\/wp-content\/uploads\/2023\/04\/Chiringuito-Eulogia-Torreguadiaro.jpeg","datePublished":"2023-04-17T10:17:47+00:00","dateModified":"2023-04-17T10:21:11+00:00","breadcrumb":{"@id":"https:\/\/www.sotograndeguide.com\/sotogrande-beaches\/chiringuito-eulogia\/#breadcrumb"},"inLanguage":"es","potentialAction":[{"@type":"ReadAction","target":["https:\/\/www.sotograndeguide.com\/sotogrande-beaches\/chiringuito-eulogia\/"]}]},{"@type":"ImageObject","inLanguage":"es","@id":"https:\/\/www.sotograndeguide.com\/sotogrande-beaches\/chiringuito-eulogia\/#primaryimage","url":"https:\/\/www.sotograndeguide.com\/wp-content\/uploads\/2023\/04\/Chiringuito-Eulogia-Torreguadiaro.jpeg","contentUrl":"https:\/\/www.sotograndeguide.com\/wp-content\/uploads\/2023\/04\/Chiringuito-Eulogia-Torreguadiaro.jpeg","width":2560,"height":1920,"caption":"Chiringuito Eulogia"},{"@type":"BreadcrumbList","@id":"https:\/\/www.sotograndeguide.com\/sotogrande-beaches\/chiringuito-eulogia\/#breadcrumb","itemListElement":[{"@type":"ListItem","position":1,"name":"Home","item":"https:\/\/www.sotograndeguide.com\/"},{"@type":"ListItem","position":2,"name":"Sotogrande Beaches","item":"https:\/\/www.sotograndeguide.com\/sotogrande-beaches\/"},{"@type":"ListItem","position":3,"name":"Chiringuito Eulogia"}]},{"@type":"WebSite","@id":"https:\/\/www.sotograndeguide.com\/#website","url":"https:\/\/www.sotograndeguide.com\/","name":"Gu\u00eda de Sotogrande","description":"Noticias, consejos, eventos y rese\u00f1as","publisher":{"@id":"https:\/\/www.sotograndeguide.com\/#organization"},"potentialAction":[{"@type":"SearchAction","target":{"@type":"EntryPoint","urlTemplate":"https:\/\/www.sotograndeguide.com\/?s={search_term_string}"},"query-input":{"@type":"PropertyValueSpecification","valueRequired":true,"valueName":"search_term_string"}}],"inLanguage":"es"},{"@type":"Organization","@id":"https:\/\/www.sotograndeguide.com\/#organization","name":"Gu\u00eda de Sotogrande","url":"https:\/\/www.sotograndeguide.com\/","logo":{"@type":"ImageObject","inLanguage":"es","@id":"https:\/\/www.sotograndeguide.com\/#\/schema\/logo\/image\/","url":"https:\/\/www.sotograndeguide.com\/wp-content\/uploads\/2017\/03\/Sotogrande-Logo-GUIDE.png","contentUrl":"https:\/\/www.sotograndeguide.com\/wp-content\/uploads\/2017\/03\/Sotogrande-Logo-GUIDE.png","width":300,"height":300,"caption":"Sotogrande Guide"},"image":{"@id":"https:\/\/www.sotograndeguide.com\/#\/schema\/logo\/image\/"},"sameAs":["https:\/\/www.facebook.com\/sotograndeguide","https:\/\/x.com\/sotograndeguide","https:\/\/www.tiktok.com\/@sotograndeguide","https:\/\/www.youtube.com\/@SotograndeGuide"]}]}},"jetpack_sharing_enabled":true,"_links":{"self":[{"href":"https:\/\/www.sotograndeguide.com\/es\/wp-json\/wp\/v2\/pages\/35879","targetHints":{"allow":["GET"]}}],"collection":[{"href":"https:\/\/www.sotograndeguide.com\/es\/wp-json\/wp\/v2\/pages"}],"about":[{"href":"https:\/\/www.sotograndeguide.com\/es\/wp-json\/wp\/v2\/types\/page"}],"author":[{"embeddable":true,"href":"https:\/\/www.sotograndeguide.com\/es\/wp-json\/wp\/v2\/users\/1"}],"replies":[{"embeddable":true,"href":"https:\/\/www.sotograndeguide.com\/es\/wp-json\/wp\/v2\/comments?post=35879"}],"version-history":[{"count":0,"href":"https:\/\/www.sotograndeguide.com\/es\/wp-json\/wp\/v2\/pages\/35879\/revisions"}],"up":[{"embeddable":true,"href":"https:\/\/www.sotograndeguide.com\/es\/wp-json\/wp\/v2\/pages\/85"}],"wp:featuredmedia":[{"embeddable":true,"href":"https:\/\/www.sotograndeguide.com\/es\/wp-json\/wp\/v2\/media\/35882"}],"wp:attachment":[{"href":"https:\/\/www.sotograndeguide.com\/es\/wp-json\/wp\/v2\/media?parent=35879"}],"curies":[{"name":"wp","href":"https:\/\/api.w.org\/{rel}","templated":true}]}}