{"id":35854,"date":"2023-04-17T09:22:10","date_gmt":"2023-04-17T09:22:10","guid":{"rendered":"https:\/\/www.sotograndeguide.com\/?page_id=35854"},"modified":"2023-04-17T09:39:36","modified_gmt":"2023-04-17T09:39:36","slug":"tan-sotogrande","status":"publish","type":"page","link":"https:\/\/www.sotograndeguide.com\/es\/sotogrande-hotels\/so-sotogrande\/","title":{"rendered":"SO\/ Sotogrande"},"content":{"rendered":"<p><a href=\"http:\/\/www.booking.com\/hotel\/es\/nhalmenaragolf.html?aid=1233189&amp;no_rooms=1&amp;group_adults=1&amp;label=sotograndeguide\" target=\"_blank\" rel=\"noopener noreferrer\">Hotel SO\/ Sotogrande<\/a> est\u00e1 en Sotogrande Alto, junto al <a href=\"https:\/\/www.sotograndeguide.com\/es\/sotogrande-golf\/club-de-golf-almenara\/\" target=\"_blank\" rel=\"noopener noreferrer\">Campo de golf Almenara<\/a>.<\/p>\n<p>El Hotel SO\/ Sotogrande Spa &amp; Golf Resort ofrece un fant\u00e1stico Spa con piscina cubierta abierta todo el a\u00f1o, que merece la pena visitar.<\/p>\n<p>El hotel est\u00e1 rodeado de naturaleza. Es un hotel tranquilo, perfecto para quienes buscan disfrutar del Golf o de una escapada rom\u00e1ntica.<\/p>\n<div id='gallery-1' class='gallery galleryid-35854 gallery-columns-4 gallery-size-medium'><figure class='gallery-item'>\n\t\t\t<div class='gallery-icon landscape'>\n\t\t\t\t<a href='https:\/\/www.sotograndeguide.com\/wp-content\/uploads\/2023\/04\/SO-Sotogrande-Spa-Golf-Resort-Pool.jpg'><img decoding=\"async\" width=\"300\" height=\"198\" src=\"https:\/\/www.sotograndeguide.com\/wp-content\/uploads\/2023\/04\/SO-Sotogrande-Spa-Golf-Resort-Pool-300x198.jpg\" class=\"attachment-medium size-medium\" alt=\"SO\/ Sotogrande Spa &amp; Golf Resort\" srcset=\"https:\/\/www.sotograndeguide.com\/wp-content\/uploads\/2023\/04\/SO-Sotogrande-Spa-Golf-Resort-Pool-300x198.jpg 300w, https:\/\/www.sotograndeguide.com\/wp-content\/uploads\/2023\/04\/SO-Sotogrande-Spa-Golf-Resort-Pool-1024x676.jpg 1024w, https:\/\/www.sotograndeguide.com\/wp-content\/uploads\/2023\/04\/SO-Sotogrande-Spa-Golf-Resort-Pool-768x507.jpg 768w, https:\/\/www.sotograndeguide.com\/wp-content\/uploads\/2023\/04\/SO-Sotogrande-Spa-Golf-Resort-Pool-1536x1014.jpg 1536w, https:\/\/www.sotograndeguide.com\/wp-content\/uploads\/2023\/04\/SO-Sotogrande-Spa-Golf-Resort-Pool.jpg 1817w\" sizes=\"(max-width: 300px) 100vw, 300px\" \/><\/a>\n\t\t\t<\/div><\/figure><figure class='gallery-item'>\n\t\t\t<div class='gallery-icon landscape'>\n\t\t\t\t<a href='https:\/\/www.sotograndeguide.com\/wp-content\/uploads\/2023\/04\/SO-Sotogrande-Spa-Golf-Resort-Garden.jpg'><img decoding=\"async\" width=\"300\" height=\"200\" src=\"https:\/\/www.sotograndeguide.com\/wp-content\/uploads\/2023\/04\/SO-Sotogrande-Spa-Golf-Resort-Garden-300x200.jpg\" class=\"attachment-medium size-medium\" alt=\"SO\/ Sotogrande Spa &amp; Golf Resort\" srcset=\"https:\/\/www.sotograndeguide.com\/wp-content\/uploads\/2023\/04\/SO-Sotogrande-Spa-Golf-Resort-Garden-300x200.jpg 300w, https:\/\/www.sotograndeguide.com\/wp-content\/uploads\/2023\/04\/SO-Sotogrande-Spa-Golf-Resort-Garden-1024x683.jpg 1024w, https:\/\/www.sotograndeguide.com\/wp-content\/uploads\/2023\/04\/SO-Sotogrande-Spa-Golf-Resort-Garden-768x512.jpg 768w, https:\/\/www.sotograndeguide.com\/wp-content\/uploads\/2023\/04\/SO-Sotogrande-Spa-Golf-Resort-Garden.jpg 1200w\" sizes=\"(max-width: 300px) 100vw, 300px\" \/><\/a>\n\t\t\t<\/div><\/figure><figure class='gallery-item'>\n\t\t\t<div class='gallery-icon landscape'>\n\t\t\t\t<a href='https:\/\/www.sotograndeguide.com\/wp-content\/uploads\/2023\/04\/SO-Sotogrande-Spa-Golf-Resort.jpg'><img decoding=\"async\" width=\"300\" height=\"169\" src=\"https:\/\/www.sotograndeguide.com\/wp-content\/uploads\/2023\/04\/SO-Sotogrande-Spa-Golf-Resort-300x169.jpg\" class=\"attachment-medium size-medium\" alt=\"SO\/ Sotogrande Spa &amp; Golf Resort\" srcset=\"https:\/\/www.sotograndeguide.com\/wp-content\/uploads\/2023\/04\/SO-Sotogrande-Spa-Golf-Resort-300x169.jpg 300w, https:\/\/www.sotograndeguide.com\/wp-content\/uploads\/2023\/04\/SO-Sotogrande-Spa-Golf-Resort-1024x575.jpg 1024w, https:\/\/www.sotograndeguide.com\/wp-content\/uploads\/2023\/04\/SO-Sotogrande-Spa-Golf-Resort-768x431.jpg 768w, https:\/\/www.sotograndeguide.com\/wp-content\/uploads\/2023\/04\/SO-Sotogrande-Spa-Golf-Resort-1536x863.jpg 1536w, https:\/\/www.sotograndeguide.com\/wp-content\/uploads\/2023\/04\/SO-Sotogrande-Spa-Golf-Resort-2048x1151.jpg 2048w\" sizes=\"(max-width: 300px) 100vw, 300px\" \/><\/a>\n\t\t\t<\/div><\/figure><figure class='gallery-item'>\n\t\t\t<div class='gallery-icon landscape'>\n\t\t\t\t<a href='https:\/\/www.sotograndeguide.com\/wp-content\/uploads\/2023\/04\/SO-Sotogrande-Hotel.jpg'><img decoding=\"async\" width=\"300\" height=\"191\" src=\"https:\/\/www.sotograndeguide.com\/wp-content\/uploads\/2023\/04\/SO-Sotogrande-Hotel-300x191.jpg\" class=\"attachment-medium size-medium\" alt=\"\" srcset=\"https:\/\/www.sotograndeguide.com\/wp-content\/uploads\/2023\/04\/SO-Sotogrande-Hotel-300x191.jpg 300w, https:\/\/www.sotograndeguide.com\/wp-content\/uploads\/2023\/04\/SO-Sotogrande-Hotel-1024x652.jpg 1024w, https:\/\/www.sotograndeguide.com\/wp-content\/uploads\/2023\/04\/SO-Sotogrande-Hotel-768x489.jpg 768w, https:\/\/www.sotograndeguide.com\/wp-content\/uploads\/2023\/04\/SO-Sotogrande-Hotel-1536x978.jpg 1536w, https:\/\/www.sotograndeguide.com\/wp-content\/uploads\/2023\/04\/SO-Sotogrande-Hotel.jpg 1885w\" sizes=\"(max-width: 300px) 100vw, 300px\" \/><\/a>\n\t\t\t<\/div><\/figure>\n\t\t<\/div>\n\n<p><a href=\"http:\/\/www.booking.com\/hotel\/es\/nhalmenaragolf.html?aid=1233189&amp;no_rooms=1&amp;group_adults=1&amp;label=sotograndeguide\" target=\"_blank\" rel=\"noopener noreferrer\">Consulte las mejores tarifas del Hotel SO\/ Sotogrande en Sotogrande<\/a>.<br \/>\n<a href=\"https:\/\/www.sotograndeguide.com\/es\/hoteles-de-sotogrande\/\">Consulta otros hoteles en Sotogrande y alrededores<\/a>.<br \/>\n<a href=\"https:\/\/www.sotograndeguide.com\/es\/conserje-de-sotogrande\/\" target=\"_blank\" rel=\"noopener noreferrer\">\u00bfTiene preguntas sobre este Hotel? Hable con el Conserje de Sotogrande<\/a>.<\/p>\n<p><strong>Hotel SO\/ Sotogrande Spa &amp; Golf Resort<\/strong><br \/>\nDirecci\u00f3n: Av. Almenara, s\/n, 11360 Sotogrande, C\u00e1diz<br \/>\nTel\u00e9fono: <a href=\"tel:+34956582000\">956582000<\/a><\/p>","protected":false},"excerpt":{"rendered":"<p>El Hotel SO\/ Sotogrande se encuentra en Sotogrande Alto, junto al campo de golf Almenara. El Hotel SO\/ Sotogrande Spa &amp; Golf Resort ofrece un fant\u00e1stico Spa con piscina cubierta abierta todo el a\u00f1o, que merece la pena visitar. El hotel est\u00e1 rodeado de naturaleza. Es un hotel tranquilo, perfecto para aquellos que buscan disfrutar del Golf o ... <a title=\"SO\/ Sotogrande\" class=\"read-more\" href=\"https:\/\/www.sotograndeguide.com\/es\/sotogrande-hotels\/so-sotogrande\/\" aria-label=\"Leer m\u00e1s sobre SO\/ Sotogrande\">Leer m\u00e1s<\/a><\/p>","protected":false},"author":1,"featured_media":35856,"parent":94,"menu_order":0,"comment_status":"closed","ping_status":"closed","template":"","meta":{"footnotes":""},"class_list":["post-35854","page","type-page","status-publish","has-post-thumbnail"],"yoast_head":"<!-- This site is optimized with the Yoast SEO Premium plugin v20.5 (Yoast SEO v27.4) - https:\/\/yoast.com\/product\/yoast-seo-premium-wordpress\/ -->\n<title>SO\/ Sotogrande<\/title>\n<meta name=\"robots\" content=\"index, follow, max-snippet:-1, max-image-preview:large, max-video-preview:-1\" \/>\n<link rel=\"canonical\" href=\"https:\/\/www.sotograndeguide.com\/es\/hoteles-de-sotogrande\/tan-sotogrande\/\" \/>\n<meta property=\"og:locale\" content=\"es_ES\" \/>\n<meta property=\"og:type\" content=\"article\" \/>\n<meta property=\"og:title\" content=\"SO\/ Sotogrande\" \/>\n<meta property=\"og:description\" content=\"Hotel SO\/ Sotogrande is in Sotogrande Alto, by the Almenara Golf Course. The Hotel SO\/ Sotogrande Spa &amp; Golf Resort offers a fantastic Spa with an indoor pool open all year around, well worth the visit. The hotel is surrounded by nature. This is a tranquil hotel, perfect for those looking to enjoy Golf or ... Leer m\u00e1s\" \/>\n<meta property=\"og:url\" content=\"https:\/\/www.sotograndeguide.com\/es\/hoteles-de-sotogrande\/tan-sotogrande\/\" \/>\n<meta property=\"og:site_name\" content=\"Sotogrande Guide\" \/>\n<meta property=\"article:publisher\" content=\"https:\/\/www.facebook.com\/sotograndeguide\" \/>\n<meta property=\"article:modified_time\" content=\"2023-04-17T09:39:36+00:00\" \/>\n<meta property=\"og:image\" content=\"https:\/\/www.sotograndeguide.com\/wp-content\/uploads\/2023\/04\/SO-Sotogrande-Spa-Golf-Resort.jpg\" \/>\n\t<meta property=\"og:image:width\" content=\"2136\" \/>\n\t<meta property=\"og:image:height\" content=\"1200\" \/>\n\t<meta property=\"og:image:type\" content=\"image\/jpeg\" \/>\n<meta name=\"twitter:card\" content=\"summary_large_image\" \/>\n<meta name=\"twitter:site\" content=\"@sotograndeguide\" \/>\n<meta name=\"twitter:label1\" content=\"Tiempo de lectura\" \/>\n\t<meta name=\"twitter:data1\" content=\"1 minuto\" \/>\n<!-- \/ Yoast SEO Premium plugin. -->","yoast_head_json":{"title":"SO\/ Sotogrande","robots":{"index":"index","follow":"follow","max-snippet":"max-snippet:-1","max-image-preview":"max-image-preview:large","max-video-preview":"max-video-preview:-1"},"canonical":"https:\/\/www.sotograndeguide.com\/es\/hoteles-de-sotogrande\/tan-sotogrande\/","og_locale":"es_ES","og_type":"article","og_title":"SO\/ Sotogrande","og_description":"Hotel SO\/ Sotogrande is in Sotogrande Alto, by the Almenara Golf Course. The Hotel SO\/ Sotogrande Spa &amp; Golf Resort offers a fantastic Spa with an indoor pool open all year around, well worth the visit. The hotel is surrounded by nature. This is a tranquil hotel, perfect for those looking to enjoy Golf or ... Leer m\u00e1s","og_url":"https:\/\/www.sotograndeguide.com\/es\/hoteles-de-sotogrande\/tan-sotogrande\/","og_site_name":"Sotogrande Guide","article_publisher":"https:\/\/www.facebook.com\/sotograndeguide","article_modified_time":"2023-04-17T09:39:36+00:00","og_image":[{"width":2136,"height":1200,"url":"https:\/\/www.sotograndeguide.com\/wp-content\/uploads\/2023\/04\/SO-Sotogrande-Spa-Golf-Resort.jpg","type":"image\/jpeg"}],"twitter_card":"summary_large_image","twitter_site":"@sotograndeguide","twitter_misc":{"Tiempo de lectura":"1 minuto"},"schema":{"@context":"https:\/\/schema.org","@graph":[{"@type":"WebPage","@id":"https:\/\/www.sotograndeguide.com\/sotogrande-hotels\/so-sotogrande\/","url":"https:\/\/www.sotograndeguide.com\/sotogrande-hotels\/so-sotogrande\/","name":"SO\/ Sotogrande","isPartOf":{"@id":"https:\/\/www.sotograndeguide.com\/#website"},"primaryImageOfPage":{"@id":"https:\/\/www.sotograndeguide.com\/sotogrande-hotels\/so-sotogrande\/#primaryimage"},"image":{"@id":"https:\/\/www.sotograndeguide.com\/sotogrande-hotels\/so-sotogrande\/#primaryimage"},"thumbnailUrl":"https:\/\/www.sotograndeguide.com\/wp-content\/uploads\/2023\/04\/SO-Sotogrande-Spa-Golf-Resort.jpg","datePublished":"2023-04-17T09:22:10+00:00","dateModified":"2023-04-17T09:39:36+00:00","breadcrumb":{"@id":"https:\/\/www.sotograndeguide.com\/sotogrande-hotels\/so-sotogrande\/#breadcrumb"},"inLanguage":"es","potentialAction":[{"@type":"ReadAction","target":["https:\/\/www.sotograndeguide.com\/sotogrande-hotels\/so-sotogrande\/"]}]},{"@type":"ImageObject","inLanguage":"es","@id":"https:\/\/www.sotograndeguide.com\/sotogrande-hotels\/so-sotogrande\/#primaryimage","url":"https:\/\/www.sotograndeguide.com\/wp-content\/uploads\/2023\/04\/SO-Sotogrande-Spa-Golf-Resort.jpg","contentUrl":"https:\/\/www.sotograndeguide.com\/wp-content\/uploads\/2023\/04\/SO-Sotogrande-Spa-Golf-Resort.jpg","width":2136,"height":1200,"caption":"SO\/ Sotogrande Spa & Golf Resort"},{"@type":"BreadcrumbList","@id":"https:\/\/www.sotograndeguide.com\/sotogrande-hotels\/so-sotogrande\/#breadcrumb","itemListElement":[{"@type":"ListItem","position":1,"name":"Home","item":"https:\/\/www.sotograndeguide.com\/"},{"@type":"ListItem","position":2,"name":"Sotogrande Hotels","item":"https:\/\/www.sotograndeguide.com\/sotogrande-hotels\/"},{"@type":"ListItem","position":3,"name":"SO\/ Sotogrande"}]},{"@type":"WebSite","@id":"https:\/\/www.sotograndeguide.com\/#website","url":"https:\/\/www.sotograndeguide.com\/","name":"Gu\u00eda de Sotogrande","description":"Noticias, consejos, eventos y rese\u00f1as","publisher":{"@id":"https:\/\/www.sotograndeguide.com\/#organization"},"potentialAction":[{"@type":"SearchAction","target":{"@type":"EntryPoint","urlTemplate":"https:\/\/www.sotograndeguide.com\/?s={search_term_string}"},"query-input":{"@type":"PropertyValueSpecification","valueRequired":true,"valueName":"search_term_string"}}],"inLanguage":"es"},{"@type":"Organization","@id":"https:\/\/www.sotograndeguide.com\/#organization","name":"Gu\u00eda de Sotogrande","url":"https:\/\/www.sotograndeguide.com\/","logo":{"@type":"ImageObject","inLanguage":"es","@id":"https:\/\/www.sotograndeguide.com\/#\/schema\/logo\/image\/","url":"https:\/\/www.sotograndeguide.com\/wp-content\/uploads\/2017\/03\/Sotogrande-Logo-GUIDE.png","contentUrl":"https:\/\/www.sotograndeguide.com\/wp-content\/uploads\/2017\/03\/Sotogrande-Logo-GUIDE.png","width":300,"height":300,"caption":"Sotogrande Guide"},"image":{"@id":"https:\/\/www.sotograndeguide.com\/#\/schema\/logo\/image\/"},"sameAs":["https:\/\/www.facebook.com\/sotograndeguide","https:\/\/x.com\/sotograndeguide","https:\/\/www.tiktok.com\/@sotograndeguide","https:\/\/www.youtube.com\/@SotograndeGuide"]}]}},"jetpack_sharing_enabled":true,"_links":{"self":[{"href":"https:\/\/www.sotograndeguide.com\/es\/wp-json\/wp\/v2\/pages\/35854","targetHints":{"allow":["GET"]}}],"collection":[{"href":"https:\/\/www.sotograndeguide.com\/es\/wp-json\/wp\/v2\/pages"}],"about":[{"href":"https:\/\/www.sotograndeguide.com\/es\/wp-json\/wp\/v2\/types\/page"}],"author":[{"embeddable":true,"href":"https:\/\/www.sotograndeguide.com\/es\/wp-json\/wp\/v2\/users\/1"}],"replies":[{"embeddable":true,"href":"https:\/\/www.sotograndeguide.com\/es\/wp-json\/wp\/v2\/comments?post=35854"}],"version-history":[{"count":0,"href":"https:\/\/www.sotograndeguide.com\/es\/wp-json\/wp\/v2\/pages\/35854\/revisions"}],"up":[{"embeddable":true,"href":"https:\/\/www.sotograndeguide.com\/es\/wp-json\/wp\/v2\/pages\/94"}],"wp:featuredmedia":[{"embeddable":true,"href":"https:\/\/www.sotograndeguide.com\/es\/wp-json\/wp\/v2\/media\/35856"}],"wp:attachment":[{"href":"https:\/\/www.sotograndeguide.com\/es\/wp-json\/wp\/v2\/media?parent=35854"}],"curies":[{"name":"wp","href":"https:\/\/api.w.org\/{rel}","templated":true}]}}