{"id":35712,"date":"2021-10-12T16:25:18","date_gmt":"2021-10-12T16:25:18","guid":{"rendered":"https:\/\/www.sotograndeguide.com\/?page_id=35712"},"modified":"2021-10-19T18:31:27","modified_gmt":"2021-10-19T18:31:27","slug":"plumas-comida-fitness","status":"publish","type":"page","link":"https:\/\/www.sotograndeguide.com\/es\/feathers-food-fitness\/","title":{"rendered":"Feathers Food &amp; Fitness"},"content":{"rendered":"<p><img decoding=\"async\" class=\"aligncenter size-large wp-image-35717\" src=\"https:\/\/www.sotograndeguide.com\/wp-content\/uploads\/2021\/10\/Feathers-Food-Fitness-1016x1024.png\" alt=\"\" width=\"1016\" height=\"1024\" srcset=\"https:\/\/www.sotograndeguide.com\/wp-content\/uploads\/2021\/10\/Feathers-Food-Fitness-1016x1024.png 1016w, https:\/\/www.sotograndeguide.com\/wp-content\/uploads\/2021\/10\/Feathers-Food-Fitness-298x300.png 298w, https:\/\/www.sotograndeguide.com\/wp-content\/uploads\/2021\/10\/Feathers-Food-Fitness-150x150.png 150w, https:\/\/www.sotograndeguide.com\/wp-content\/uploads\/2021\/10\/Feathers-Food-Fitness-768x774.png 768w, https:\/\/www.sotograndeguide.com\/wp-content\/uploads\/2021\/10\/Feathers-Food-Fitness-1524x1536.png 1524w, https:\/\/www.sotograndeguide.com\/wp-content\/uploads\/2021\/10\/Feathers-Food-Fitness.png 1587w\" sizes=\"(max-width: 1016px) 100vw, 1016px\" \/><\/p>\n<p>Feathers Food &amp; Fitness no es el t\u00edpico gimnasio en Sotogrande. Feathers Food &amp; Fitness es un nuevo lugar de estilo de vida en el Puerto de Sotogrande.<\/p>\n<p>\"Tu cuerpo es el \u00fanico que tienes, as\u00ed que tienes que respetarlo\". - Arabella Featherstone, propietaria y maestra de entrenamiento especializado.<\/p>\n<p>Feathers Studio es moderno, luminoso y est\u00e1 equipado con las mejores marcas. Est\u00e1 situado en un rinc\u00f3n discreto del puerto.<\/p>\n<p><img decoding=\"async\" src=\"https:\/\/www.sotograndeguide.com\/wp-content\/uploads\/2021\/10\/Feathers-Food-Fitness-Sotogrande-1024x882.jpg\" alt=\"Feathers Food &amp; Fitness\" width=\"1024\" height=\"882\" class=\"aligncenter size-large wp-image-35746\" srcset=\"https:\/\/www.sotograndeguide.com\/wp-content\/uploads\/2021\/10\/Feathers-Food-Fitness-Sotogrande-1024x882.jpg 1024w, https:\/\/www.sotograndeguide.com\/wp-content\/uploads\/2021\/10\/Feathers-Food-Fitness-Sotogrande-300x259.jpg 300w, https:\/\/www.sotograndeguide.com\/wp-content\/uploads\/2021\/10\/Feathers-Food-Fitness-Sotogrande-768x662.jpg 768w, https:\/\/www.sotograndeguide.com\/wp-content\/uploads\/2021\/10\/Feathers-Food-Fitness-Sotogrande-1536x1324.jpg 1536w, https:\/\/www.sotograndeguide.com\/wp-content\/uploads\/2021\/10\/Feathers-Food-Fitness-Sotogrande-2048x1765.jpg 2048w\" sizes=\"(max-width: 1024px) 100vw, 1024px\" \/><\/p>\n<p>Direcci\u00f3n: Local 9 Plaza Del Agua, Av. de la Marina, 11310 Sotogrande<br \/>\nTel\u00e9fono\/WhatsApp: <a href=\"tel:+34689479035\">689479035<\/a><\/p>\n<p><img decoding=\"async\" class=\"aligncenter size-large wp-image-35716\" src=\"https:\/\/www.sotograndeguide.com\/wp-content\/uploads\/2021\/10\/Arabella-Featherstone-465x1024.jpg\" alt=\"\" width=\"465\" height=\"1024\" srcset=\"https:\/\/www.sotograndeguide.com\/wp-content\/uploads\/2021\/10\/Arabella-Featherstone-465x1024.jpg 465w, https:\/\/www.sotograndeguide.com\/wp-content\/uploads\/2021\/10\/Arabella-Featherstone-136x300.jpg 136w, https:\/\/www.sotograndeguide.com\/wp-content\/uploads\/2021\/10\/Arabella-Featherstone.jpg 666w\" sizes=\"(max-width: 465px) 100vw, 465px\" \/><img decoding=\"async\" class=\"aligncenter size-large wp-image-35715\" src=\"https:\/\/www.sotograndeguide.com\/wp-content\/uploads\/2021\/10\/Private-Fitness-Training-in-Sotogrande-819x1024.jpg\" alt=\"\" width=\"819\" height=\"1024\" srcset=\"https:\/\/www.sotograndeguide.com\/wp-content\/uploads\/2021\/10\/Private-Fitness-Training-in-Sotogrande-819x1024.jpg 819w, https:\/\/www.sotograndeguide.com\/wp-content\/uploads\/2021\/10\/Private-Fitness-Training-in-Sotogrande-240x300.jpg 240w, https:\/\/www.sotograndeguide.com\/wp-content\/uploads\/2021\/10\/Private-Fitness-Training-in-Sotogrande-768x960.jpg 768w, https:\/\/www.sotograndeguide.com\/wp-content\/uploads\/2021\/10\/Private-Fitness-Training-in-Sotogrande-1229x1536.jpg 1229w, https:\/\/www.sotograndeguide.com\/wp-content\/uploads\/2021\/10\/Private-Fitness-Training-in-Sotogrande-1638x2048.jpg 1638w, https:\/\/www.sotograndeguide.com\/wp-content\/uploads\/2021\/10\/Private-Fitness-Training-in-Sotogrande.jpg 2000w\" sizes=\"(max-width: 819px) 100vw, 819px\" \/><img decoding=\"async\" class=\"aligncenter size-large wp-image-35714\" src=\"https:\/\/www.sotograndeguide.com\/wp-content\/uploads\/2021\/10\/Personal-Trainer-Sotogrande-819x1024.jpg\" alt=\"\" width=\"819\" height=\"1024\" srcset=\"https:\/\/www.sotograndeguide.com\/wp-content\/uploads\/2021\/10\/Personal-Trainer-Sotogrande-819x1024.jpg 819w, https:\/\/www.sotograndeguide.com\/wp-content\/uploads\/2021\/10\/Personal-Trainer-Sotogrande-240x300.jpg 240w, https:\/\/www.sotograndeguide.com\/wp-content\/uploads\/2021\/10\/Personal-Trainer-Sotogrande-768x960.jpg 768w, https:\/\/www.sotograndeguide.com\/wp-content\/uploads\/2021\/10\/Personal-Trainer-Sotogrande-1229x1536.jpg 1229w, https:\/\/www.sotograndeguide.com\/wp-content\/uploads\/2021\/10\/Personal-Trainer-Sotogrande-1638x2048.jpg 1638w, https:\/\/www.sotograndeguide.com\/wp-content\/uploads\/2021\/10\/Personal-Trainer-Sotogrande.jpg 2000w\" sizes=\"(max-width: 819px) 100vw, 819px\" \/><\/p>","protected":false},"excerpt":{"rendered":"<p>Feathers Food &amp; Fitness no es el t\u00edpico gimnasio en Sotogrande. Feathers Food &amp; Fitness es un nuevo lugar de estilo de vida en el Puerto de Sotogrande. \"Tu cuerpo es el \u00fanico que tienes, as\u00ed que tienes que respetarlo\". - Arabella Featherstone, propietaria y maestra del entrenamiento especializado. Feathers Studio, es moderno, luminoso ... <a title=\"Feathers Food &amp; Fitness\" class=\"read-more\" href=\"https:\/\/www.sotograndeguide.com\/es\/feathers-food-fitness\/\" aria-label=\"Leer m\u00e1s sobre Feathers Food &amp; Fitness\">Leer m\u00e1s<\/a><\/p>","protected":false},"author":1,"featured_media":35713,"parent":0,"menu_order":0,"comment_status":"closed","ping_status":"closed","template":"","meta":{"footnotes":""},"class_list":["post-35712","page","type-page","status-publish","has-post-thumbnail"],"yoast_head":"<!-- This site is optimized with the Yoast SEO Premium plugin v20.5 (Yoast SEO v27.4) - https:\/\/yoast.com\/product\/yoast-seo-premium-wordpress\/ -->\n<title>Feathers Food &amp; Fitness<\/title>\n<meta name=\"robots\" content=\"index, follow, max-snippet:-1, max-image-preview:large, max-video-preview:-1\" \/>\n<link rel=\"canonical\" href=\"https:\/\/www.sotograndeguide.com\/es\/plumas-comida-fitness\/\" \/>\n<meta property=\"og:locale\" content=\"es_ES\" \/>\n<meta property=\"og:type\" content=\"article\" \/>\n<meta property=\"og:title\" content=\"Feathers Food &amp; Fitness\" \/>\n<meta property=\"og:description\" content=\"Feathers Food &amp; Fitness is not your typical gym or workout fitness studio in Sotogrande. Feathers Food &amp; Fitness is a new lifestyle venue in Sotogrande Port. \u201cYour body is the only one you\u2019ve got so you\u2019ve got to respect it.\u201d \u2013 Arabella Featherstone, owner and master of specialist training. Feathers Studio, is modern, light ... Leer m\u00e1s\" \/>\n<meta property=\"og:url\" content=\"https:\/\/www.sotograndeguide.com\/es\/plumas-comida-fitness\/\" \/>\n<meta property=\"og:site_name\" content=\"Sotogrande Guide\" \/>\n<meta property=\"article:publisher\" content=\"https:\/\/www.facebook.com\/sotograndeguide\" \/>\n<meta property=\"article:modified_time\" content=\"2021-10-19T18:31:27+00:00\" \/>\n<meta property=\"og:image\" content=\"https:\/\/www.sotograndeguide.com\/wp-content\/uploads\/2021\/10\/Feathers-Food-Fitness.jpg\" \/>\n\t<meta property=\"og:image:width\" content=\"980\" \/>\n\t<meta property=\"og:image:height\" content=\"696\" \/>\n\t<meta property=\"og:image:type\" content=\"image\/jpeg\" \/>\n<meta name=\"twitter:card\" content=\"summary_large_image\" \/>\n<meta name=\"twitter:site\" content=\"@sotograndeguide\" \/>\n<!-- \/ Yoast SEO Premium plugin. -->","yoast_head_json":{"title":"Feathers Food &amp; Fitness","robots":{"index":"index","follow":"follow","max-snippet":"max-snippet:-1","max-image-preview":"max-image-preview:large","max-video-preview":"max-video-preview:-1"},"canonical":"https:\/\/www.sotograndeguide.com\/es\/plumas-comida-fitness\/","og_locale":"es_ES","og_type":"article","og_title":"Feathers Food & Fitness","og_description":"Feathers Food &amp; Fitness is not your typical gym or workout fitness studio in Sotogrande. Feathers Food &amp; Fitness is a new lifestyle venue in Sotogrande Port. \u201cYour body is the only one you\u2019ve got so you\u2019ve got to respect it.\u201d \u2013 Arabella Featherstone, owner and master of specialist training. Feathers Studio, is modern, light ... Leer m\u00e1s","og_url":"https:\/\/www.sotograndeguide.com\/es\/plumas-comida-fitness\/","og_site_name":"Sotogrande Guide","article_publisher":"https:\/\/www.facebook.com\/sotograndeguide","article_modified_time":"2021-10-19T18:31:27+00:00","og_image":[{"width":980,"height":696,"url":"https:\/\/www.sotograndeguide.com\/wp-content\/uploads\/2021\/10\/Feathers-Food-Fitness.jpg","type":"image\/jpeg"}],"twitter_card":"summary_large_image","twitter_site":"@sotograndeguide","schema":{"@context":"https:\/\/schema.org","@graph":[{"@type":"WebPage","@id":"https:\/\/www.sotograndeguide.com\/feathers-food-fitness\/","url":"https:\/\/www.sotograndeguide.com\/feathers-food-fitness\/","name":"Feathers Food &amp; Fitness","isPartOf":{"@id":"https:\/\/www.sotograndeguide.com\/#website"},"primaryImageOfPage":{"@id":"https:\/\/www.sotograndeguide.com\/feathers-food-fitness\/#primaryimage"},"image":{"@id":"https:\/\/www.sotograndeguide.com\/feathers-food-fitness\/#primaryimage"},"thumbnailUrl":"https:\/\/www.sotograndeguide.com\/wp-content\/uploads\/2021\/10\/Feathers-Food-Fitness.jpg","datePublished":"2021-10-12T16:25:18+00:00","dateModified":"2021-10-19T18:31:27+00:00","breadcrumb":{"@id":"https:\/\/www.sotograndeguide.com\/feathers-food-fitness\/#breadcrumb"},"inLanguage":"es","potentialAction":[{"@type":"ReadAction","target":["https:\/\/www.sotograndeguide.com\/feathers-food-fitness\/"]}]},{"@type":"ImageObject","inLanguage":"es","@id":"https:\/\/www.sotograndeguide.com\/feathers-food-fitness\/#primaryimage","url":"https:\/\/www.sotograndeguide.com\/wp-content\/uploads\/2021\/10\/Feathers-Food-Fitness.jpg","contentUrl":"https:\/\/www.sotograndeguide.com\/wp-content\/uploads\/2021\/10\/Feathers-Food-Fitness.jpg","width":980,"height":696,"caption":"Feathers Food & Fitness"},{"@type":"BreadcrumbList","@id":"https:\/\/www.sotograndeguide.com\/feathers-food-fitness\/#breadcrumb","itemListElement":[{"@type":"ListItem","position":1,"name":"Home","item":"https:\/\/www.sotograndeguide.com\/"},{"@type":"ListItem","position":2,"name":"Feathers Food &#038; Fitness"}]},{"@type":"WebSite","@id":"https:\/\/www.sotograndeguide.com\/#website","url":"https:\/\/www.sotograndeguide.com\/","name":"Gu\u00eda de Sotogrande","description":"Noticias, consejos, eventos y rese\u00f1as","publisher":{"@id":"https:\/\/www.sotograndeguide.com\/#organization"},"potentialAction":[{"@type":"SearchAction","target":{"@type":"EntryPoint","urlTemplate":"https:\/\/www.sotograndeguide.com\/?s={search_term_string}"},"query-input":{"@type":"PropertyValueSpecification","valueRequired":true,"valueName":"search_term_string"}}],"inLanguage":"es"},{"@type":"Organization","@id":"https:\/\/www.sotograndeguide.com\/#organization","name":"Gu\u00eda de Sotogrande","url":"https:\/\/www.sotograndeguide.com\/","logo":{"@type":"ImageObject","inLanguage":"es","@id":"https:\/\/www.sotograndeguide.com\/#\/schema\/logo\/image\/","url":"https:\/\/www.sotograndeguide.com\/wp-content\/uploads\/2017\/03\/Sotogrande-Logo-GUIDE.png","contentUrl":"https:\/\/www.sotograndeguide.com\/wp-content\/uploads\/2017\/03\/Sotogrande-Logo-GUIDE.png","width":300,"height":300,"caption":"Sotogrande Guide"},"image":{"@id":"https:\/\/www.sotograndeguide.com\/#\/schema\/logo\/image\/"},"sameAs":["https:\/\/www.facebook.com\/sotograndeguide","https:\/\/x.com\/sotograndeguide","https:\/\/www.tiktok.com\/@sotograndeguide","https:\/\/www.youtube.com\/@SotograndeGuide"]}]}},"jetpack_sharing_enabled":true,"_links":{"self":[{"href":"https:\/\/www.sotograndeguide.com\/es\/wp-json\/wp\/v2\/pages\/35712","targetHints":{"allow":["GET"]}}],"collection":[{"href":"https:\/\/www.sotograndeguide.com\/es\/wp-json\/wp\/v2\/pages"}],"about":[{"href":"https:\/\/www.sotograndeguide.com\/es\/wp-json\/wp\/v2\/types\/page"}],"author":[{"embeddable":true,"href":"https:\/\/www.sotograndeguide.com\/es\/wp-json\/wp\/v2\/users\/1"}],"replies":[{"embeddable":true,"href":"https:\/\/www.sotograndeguide.com\/es\/wp-json\/wp\/v2\/comments?post=35712"}],"version-history":[{"count":0,"href":"https:\/\/www.sotograndeguide.com\/es\/wp-json\/wp\/v2\/pages\/35712\/revisions"}],"wp:featuredmedia":[{"embeddable":true,"href":"https:\/\/www.sotograndeguide.com\/es\/wp-json\/wp\/v2\/media\/35713"}],"wp:attachment":[{"href":"https:\/\/www.sotograndeguide.com\/es\/wp-json\/wp\/v2\/media?parent=35712"}],"curies":[{"name":"wp","href":"https:\/\/api.w.org\/{rel}","templated":true}]}}