{"id":35541,"date":"2020-11-22T09:20:40","date_gmt":"2020-11-22T09:20:40","guid":{"rendered":"https:\/\/www.sotograndeguide.com\/?page_id=35541"},"modified":"2020-11-22T09:20:40","modified_gmt":"2020-11-22T09:20:40","slug":"yogafit-sotogrande","status":"publish","type":"page","link":"https:\/\/www.sotograndeguide.com\/es\/sotogrande-sports\/yogafit-sotogrande\/","title":{"rendered":"Yogafit Sotogrande"},"content":{"rendered":"<p>Si buscas Yoga en Sotogrande, quieres Yogafit por Daisy Robins, una profesora de yoga Vinyasa Flow 200hr, basada en Sotogrande y online. A trav\u00e9s de sus clases de yoga en grupo y sesiones privadas, su objetivo es ofrecerte un retiro de tu d\u00eda a d\u00eda. No importa tu edad, tama\u00f1o o nivel de forma f\u00edsica, Yogafit es para TODOS. Yogafit se centra en el fortalecimiento, la tonificaci\u00f3n, la flexibilidad y la forma f\u00edsica, as\u00ed como el aprendizaje de la atenci\u00f3n plena, las antiguas filosof\u00edas y\u00f3guicas y pranayama (respiraci\u00f3n). Este es un yoga amistoso, y quiero dar la bienvenida a todo el mundo a mis clases. Centra tu atenci\u00f3n en lo que est\u00e1s experimentando en el momento presente sin juzgarte a ti mismo. La gente no suele pensar en el yoga como un entrenamiento cardiovascular, pero el flujo din\u00e1mico de Vinyasa proporciona precisamente eso. El movimiento continuo genera calor, ayuda a quemar calor\u00edas y puede mejorar la salud cardiovascular y respiratoria. Tanto si quieres perder peso como si est\u00e1s haciendo de tu salud una prioridad, Vinyasa puede ser un gran entrenamiento f\u00edsico.<\/p>\n<p>Para m\u00e1s informaci\u00f3n o para inscribirse en una clase<br \/>\nTel\u00e9fono\/WhatsApp: <a href=\"tel:+34711035331\">711035331<\/a><\/p>","protected":false},"excerpt":{"rendered":"<p>Si buscas Yoga en Sotogrande, quieres Yogafit por Daisy Robins, una profesora de yoga Vinyasa Flow 200hr, basada en Sotogrande y online. A trav\u00e9s de sus clases de yoga en grupo y sesiones privadas, su objetivo es ofrecerte un retiro de tu d\u00eda a d\u00eda. No importa tu edad, tama\u00f1o o nivel de forma f\u00edsica, Yogafit ... <a title=\"Yogafit Sotogrande\" class=\"read-more\" href=\"https:\/\/www.sotograndeguide.com\/es\/sotogrande-sports\/yogafit-sotogrande\/\" aria-label=\"Leer m\u00e1s sobre Yogafit Sotogrande\">Leer m\u00e1s<\/a><\/p>","protected":false},"author":1,"featured_media":35542,"parent":110,"menu_order":0,"comment_status":"closed","ping_status":"closed","template":"","meta":{"footnotes":""},"class_list":["post-35541","page","type-page","status-publish","has-post-thumbnail"],"yoast_head":"<!-- This site is optimized with the Yoast SEO Premium plugin v20.5 (Yoast SEO v27.4) - https:\/\/yoast.com\/product\/yoast-seo-premium-wordpress\/ -->\n<title>Yogafit Sotogrande<\/title>\n<meta name=\"robots\" content=\"index, follow, max-snippet:-1, max-image-preview:large, max-video-preview:-1\" \/>\n<link rel=\"canonical\" href=\"https:\/\/www.sotograndeguide.com\/es\/deportes-sotogrande\/yogafit-sotogrande\/\" \/>\n<meta property=\"og:locale\" content=\"es_ES\" \/>\n<meta property=\"og:type\" content=\"article\" \/>\n<meta property=\"og:title\" content=\"Yogafit Sotogrande\" \/>\n<meta property=\"og:description\" content=\"If you are looking for Yoga in Sotogrande, you want Yogafit by Daisy Robins, a 200hr Vinyasa Flow yoga teacher, based in Sotogrande and online. Through her group yoga classes, and private sessions she aims to offer you a retreat from your day to day life! No matter your age, size, or fitness level, Yogafit ... Leer m\u00e1s\" \/>\n<meta property=\"og:url\" content=\"https:\/\/www.sotograndeguide.com\/es\/deportes-sotogrande\/yogafit-sotogrande\/\" \/>\n<meta property=\"og:site_name\" content=\"Sotogrande Guide\" \/>\n<meta property=\"article:publisher\" content=\"https:\/\/www.facebook.com\/sotograndeguide\" \/>\n<meta property=\"og:image\" content=\"https:\/\/www.sotograndeguide.com\/wp-content\/uploads\/2020\/11\/Yogafit-Sotogrande.jpg\" \/>\n\t<meta property=\"og:image:width\" content=\"1457\" \/>\n\t<meta property=\"og:image:height\" content=\"972\" \/>\n\t<meta property=\"og:image:type\" content=\"image\/jpeg\" \/>\n<meta name=\"twitter:card\" content=\"summary_large_image\" \/>\n<meta name=\"twitter:site\" content=\"@sotograndeguide\" \/>\n<meta name=\"twitter:label1\" content=\"Tiempo de lectura\" \/>\n\t<meta name=\"twitter:data1\" content=\"1 minuto\" \/>\n<!-- \/ Yoast SEO Premium plugin. -->","yoast_head_json":{"title":"Yogafit Sotogrande","robots":{"index":"index","follow":"follow","max-snippet":"max-snippet:-1","max-image-preview":"max-image-preview:large","max-video-preview":"max-video-preview:-1"},"canonical":"https:\/\/www.sotograndeguide.com\/es\/deportes-sotogrande\/yogafit-sotogrande\/","og_locale":"es_ES","og_type":"article","og_title":"Yogafit Sotogrande","og_description":"If you are looking for Yoga in Sotogrande, you want Yogafit by Daisy Robins, a 200hr Vinyasa Flow yoga teacher, based in Sotogrande and online. Through her group yoga classes, and private sessions she aims to offer you a retreat from your day to day life! No matter your age, size, or fitness level, Yogafit ... Leer m\u00e1s","og_url":"https:\/\/www.sotograndeguide.com\/es\/deportes-sotogrande\/yogafit-sotogrande\/","og_site_name":"Sotogrande Guide","article_publisher":"https:\/\/www.facebook.com\/sotograndeguide","og_image":[{"width":1457,"height":972,"url":"https:\/\/www.sotograndeguide.com\/wp-content\/uploads\/2020\/11\/Yogafit-Sotogrande.jpg","type":"image\/jpeg"}],"twitter_card":"summary_large_image","twitter_site":"@sotograndeguide","twitter_misc":{"Tiempo de lectura":"1 minuto"},"schema":{"@context":"https:\/\/schema.org","@graph":[{"@type":"WebPage","@id":"https:\/\/www.sotograndeguide.com\/sotogrande-sports\/yogafit-sotogrande\/","url":"https:\/\/www.sotograndeguide.com\/sotogrande-sports\/yogafit-sotogrande\/","name":"Yogafit Sotogrande","isPartOf":{"@id":"https:\/\/www.sotograndeguide.com\/#website"},"primaryImageOfPage":{"@id":"https:\/\/www.sotograndeguide.com\/sotogrande-sports\/yogafit-sotogrande\/#primaryimage"},"image":{"@id":"https:\/\/www.sotograndeguide.com\/sotogrande-sports\/yogafit-sotogrande\/#primaryimage"},"thumbnailUrl":"https:\/\/www.sotograndeguide.com\/wp-content\/uploads\/2020\/11\/Yogafit-Sotogrande.jpg","datePublished":"2020-11-22T09:20:40+00:00","breadcrumb":{"@id":"https:\/\/www.sotograndeguide.com\/sotogrande-sports\/yogafit-sotogrande\/#breadcrumb"},"inLanguage":"es","potentialAction":[{"@type":"ReadAction","target":["https:\/\/www.sotograndeguide.com\/sotogrande-sports\/yogafit-sotogrande\/"]}]},{"@type":"ImageObject","inLanguage":"es","@id":"https:\/\/www.sotograndeguide.com\/sotogrande-sports\/yogafit-sotogrande\/#primaryimage","url":"https:\/\/www.sotograndeguide.com\/wp-content\/uploads\/2020\/11\/Yogafit-Sotogrande.jpg","contentUrl":"https:\/\/www.sotograndeguide.com\/wp-content\/uploads\/2020\/11\/Yogafit-Sotogrande.jpg","width":1457,"height":972,"caption":"Yogafit Sotogrande"},{"@type":"BreadcrumbList","@id":"https:\/\/www.sotograndeguide.com\/sotogrande-sports\/yogafit-sotogrande\/#breadcrumb","itemListElement":[{"@type":"ListItem","position":1,"name":"Home","item":"https:\/\/www.sotograndeguide.com\/"},{"@type":"ListItem","position":2,"name":"Sotogrande Sports","item":"https:\/\/www.sotograndeguide.com\/sotogrande-sports\/"},{"@type":"ListItem","position":3,"name":"Yogafit Sotogrande"}]},{"@type":"WebSite","@id":"https:\/\/www.sotograndeguide.com\/#website","url":"https:\/\/www.sotograndeguide.com\/","name":"Gu\u00eda de Sotogrande","description":"Noticias, consejos, eventos y rese\u00f1as","publisher":{"@id":"https:\/\/www.sotograndeguide.com\/#organization"},"potentialAction":[{"@type":"SearchAction","target":{"@type":"EntryPoint","urlTemplate":"https:\/\/www.sotograndeguide.com\/?s={search_term_string}"},"query-input":{"@type":"PropertyValueSpecification","valueRequired":true,"valueName":"search_term_string"}}],"inLanguage":"es"},{"@type":"Organization","@id":"https:\/\/www.sotograndeguide.com\/#organization","name":"Gu\u00eda de Sotogrande","url":"https:\/\/www.sotograndeguide.com\/","logo":{"@type":"ImageObject","inLanguage":"es","@id":"https:\/\/www.sotograndeguide.com\/#\/schema\/logo\/image\/","url":"https:\/\/www.sotograndeguide.com\/wp-content\/uploads\/2017\/03\/Sotogrande-Logo-GUIDE.png","contentUrl":"https:\/\/www.sotograndeguide.com\/wp-content\/uploads\/2017\/03\/Sotogrande-Logo-GUIDE.png","width":300,"height":300,"caption":"Sotogrande Guide"},"image":{"@id":"https:\/\/www.sotograndeguide.com\/#\/schema\/logo\/image\/"},"sameAs":["https:\/\/www.facebook.com\/sotograndeguide","https:\/\/x.com\/sotograndeguide","https:\/\/www.tiktok.com\/@sotograndeguide","https:\/\/www.youtube.com\/@SotograndeGuide"]}]}},"jetpack_sharing_enabled":true,"_links":{"self":[{"href":"https:\/\/www.sotograndeguide.com\/es\/wp-json\/wp\/v2\/pages\/35541","targetHints":{"allow":["GET"]}}],"collection":[{"href":"https:\/\/www.sotograndeguide.com\/es\/wp-json\/wp\/v2\/pages"}],"about":[{"href":"https:\/\/www.sotograndeguide.com\/es\/wp-json\/wp\/v2\/types\/page"}],"author":[{"embeddable":true,"href":"https:\/\/www.sotograndeguide.com\/es\/wp-json\/wp\/v2\/users\/1"}],"replies":[{"embeddable":true,"href":"https:\/\/www.sotograndeguide.com\/es\/wp-json\/wp\/v2\/comments?post=35541"}],"version-history":[{"count":0,"href":"https:\/\/www.sotograndeguide.com\/es\/wp-json\/wp\/v2\/pages\/35541\/revisions"}],"up":[{"embeddable":true,"href":"https:\/\/www.sotograndeguide.com\/es\/wp-json\/wp\/v2\/pages\/110"}],"wp:featuredmedia":[{"embeddable":true,"href":"https:\/\/www.sotograndeguide.com\/es\/wp-json\/wp\/v2\/media\/35542"}],"wp:attachment":[{"href":"https:\/\/www.sotograndeguide.com\/es\/wp-json\/wp\/v2\/media?parent=35541"}],"curies":[{"name":"wp","href":"https:\/\/api.w.org\/{rel}","templated":true}]}}