{"id":35502,"date":"2020-09-01T08:25:50","date_gmt":"2020-09-01T08:25:50","guid":{"rendered":"https:\/\/www.sotograndeguide.com\/?page_id=35502"},"modified":"2020-09-01T08:26:31","modified_gmt":"2020-09-01T08:26:31","slug":"conserjeria-a-medida","status":"publish","type":"page","link":"https:\/\/www.sotograndeguide.com\/es\/sotogrande-professional-services\/tailor-made-concierge\/","title":{"rendered":"Conserjer\u00eda a medida"},"content":{"rendered":"<p><img decoding=\"async\" class=\"alignright wp-image-35505\" src=\"https:\/\/www.sotograndeguide.com\/wp-content\/uploads\/2020\/09\/Tailor-Made-Concierge.png\" alt=\"Conserjer\u00eda a medida\" width=\"250\" height=\"255\" srcset=\"https:\/\/www.sotograndeguide.com\/wp-content\/uploads\/2020\/09\/Tailor-Made-Concierge.png 442w, https:\/\/www.sotograndeguide.com\/wp-content\/uploads\/2020\/09\/Tailor-Made-Concierge-295x300.png 295w\" sizes=\"(max-width: 250px) 100vw, 250px\" \/>Tailor Made Concierge es una empresa internacional de conserjer\u00eda de lujo y asistente personal con sede en Sotogrande. Ofrecemos una amplia gama de servicios, desde el mantenimiento del hogar hasta eventos privados exclusivos. Los servicios ofrecidos incluyen: Mantenimiento de la Casa, Jardiner\u00eda, Preparaci\u00f3n de la Casa, Proyectos de Construcci\u00f3n, Gesti\u00f3n de Viajes, Organizaci\u00f3n de Viajes, Excursiones de Vacaciones, Documentos de Viaje, D\u00eda a D\u00eda, Mantenimiento del Coche, Compra de Comestibles, Correo, Salud y Cuerpo, Preparador F\u00edsico, Spa, Sal\u00f3n de Belleza, Referencias y Recomendaciones, Entradas a Museos, Chef Especializado, Reserva de Restaurantes.<\/p>\n<p class=\"font_8\">Tel\u00e9fono: +34 638 38 73 66<\/p>\n<p><img decoding=\"async\" class=\"alignnone size-full wp-image-35504\" src=\"https:\/\/www.sotograndeguide.com\/wp-content\/uploads\/2020\/09\/TMC-services.png\" alt=\"Servicios de conserjer\u00eda Sotogrande\" width=\"1080\" height=\"1080\" srcset=\"https:\/\/www.sotograndeguide.com\/wp-content\/uploads\/2020\/09\/TMC-services.png 1080w, https:\/\/www.sotograndeguide.com\/wp-content\/uploads\/2020\/09\/TMC-services-300x300.png 300w, https:\/\/www.sotograndeguide.com\/wp-content\/uploads\/2020\/09\/TMC-services-1024x1024.png 1024w, https:\/\/www.sotograndeguide.com\/wp-content\/uploads\/2020\/09\/TMC-services-150x150.png 150w, https:\/\/www.sotograndeguide.com\/wp-content\/uploads\/2020\/09\/TMC-services-768x768.png 768w\" sizes=\"(max-width: 1080px) 100vw, 1080px\" \/><\/p>","protected":false},"excerpt":{"rendered":"<p>Tailor Made Concierge es una empresa internacional de conserjer\u00eda de lujo y asistente personal con sede en Sotogrande. Ofrecemos una amplia gama de servicios, desde el mantenimiento del hogar hasta eventos privados exclusivos. Los servicios ofrecidos incluyen: Mantenimiento de la casa, jardiner\u00eda, preparaci\u00f3n de la casa, proyectos de construcci\u00f3n, gesti\u00f3n de viajes, organizaci\u00f3n de viajes, excursiones de vacaciones, documentos de viaje, d\u00eda a d\u00eda, mantenimiento del coche, compras de comestibles, correo, ... <a title=\"Conserjer\u00eda a medida\" class=\"read-more\" href=\"https:\/\/www.sotograndeguide.com\/es\/sotogrande-professional-services\/tailor-made-concierge\/\" aria-label=\"Leer m\u00e1s sobre Conserje a medida\">Leer m\u00e1s<\/a><\/p>","protected":false},"author":1,"featured_media":35507,"parent":33892,"menu_order":0,"comment_status":"closed","ping_status":"closed","template":"","meta":{"footnotes":""},"class_list":["post-35502","page","type-page","status-publish","has-post-thumbnail"],"yoast_head":"<!-- This site is optimized with the Yoast SEO Premium plugin v20.5 (Yoast SEO v27.5) - https:\/\/yoast.com\/product\/yoast-seo-premium-wordpress\/ -->\n<title>Tailor Made Concierge<\/title>\n<meta name=\"robots\" content=\"index, follow, max-snippet:-1, max-image-preview:large, max-video-preview:-1\" \/>\n<link rel=\"canonical\" href=\"https:\/\/www.sotograndeguide.com\/es\/servicios-profesionales-de-sotogrande\/conserjeria-a-medida\/\" \/>\n<meta property=\"og:locale\" content=\"es_ES\" \/>\n<meta property=\"og:type\" content=\"article\" \/>\n<meta property=\"og:title\" content=\"Tailor Made Concierge\" \/>\n<meta property=\"og:description\" content=\"Tailor Made Concierge is an international luxury concierge and personal assistant company based in Sotogrande. We offer a wide range of services, from home maintenance to exclusive private events. Services offered include: House Maintenance, Gardening, House Preparation, Construction Projects, Travel Management, Travel Arrangements, Holiday Excursions, Travel Documents, Day To Day, Car Maintenance, Grocery Shopping, Mailing, ... Leer m\u00e1s\" \/>\n<meta property=\"og:url\" content=\"https:\/\/www.sotograndeguide.com\/es\/servicios-profesionales-de-sotogrande\/conserjeria-a-medida\/\" \/>\n<meta property=\"og:site_name\" content=\"Sotogrande Guide\" \/>\n<meta property=\"article:publisher\" content=\"https:\/\/www.facebook.com\/sotograndeguide\" \/>\n<meta property=\"article:modified_time\" content=\"2020-09-01T08:26:31+00:00\" \/>\n<meta property=\"og:image\" content=\"https:\/\/www.sotograndeguide.com\/wp-content\/uploads\/2020\/09\/concierge.jpg\" \/>\n\t<meta property=\"og:image:width\" content=\"1280\" \/>\n\t<meta property=\"og:image:height\" content=\"843\" \/>\n\t<meta property=\"og:image:type\" content=\"image\/jpeg\" \/>\n<meta name=\"twitter:card\" content=\"summary_large_image\" \/>\n<meta name=\"twitter:site\" content=\"@sotograndeguide\" \/>\n<!-- \/ Yoast SEO Premium plugin. -->","yoast_head_json":{"title":"Conserjer\u00eda a medida","robots":{"index":"index","follow":"follow","max-snippet":"max-snippet:-1","max-image-preview":"max-image-preview:large","max-video-preview":"max-video-preview:-1"},"canonical":"https:\/\/www.sotograndeguide.com\/es\/servicios-profesionales-de-sotogrande\/conserjeria-a-medida\/","og_locale":"es_ES","og_type":"article","og_title":"Tailor Made Concierge","og_description":"Tailor Made Concierge is an international luxury concierge and personal assistant company based in Sotogrande. We offer a wide range of services, from home maintenance to exclusive private events. Services offered include: House Maintenance, Gardening, House Preparation, Construction Projects, Travel Management, Travel Arrangements, Holiday Excursions, Travel Documents, Day To Day, Car Maintenance, Grocery Shopping, Mailing, ... Leer m\u00e1s","og_url":"https:\/\/www.sotograndeguide.com\/es\/servicios-profesionales-de-sotogrande\/conserjeria-a-medida\/","og_site_name":"Sotogrande Guide","article_publisher":"https:\/\/www.facebook.com\/sotograndeguide","article_modified_time":"2020-09-01T08:26:31+00:00","og_image":[{"width":1280,"height":843,"url":"https:\/\/www.sotograndeguide.com\/wp-content\/uploads\/2020\/09\/concierge.jpg","type":"image\/jpeg"}],"twitter_card":"summary_large_image","twitter_site":"@sotograndeguide","schema":{"@context":"https:\/\/schema.org","@graph":[{"@type":"WebPage","@id":"https:\/\/www.sotograndeguide.com\/sotogrande-professional-services\/tailor-made-concierge\/","url":"https:\/\/www.sotograndeguide.com\/sotogrande-professional-services\/tailor-made-concierge\/","name":"Conserjer\u00eda a medida","isPartOf":{"@id":"https:\/\/www.sotograndeguide.com\/#website"},"primaryImageOfPage":{"@id":"https:\/\/www.sotograndeguide.com\/sotogrande-professional-services\/tailor-made-concierge\/#primaryimage"},"image":{"@id":"https:\/\/www.sotograndeguide.com\/sotogrande-professional-services\/tailor-made-concierge\/#primaryimage"},"thumbnailUrl":"https:\/\/www.sotograndeguide.com\/wp-content\/uploads\/2020\/09\/concierge.jpg","datePublished":"2020-09-01T08:25:50+00:00","dateModified":"2020-09-01T08:26:31+00:00","breadcrumb":{"@id":"https:\/\/www.sotograndeguide.com\/sotogrande-professional-services\/tailor-made-concierge\/#breadcrumb"},"inLanguage":"es","potentialAction":[{"@type":"ReadAction","target":["https:\/\/www.sotograndeguide.com\/sotogrande-professional-services\/tailor-made-concierge\/"]}]},{"@type":"ImageObject","inLanguage":"es","@id":"https:\/\/www.sotograndeguide.com\/sotogrande-professional-services\/tailor-made-concierge\/#primaryimage","url":"https:\/\/www.sotograndeguide.com\/wp-content\/uploads\/2020\/09\/concierge.jpg","contentUrl":"https:\/\/www.sotograndeguide.com\/wp-content\/uploads\/2020\/09\/concierge.jpg","width":1280,"height":843,"caption":"Concierge Services in Sotogrande"},{"@type":"BreadcrumbList","@id":"https:\/\/www.sotograndeguide.com\/sotogrande-professional-services\/tailor-made-concierge\/#breadcrumb","itemListElement":[{"@type":"ListItem","position":1,"name":"Home","item":"https:\/\/www.sotograndeguide.com\/"},{"@type":"ListItem","position":2,"name":"Sotogrande Professional Services","item":"https:\/\/www.sotograndeguide.com\/sotogrande-professional-services\/"},{"@type":"ListItem","position":3,"name":"Tailor Made Concierge"}]},{"@type":"WebSite","@id":"https:\/\/www.sotograndeguide.com\/#website","url":"https:\/\/www.sotograndeguide.com\/","name":"Gu\u00eda de Sotogrande","description":"Noticias, consejos, eventos y rese\u00f1as","publisher":{"@id":"https:\/\/www.sotograndeguide.com\/#organization"},"potentialAction":[{"@type":"SearchAction","target":{"@type":"EntryPoint","urlTemplate":"https:\/\/www.sotograndeguide.com\/?s={search_term_string}"},"query-input":{"@type":"PropertyValueSpecification","valueRequired":true,"valueName":"search_term_string"}}],"inLanguage":"es"},{"@type":"Organization","@id":"https:\/\/www.sotograndeguide.com\/#organization","name":"Gu\u00eda de Sotogrande","url":"https:\/\/www.sotograndeguide.com\/","logo":{"@type":"ImageObject","inLanguage":"es","@id":"https:\/\/www.sotograndeguide.com\/#\/schema\/logo\/image\/","url":"https:\/\/www.sotograndeguide.com\/wp-content\/uploads\/2017\/03\/Sotogrande-Logo-GUIDE.png","contentUrl":"https:\/\/www.sotograndeguide.com\/wp-content\/uploads\/2017\/03\/Sotogrande-Logo-GUIDE.png","width":300,"height":300,"caption":"Sotogrande Guide"},"image":{"@id":"https:\/\/www.sotograndeguide.com\/#\/schema\/logo\/image\/"},"sameAs":["https:\/\/www.facebook.com\/sotograndeguide","https:\/\/x.com\/sotograndeguide","https:\/\/www.tiktok.com\/@sotograndeguide","https:\/\/www.youtube.com\/@SotograndeGuide"]}]}},"jetpack_sharing_enabled":true,"_links":{"self":[{"href":"https:\/\/www.sotograndeguide.com\/es\/wp-json\/wp\/v2\/pages\/35502","targetHints":{"allow":["GET"]}}],"collection":[{"href":"https:\/\/www.sotograndeguide.com\/es\/wp-json\/wp\/v2\/pages"}],"about":[{"href":"https:\/\/www.sotograndeguide.com\/es\/wp-json\/wp\/v2\/types\/page"}],"author":[{"embeddable":true,"href":"https:\/\/www.sotograndeguide.com\/es\/wp-json\/wp\/v2\/users\/1"}],"replies":[{"embeddable":true,"href":"https:\/\/www.sotograndeguide.com\/es\/wp-json\/wp\/v2\/comments?post=35502"}],"version-history":[{"count":0,"href":"https:\/\/www.sotograndeguide.com\/es\/wp-json\/wp\/v2\/pages\/35502\/revisions"}],"up":[{"embeddable":true,"href":"https:\/\/www.sotograndeguide.com\/es\/wp-json\/wp\/v2\/pages\/33892"}],"wp:featuredmedia":[{"embeddable":true,"href":"https:\/\/www.sotograndeguide.com\/es\/wp-json\/wp\/v2\/media\/35507"}],"wp:attachment":[{"href":"https:\/\/www.sotograndeguide.com\/es\/wp-json\/wp\/v2\/media?parent=35502"}],"curies":[{"name":"wp","href":"https:\/\/api.w.org\/{rel}","templated":true}]}}