{"id":35264,"date":"2019-07-05T16:43:35","date_gmt":"2019-07-05T16:43:35","guid":{"rendered":"https:\/\/www.sotograndeguide.com\/?page_id=35264"},"modified":"2019-07-21T11:59:32","modified_gmt":"2019-07-21T11:59:32","slug":"clubes-de-playa-de-sotogrande","status":"publish","type":"page","link":"https:\/\/www.sotograndeguide.com\/es\/sotogrande-beach-clubs\/","title":{"rendered":"Clubs de playa de Sotogrande"},"content":{"rendered":"<p>Sotogrande cuenta con una gran variedad de chiringuitos m\u00e1s peque\u00f1os y clubes de playa m\u00e1s grandes. <\/p>\n<div class=\"pt-cv-wrapper\"><div class=\"pt-cv-view pt-cv-grid pt-cv-colsys\" id=\"pt-cv-view-c667a65w1t\"><div data-id=\"pt-cv-page-1\" class=\"pt-cv-page\" data-cvc=\"3\"><div class=\"col-md-4 col-sm-6 col-xs-12 pt-cv-content-item pt-cv-1-col\"  data-pid=\"31590\"><div class='pt-cv-ifield'><a href=\"https:\/\/www.sotograndeguide.com\/es\/sotogrande-restaurants\/trocadero\/\" class=\"_self pt-cv-href-thumbnail pt-cv-thumb-default cvplbd\" target=\"_self\" ><img decoding=\"async\" width=\"300\" height=\"200\" src=\"https:\/\/www.sotograndeguide.com\/wp-content\/uploads\/2017\/04\/Trocadero-Sotogrande-300x200.jpg\" class=\"pt-cv-thumbnail img-none\" alt=\"Trocadero Sotogrande\" srcset=\"https:\/\/www.sotograndeguide.com\/wp-content\/uploads\/2017\/04\/Trocadero-Sotogrande-300x200.jpg\" sizes=\"(max-width: 300px) 100vw, 300px\" \/><\/a>\n<h4 class=\"pt-cv-title\"><a href=\"https:\/\/www.sotograndeguide.com\/es\/sotogrande-restaurants\/trocadero\/\" class=\"_self cvplbd\" target=\"_self\" >Trocadero Sotogrande<\/a><\/h4><\/div><\/div>\n<div class=\"col-md-4 col-sm-6 col-xs-12 pt-cv-content-item pt-cv-1-col\"  data-pid=\"33779\"><div class='pt-cv-ifield'><a href=\"https:\/\/www.sotograndeguide.com\/es\/sotogrande-beaches\/chambao\/\" class=\"_self pt-cv-href-thumbnail pt-cv-thumb-default cvplbd\" target=\"_self\" ><img decoding=\"async\" width=\"300\" height=\"200\" src=\"https:\/\/www.sotograndeguide.com\/wp-content\/uploads\/2018\/01\/Chambao-300x200.jpg\" class=\"pt-cv-thumbnail img-none\" alt=\"Chambao Sotogrande\" srcset=\"https:\/\/www.sotograndeguide.com\/wp-content\/uploads\/2018\/01\/Chambao-300x200.jpg\" sizes=\"(max-width: 300px) 100vw, 300px\" \/><\/a>\n<h4 class=\"pt-cv-title\"><a href=\"https:\/\/www.sotograndeguide.com\/es\/sotogrande-beaches\/chambao\/\" class=\"_self cvplbd\" target=\"_self\" >Chambao<\/a><\/h4><\/div><\/div>\n<div class=\"col-md-4 col-sm-6 col-xs-12 pt-cv-content-item pt-cv-1-col\"  data-pid=\"33864\"><div class='pt-cv-ifield'><a href=\"https:\/\/www.sotograndeguide.com\/es\/sotogrande-beaches\/bunker-beach-club\/\" class=\"_self pt-cv-href-thumbnail pt-cv-thumb-default cvplbd\" target=\"_self\" ><img decoding=\"async\" width=\"300\" height=\"200\" src=\"https:\/\/www.sotograndeguide.com\/wp-content\/uploads\/2018\/01\/Bunker-Beach-Club-Sotogrande-300x200.jpg\" class=\"pt-cv-thumbnail img-none\" alt=\"Bunker Beach Club Sotogrande\" srcset=\"https:\/\/www.sotograndeguide.com\/wp-content\/uploads\/2018\/01\/Bunker-Beach-Club-Sotogrande-300x200.jpg\" sizes=\"(max-width: 300px) 100vw, 300px\" \/><\/a>\n<h4 class=\"pt-cv-title\"><a href=\"https:\/\/www.sotograndeguide.com\/es\/sotogrande-beaches\/bunker-beach-club\/\" class=\"_self cvplbd\" target=\"_self\" >Club de playa Bunker<\/a><\/h4><\/div><\/div>\n<div class=\"col-md-4 col-sm-6 col-xs-12 pt-cv-content-item pt-cv-1-col\"  data-pid=\"33785\"><div class='pt-cv-ifield'><a href=\"https:\/\/www.sotograndeguide.com\/es\/sotogrande-beaches\/gigis-beach\/\" class=\"_self pt-cv-href-thumbnail pt-cv-thumb-default cvplbd\" target=\"_self\" ><img decoding=\"async\" width=\"300\" height=\"200\" src=\"https:\/\/www.sotograndeguide.com\/wp-content\/uploads\/2018\/01\/Gigis-Beach-300x200.jpg\" class=\"pt-cv-thumbnail img-none\" alt=\"Gigi&#039;s Beach Sotogrande\" srcset=\"https:\/\/www.sotograndeguide.com\/wp-content\/uploads\/2018\/01\/Gigis-Beach-300x200.jpg\" sizes=\"(max-width: 300px) 100vw, 300px\" \/><\/a>\n<h4 class=\"pt-cv-title\"><a href=\"https:\/\/www.sotograndeguide.com\/es\/sotogrande-beaches\/gigis-beach\/\" class=\"_self cvplbd\" target=\"_self\" >La playa de Gigi<\/a><\/h4><\/div><\/div>\n<div class=\"col-md-4 col-sm-6 col-xs-12 pt-cv-content-item pt-cv-1-col\"  data-pid=\"33781\"><div class='pt-cv-ifield'><a href=\"https:\/\/www.sotograndeguide.com\/es\/sotogrande-beaches\/chiringuito-altamar\/\" class=\"_self pt-cv-href-thumbnail pt-cv-thumb-default cvplbd\" target=\"_self\" ><img decoding=\"async\" width=\"300\" height=\"200\" src=\"https:\/\/www.sotograndeguide.com\/wp-content\/uploads\/2018\/01\/Chiringuito-Altamar-300x200.jpg\" class=\"pt-cv-thumbnail img-none\" alt=\"Chiringuito Altamar\" srcset=\"https:\/\/www.sotograndeguide.com\/wp-content\/uploads\/2018\/01\/Chiringuito-Altamar-300x200.jpg\" sizes=\"(max-width: 300px) 100vw, 300px\" \/><\/a>\n<h4 class=\"pt-cv-title\"><a href=\"https:\/\/www.sotograndeguide.com\/es\/sotogrande-beaches\/chiringuito-altamar\/\" class=\"_self cvplbd\" target=\"_self\" >Chiringuito Altamar<\/a><\/h4><\/div><\/div>\n<div class=\"col-md-4 col-sm-6 col-xs-12 pt-cv-content-item pt-cv-1-col\"  data-pid=\"33867\"><div class='pt-cv-ifield'><a href=\"https:\/\/www.sotograndeguide.com\/es\/sotogrande-beaches\/bahia-limon-chiringochill\/\" class=\"_self pt-cv-href-thumbnail pt-cv-thumb-default cvplbd\" target=\"_self\" ><img decoding=\"async\" width=\"300\" height=\"200\" src=\"https:\/\/www.sotograndeguide.com\/wp-content\/uploads\/2018\/01\/Bahia-Limon-Chiringochill-300x200.jpg\" class=\"pt-cv-thumbnail img-none\" alt=\"Bah\u00eda Lim\u00f3n Chiringochill\" srcset=\"https:\/\/www.sotograndeguide.com\/wp-content\/uploads\/2018\/01\/Bahia-Limon-Chiringochill-300x200.jpg\" sizes=\"(max-width: 300px) 100vw, 300px\" \/><\/a>\n<h4 class=\"pt-cv-title\"><a href=\"https:\/\/www.sotograndeguide.com\/es\/sotogrande-beaches\/bahia-limon-chiringochill\/\" class=\"_self cvplbd\" target=\"_self\" >Bah\u00eda Lim\u00f3n Chiringochill<\/a><\/h4><\/div><\/div>\n<div class=\"col-md-4 col-sm-6 col-xs-12 pt-cv-content-item pt-cv-1-col\"  data-pid=\"33865\"><div class='pt-cv-ifield'><a href=\"https:\/\/www.sotograndeguide.com\/es\/sotogrande-beaches\/el-octogono\/\" class=\"_self pt-cv-href-thumbnail pt-cv-thumb-default cvplbd\" target=\"_self\" ><img decoding=\"async\" width=\"300\" height=\"200\" src=\"https:\/\/www.sotograndeguide.com\/wp-content\/uploads\/2018\/01\/El-Octogono-Sotogrande-300x200.jpg\" class=\"pt-cv-thumbnail img-none\" alt=\"El Octogono Sotogrande\" srcset=\"https:\/\/www.sotograndeguide.com\/wp-content\/uploads\/2018\/01\/El-Octogono-Sotogrande-300x200.jpg\" sizes=\"(max-width: 300px) 100vw, 300px\" \/><\/a>\n<h4 class=\"pt-cv-title\"><a href=\"https:\/\/www.sotograndeguide.com\/es\/sotogrande-beaches\/el-octogono\/\" class=\"_self cvplbd\" target=\"_self\" >El Octogono<\/a><\/h4><\/div><\/div>\n<div class=\"col-md-4 col-sm-6 col-xs-12 pt-cv-content-item pt-cv-1-col\"  data-pid=\"34942\"><div class='pt-cv-ifield'><a href=\"https:\/\/www.sotograndeguide.com\/es\/sotogrande-beaches\/the-beach-la-reserva-club\/\" class=\"_self pt-cv-href-thumbnail pt-cv-thumb-default cvplbd\" target=\"_self\" ><img decoding=\"async\" width=\"300\" height=\"200\" src=\"https:\/\/www.sotograndeguide.com\/wp-content\/uploads\/2018\/08\/The-Beach-La-Reserva-Club-Sotogrande-3-300x200.jpg\" class=\"pt-cv-thumbnail img-none\" alt=\"La Playa, Club La Reserva, Sotogrande\" srcset=\"https:\/\/www.sotograndeguide.com\/wp-content\/uploads\/2018\/08\/The-Beach-La-Reserva-Club-Sotogrande-3-300x200.jpg\" sizes=\"(max-width: 300px) 100vw, 300px\" \/><\/a>\n<h4 class=\"pt-cv-title\"><a href=\"https:\/\/www.sotograndeguide.com\/es\/sotogrande-beaches\/the-beach-la-reserva-club\/\" class=\"_self cvplbd\" target=\"_self\" >La Playa, Club La Reserva<\/a><\/h4><\/div><\/div>\n<div class=\"col-md-4 col-sm-6 col-xs-12 pt-cv-content-item pt-cv-1-col\"  data-pid=\"35321\"><div class='pt-cv-ifield'><a href=\"https:\/\/www.sotograndeguide.com\/es\/loro-beach\/\" class=\"_self pt-cv-href-thumbnail pt-cv-thumb-default cvplbd\" target=\"_self\" ><img decoding=\"async\" width=\"300\" height=\"200\" src=\"https:\/\/www.sotograndeguide.com\/wp-content\/uploads\/2019\/07\/Loro-Beach-Sotogrande-300x200.jpg\" class=\"pt-cv-thumbnail img-none\" alt=\"Playa de Loro Sotogrande\" srcset=\"https:\/\/www.sotograndeguide.com\/wp-content\/uploads\/2019\/07\/Loro-Beach-Sotogrande-300x200.jpg\" sizes=\"(max-width: 267px) 100vw, 267px\" \/><\/a>\n<h4 class=\"pt-cv-title\"><a href=\"https:\/\/www.sotograndeguide.com\/es\/loro-beach\/\" class=\"_self cvplbd\" target=\"_self\" >Playa de Loro<\/a><\/h4><\/div><\/div>\n<div class=\"col-md-4 col-sm-6 col-xs-12 pt-cv-content-item pt-cv-1-col\"  data-pid=\"35879\"><div class='pt-cv-ifield'><a href=\"https:\/\/www.sotograndeguide.com\/es\/sotogrande-beaches\/chiringuito-eulogia\/\" class=\"_self pt-cv-href-thumbnail pt-cv-thumb-default cvplbd\" target=\"_self\" ><img decoding=\"async\" width=\"300\" height=\"200\" src=\"https:\/\/www.sotograndeguide.com\/wp-content\/uploads\/2023\/04\/Chiringuito-Eulogia-Torreguadiaro-300x200.jpeg\" class=\"pt-cv-thumbnail img-none\" alt=\"Chiringuito Eulogia\" srcset=\"https:\/\/www.sotograndeguide.com\/wp-content\/uploads\/2023\/04\/Chiringuito-Eulogia-Torreguadiaro-300x200.jpeg\" sizes=\"(max-width: 267px) 100vw, 267px\" \/><\/a>\n<h4 class=\"pt-cv-title\"><a href=\"https:\/\/www.sotograndeguide.com\/es\/sotogrande-beaches\/chiringuito-eulogia\/\" class=\"_self cvplbd\" target=\"_self\" >Chiringuito Eulogia<\/a><\/h4><\/div><\/div><\/div><\/div><\/div>\t\t\t<style type=\"text\/css\" id=\"pt-cv-inline-style-4776671ayx\">#pt-cv-view-c667a65w1t .pt-cv-title a, #pt-cv-view-c667a65w1t  .panel-title { font-weight: 600 !important; }\n#pt-cv-view-c667a65w1t .pt-cv-readmore  { color: #ffffff !important; background-color: #00aeef !important; }\n#pt-cv-view-c667a65w1t .pt-cv-readmore:hover  { color: #ffffff !important; background-color: #00aeef !important; }<\/style>\r\n\t\t\t\n<p><em>\u00bfBusca todos los bares y restaurantes de Sotogrande y alrededores? Consulte nuestra <a href=\"https:\/\/www.sotograndeguide.com\/es\/restaurantes-sotogrande\/\" target=\"_blank\" rel=\"noopener noreferrer\">Restaurantes Sotogrande<\/a> gu\u00eda. \u00bfNos hemos dejado alg\u00fan Chiringuito o Beach Club en Sotogrande o alrededores? <\/em><\/p>\n<p><mark>\u00bfLe gustar\u00eda que su chiringuito o club de playa apareciese en la lista?<\/mark> <a href=\"https:\/\/www.sotograndeguide.com\/es\/pongase-en-contacto-con\/\">P\u00f3ngase en contacto<\/a>.<\/p>","protected":false},"excerpt":{"rendered":"<p>Sotogrande cuenta con una gran variedad de peque\u00f1os chiringuitos y grandes clubes de playa. \u00bfBusca todos los bares y restaurantes de Sotogrande y sus alrededores? Consulte nuestra gu\u00eda de Restaurantes de Sotogrande. \u00bfNos hemos dejado alg\u00fan Chiringuito o Beach Club en Sotogrande o alrededores? \u00bfLe gustar\u00eda que su chiringuito o club de playa apareciese? ... <a title=\"Clubs de playa de Sotogrande\" class=\"read-more\" href=\"https:\/\/www.sotograndeguide.com\/es\/sotogrande-beach-clubs\/\" aria-label=\"Leer m\u00e1s sobre Sotogrande Beach Clubs\">Leer m\u00e1s<\/a><\/p>","protected":false},"author":1,"featured_media":35270,"parent":0,"menu_order":0,"comment_status":"closed","ping_status":"closed","template":"","meta":{"footnotes":""},"class_list":["post-35264","page","type-page","status-publish","has-post-thumbnail"],"yoast_head":"<!-- This site is optimized with the Yoast SEO Premium plugin v20.5 (Yoast SEO v27.4) - https:\/\/yoast.com\/product\/yoast-seo-premium-wordpress\/ -->\n<title>Bars and Beach Clubs in Sotogrande [Complete List] - Sotogrande Guide<\/title>\n<meta name=\"description\" content=\"Sotogrande has a great variety of smaller beach bars and bigger beach clubs, offering everything from drinks and snacks to exclusive restaurants and pools.\" \/>\n<meta name=\"robots\" content=\"index, follow, max-snippet:-1, max-image-preview:large, max-video-preview:-1\" \/>\n<link rel=\"canonical\" href=\"https:\/\/www.sotograndeguide.com\/es\/clubes-de-playa-de-sotogrande\/\" \/>\n<meta property=\"og:locale\" content=\"es_ES\" \/>\n<meta property=\"og:type\" content=\"article\" \/>\n<meta property=\"og:title\" content=\"Sotogrande Beach Clubs\" \/>\n<meta property=\"og:description\" content=\"Sotogrande has a great variety of smaller beach bars and bigger beach clubs, offering everything from drinks and snacks to exclusive restaurants and pools.\" \/>\n<meta property=\"og:url\" content=\"https:\/\/www.sotograndeguide.com\/es\/clubes-de-playa-de-sotogrande\/\" \/>\n<meta property=\"og:site_name\" content=\"Sotogrande Guide\" \/>\n<meta property=\"article:publisher\" content=\"https:\/\/www.facebook.com\/sotograndeguide\" \/>\n<meta property=\"article:modified_time\" content=\"2019-07-21T11:59:32+00:00\" \/>\n<meta property=\"og:image\" content=\"https:\/\/www.sotograndeguide.com\/wp-content\/uploads\/2019\/07\/Torreguadiaro-Beach.jpeg\" \/>\n\t<meta property=\"og:image:width\" content=\"1180\" \/>\n\t<meta property=\"og:image:height\" content=\"846\" \/>\n\t<meta property=\"og:image:type\" content=\"image\/jpeg\" \/>\n<meta name=\"twitter:card\" content=\"summary_large_image\" \/>\n<meta name=\"twitter:site\" content=\"@sotograndeguide\" \/>\n<!-- \/ Yoast SEO Premium plugin. -->","yoast_head_json":{"title":"Bars and Beach Clubs in Sotogrande [Complete List] - Sotogrande Guide","description":"Sotogrande cuenta con una gran variedad de chiringuitos m\u00e1s peque\u00f1os y clubes de playa m\u00e1s grandes, que ofrecen desde bebidas y aperitivos hasta restaurantes exclusivos y piscinas.","robots":{"index":"index","follow":"follow","max-snippet":"max-snippet:-1","max-image-preview":"max-image-preview:large","max-video-preview":"max-video-preview:-1"},"canonical":"https:\/\/www.sotograndeguide.com\/es\/clubes-de-playa-de-sotogrande\/","og_locale":"es_ES","og_type":"article","og_title":"Sotogrande Beach Clubs","og_description":"Sotogrande has a great variety of smaller beach bars and bigger beach clubs, offering everything from drinks and snacks to exclusive restaurants and pools.","og_url":"https:\/\/www.sotograndeguide.com\/es\/clubes-de-playa-de-sotogrande\/","og_site_name":"Sotogrande Guide","article_publisher":"https:\/\/www.facebook.com\/sotograndeguide","article_modified_time":"2019-07-21T11:59:32+00:00","og_image":[{"width":1180,"height":846,"url":"https:\/\/www.sotograndeguide.com\/wp-content\/uploads\/2019\/07\/Torreguadiaro-Beach.jpeg","type":"image\/jpeg"}],"twitter_card":"summary_large_image","twitter_site":"@sotograndeguide","schema":{"@context":"https:\/\/schema.org","@graph":[{"@type":"WebPage","@id":"https:\/\/www.sotograndeguide.com\/sotogrande-beach-clubs\/","url":"https:\/\/www.sotograndeguide.com\/sotogrande-beach-clubs\/","name":"Bars and Beach Clubs in Sotogrande [Complete List] - Sotogrande Guide","isPartOf":{"@id":"https:\/\/www.sotograndeguide.com\/#website"},"primaryImageOfPage":{"@id":"https:\/\/www.sotograndeguide.com\/sotogrande-beach-clubs\/#primaryimage"},"image":{"@id":"https:\/\/www.sotograndeguide.com\/sotogrande-beach-clubs\/#primaryimage"},"thumbnailUrl":"https:\/\/www.sotograndeguide.com\/wp-content\/uploads\/2019\/07\/Torreguadiaro-Beach.jpeg","datePublished":"2019-07-05T16:43:35+00:00","dateModified":"2019-07-21T11:59:32+00:00","description":"Sotogrande cuenta con una gran variedad de chiringuitos m\u00e1s peque\u00f1os y clubes de playa m\u00e1s grandes, que ofrecen desde bebidas y aperitivos hasta restaurantes exclusivos y piscinas.","breadcrumb":{"@id":"https:\/\/www.sotograndeguide.com\/sotogrande-beach-clubs\/#breadcrumb"},"inLanguage":"es","potentialAction":[{"@type":"ReadAction","target":["https:\/\/www.sotograndeguide.com\/sotogrande-beach-clubs\/"]}]},{"@type":"ImageObject","inLanguage":"es","@id":"https:\/\/www.sotograndeguide.com\/sotogrande-beach-clubs\/#primaryimage","url":"https:\/\/www.sotograndeguide.com\/wp-content\/uploads\/2019\/07\/Torreguadiaro-Beach.jpeg","contentUrl":"https:\/\/www.sotograndeguide.com\/wp-content\/uploads\/2019\/07\/Torreguadiaro-Beach.jpeg","width":1180,"height":846,"caption":"Torreguadiaro Beach"},{"@type":"BreadcrumbList","@id":"https:\/\/www.sotograndeguide.com\/sotogrande-beach-clubs\/#breadcrumb","itemListElement":[{"@type":"ListItem","position":1,"name":"Home","item":"https:\/\/www.sotograndeguide.com\/"},{"@type":"ListItem","position":2,"name":"Sotogrande Beach Clubs"}]},{"@type":"WebSite","@id":"https:\/\/www.sotograndeguide.com\/#website","url":"https:\/\/www.sotograndeguide.com\/","name":"Gu\u00eda de Sotogrande","description":"Noticias, consejos, eventos y rese\u00f1as","publisher":{"@id":"https:\/\/www.sotograndeguide.com\/#organization"},"potentialAction":[{"@type":"SearchAction","target":{"@type":"EntryPoint","urlTemplate":"https:\/\/www.sotograndeguide.com\/?s={search_term_string}"},"query-input":{"@type":"PropertyValueSpecification","valueRequired":true,"valueName":"search_term_string"}}],"inLanguage":"es"},{"@type":"Organization","@id":"https:\/\/www.sotograndeguide.com\/#organization","name":"Gu\u00eda de Sotogrande","url":"https:\/\/www.sotograndeguide.com\/","logo":{"@type":"ImageObject","inLanguage":"es","@id":"https:\/\/www.sotograndeguide.com\/#\/schema\/logo\/image\/","url":"https:\/\/www.sotograndeguide.com\/wp-content\/uploads\/2017\/03\/Sotogrande-Logo-GUIDE.png","contentUrl":"https:\/\/www.sotograndeguide.com\/wp-content\/uploads\/2017\/03\/Sotogrande-Logo-GUIDE.png","width":300,"height":300,"caption":"Sotogrande Guide"},"image":{"@id":"https:\/\/www.sotograndeguide.com\/#\/schema\/logo\/image\/"},"sameAs":["https:\/\/www.facebook.com\/sotograndeguide","https:\/\/x.com\/sotograndeguide","https:\/\/www.tiktok.com\/@sotograndeguide","https:\/\/www.youtube.com\/@SotograndeGuide"]}]}},"jetpack_sharing_enabled":true,"_links":{"self":[{"href":"https:\/\/www.sotograndeguide.com\/es\/wp-json\/wp\/v2\/pages\/35264","targetHints":{"allow":["GET"]}}],"collection":[{"href":"https:\/\/www.sotograndeguide.com\/es\/wp-json\/wp\/v2\/pages"}],"about":[{"href":"https:\/\/www.sotograndeguide.com\/es\/wp-json\/wp\/v2\/types\/page"}],"author":[{"embeddable":true,"href":"https:\/\/www.sotograndeguide.com\/es\/wp-json\/wp\/v2\/users\/1"}],"replies":[{"embeddable":true,"href":"https:\/\/www.sotograndeguide.com\/es\/wp-json\/wp\/v2\/comments?post=35264"}],"version-history":[{"count":0,"href":"https:\/\/www.sotograndeguide.com\/es\/wp-json\/wp\/v2\/pages\/35264\/revisions"}],"wp:featuredmedia":[{"embeddable":true,"href":"https:\/\/www.sotograndeguide.com\/es\/wp-json\/wp\/v2\/media\/35270"}],"wp:attachment":[{"href":"https:\/\/www.sotograndeguide.com\/es\/wp-json\/wp\/v2\/media?parent=35264"}],"curies":[{"name":"wp","href":"https:\/\/api.w.org\/{rel}","templated":true}]}}