{"id":35182,"date":"2019-05-15T15:27:05","date_gmt":"2019-05-15T15:27:05","guid":{"rendered":"https:\/\/www.sotograndeguide.com\/?page_id=35182"},"modified":"2019-05-16T07:15:21","modified_gmt":"2019-05-16T07:15:21","slug":"vida-nocturna-en-sotogrande","status":"publish","type":"page","link":"https:\/\/www.sotograndeguide.com\/es\/sotogrande-nightlife\/","title":{"rendered":"Vida nocturna en Sotogrande"},"content":{"rendered":"<p>La vida nocturna de Sotogrande es m\u00e1s activa durante los meses de verano e incluso entonces suele ser sobre todo relajada y sofisticada.<\/p>\n<p>En agosto se puede disfrutar del After Polo, que es un club al aire libre abierto todos los d\u00edas de la semana hasta muy tarde que se celebra en el Santa Mar\u00eda Polo Club.<\/p>\n<p>Otros bares populares con animada vida nocturna en Sotogrande, incluyen el <a href=\"https:\/\/www.sotograndeguide.com\/es\/restaurantes-sotogrande\/el-limon-peludo\/\">Lim\u00f3n peludo en Sotogrande<\/a> Puerto, as\u00ed como el Bar Restaurante Midas, situado justo debajo del <a href=\"https:\/\/www.sotograndeguide.com\/es\/hoteles-de-sotogrande\/club-maritimo-de-sotogrande\/\">Hotel Club Mar\u00edtimo<\/a>.<\/p>\n<p>En <a href=\"https:\/\/www.sotograndeguide.com\/es\/playas-de-sotogrande\/chambao\/\">Chiringuito Chambao<\/a> y <a href=\"https:\/\/www.sotograndeguide.com\/es\/restaurantes-sotogrande\/trocadero\/\">Club de playa Trocadero<\/a> son tambi\u00e9n dos lugares populares a la hora de disfrutar de una copa, buena m\u00fasica y conocer a gente de todo el mundo.<\/p>\n<p>Durante el resto del a\u00f1o, la zona de Sotogrande es m\u00e1s relajada pero hay <a href=\"https:\/\/www.sotograndeguide.com\/es\/vida-nocturna-en-sotogrande\/club-torreguadiaro\/\" rel=\"noopener noreferrer\" target=\"_blank\">Underclub<\/a>, un nuevo club que ha abierto recientemente en Torreguadiaro y que est\u00e1 abierto todo el a\u00f1o.<\/p>\n<p>Otras opciones en los meses de invierno son <a href=\"https:\/\/www.sotograndeguide.com\/es\/restaurantes-sotogrande\/ke-bar\/\">Ke Bar<\/a> que siempre es un punto de encuentro para tomar una copa.<\/p>","protected":false},"excerpt":{"rendered":"<p>La vida nocturna de Sotogrande es m\u00e1s activa durante los meses de verano e incluso entonces suele ser m\u00e1s relajada y sofisticada. En agosto se puede disfrutar del After Polo, que es un club al aire libre abierto todos los d\u00edas de la semana hasta muy tarde que se celebra en el Santa Mar\u00eda Polo Club. Otros bares populares con una animada vida nocturna ... <a title=\"Vida nocturna en Sotogrande\" class=\"read-more\" href=\"https:\/\/www.sotograndeguide.com\/es\/sotogrande-nightlife\/\" aria-label=\"Leer m\u00e1s sobre Vida nocturna en Sotogrande\">Leer m\u00e1s<\/a><\/p>","protected":false},"author":1,"featured_media":35183,"parent":0,"menu_order":0,"comment_status":"closed","ping_status":"closed","template":"","meta":{"footnotes":""},"class_list":["post-35182","page","type-page","status-publish","has-post-thumbnail"],"yoast_head":"<!-- This site is optimized with the Yoast SEO Premium plugin v20.5 (Yoast SEO v27.4) - https:\/\/yoast.com\/product\/yoast-seo-premium-wordpress\/ -->\n<title>Sotogrande Nightlife<\/title>\n<meta name=\"robots\" content=\"index, follow, max-snippet:-1, max-image-preview:large, max-video-preview:-1\" \/>\n<link rel=\"canonical\" href=\"https:\/\/www.sotograndeguide.com\/es\/vida-nocturna-en-sotogrande\/\" \/>\n<meta property=\"og:locale\" content=\"es_ES\" \/>\n<meta property=\"og:type\" content=\"article\" \/>\n<meta property=\"og:title\" content=\"Sotogrande Nightlife\" \/>\n<meta property=\"og:description\" content=\"Sotogrande nightlife is most active during the summer months and even then it is usually mostly relaxed and sophisticated. In August you can enjoy the After Polo, which is an open air club open every day of the week until very late held at the Santa Maria Polo Club. Other popular bars with busy nightlife ... Leer m\u00e1s\" \/>\n<meta property=\"og:url\" content=\"https:\/\/www.sotograndeguide.com\/es\/vida-nocturna-en-sotogrande\/\" \/>\n<meta property=\"og:site_name\" content=\"Sotogrande Guide\" \/>\n<meta property=\"article:publisher\" content=\"https:\/\/www.facebook.com\/sotograndeguide\" \/>\n<meta property=\"article:modified_time\" content=\"2019-05-16T07:15:21+00:00\" \/>\n<meta property=\"og:image\" content=\"https:\/\/www.sotograndeguide.com\/wp-content\/uploads\/2019\/05\/Sotogrande-Nightlife.jpg\" \/>\n\t<meta property=\"og:image:width\" content=\"1280\" \/>\n\t<meta property=\"og:image:height\" content=\"960\" \/>\n\t<meta property=\"og:image:type\" content=\"image\/jpeg\" \/>\n<meta name=\"twitter:card\" content=\"summary_large_image\" \/>\n<meta name=\"twitter:site\" content=\"@sotograndeguide\" \/>\n<meta name=\"twitter:label1\" content=\"Tiempo de lectura\" \/>\n\t<meta name=\"twitter:data1\" content=\"1 minuto\" \/>\n<!-- \/ Yoast SEO Premium plugin. -->","yoast_head_json":{"title":"Vida nocturna en Sotogrande","robots":{"index":"index","follow":"follow","max-snippet":"max-snippet:-1","max-image-preview":"max-image-preview:large","max-video-preview":"max-video-preview:-1"},"canonical":"https:\/\/www.sotograndeguide.com\/es\/vida-nocturna-en-sotogrande\/","og_locale":"es_ES","og_type":"article","og_title":"Sotogrande Nightlife","og_description":"Sotogrande nightlife is most active during the summer months and even then it is usually mostly relaxed and sophisticated. In August you can enjoy the After Polo, which is an open air club open every day of the week until very late held at the Santa Maria Polo Club. Other popular bars with busy nightlife ... Leer m\u00e1s","og_url":"https:\/\/www.sotograndeguide.com\/es\/vida-nocturna-en-sotogrande\/","og_site_name":"Sotogrande Guide","article_publisher":"https:\/\/www.facebook.com\/sotograndeguide","article_modified_time":"2019-05-16T07:15:21+00:00","og_image":[{"width":1280,"height":960,"url":"https:\/\/www.sotograndeguide.com\/wp-content\/uploads\/2019\/05\/Sotogrande-Nightlife.jpg","type":"image\/jpeg"}],"twitter_card":"summary_large_image","twitter_site":"@sotograndeguide","twitter_misc":{"Tiempo de lectura":"1 minuto"},"schema":{"@context":"https:\/\/schema.org","@graph":[{"@type":"WebPage","@id":"https:\/\/www.sotograndeguide.com\/sotogrande-nightlife\/","url":"https:\/\/www.sotograndeguide.com\/sotogrande-nightlife\/","name":"Vida nocturna en Sotogrande","isPartOf":{"@id":"https:\/\/www.sotograndeguide.com\/#website"},"primaryImageOfPage":{"@id":"https:\/\/www.sotograndeguide.com\/sotogrande-nightlife\/#primaryimage"},"image":{"@id":"https:\/\/www.sotograndeguide.com\/sotogrande-nightlife\/#primaryimage"},"thumbnailUrl":"https:\/\/www.sotograndeguide.com\/wp-content\/uploads\/2019\/05\/Sotogrande-Nightlife.jpg","datePublished":"2019-05-15T15:27:05+00:00","dateModified":"2019-05-16T07:15:21+00:00","breadcrumb":{"@id":"https:\/\/www.sotograndeguide.com\/sotogrande-nightlife\/#breadcrumb"},"inLanguage":"es","potentialAction":[{"@type":"ReadAction","target":["https:\/\/www.sotograndeguide.com\/sotogrande-nightlife\/"]}]},{"@type":"ImageObject","inLanguage":"es","@id":"https:\/\/www.sotograndeguide.com\/sotogrande-nightlife\/#primaryimage","url":"https:\/\/www.sotograndeguide.com\/wp-content\/uploads\/2019\/05\/Sotogrande-Nightlife.jpg","contentUrl":"https:\/\/www.sotograndeguide.com\/wp-content\/uploads\/2019\/05\/Sotogrande-Nightlife.jpg","width":1280,"height":960,"caption":"Sotogrande Nightlife"},{"@type":"BreadcrumbList","@id":"https:\/\/www.sotograndeguide.com\/sotogrande-nightlife\/#breadcrumb","itemListElement":[{"@type":"ListItem","position":1,"name":"Home","item":"https:\/\/www.sotograndeguide.com\/"},{"@type":"ListItem","position":2,"name":"Sotogrande Nightlife"}]},{"@type":"WebSite","@id":"https:\/\/www.sotograndeguide.com\/#website","url":"https:\/\/www.sotograndeguide.com\/","name":"Gu\u00eda de Sotogrande","description":"Noticias, consejos, eventos y rese\u00f1as","publisher":{"@id":"https:\/\/www.sotograndeguide.com\/#organization"},"potentialAction":[{"@type":"SearchAction","target":{"@type":"EntryPoint","urlTemplate":"https:\/\/www.sotograndeguide.com\/?s={search_term_string}"},"query-input":{"@type":"PropertyValueSpecification","valueRequired":true,"valueName":"search_term_string"}}],"inLanguage":"es"},{"@type":"Organization","@id":"https:\/\/www.sotograndeguide.com\/#organization","name":"Gu\u00eda de Sotogrande","url":"https:\/\/www.sotograndeguide.com\/","logo":{"@type":"ImageObject","inLanguage":"es","@id":"https:\/\/www.sotograndeguide.com\/#\/schema\/logo\/image\/","url":"https:\/\/www.sotograndeguide.com\/wp-content\/uploads\/2017\/03\/Sotogrande-Logo-GUIDE.png","contentUrl":"https:\/\/www.sotograndeguide.com\/wp-content\/uploads\/2017\/03\/Sotogrande-Logo-GUIDE.png","width":300,"height":300,"caption":"Sotogrande Guide"},"image":{"@id":"https:\/\/www.sotograndeguide.com\/#\/schema\/logo\/image\/"},"sameAs":["https:\/\/www.facebook.com\/sotograndeguide","https:\/\/x.com\/sotograndeguide","https:\/\/www.tiktok.com\/@sotograndeguide","https:\/\/www.youtube.com\/@SotograndeGuide"]}]}},"jetpack_sharing_enabled":true,"_links":{"self":[{"href":"https:\/\/www.sotograndeguide.com\/es\/wp-json\/wp\/v2\/pages\/35182","targetHints":{"allow":["GET"]}}],"collection":[{"href":"https:\/\/www.sotograndeguide.com\/es\/wp-json\/wp\/v2\/pages"}],"about":[{"href":"https:\/\/www.sotograndeguide.com\/es\/wp-json\/wp\/v2\/types\/page"}],"author":[{"embeddable":true,"href":"https:\/\/www.sotograndeguide.com\/es\/wp-json\/wp\/v2\/users\/1"}],"replies":[{"embeddable":true,"href":"https:\/\/www.sotograndeguide.com\/es\/wp-json\/wp\/v2\/comments?post=35182"}],"version-history":[{"count":0,"href":"https:\/\/www.sotograndeguide.com\/es\/wp-json\/wp\/v2\/pages\/35182\/revisions"}],"wp:featuredmedia":[{"embeddable":true,"href":"https:\/\/www.sotograndeguide.com\/es\/wp-json\/wp\/v2\/media\/35183"}],"wp:attachment":[{"href":"https:\/\/www.sotograndeguide.com\/es\/wp-json\/wp\/v2\/media?parent=35182"}],"curies":[{"name":"wp","href":"https:\/\/api.w.org\/{rel}","templated":true}]}}