{"id":35158,"date":"2019-05-15T09:51:21","date_gmt":"2019-05-15T09:51:21","guid":{"rendered":"https:\/\/www.sotograndeguide.com\/?page_id=35158"},"modified":"2021-10-16T13:34:21","modified_gmt":"2021-10-16T13:34:21","slug":"directorio-de-sotogrande","status":"publish","type":"page","link":"https:\/\/www.sotograndeguide.com\/es\/sotogrande-directory\/","title":{"rendered":"Directorio de Sotogrande"},"content":{"rendered":"<p>El Directorio de Sotogrande presenta empresas de Sotogrande y alrededores:<\/p>\n<h2>Directorio de empresas<\/h2>\n<div class=\"pt-cv-wrapper\"><div class=\"pt-cv-view pt-cv-grid pt-cv-colsys\" id=\"pt-cv-view-433a861gcm\"><div data-id=\"pt-cv-page-1\" class=\"pt-cv-page\" data-cvc=\"2\"><div class=\"col-md-6 col-sm-6 col-xs-12 pt-cv-content-item pt-cv-1-col\"  data-pid=\"35157\"><div class='pt-cv-ifield'><a href=\"https:\/\/www.sotograndeguide.com\/es\/sotogrande-directory\/blah-blah-blah-language-academy\/\" class=\"_self pt-cv-href-thumbnail pt-cv-thumb-default cvplbd\" target=\"_self\" ><img decoding=\"async\" width=\"300\" height=\"225\" src=\"https:\/\/www.sotograndeguide.com\/wp-content\/uploads\/2019\/05\/Blah-Blah-Blah-Language-School-Sotogrande-300x225.jpg\" class=\"pt-cv-thumbnail img-none\" alt=\"Academia de Idiomas Blah Blah Blah\" srcset=\"https:\/\/www.sotograndeguide.com\/wp-content\/uploads\/2019\/05\/Blah-Blah-Blah-Language-School-Sotogrande-300x225.jpg 300w, https:\/\/www.sotograndeguide.com\/wp-content\/uploads\/2019\/05\/Blah-Blah-Blah-Language-School-Sotogrande-768x576.jpg 768w, https:\/\/www.sotograndeguide.com\/wp-content\/uploads\/2019\/05\/Blah-Blah-Blah-Language-School-Sotogrande-1024x768.jpg 1024w, https:\/\/www.sotograndeguide.com\/wp-content\/uploads\/2019\/05\/Blah-Blah-Blah-Language-School-Sotogrande.jpg 2016w\" sizes=\"(max-width: 300px) 100vw, 300px\" \/><\/a>\n<h4 class=\"pt-cv-title\"><a href=\"https:\/\/www.sotograndeguide.com\/es\/sotogrande-directory\/blah-blah-blah-language-academy\/\" class=\"_self cvplbd\" target=\"_self\" >Academia de Idiomas Blah Blah Blah<\/a><\/h4><\/div><\/div>\n<div class=\"col-md-6 col-sm-6 col-xs-12 pt-cv-content-item pt-cv-1-col\"  data-pid=\"35423\"><div class='pt-cv-ifield'><a href=\"https:\/\/www.sotograndeguide.com\/es\/ergo-kuchen-sotogrande\/\" class=\"_self pt-cv-href-thumbnail pt-cv-thumb-default cvplbd\" target=\"_self\" ><img decoding=\"async\" width=\"300\" height=\"170\" src=\"https:\/\/www.sotograndeguide.com\/wp-content\/uploads\/2019\/09\/Ergo-K\u00fcchen-Sotogrande-300x170.jpg\" class=\"pt-cv-thumbnail img-none\" alt=\"Ergo K\u00fcchen Sotogrande\" srcset=\"https:\/\/www.sotograndeguide.com\/wp-content\/uploads\/2019\/09\/Ergo-K\u00fcchen-Sotogrande-300x170.jpg 300w, https:\/\/www.sotograndeguide.com\/wp-content\/uploads\/2019\/09\/Ergo-K\u00fcchen-Sotogrande-768x436.jpg 768w, https:\/\/www.sotograndeguide.com\/wp-content\/uploads\/2019\/09\/Ergo-K\u00fcchen-Sotogrande-1024x581.jpg 1024w\" sizes=\"(max-width: 300px) 100vw, 300px\" \/><\/a>\n<h4 class=\"pt-cv-title\"><a href=\"https:\/\/www.sotograndeguide.com\/es\/ergo-kuchen-sotogrande\/\" class=\"_self cvplbd\" target=\"_self\" >Ergo K\u00fcchen Sotogrande<\/a><\/h4><\/div><\/div>\n<div class=\"col-md-6 col-sm-6 col-xs-12 pt-cv-content-item pt-cv-1-col\"  data-pid=\"35722\"><div class='pt-cv-ifield'><a href=\"https:\/\/www.sotograndeguide.com\/es\/gem-space-co-working\/\" class=\"_self pt-cv-href-thumbnail pt-cv-thumb-default cvplbd\" target=\"_self\" ><img decoding=\"async\" width=\"300\" height=\"200\" src=\"https:\/\/www.sotograndeguide.com\/wp-content\/uploads\/2021\/10\/Gem-Space-Co-working-Sotogrande-6-300x200.jpeg\" class=\"pt-cv-thumbnail img-none\" alt=\"Gem Space Co-Working\" srcset=\"https:\/\/www.sotograndeguide.com\/wp-content\/uploads\/2021\/10\/Gem-Space-Co-working-Sotogrande-6-300x200.jpeg 300w, https:\/\/www.sotograndeguide.com\/wp-content\/uploads\/2021\/10\/Gem-Space-Co-working-Sotogrande-6-1024x682.jpeg 1024w, https:\/\/www.sotograndeguide.com\/wp-content\/uploads\/2021\/10\/Gem-Space-Co-working-Sotogrande-6-768x511.jpeg 768w, https:\/\/www.sotograndeguide.com\/wp-content\/uploads\/2021\/10\/Gem-Space-Co-working-Sotogrande-6-1536x1022.jpeg 1536w, https:\/\/www.sotograndeguide.com\/wp-content\/uploads\/2021\/10\/Gem-Space-Co-working-Sotogrande-6.jpeg 1800w\" sizes=\"(max-width: 300px) 100vw, 300px\" \/><\/a>\n<h4 class=\"pt-cv-title\"><a href=\"https:\/\/www.sotograndeguide.com\/es\/gem-space-co-working\/\" class=\"_self cvplbd\" target=\"_self\" >Gem Space Co-Working<\/a><\/h4><\/div><\/div>\n<div class=\"col-md-6 col-sm-6 col-xs-12 pt-cv-content-item pt-cv-1-col\"  data-pid=\"36111\"><div class='pt-cv-ifield'><a href=\"https:\/\/www.sotograndeguide.com\/es\/sotogrande-directory\/blue-sequoia-design\/\" class=\"_self pt-cv-href-thumbnail pt-cv-thumb-default cvplbd\" target=\"_self\" ><img decoding=\"async\" width=\"300\" height=\"165\" src=\"https:\/\/www.sotograndeguide.com\/wp-content\/uploads\/2024\/01\/Graphic-Design-300x165.jpg\" class=\"pt-cv-thumbnail img-none\" alt=\"Dise\u00f1o gr\u00e1fico en Sotogrande\" srcset=\"https:\/\/www.sotograndeguide.com\/wp-content\/uploads\/2024\/01\/Graphic-Design-300x165.jpg 300w, https:\/\/www.sotograndeguide.com\/wp-content\/uploads\/2024\/01\/Graphic-Design-1024x562.jpg 1024w, https:\/\/www.sotograndeguide.com\/wp-content\/uploads\/2024\/01\/Graphic-Design-768x421.jpg 768w, https:\/\/www.sotograndeguide.com\/wp-content\/uploads\/2024\/01\/Graphic-Design-1536x843.jpg 1536w, https:\/\/www.sotograndeguide.com\/wp-content\/uploads\/2024\/01\/Graphic-Design-2048x1123.jpg 2048w\" sizes=\"(max-width: 300px) 100vw, 300px\" \/><\/a>\n<h4 class=\"pt-cv-title\"><a href=\"https:\/\/www.sotograndeguide.com\/es\/sotogrande-directory\/blue-sequoia-design\/\" class=\"_self cvplbd\" target=\"_self\" >Dise\u00f1o Blue Sequoia<\/a><\/h4><\/div><\/div><\/div><\/div><\/div>\t\t\t<style type=\"text\/css\" id=\"pt-cv-inline-style-0a8b2a068h\">#pt-cv-view-433a861gcm .pt-cv-title a, #pt-cv-view-433a861gcm  .panel-title { font-weight: 600 !important; }\n#pt-cv-view-433a861gcm .pt-cv-readmore  { color: #ffffff !important; background-color: #00aeef !important; }\n#pt-cv-view-433a861gcm .pt-cv-readmore:hover  { color: #ffffff !important; background-color: #00aeef !important; }<\/style>\r\n\t\t\t\n<p>Consulte tambi\u00e9n nuestro directorio de\u00a0<a href=\"https:\/\/www.sotograndeguide.com\/es\/escuelas-de-sotogrande\/\">Escuelas<\/a>, <a href=\"https:\/\/www.sotograndeguide.com\/es\/inmobiliarias-sotogrande\/\">Inmobiliarias<\/a>, <a href=\"https:\/\/www.sotograndeguide.com\/es\/veterinarios-sotogrande\/\">Veterinarios<\/a>, <a href=\"https:\/\/www.sotograndeguide.com\/es\/sotogrande-abogados\/\">Abogados<\/a>, <a href=\"https:\/\/www.sotograndeguide.com\/es\/arquitectos-de-sotogrande\/\">Arquitectos<\/a>, <a href=\"https:\/\/www.sotograndeguide.com\/es\/hoteles-de-sotogrande\/\">Hoteles<\/a>, <a href=\"https:\/\/www.sotograndeguide.com\/es\/farmacias-sotogrande\/\">Farmacias<\/a>, <a href=\"https:\/\/www.sotograndeguide.com\/es\/restaurantes-sotogrande\/\">Restaurantes<\/a>, <a href=\"https:\/\/www.sotograndeguide.com\/es\/alquiler-de-coches-en-sotogrande\/\">Alquiler de coches<\/a>, <a href=\"https:\/\/www.sotograndeguide.com\/es\/dentistas-sotogrande\/\">Dentistas<\/a>, <a href=\"https:\/\/www.sotograndeguide.com\/es\/peluquerias-sotogrande\/\">Peluqueros<\/a> y <a href=\"https:\/\/www.sotograndeguide.com\/es\/servicios-profesionales-de-sotogrande\/\">Servicios profesionales<\/a>.<\/p>\n<p><em><strong>\u00bfDesea a\u00f1adir su empresa a nuestro directorio?<\/strong> <a href=\"https:\/\/www.sotograndeguide.com\/es\/pongase-en-contacto-con\/\">P\u00f3ngase en contacto<\/a>.<\/em><\/p>","protected":false},"excerpt":{"rendered":"<p>El directorio de Sotogrande ofrece negocios en y alrededor de Sotogrande: Directorio de Empresas Vea tambi\u00e9n nuestro directorio de Colegios, Inmobiliarias, Veterinarios, Abogados, Arquitectos, Hoteles, Farmacias, Restaurantes, Alquiler de Coches, Dentistas, Peluquer\u00edas y Servicios Profesionales. \u00bfLe gustar\u00eda a\u00f1adir su negocio a nuestro directorio? P\u00f3ngase en contacto con nosotros.<\/p>","protected":false},"author":1,"featured_media":35161,"parent":0,"menu_order":0,"comment_status":"closed","ping_status":"closed","template":"","meta":{"footnotes":""},"class_list":["post-35158","page","type-page","status-publish","has-post-thumbnail"],"yoast_head":"<!-- This site is optimized with the Yoast SEO Premium plugin v20.5 (Yoast SEO v27.4) - https:\/\/yoast.com\/product\/yoast-seo-premium-wordpress\/ -->\n<title>Sotogrande Directory<\/title>\n<meta name=\"robots\" content=\"index, follow, max-snippet:-1, max-image-preview:large, max-video-preview:-1\" \/>\n<link rel=\"canonical\" href=\"https:\/\/www.sotograndeguide.com\/es\/directorio-de-sotogrande\/\" \/>\n<meta property=\"og:locale\" content=\"es_ES\" \/>\n<meta property=\"og:type\" content=\"article\" \/>\n<meta property=\"og:title\" content=\"Sotogrande Directory\" \/>\n<meta property=\"og:description\" content=\"The Sotogrande Directory features businesses in and around Sotogrande: Business Directory See also our directory of\u00a0Schools, Estate Agents, Veterinarians, Lawyers, Architects, Hotels, Pharmacies, Restaurants, Car Rental, Dentists, Hairdressers and Professional Services. Would you like to have your business added to our Directory? Get in touch.\" \/>\n<meta property=\"og:url\" content=\"https:\/\/www.sotograndeguide.com\/es\/directorio-de-sotogrande\/\" \/>\n<meta property=\"og:site_name\" content=\"Sotogrande Guide\" \/>\n<meta property=\"article:publisher\" content=\"https:\/\/www.facebook.com\/sotograndeguide\" \/>\n<meta property=\"article:modified_time\" content=\"2021-10-16T13:34:21+00:00\" \/>\n<meta property=\"og:image\" content=\"https:\/\/www.sotograndeguide.com\/wp-content\/uploads\/2019\/05\/Directory.jpg\" \/>\n\t<meta property=\"og:image:width\" content=\"1920\" \/>\n\t<meta property=\"og:image:height\" content=\"1279\" \/>\n\t<meta property=\"og:image:type\" content=\"image\/jpeg\" \/>\n<meta name=\"twitter:card\" content=\"summary_large_image\" \/>\n<meta name=\"twitter:site\" content=\"@sotograndeguide\" \/>\n<!-- \/ Yoast SEO Premium plugin. -->","yoast_head_json":{"title":"Directorio de Sotogrande","robots":{"index":"index","follow":"follow","max-snippet":"max-snippet:-1","max-image-preview":"max-image-preview:large","max-video-preview":"max-video-preview:-1"},"canonical":"https:\/\/www.sotograndeguide.com\/es\/directorio-de-sotogrande\/","og_locale":"es_ES","og_type":"article","og_title":"Sotogrande Directory","og_description":"The Sotogrande Directory features businesses in and around Sotogrande: Business Directory See also our directory of\u00a0Schools, Estate Agents, Veterinarians, Lawyers, Architects, Hotels, Pharmacies, Restaurants, Car Rental, Dentists, Hairdressers and Professional Services. Would you like to have your business added to our Directory? Get in touch.","og_url":"https:\/\/www.sotograndeguide.com\/es\/directorio-de-sotogrande\/","og_site_name":"Sotogrande Guide","article_publisher":"https:\/\/www.facebook.com\/sotograndeguide","article_modified_time":"2021-10-16T13:34:21+00:00","og_image":[{"width":1920,"height":1279,"url":"https:\/\/www.sotograndeguide.com\/wp-content\/uploads\/2019\/05\/Directory.jpg","type":"image\/jpeg"}],"twitter_card":"summary_large_image","twitter_site":"@sotograndeguide","schema":{"@context":"https:\/\/schema.org","@graph":[{"@type":"WebPage","@id":"https:\/\/www.sotograndeguide.com\/sotogrande-directory\/","url":"https:\/\/www.sotograndeguide.com\/sotogrande-directory\/","name":"Directorio de Sotogrande","isPartOf":{"@id":"https:\/\/www.sotograndeguide.com\/#website"},"primaryImageOfPage":{"@id":"https:\/\/www.sotograndeguide.com\/sotogrande-directory\/#primaryimage"},"image":{"@id":"https:\/\/www.sotograndeguide.com\/sotogrande-directory\/#primaryimage"},"thumbnailUrl":"https:\/\/www.sotograndeguide.com\/wp-content\/uploads\/2019\/05\/Directory.jpg","datePublished":"2019-05-15T09:51:21+00:00","dateModified":"2021-10-16T13:34:21+00:00","breadcrumb":{"@id":"https:\/\/www.sotograndeguide.com\/sotogrande-directory\/#breadcrumb"},"inLanguage":"es","potentialAction":[{"@type":"ReadAction","target":["https:\/\/www.sotograndeguide.com\/sotogrande-directory\/"]}]},{"@type":"ImageObject","inLanguage":"es","@id":"https:\/\/www.sotograndeguide.com\/sotogrande-directory\/#primaryimage","url":"https:\/\/www.sotograndeguide.com\/wp-content\/uploads\/2019\/05\/Directory.jpg","contentUrl":"https:\/\/www.sotograndeguide.com\/wp-content\/uploads\/2019\/05\/Directory.jpg","width":1920,"height":1279,"caption":"Sotogrande Directory"},{"@type":"BreadcrumbList","@id":"https:\/\/www.sotograndeguide.com\/sotogrande-directory\/#breadcrumb","itemListElement":[{"@type":"ListItem","position":1,"name":"Home","item":"https:\/\/www.sotograndeguide.com\/"},{"@type":"ListItem","position":2,"name":"Sotogrande Directory"}]},{"@type":"WebSite","@id":"https:\/\/www.sotograndeguide.com\/#website","url":"https:\/\/www.sotograndeguide.com\/","name":"Gu\u00eda de Sotogrande","description":"Noticias, consejos, eventos y rese\u00f1as","publisher":{"@id":"https:\/\/www.sotograndeguide.com\/#organization"},"potentialAction":[{"@type":"SearchAction","target":{"@type":"EntryPoint","urlTemplate":"https:\/\/www.sotograndeguide.com\/?s={search_term_string}"},"query-input":{"@type":"PropertyValueSpecification","valueRequired":true,"valueName":"search_term_string"}}],"inLanguage":"es"},{"@type":"Organization","@id":"https:\/\/www.sotograndeguide.com\/#organization","name":"Gu\u00eda de Sotogrande","url":"https:\/\/www.sotograndeguide.com\/","logo":{"@type":"ImageObject","inLanguage":"es","@id":"https:\/\/www.sotograndeguide.com\/#\/schema\/logo\/image\/","url":"https:\/\/www.sotograndeguide.com\/wp-content\/uploads\/2017\/03\/Sotogrande-Logo-GUIDE.png","contentUrl":"https:\/\/www.sotograndeguide.com\/wp-content\/uploads\/2017\/03\/Sotogrande-Logo-GUIDE.png","width":300,"height":300,"caption":"Sotogrande Guide"},"image":{"@id":"https:\/\/www.sotograndeguide.com\/#\/schema\/logo\/image\/"},"sameAs":["https:\/\/www.facebook.com\/sotograndeguide","https:\/\/x.com\/sotograndeguide","https:\/\/www.tiktok.com\/@sotograndeguide","https:\/\/www.youtube.com\/@SotograndeGuide"]}]}},"jetpack_sharing_enabled":true,"_links":{"self":[{"href":"https:\/\/www.sotograndeguide.com\/es\/wp-json\/wp\/v2\/pages\/35158","targetHints":{"allow":["GET"]}}],"collection":[{"href":"https:\/\/www.sotograndeguide.com\/es\/wp-json\/wp\/v2\/pages"}],"about":[{"href":"https:\/\/www.sotograndeguide.com\/es\/wp-json\/wp\/v2\/types\/page"}],"author":[{"embeddable":true,"href":"https:\/\/www.sotograndeguide.com\/es\/wp-json\/wp\/v2\/users\/1"}],"replies":[{"embeddable":true,"href":"https:\/\/www.sotograndeguide.com\/es\/wp-json\/wp\/v2\/comments?post=35158"}],"version-history":[{"count":0,"href":"https:\/\/www.sotograndeguide.com\/es\/wp-json\/wp\/v2\/pages\/35158\/revisions"}],"wp:featuredmedia":[{"embeddable":true,"href":"https:\/\/www.sotograndeguide.com\/es\/wp-json\/wp\/v2\/media\/35161"}],"wp:attachment":[{"href":"https:\/\/www.sotograndeguide.com\/es\/wp-json\/wp\/v2\/media?parent=35158"}],"curies":[{"name":"wp","href":"https:\/\/api.w.org\/{rel}","templated":true}]}}