{"id":35137,"date":"2019-05-06T13:45:46","date_gmt":"2019-05-06T13:45:46","guid":{"rendered":"https:\/\/www.sotograndeguide.com\/?page_id=35137"},"modified":"2019-05-06T13:49:24","modified_gmt":"2019-05-06T13:49:24","slug":"actividades-en-sotogrande","status":"publish","type":"page","link":"https:\/\/www.sotograndeguide.com\/es\/sotogrande-activities\/","title":{"rendered":"Actividades en Sotogrande"},"content":{"rendered":"<p>En Sotogrande siempre hay algo que hacer, ya sea montar a caballo, ir a un parque de atracciones o disfrutar de una visita a una Galer\u00eda de Arte. Para j\u00f3venes y mayores hay muchas actividades, eventos y cosas divertidas que hacer en Sotogrande.<\/p>\n<div class=\"pt-cv-wrapper\"><div class=\"pt-cv-view pt-cv-grid pt-cv-colsys\" id=\"pt-cv-view-8670f2b7cu\"><div data-id=\"pt-cv-page-1\" class=\"pt-cv-page\" data-cvc=\"2\"><div class=\"col-md-6 col-sm-6 col-xs-12 pt-cv-content-item pt-cv-1-col\"  data-pid=\"35139\"><div class='pt-cv-ifield'><a href=\"https:\/\/www.sotograndeguide.com\/es\/sotogrande-activities\/jugarnia-fun-park\/\" class=\"_self pt-cv-href-thumbnail pt-cv-thumb-default cvplbd\" target=\"_self\" ><img decoding=\"async\" width=\"300\" height=\"225\" src=\"https:\/\/www.sotograndeguide.com\/wp-content\/uploads\/2019\/05\/Jugarnia-Sotogrande-300x225.jpg\" class=\"pt-cv-thumbnail img-none\" alt=\"Jugarnia Fun Park Sotogrande\" srcset=\"https:\/\/www.sotograndeguide.com\/wp-content\/uploads\/2019\/05\/Jugarnia-Sotogrande-300x225.jpg 300w, https:\/\/www.sotograndeguide.com\/wp-content\/uploads\/2019\/05\/Jugarnia-Sotogrande-768x576.jpg 768w, https:\/\/www.sotograndeguide.com\/wp-content\/uploads\/2019\/05\/Jugarnia-Sotogrande.jpg 960w\" sizes=\"(max-width: 300px) 100vw, 300px\" \/><\/a>\n<h4 class=\"pt-cv-title\"><a href=\"https:\/\/www.sotograndeguide.com\/es\/sotogrande-activities\/jugarnia-fun-park\/\" class=\"_self cvplbd\" target=\"_self\" >Parque de atracciones Jugarnia<\/a><\/h4><\/div><\/div><\/div><\/div><\/div>\t\t\t<style type=\"text\/css\" id=\"pt-cv-inline-style-3b87c66kco\">#pt-cv-view-8670f2b7cu .pt-cv-title a, #pt-cv-view-8670f2b7cu  .panel-title { font-weight: 600 !important; }\n#pt-cv-view-8670f2b7cu .pt-cv-readmore  { color: #ffffff !important; background-color: #00aeef !important; }\n#pt-cv-view-8670f2b7cu .pt-cv-readmore:hover  { color: #ffffff !important; background-color: #00aeef !important; }<\/style>\r\n\t\t\t\n<p>Si buscas algo diferente que hacer, entonces <a href=\"http:\/\/www.segwayspot.com\">SegwaySpot<\/a> ofrecen una gran variedad de divertidas actividades y excursiones al aire libre. Si quieres alquilar un Segway durante una hora o un Kayak para todo el d\u00eda, lo tienen cubierto. Tambi\u00e9n ofrecen hoverboards, bicicletas el\u00e9ctricas, paddleboards, longboards y scooters en alquiler y venta.<\/p>\n<p><em>\u00bfNos hemos dejado algo? \u00bfLe gustar\u00eda que su empresa apareciese en la lista? <a href=\"https:\/\/www.sotograndeguide.com\/es\/pongase-en-contacto-con\/\">P\u00f3ngase en contacto<\/a>.<\/em><\/p>","protected":false},"excerpt":{"rendered":"<p>En Sotogrande siempre hay algo que hacer, ya sea montar a caballo, ir a un parque de atracciones o disfrutar de una visita a una Galer\u00eda de Arte. Para j\u00f3venes y mayores hay muchas actividades, eventos y cosas divertidas que hacer en Sotogrande. Si est\u00e1 buscando algo diferente que hacer entonces SegwaySpot ofrece una variedad ... <a title=\"Actividades en Sotogrande\" class=\"read-more\" href=\"https:\/\/www.sotograndeguide.com\/es\/sotogrande-activities\/\" aria-label=\"Leer m\u00e1s sobre Actividades en Sotogrande\">Leer m\u00e1s<\/a><\/p>","protected":false},"author":1,"featured_media":35142,"parent":0,"menu_order":0,"comment_status":"closed","ping_status":"closed","template":"","meta":{"footnotes":""},"class_list":["post-35137","page","type-page","status-publish","has-post-thumbnail"],"yoast_head":"<!-- This site is optimized with the Yoast SEO Premium plugin v20.5 (Yoast SEO v27.5) - https:\/\/yoast.com\/product\/yoast-seo-premium-wordpress\/ -->\n<title>Sotogrande Activities<\/title>\n<meta name=\"robots\" content=\"index, follow, max-snippet:-1, max-image-preview:large, max-video-preview:-1\" \/>\n<link rel=\"canonical\" href=\"https:\/\/www.sotograndeguide.com\/es\/actividades-en-sotogrande\/\" \/>\n<meta property=\"og:locale\" content=\"es_ES\" \/>\n<meta property=\"og:type\" content=\"article\" \/>\n<meta property=\"og:title\" content=\"Sotogrande Activities\" \/>\n<meta property=\"og:description\" content=\"In Sotogrande there is always something to do, be it horse riding, going to a fun park or enjoying a visit to an Art Gallery. For young and old there are many activities, events and fun things to do in Sotogrande. If you are looking for something different to do then SegwaySpot offer a variety ... Leer m\u00e1s\" \/>\n<meta property=\"og:url\" content=\"https:\/\/www.sotograndeguide.com\/es\/actividades-en-sotogrande\/\" \/>\n<meta property=\"og:site_name\" content=\"Sotogrande Guide\" \/>\n<meta property=\"article:publisher\" content=\"https:\/\/www.facebook.com\/sotograndeguide\" \/>\n<meta property=\"article:modified_time\" content=\"2019-05-06T13:49:24+00:00\" \/>\n<meta property=\"og:image\" content=\"https:\/\/www.sotograndeguide.com\/wp-content\/uploads\/2019\/05\/Sotogrande-Activities.jpg\" \/>\n\t<meta property=\"og:image:width\" content=\"1280\" \/>\n\t<meta property=\"og:image:height\" content=\"853\" \/>\n\t<meta property=\"og:image:type\" content=\"image\/jpeg\" \/>\n<meta name=\"twitter:card\" content=\"summary_large_image\" \/>\n<meta name=\"twitter:site\" content=\"@sotograndeguide\" \/>\n<meta name=\"twitter:label1\" content=\"Tiempo de lectura\" \/>\n\t<meta name=\"twitter:data1\" content=\"1 minuto\" \/>\n<!-- \/ Yoast SEO Premium plugin. -->","yoast_head_json":{"title":"Actividades en Sotogrande","robots":{"index":"index","follow":"follow","max-snippet":"max-snippet:-1","max-image-preview":"max-image-preview:large","max-video-preview":"max-video-preview:-1"},"canonical":"https:\/\/www.sotograndeguide.com\/es\/actividades-en-sotogrande\/","og_locale":"es_ES","og_type":"article","og_title":"Sotogrande Activities","og_description":"In Sotogrande there is always something to do, be it horse riding, going to a fun park or enjoying a visit to an Art Gallery. For young and old there are many activities, events and fun things to do in Sotogrande. If you are looking for something different to do then SegwaySpot offer a variety ... Leer m\u00e1s","og_url":"https:\/\/www.sotograndeguide.com\/es\/actividades-en-sotogrande\/","og_site_name":"Sotogrande Guide","article_publisher":"https:\/\/www.facebook.com\/sotograndeguide","article_modified_time":"2019-05-06T13:49:24+00:00","og_image":[{"width":1280,"height":853,"url":"https:\/\/www.sotograndeguide.com\/wp-content\/uploads\/2019\/05\/Sotogrande-Activities.jpg","type":"image\/jpeg"}],"twitter_card":"summary_large_image","twitter_site":"@sotograndeguide","twitter_misc":{"Tiempo de lectura":"1 minuto"},"schema":{"@context":"https:\/\/schema.org","@graph":[{"@type":"WebPage","@id":"https:\/\/www.sotograndeguide.com\/sotogrande-activities\/","url":"https:\/\/www.sotograndeguide.com\/sotogrande-activities\/","name":"Actividades en Sotogrande","isPartOf":{"@id":"https:\/\/www.sotograndeguide.com\/#website"},"primaryImageOfPage":{"@id":"https:\/\/www.sotograndeguide.com\/sotogrande-activities\/#primaryimage"},"image":{"@id":"https:\/\/www.sotograndeguide.com\/sotogrande-activities\/#primaryimage"},"thumbnailUrl":"https:\/\/www.sotograndeguide.com\/wp-content\/uploads\/2019\/05\/Sotogrande-Activities.jpg","datePublished":"2019-05-06T13:45:46+00:00","dateModified":"2019-05-06T13:49:24+00:00","breadcrumb":{"@id":"https:\/\/www.sotograndeguide.com\/sotogrande-activities\/#breadcrumb"},"inLanguage":"es","potentialAction":[{"@type":"ReadAction","target":["https:\/\/www.sotograndeguide.com\/sotogrande-activities\/"]}]},{"@type":"ImageObject","inLanguage":"es","@id":"https:\/\/www.sotograndeguide.com\/sotogrande-activities\/#primaryimage","url":"https:\/\/www.sotograndeguide.com\/wp-content\/uploads\/2019\/05\/Sotogrande-Activities.jpg","contentUrl":"https:\/\/www.sotograndeguide.com\/wp-content\/uploads\/2019\/05\/Sotogrande-Activities.jpg","width":1280,"height":853,"caption":"Sotogrande Activities"},{"@type":"BreadcrumbList","@id":"https:\/\/www.sotograndeguide.com\/sotogrande-activities\/#breadcrumb","itemListElement":[{"@type":"ListItem","position":1,"name":"Home","item":"https:\/\/www.sotograndeguide.com\/"},{"@type":"ListItem","position":2,"name":"Sotogrande Activities"}]},{"@type":"WebSite","@id":"https:\/\/www.sotograndeguide.com\/#website","url":"https:\/\/www.sotograndeguide.com\/","name":"Gu\u00eda de Sotogrande","description":"Noticias, consejos, eventos y rese\u00f1as","publisher":{"@id":"https:\/\/www.sotograndeguide.com\/#organization"},"potentialAction":[{"@type":"SearchAction","target":{"@type":"EntryPoint","urlTemplate":"https:\/\/www.sotograndeguide.com\/?s={search_term_string}"},"query-input":{"@type":"PropertyValueSpecification","valueRequired":true,"valueName":"search_term_string"}}],"inLanguage":"es"},{"@type":"Organization","@id":"https:\/\/www.sotograndeguide.com\/#organization","name":"Gu\u00eda de Sotogrande","url":"https:\/\/www.sotograndeguide.com\/","logo":{"@type":"ImageObject","inLanguage":"es","@id":"https:\/\/www.sotograndeguide.com\/#\/schema\/logo\/image\/","url":"https:\/\/www.sotograndeguide.com\/wp-content\/uploads\/2017\/03\/Sotogrande-Logo-GUIDE.png","contentUrl":"https:\/\/www.sotograndeguide.com\/wp-content\/uploads\/2017\/03\/Sotogrande-Logo-GUIDE.png","width":300,"height":300,"caption":"Sotogrande Guide"},"image":{"@id":"https:\/\/www.sotograndeguide.com\/#\/schema\/logo\/image\/"},"sameAs":["https:\/\/www.facebook.com\/sotograndeguide","https:\/\/x.com\/sotograndeguide","https:\/\/www.tiktok.com\/@sotograndeguide","https:\/\/www.youtube.com\/@SotograndeGuide"]}]}},"jetpack_sharing_enabled":true,"_links":{"self":[{"href":"https:\/\/www.sotograndeguide.com\/es\/wp-json\/wp\/v2\/pages\/35137","targetHints":{"allow":["GET"]}}],"collection":[{"href":"https:\/\/www.sotograndeguide.com\/es\/wp-json\/wp\/v2\/pages"}],"about":[{"href":"https:\/\/www.sotograndeguide.com\/es\/wp-json\/wp\/v2\/types\/page"}],"author":[{"embeddable":true,"href":"https:\/\/www.sotograndeguide.com\/es\/wp-json\/wp\/v2\/users\/1"}],"replies":[{"embeddable":true,"href":"https:\/\/www.sotograndeguide.com\/es\/wp-json\/wp\/v2\/comments?post=35137"}],"version-history":[{"count":0,"href":"https:\/\/www.sotograndeguide.com\/es\/wp-json\/wp\/v2\/pages\/35137\/revisions"}],"wp:featuredmedia":[{"embeddable":true,"href":"https:\/\/www.sotograndeguide.com\/es\/wp-json\/wp\/v2\/media\/35142"}],"wp:attachment":[{"href":"https:\/\/www.sotograndeguide.com\/es\/wp-json\/wp\/v2\/media?parent=35137"}],"curies":[{"name":"wp","href":"https:\/\/api.w.org\/{rel}","templated":true}]}}