{"id":34968,"date":"2019-01-28T20:59:20","date_gmt":"2019-01-28T20:59:20","guid":{"rendered":"https:\/\/www.sotograndeguide.com\/?page_id=34968"},"modified":"2019-07-07T20:04:29","modified_gmt":"2019-07-07T20:04:29","slug":"hostal-drago","status":"publish","type":"page","link":"https:\/\/www.sotograndeguide.com\/es\/sotogrande-hotels\/hostal-drago\/","title":{"rendered":"Hostal Drago"},"content":{"rendered":"<p>En <a href=\"https:\/\/www.booking.com\/hotel\/es\/hostal-drago.html?aid=1233189&amp;no_rooms=1&amp;group_adults=1&amp;label=sotograndeguide\" target=\"_blank\" rel=\"noopener noreferrer\">Hostal Drago<\/a> se encuentra en el pueblo de Pueblo Nuevo de Guadiaro, entre Sotogrande Costa y Sotogrande Alto.<\/p>\n<p>Se trata de un albergue sencillo que ofrece todas las comodidades b\u00e1sicas, como conexi\u00f3n Wi-Fi gratuita y TV de pantalla plana.<\/p>\n<p>Est\u00e1 convenientemente situado a poca distancia de innumerables bares y restaurantes y tambi\u00e9n tiene su propio bar restaurante en la casa, que sirven cocina tradicional mediterr\u00e1nea.<\/p>\n<p>\u00bfVisitas Sotogrande con poco presupuesto? El Hostal Drago es su elecci\u00f3n perfecta. Este hostal tambi\u00e9n est\u00e1 cerca de los populares <a href=\"https:\/\/www.sotograndeguide.com\/es\/sotogrande-golf\/la-canada-golf\/\">Club de golf La Ca\u00f1ada<\/a>.<\/p>\n<p><a href=\"https:\/\/www.booking.com\/hotel\/es\/hostal-drago.html?aid=1233189&amp;no_rooms=1&amp;group_adults=1&amp;label=sotograndeguide\" target=\"_blank\" rel=\"noopener noreferrer\">Consulte las mejores tarifas en el Hostal Drago<\/a>.<br \/>\n<a href=\"https:\/\/www.sotograndeguide.com\/es\/hoteles-de-sotogrande\/\">Consulta otros hoteles en Sotogrande y alrededores<\/a>.<br \/>\n<a href=\"https:\/\/www.sotograndeguide.com\/es\/conserje-de-sotogrande\/\" target=\"_blank\" rel=\"noopener noreferrer\">\u00bfTiene preguntas sobre este Hotel? Hable con el Conserje de Sotogrande<\/a>.<\/p>\n<p><strong>Hostal Drago<\/strong><br \/>\nDirecci\u00f3n: Plaza It\u00e1lica, 4, 11311 Pueblo Nuevo de Guadiaro, C\u00e1diz<br \/>\nTel\u00e9fono: <a href=\"tel:+34956794320\">956794320<\/a><\/p>","protected":false},"excerpt":{"rendered":"<p>El Hostal Drago est\u00e1 situado en el pueblo de Pueblo Nuevo de Guadiaro, entre Sotogrande Costa y Sotogrande Alto. Se trata de un hostal sencillo que ofrece todas las comodidades b\u00e1sicas, incluyendo Wi-Fi gratuito y televisores de pantalla plana. Est\u00e1 convenientemente situado a poca distancia de innumerables bares y restaurantes y tambi\u00e9n tiene su propio bar restaurante en ... <a title=\"Hostal Drago\" class=\"read-more\" href=\"https:\/\/www.sotograndeguide.com\/es\/sotogrande-hotels\/hostal-drago\/\" aria-label=\"Leer m\u00e1s sobre Hostal Drago\">Leer m\u00e1s<\/a><\/p>","protected":false},"author":1,"featured_media":34969,"parent":94,"menu_order":0,"comment_status":"closed","ping_status":"closed","template":"","meta":{"footnotes":""},"class_list":["post-34968","page","type-page","status-publish","has-post-thumbnail"],"yoast_head":"<!-- This site is optimized with the Yoast SEO Premium plugin v20.5 (Yoast SEO v27.5) - https:\/\/yoast.com\/product\/yoast-seo-premium-wordpress\/ -->\n<title>Hostal Drago - Sotogrande Guide \u2705 Bargain Priced Hotel in Sotogrande<\/title>\n<meta name=\"description\" content=\"Hostal Drago in Sotogrande is conveniently located in the town of Pueblo Nuevo de Guadiaro, walking distance to bars, cafes, shops and restaurants.\" \/>\n<meta name=\"robots\" content=\"index, follow, max-snippet:-1, max-image-preview:large, max-video-preview:-1\" \/>\n<link rel=\"canonical\" href=\"https:\/\/www.sotograndeguide.com\/es\/hoteles-de-sotogrande\/hostal-drago\/\" \/>\n<meta property=\"og:locale\" content=\"es_ES\" \/>\n<meta property=\"og:type\" content=\"article\" \/>\n<meta property=\"og:title\" content=\"Hostal Drago\" \/>\n<meta property=\"og:description\" content=\"Hostal Drago in Sotogrande is conveniently located in the town of Pueblo Nuevo de Guadiaro, walking distance to bars, cafes, shops and restaurants.\" \/>\n<meta property=\"og:url\" content=\"https:\/\/www.sotograndeguide.com\/es\/hoteles-de-sotogrande\/hostal-drago\/\" \/>\n<meta property=\"og:site_name\" content=\"Sotogrande Guide\" \/>\n<meta property=\"article:publisher\" content=\"https:\/\/www.facebook.com\/sotograndeguide\" \/>\n<meta property=\"article:modified_time\" content=\"2019-07-07T20:04:29+00:00\" \/>\n<meta property=\"og:image\" content=\"https:\/\/www.sotograndeguide.com\/wp-content\/uploads\/2019\/01\/Hostal-Drago.jpg\" \/>\n\t<meta property=\"og:image:width\" content=\"2048\" \/>\n\t<meta property=\"og:image:height\" content=\"1362\" \/>\n\t<meta property=\"og:image:type\" content=\"image\/jpeg\" \/>\n<meta name=\"twitter:card\" content=\"summary_large_image\" \/>\n<meta name=\"twitter:site\" content=\"@sotograndeguide\" \/>\n<meta name=\"twitter:label1\" content=\"Tiempo de lectura\" \/>\n\t<meta name=\"twitter:data1\" content=\"1 minuto\" \/>\n<!-- \/ Yoast SEO Premium plugin. -->","yoast_head_json":{"title":"Hostal Drago - Gu\u00eda de Sotogrande \u2705 Hotel barato en Sotogrande","description":"Hostal Drago en Sotogrande est\u00e1 convenientemente situado en la localidad de Pueblo Nuevo de Guadiaro, a poca distancia de bares, cafeter\u00edas, tiendas y restaurantes.","robots":{"index":"index","follow":"follow","max-snippet":"max-snippet:-1","max-image-preview":"max-image-preview:large","max-video-preview":"max-video-preview:-1"},"canonical":"https:\/\/www.sotograndeguide.com\/es\/hoteles-de-sotogrande\/hostal-drago\/","og_locale":"es_ES","og_type":"article","og_title":"Hostal Drago","og_description":"Hostal Drago in Sotogrande is conveniently located in the town of Pueblo Nuevo de Guadiaro, walking distance to bars, cafes, shops and restaurants.","og_url":"https:\/\/www.sotograndeguide.com\/es\/hoteles-de-sotogrande\/hostal-drago\/","og_site_name":"Sotogrande Guide","article_publisher":"https:\/\/www.facebook.com\/sotograndeguide","article_modified_time":"2019-07-07T20:04:29+00:00","og_image":[{"width":2048,"height":1362,"url":"https:\/\/www.sotograndeguide.com\/wp-content\/uploads\/2019\/01\/Hostal-Drago.jpg","type":"image\/jpeg"}],"twitter_card":"summary_large_image","twitter_site":"@sotograndeguide","twitter_misc":{"Tiempo de lectura":"1 minuto"},"schema":{"@context":"https:\/\/schema.org","@graph":[{"@type":"WebPage","@id":"https:\/\/www.sotograndeguide.com\/sotogrande-hotels\/hostal-drago\/","url":"https:\/\/www.sotograndeguide.com\/sotogrande-hotels\/hostal-drago\/","name":"Hostal Drago - Gu\u00eda de Sotogrande \u2705 Hotel barato en Sotogrande","isPartOf":{"@id":"https:\/\/www.sotograndeguide.com\/#website"},"primaryImageOfPage":{"@id":"https:\/\/www.sotograndeguide.com\/sotogrande-hotels\/hostal-drago\/#primaryimage"},"image":{"@id":"https:\/\/www.sotograndeguide.com\/sotogrande-hotels\/hostal-drago\/#primaryimage"},"thumbnailUrl":"https:\/\/www.sotograndeguide.com\/wp-content\/uploads\/2019\/01\/Hostal-Drago.jpg","datePublished":"2019-01-28T20:59:20+00:00","dateModified":"2019-07-07T20:04:29+00:00","description":"Hostal Drago en Sotogrande est\u00e1 convenientemente situado en la localidad de Pueblo Nuevo de Guadiaro, a poca distancia de bares, cafeter\u00edas, tiendas y restaurantes.","breadcrumb":{"@id":"https:\/\/www.sotograndeguide.com\/sotogrande-hotels\/hostal-drago\/#breadcrumb"},"inLanguage":"es","potentialAction":[{"@type":"ReadAction","target":["https:\/\/www.sotograndeguide.com\/sotogrande-hotels\/hostal-drago\/"]}]},{"@type":"ImageObject","inLanguage":"es","@id":"https:\/\/www.sotograndeguide.com\/sotogrande-hotels\/hostal-drago\/#primaryimage","url":"https:\/\/www.sotograndeguide.com\/wp-content\/uploads\/2019\/01\/Hostal-Drago.jpg","contentUrl":"https:\/\/www.sotograndeguide.com\/wp-content\/uploads\/2019\/01\/Hostal-Drago.jpg","width":2048,"height":1362,"caption":"Hostal Drago"},{"@type":"BreadcrumbList","@id":"https:\/\/www.sotograndeguide.com\/sotogrande-hotels\/hostal-drago\/#breadcrumb","itemListElement":[{"@type":"ListItem","position":1,"name":"Home","item":"https:\/\/www.sotograndeguide.com\/"},{"@type":"ListItem","position":2,"name":"Sotogrande Hotels","item":"https:\/\/www.sotograndeguide.com\/sotogrande-hotels\/"},{"@type":"ListItem","position":3,"name":"Hostal Drago"}]},{"@type":"WebSite","@id":"https:\/\/www.sotograndeguide.com\/#website","url":"https:\/\/www.sotograndeguide.com\/","name":"Gu\u00eda de Sotogrande","description":"Noticias, consejos, eventos y rese\u00f1as","publisher":{"@id":"https:\/\/www.sotograndeguide.com\/#organization"},"potentialAction":[{"@type":"SearchAction","target":{"@type":"EntryPoint","urlTemplate":"https:\/\/www.sotograndeguide.com\/?s={search_term_string}"},"query-input":{"@type":"PropertyValueSpecification","valueRequired":true,"valueName":"search_term_string"}}],"inLanguage":"es"},{"@type":"Organization","@id":"https:\/\/www.sotograndeguide.com\/#organization","name":"Gu\u00eda de Sotogrande","url":"https:\/\/www.sotograndeguide.com\/","logo":{"@type":"ImageObject","inLanguage":"es","@id":"https:\/\/www.sotograndeguide.com\/#\/schema\/logo\/image\/","url":"https:\/\/www.sotograndeguide.com\/wp-content\/uploads\/2017\/03\/Sotogrande-Logo-GUIDE.png","contentUrl":"https:\/\/www.sotograndeguide.com\/wp-content\/uploads\/2017\/03\/Sotogrande-Logo-GUIDE.png","width":300,"height":300,"caption":"Sotogrande Guide"},"image":{"@id":"https:\/\/www.sotograndeguide.com\/#\/schema\/logo\/image\/"},"sameAs":["https:\/\/www.facebook.com\/sotograndeguide","https:\/\/x.com\/sotograndeguide","https:\/\/www.tiktok.com\/@sotograndeguide","https:\/\/www.youtube.com\/@SotograndeGuide"]}]}},"jetpack_sharing_enabled":true,"_links":{"self":[{"href":"https:\/\/www.sotograndeguide.com\/es\/wp-json\/wp\/v2\/pages\/34968","targetHints":{"allow":["GET"]}}],"collection":[{"href":"https:\/\/www.sotograndeguide.com\/es\/wp-json\/wp\/v2\/pages"}],"about":[{"href":"https:\/\/www.sotograndeguide.com\/es\/wp-json\/wp\/v2\/types\/page"}],"author":[{"embeddable":true,"href":"https:\/\/www.sotograndeguide.com\/es\/wp-json\/wp\/v2\/users\/1"}],"replies":[{"embeddable":true,"href":"https:\/\/www.sotograndeguide.com\/es\/wp-json\/wp\/v2\/comments?post=34968"}],"version-history":[{"count":0,"href":"https:\/\/www.sotograndeguide.com\/es\/wp-json\/wp\/v2\/pages\/34968\/revisions"}],"up":[{"embeddable":true,"href":"https:\/\/www.sotograndeguide.com\/es\/wp-json\/wp\/v2\/pages\/94"}],"wp:featuredmedia":[{"embeddable":true,"href":"https:\/\/www.sotograndeguide.com\/es\/wp-json\/wp\/v2\/media\/34969"}],"wp:attachment":[{"href":"https:\/\/www.sotograndeguide.com\/es\/wp-json\/wp\/v2\/media?parent=34968"}],"curies":[{"name":"wp","href":"https:\/\/api.w.org\/{rel}","templated":true}]}}