{"id":34942,"date":"2019-01-27T15:35:52","date_gmt":"2019-01-27T15:35:52","guid":{"rendered":"https:\/\/www.sotograndeguide.com\/?page_id=34942"},"modified":"2019-07-12T21:01:11","modified_gmt":"2019-07-12T21:01:11","slug":"el-club-de-playa-la-reserva","status":"publish","type":"page","link":"https:\/\/www.sotograndeguide.com\/es\/sotogrande-beaches\/the-beach-la-reserva-club\/","title":{"rendered":"La Playa, Club La Reserva"},"content":{"rendered":"<p>La Playa de La Reserva Club Sotogrande es la primera playa privada de Espa\u00f1a.<\/p>\n<p>Inaugurado en julio de 2018, este para\u00edso artificial se encuentra en las colinas de La Reserva, en Sotogrande.<\/p>\n<p>La Playa cuenta con 2.800 metros cuadrados de playa de arena con casi 200 tumbonas para disfrutar del d\u00eda con servicio completo de camareros.<\/p>\n<p>Tambi\u00e9n hay una piscina s\u00f3lo para adultos y una parte de la playa reservada a los j\u00f3venes.<\/p>\n<p>Por si fuera poco, tambi\u00e9n podr\u00e1 disfrutar de deportes acu\u00e1ticos en la laguna de 17.000 metros cuadrados. Desde kayak y tablas de paddle, as\u00ed como bicicletas acu\u00e1ticas Mirage Eclipse y tablas de SUP, aqu\u00ed es donde tiene lugar la diversi\u00f3n.<\/p>\n<p><iframe title=\"Club de Playa La Reserva\" width=\"1200\" height=\"675\" src=\"https:\/\/www.youtube.com\/embed\/YrFMh1ifcgw?feature=oembed\" frameborder=\"0\" allow=\"accelerometer; autoplay; clipboard-write; encrypted-media; gyroscope; picture-in-picture\" allowfullscreen><\/iframe><\/p>\n<h2>La Playa, Galer\u00eda de fotos del Club La Reserva<\/h2>\n<div id='gallery-1' class='gallery galleryid-34942 gallery-columns-3 gallery-size-large'><figure class='gallery-item'>\n\t\t\t<div class='gallery-icon landscape'>\n\t\t\t\t<a href='https:\/\/www.sotograndeguide.com\/wp-content\/uploads\/2018\/08\/The-Beach-La-Reserva-Club-Sotogrande-4.jpg'><img decoding=\"async\" width=\"1024\" height=\"696\" src=\"https:\/\/www.sotograndeguide.com\/wp-content\/uploads\/2018\/08\/The-Beach-La-Reserva-Club-Sotogrande-4-1024x696.jpg\" class=\"attachment-large size-large\" alt=\"La Playa, Club La Reserva, Sotogrande\" srcset=\"https:\/\/www.sotograndeguide.com\/wp-content\/uploads\/2018\/08\/The-Beach-La-Reserva-Club-Sotogrande-4-1024x696.jpg 1024w, https:\/\/www.sotograndeguide.com\/wp-content\/uploads\/2018\/08\/The-Beach-La-Reserva-Club-Sotogrande-4-300x204.jpg 300w, https:\/\/www.sotograndeguide.com\/wp-content\/uploads\/2018\/08\/The-Beach-La-Reserva-Club-Sotogrande-4-768x522.jpg 768w, https:\/\/www.sotograndeguide.com\/wp-content\/uploads\/2018\/08\/The-Beach-La-Reserva-Club-Sotogrande-4.jpg 1422w\" sizes=\"(max-width: 1024px) 100vw, 1024px\" \/><\/a>\n\t\t\t<\/div><\/figure><figure class='gallery-item'>\n\t\t\t<div class='gallery-icon landscape'>\n\t\t\t\t<a href='https:\/\/www.sotograndeguide.com\/wp-content\/uploads\/2018\/08\/The-Beach-La-Reserva-Club-Sotogrande-2.jpg'><img decoding=\"async\" width=\"1024\" height=\"683\" src=\"https:\/\/www.sotograndeguide.com\/wp-content\/uploads\/2018\/08\/The-Beach-La-Reserva-Club-Sotogrande-2-1024x683.jpg\" class=\"attachment-large size-large\" alt=\"La Playa, Club La Reserva, Sotogrande\" srcset=\"https:\/\/www.sotograndeguide.com\/wp-content\/uploads\/2018\/08\/The-Beach-La-Reserva-Club-Sotogrande-2-1024x683.jpg 1024w, https:\/\/www.sotograndeguide.com\/wp-content\/uploads\/2018\/08\/The-Beach-La-Reserva-Club-Sotogrande-2-300x200.jpg 300w, https:\/\/www.sotograndeguide.com\/wp-content\/uploads\/2018\/08\/The-Beach-La-Reserva-Club-Sotogrande-2-768x512.jpg 768w, https:\/\/www.sotograndeguide.com\/wp-content\/uploads\/2018\/08\/The-Beach-La-Reserva-Club-Sotogrande-2.jpg 1800w\" sizes=\"(max-width: 1024px) 100vw, 1024px\" \/><\/a>\n\t\t\t<\/div><\/figure><figure class='gallery-item'>\n\t\t\t<div class='gallery-icon landscape'>\n\t\t\t\t<a href='https:\/\/www.sotograndeguide.com\/wp-content\/uploads\/2018\/08\/The-Beach-La-Reserva-Club-Sotogrande-1.jpg'><img decoding=\"async\" width=\"1024\" height=\"683\" src=\"https:\/\/www.sotograndeguide.com\/wp-content\/uploads\/2018\/08\/The-Beach-La-Reserva-Club-Sotogrande-1-1024x683.jpg\" class=\"attachment-large size-large\" alt=\"La Playa, Club La Reserva, Sotogrande\" srcset=\"https:\/\/www.sotograndeguide.com\/wp-content\/uploads\/2018\/08\/The-Beach-La-Reserva-Club-Sotogrande-1-1024x683.jpg 1024w, https:\/\/www.sotograndeguide.com\/wp-content\/uploads\/2018\/08\/The-Beach-La-Reserva-Club-Sotogrande-1-300x200.jpg 300w, https:\/\/www.sotograndeguide.com\/wp-content\/uploads\/2018\/08\/The-Beach-La-Reserva-Club-Sotogrande-1-768x512.jpg 768w, https:\/\/www.sotograndeguide.com\/wp-content\/uploads\/2018\/08\/The-Beach-La-Reserva-Club-Sotogrande-1.jpg 1680w\" sizes=\"(max-width: 1024px) 100vw, 1024px\" \/><\/a>\n\t\t\t<\/div><\/figure>\n\t\t<\/div>\n\n<h2>Horario del Club de Playa La Reserva <\/h2>\n<p><strong>Julio y agosto: 11:00 - 20:00<\/strong><\/p>\n<p>En julio y agosto, La Playa abrir\u00e1 los 7 d\u00edas de la semana<\/p>\n<p>Playa: 11:00-19:00<br \/>\nPiscina de adultos: 11:00-19:00<br \/>\nLaguna Deportiva: 11:00-19:30<br \/>\nRestaurante: 12:30-17:30<br \/>\nSpa: 12:00-20:00<br \/>\nTienda: 11:00-20:00<\/p>\n<p><strong>01 septiembre - 14 septiembre : 11:00-20:00<\/strong><\/p>\n<p>En septiembre, la playa abre los 7 d\u00edas de la semana.<\/p>\n<p>Playa: 11:00-19:00<br \/>\nLaguna Deportiva: 11:00-19:30<br \/>\nPiscina de adultos: 11:00-19:00<br \/>\nRestaurante: 12:00-16:00<br \/>\nSpa: 12:00-18:00<br \/>\nTienda: 11:00-20:00<br \/>\nRetirada: Cerrado<\/p>\n<p><strong>15 de septiembre - 3o de septiembre : 11:00-20:00<\/strong><\/p>\n<p>En septiembre, la playa abre los 7 d\u00edas de la semana.<\/p>\n<p>Playa: 11:00-19:00<br \/>\nLaguna Deportiva: 11:00-19:00<br \/>\nRestaurante: 12:00-16:00<br \/>\nTienda: 11:00-20:00<br \/>\nSpa: 12:00-18:00<br \/>\nPiscina de adultos: Cerrada<br \/>\nRetirada: Cerrado<\/p>\n<p><strong>01 octubre - 31 octubre : 12:00-18:00<\/strong><\/p>\n<p>En octubre, la playa abre de mi\u00e9rcoles a domingo.<\/p>\n<p>Playa familiar: 12:00-18:00<br \/>\nLaguna Deportiva: 12:00-18:00<br \/>\nRestaurante: 12:00-17:00<br \/>\nTienda: 12:00-18:00<br \/>\nSpa: 12:00-18:00<br \/>\nPiscina de adultos: Cerrada<br \/>\nPlaya infantil: Cerrada<br \/>\nRetirada: Cerrado<\/p>\n<p>Las hamacas de la playa cuestan 40 euros por persona y las de la piscina s\u00f3lo para adultos, 60 euros.<\/p>\n<p><strong>La playa<\/strong><br \/>\nDirecci\u00f3n: Av\/ La Reserva, s\/n, 11310, Sotogrande<br \/>\nTel\u00e9fono: <a href=\"tel:+34956785252\">956785252<\/a><\/p>","protected":false},"excerpt":{"rendered":"<p>La Playa de La Reserva Club Sotogrande es la primera playa privada de Espa\u00f1a. Inaugurada en julio de 2018, este para\u00edso artificial se encuentra en las colinas de La Reserva en Sotogrande. La Playa cuenta con 2.800 metros cuadrados de playa de arena con cerca de 200 tumbonas para disfrutar del d\u00eda con servicio completo de camareros. Hay ... <a title=\"La Playa, Club La Reserva\" class=\"read-more\" href=\"https:\/\/www.sotograndeguide.com\/es\/sotogrande-beaches\/the-beach-la-reserva-club\/\" aria-label=\"Leer m\u00e1s sobre La Playa, La Reserva Club\">Leer m\u00e1s<\/a><\/p>","protected":false},"author":1,"featured_media":34623,"parent":85,"menu_order":0,"comment_status":"closed","ping_status":"closed","template":"","meta":{"footnotes":""},"class_list":["post-34942","page","type-page","status-publish","has-post-thumbnail"],"yoast_head":"<!-- This site is optimized with the Yoast SEO Premium plugin v20.5 (Yoast SEO v27.5) - https:\/\/yoast.com\/product\/yoast-seo-premium-wordpress\/ -->\n<title>The Beach, La Reserva Club<\/title>\n<meta name=\"robots\" content=\"index, follow, max-snippet:-1, max-image-preview:large, max-video-preview:-1\" \/>\n<link rel=\"canonical\" href=\"https:\/\/www.sotograndeguide.com\/es\/playas-de-sotogrande\/el-club-de-playa-la-reserva\/\" \/>\n<meta property=\"og:locale\" content=\"es_ES\" \/>\n<meta property=\"og:type\" content=\"article\" \/>\n<meta property=\"og:title\" content=\"The Beach, La Reserva Club\" \/>\n<meta property=\"og:description\" content=\"The Beach at La Reserva Club Sotogrande is the first private beach in Spain. Opened in July of 2018, this artificial paradise is located in the hills of La Reserva in Sotogrande. The Beach boasts 2,800 square metres of sandy beach with nearly 200 sun beds to enjoy the day with full waiter service. There ... Leer m\u00e1s\" \/>\n<meta property=\"og:url\" content=\"https:\/\/www.sotograndeguide.com\/es\/playas-de-sotogrande\/el-club-de-playa-la-reserva\/\" \/>\n<meta property=\"og:site_name\" content=\"Sotogrande Guide\" \/>\n<meta property=\"article:publisher\" content=\"https:\/\/www.facebook.com\/sotograndeguide\" \/>\n<meta property=\"article:modified_time\" content=\"2019-07-12T21:01:11+00:00\" \/>\n<meta property=\"og:image\" content=\"https:\/\/www.sotograndeguide.com\/wp-content\/uploads\/2018\/08\/The-Beach-La-Reserva-Club-Sotogrande-3.jpg\" \/>\n\t<meta property=\"og:image:width\" content=\"1170\" \/>\n\t<meta property=\"og:image:height\" content=\"643\" \/>\n\t<meta property=\"og:image:type\" content=\"image\/jpeg\" \/>\n<meta name=\"twitter:card\" content=\"summary_large_image\" \/>\n<meta name=\"twitter:site\" content=\"@sotograndeguide\" \/>\n<meta name=\"twitter:label1\" content=\"Tiempo de lectura\" \/>\n\t<meta name=\"twitter:data1\" content=\"1 minuto\" \/>\n<!-- \/ Yoast SEO Premium plugin. -->","yoast_head_json":{"title":"La Playa, Club La Reserva","robots":{"index":"index","follow":"follow","max-snippet":"max-snippet:-1","max-image-preview":"max-image-preview:large","max-video-preview":"max-video-preview:-1"},"canonical":"https:\/\/www.sotograndeguide.com\/es\/playas-de-sotogrande\/el-club-de-playa-la-reserva\/","og_locale":"es_ES","og_type":"article","og_title":"The Beach, La Reserva Club","og_description":"The Beach at La Reserva Club Sotogrande is the first private beach in Spain. Opened in July of 2018, this artificial paradise is located in the hills of La Reserva in Sotogrande. The Beach boasts 2,800 square metres of sandy beach with nearly 200 sun beds to enjoy the day with full waiter service. There ... Leer m\u00e1s","og_url":"https:\/\/www.sotograndeguide.com\/es\/playas-de-sotogrande\/el-club-de-playa-la-reserva\/","og_site_name":"Sotogrande Guide","article_publisher":"https:\/\/www.facebook.com\/sotograndeguide","article_modified_time":"2019-07-12T21:01:11+00:00","og_image":[{"width":1170,"height":643,"url":"https:\/\/www.sotograndeguide.com\/wp-content\/uploads\/2018\/08\/The-Beach-La-Reserva-Club-Sotogrande-3.jpg","type":"image\/jpeg"}],"twitter_card":"summary_large_image","twitter_site":"@sotograndeguide","twitter_misc":{"Tiempo de lectura":"1 minuto"},"schema":{"@context":"https:\/\/schema.org","@graph":[{"@type":"WebPage","@id":"https:\/\/www.sotograndeguide.com\/sotogrande-beaches\/the-beach-la-reserva-club\/","url":"https:\/\/www.sotograndeguide.com\/sotogrande-beaches\/the-beach-la-reserva-club\/","name":"La Playa, Club La Reserva","isPartOf":{"@id":"https:\/\/www.sotograndeguide.com\/#website"},"primaryImageOfPage":{"@id":"https:\/\/www.sotograndeguide.com\/sotogrande-beaches\/the-beach-la-reserva-club\/#primaryimage"},"image":{"@id":"https:\/\/www.sotograndeguide.com\/sotogrande-beaches\/the-beach-la-reserva-club\/#primaryimage"},"thumbnailUrl":"https:\/\/www.sotograndeguide.com\/wp-content\/uploads\/2018\/08\/The-Beach-La-Reserva-Club-Sotogrande-3.jpg","datePublished":"2019-01-27T15:35:52+00:00","dateModified":"2019-07-12T21:01:11+00:00","breadcrumb":{"@id":"https:\/\/www.sotograndeguide.com\/sotogrande-beaches\/the-beach-la-reserva-club\/#breadcrumb"},"inLanguage":"es","potentialAction":[{"@type":"ReadAction","target":["https:\/\/www.sotograndeguide.com\/sotogrande-beaches\/the-beach-la-reserva-club\/"]}]},{"@type":"ImageObject","inLanguage":"es","@id":"https:\/\/www.sotograndeguide.com\/sotogrande-beaches\/the-beach-la-reserva-club\/#primaryimage","url":"https:\/\/www.sotograndeguide.com\/wp-content\/uploads\/2018\/08\/The-Beach-La-Reserva-Club-Sotogrande-3.jpg","contentUrl":"https:\/\/www.sotograndeguide.com\/wp-content\/uploads\/2018\/08\/The-Beach-La-Reserva-Club-Sotogrande-3.jpg","width":1170,"height":643,"caption":"The Beach, La Reserva Club, Sotogrande"},{"@type":"BreadcrumbList","@id":"https:\/\/www.sotograndeguide.com\/sotogrande-beaches\/the-beach-la-reserva-club\/#breadcrumb","itemListElement":[{"@type":"ListItem","position":1,"name":"Home","item":"https:\/\/www.sotograndeguide.com\/"},{"@type":"ListItem","position":2,"name":"Sotogrande Beaches","item":"https:\/\/www.sotograndeguide.com\/sotogrande-beaches\/"},{"@type":"ListItem","position":3,"name":"The Beach, La Reserva Club"}]},{"@type":"WebSite","@id":"https:\/\/www.sotograndeguide.com\/#website","url":"https:\/\/www.sotograndeguide.com\/","name":"Gu\u00eda de Sotogrande","description":"Noticias, consejos, eventos y rese\u00f1as","publisher":{"@id":"https:\/\/www.sotograndeguide.com\/#organization"},"potentialAction":[{"@type":"SearchAction","target":{"@type":"EntryPoint","urlTemplate":"https:\/\/www.sotograndeguide.com\/?s={search_term_string}"},"query-input":{"@type":"PropertyValueSpecification","valueRequired":true,"valueName":"search_term_string"}}],"inLanguage":"es"},{"@type":"Organization","@id":"https:\/\/www.sotograndeguide.com\/#organization","name":"Gu\u00eda de Sotogrande","url":"https:\/\/www.sotograndeguide.com\/","logo":{"@type":"ImageObject","inLanguage":"es","@id":"https:\/\/www.sotograndeguide.com\/#\/schema\/logo\/image\/","url":"https:\/\/www.sotograndeguide.com\/wp-content\/uploads\/2017\/03\/Sotogrande-Logo-GUIDE.png","contentUrl":"https:\/\/www.sotograndeguide.com\/wp-content\/uploads\/2017\/03\/Sotogrande-Logo-GUIDE.png","width":300,"height":300,"caption":"Sotogrande Guide"},"image":{"@id":"https:\/\/www.sotograndeguide.com\/#\/schema\/logo\/image\/"},"sameAs":["https:\/\/www.facebook.com\/sotograndeguide","https:\/\/x.com\/sotograndeguide","https:\/\/www.tiktok.com\/@sotograndeguide","https:\/\/www.youtube.com\/@SotograndeGuide"]}]}},"jetpack_sharing_enabled":true,"_links":{"self":[{"href":"https:\/\/www.sotograndeguide.com\/es\/wp-json\/wp\/v2\/pages\/34942","targetHints":{"allow":["GET"]}}],"collection":[{"href":"https:\/\/www.sotograndeguide.com\/es\/wp-json\/wp\/v2\/pages"}],"about":[{"href":"https:\/\/www.sotograndeguide.com\/es\/wp-json\/wp\/v2\/types\/page"}],"author":[{"embeddable":true,"href":"https:\/\/www.sotograndeguide.com\/es\/wp-json\/wp\/v2\/users\/1"}],"replies":[{"embeddable":true,"href":"https:\/\/www.sotograndeguide.com\/es\/wp-json\/wp\/v2\/comments?post=34942"}],"version-history":[{"count":0,"href":"https:\/\/www.sotograndeguide.com\/es\/wp-json\/wp\/v2\/pages\/34942\/revisions"}],"up":[{"embeddable":true,"href":"https:\/\/www.sotograndeguide.com\/es\/wp-json\/wp\/v2\/pages\/85"}],"wp:featuredmedia":[{"embeddable":true,"href":"https:\/\/www.sotograndeguide.com\/es\/wp-json\/wp\/v2\/media\/34623"}],"wp:attachment":[{"href":"https:\/\/www.sotograndeguide.com\/es\/wp-json\/wp\/v2\/media?parent=34942"}],"curies":[{"name":"wp","href":"https:\/\/api.w.org\/{rel}","templated":true}]}}