{"id":34826,"date":"2018-11-18T22:18:25","date_gmt":"2018-11-18T22:18:25","guid":{"rendered":"https:\/\/www.sotograndeguide.com\/?page_id=34826"},"modified":"2020-01-16T09:53:20","modified_gmt":"2020-01-16T09:53:20","slug":"escuela-internacional-de-sotogrande","status":"publish","type":"page","link":"https:\/\/www.sotograndeguide.com\/es\/sotogrande-schools\/sotogrande-international-school\/","title":{"rendered":"Escuela Internacional de Sotogrande"},"content":{"rendered":"<p>Sotogrande International School (SIS) es un internado internacional privado y un colegio diurno con sede en Sotogrande, en el sur de Espa\u00f1a. El colegio sigue el programa IB de 3 a 18 a\u00f1os y es el hogar de una apasionada comunidad de aprendizaje que inspira y fomenta el aprendizaje y el entendimiento intercultural, promoviendo la educaci\u00f3n como una fuerza para el bien en el mundo.<\/p>\n<p>Los resultados acad\u00e9micos son sistem\u00e1ticamente excelentes, ya que tanto los alumnos del PAI como los del Diploma obtienen a\u00f1o tras a\u00f1o puntuaciones muy por encima de la media mundial. Como resultado de la impresionante puntuaci\u00f3n media de 34,2 en 2019, 90% de los estudiantes fueron colocados en su primera opci\u00f3n de universidad.<\/p>\n<p><img decoding=\"async\" class=\"alignnone wp-image-35471 size-full\" src=\"https:\/\/www.sotograndeguide.com\/wp-content\/uploads\/2020\/01\/Sotogrande-School-Aerial-Photo.jpg\" alt=\"Foto a\u00e9rea del colegio de Sotogrande\" width=\"1800\" height=\"1247\" srcset=\"https:\/\/www.sotograndeguide.com\/wp-content\/uploads\/2020\/01\/Sotogrande-School-Aerial-Photo.jpg 1800w, https:\/\/www.sotograndeguide.com\/wp-content\/uploads\/2020\/01\/Sotogrande-School-Aerial-Photo-300x208.jpg 300w, https:\/\/www.sotograndeguide.com\/wp-content\/uploads\/2020\/01\/Sotogrande-School-Aerial-Photo-1024x709.jpg 1024w, https:\/\/www.sotograndeguide.com\/wp-content\/uploads\/2020\/01\/Sotogrande-School-Aerial-Photo-768x532.jpg 768w, https:\/\/www.sotograndeguide.com\/wp-content\/uploads\/2020\/01\/Sotogrande-School-Aerial-Photo-1536x1064.jpg 1536w, https:\/\/www.sotograndeguide.com\/wp-content\/uploads\/2020\/01\/Sotogrande-School-Aerial-Photo-150x105.jpg 150w\" sizes=\"(max-width: 1800px) 100vw, 1800px\" \/><\/p>\n<p>Sotogrande Internacional cuenta actualmente con una poblaci\u00f3n estudiantil activa de m\u00e1s de 1.000 ni\u00f1os que proceden de m\u00e1s de 50 nacionalidades diferentes. En todos los programas del IB, profesores cualificados internacionalmente imparten una educaci\u00f3n estimulante, enriquecedora y acad\u00e9micamente rigurosa. Los programas especializados en golf, tenis y m\u00fasica ofrecen oportunidades de superaci\u00f3n a los alumnos con talento.<\/p>\n<div id='gallery-1' class='gallery galleryid-34826 gallery-columns-3 gallery-size-large'><figure class='gallery-item'>\n\t\t\t<div class='gallery-icon landscape'>\n\t\t\t\t<a href='https:\/\/www.sotograndeguide.com\/wp-content\/uploads\/2020\/01\/Children-at-Sotogrande-International-School.jpg'><img decoding=\"async\" width=\"1024\" height=\"683\" src=\"https:\/\/www.sotograndeguide.com\/wp-content\/uploads\/2020\/01\/Children-at-Sotogrande-International-School-1024x683.jpg\" class=\"attachment-large size-large\" alt=\"Ni\u00f1os en el Colegio Internacional de Sotogrande\" srcset=\"https:\/\/www.sotograndeguide.com\/wp-content\/uploads\/2020\/01\/Children-at-Sotogrande-International-School-1024x683.jpg 1024w, https:\/\/www.sotograndeguide.com\/wp-content\/uploads\/2020\/01\/Children-at-Sotogrande-International-School-300x200.jpg 300w, https:\/\/www.sotograndeguide.com\/wp-content\/uploads\/2020\/01\/Children-at-Sotogrande-International-School-768x512.jpg 768w, https:\/\/www.sotograndeguide.com\/wp-content\/uploads\/2020\/01\/Children-at-Sotogrande-International-School-1536x1024.jpg 1536w, https:\/\/www.sotograndeguide.com\/wp-content\/uploads\/2020\/01\/Children-at-Sotogrande-International-School.jpg 1900w\" sizes=\"(max-width: 1024px) 100vw, 1024px\" \/><\/a>\n\t\t\t<\/div><\/figure><figure class='gallery-item'>\n\t\t\t<div class='gallery-icon landscape'>\n\t\t\t\t<a href='https:\/\/www.sotograndeguide.com\/wp-content\/uploads\/2020\/01\/Exterior-Sotogrande-School.jpg'><img decoding=\"async\" width=\"1024\" height=\"681\" src=\"https:\/\/www.sotograndeguide.com\/wp-content\/uploads\/2020\/01\/Exterior-Sotogrande-School-1024x681.jpg\" class=\"attachment-large size-large\" alt=\"Exterior Escuela Sotogrande\" srcset=\"https:\/\/www.sotograndeguide.com\/wp-content\/uploads\/2020\/01\/Exterior-Sotogrande-School-1024x681.jpg 1024w, https:\/\/www.sotograndeguide.com\/wp-content\/uploads\/2020\/01\/Exterior-Sotogrande-School-300x200.jpg 300w, https:\/\/www.sotograndeguide.com\/wp-content\/uploads\/2020\/01\/Exterior-Sotogrande-School-768x511.jpg 768w, https:\/\/www.sotograndeguide.com\/wp-content\/uploads\/2020\/01\/Exterior-Sotogrande-School.jpg 1500w\" sizes=\"(max-width: 1024px) 100vw, 1024px\" \/><\/a>\n\t\t\t<\/div><\/figure><figure class='gallery-item'>\n\t\t\t<div class='gallery-icon landscape'>\n\t\t\t\t<a href='https:\/\/www.sotograndeguide.com\/wp-content\/uploads\/2020\/01\/IB-High-School-Graduation.jpg'><img decoding=\"async\" width=\"1024\" height=\"681\" src=\"https:\/\/www.sotograndeguide.com\/wp-content\/uploads\/2020\/01\/IB-High-School-Graduation-1024x681.jpg\" class=\"attachment-large size-large\" alt=\"Graduaci\u00f3n de Bachillerato IB\" srcset=\"https:\/\/www.sotograndeguide.com\/wp-content\/uploads\/2020\/01\/IB-High-School-Graduation-1024x681.jpg 1024w, https:\/\/www.sotograndeguide.com\/wp-content\/uploads\/2020\/01\/IB-High-School-Graduation-300x200.jpg 300w, https:\/\/www.sotograndeguide.com\/wp-content\/uploads\/2020\/01\/IB-High-School-Graduation-768x511.jpg 768w, https:\/\/www.sotograndeguide.com\/wp-content\/uploads\/2020\/01\/IB-High-School-Graduation-1536x1022.jpg 1536w, https:\/\/www.sotograndeguide.com\/wp-content\/uploads\/2020\/01\/IB-High-School-Graduation.jpg 1623w\" sizes=\"(max-width: 1024px) 100vw, 1024px\" \/><\/a>\n\t\t\t<\/div><\/figure><figure class='gallery-item'>\n\t\t\t<div class='gallery-icon landscape'>\n\t\t\t\t<a href='https:\/\/www.sotograndeguide.com\/wp-content\/uploads\/2020\/01\/IB-Students-Sotogrande.jpg'><img decoding=\"async\" width=\"1024\" height=\"683\" src=\"https:\/\/www.sotograndeguide.com\/wp-content\/uploads\/2020\/01\/IB-Students-Sotogrande-1024x683.jpg\" class=\"attachment-large size-large\" alt=\"Estudiantes IB Sotogrande\" srcset=\"https:\/\/www.sotograndeguide.com\/wp-content\/uploads\/2020\/01\/IB-Students-Sotogrande-1024x683.jpg 1024w, https:\/\/www.sotograndeguide.com\/wp-content\/uploads\/2020\/01\/IB-Students-Sotogrande-300x200.jpg 300w, https:\/\/www.sotograndeguide.com\/wp-content\/uploads\/2020\/01\/IB-Students-Sotogrande-768x512.jpg 768w, https:\/\/www.sotograndeguide.com\/wp-content\/uploads\/2020\/01\/IB-Students-Sotogrande-1536x1024.jpg 1536w, https:\/\/www.sotograndeguide.com\/wp-content\/uploads\/2020\/01\/IB-Students-Sotogrande.jpg 1620w\" sizes=\"(max-width: 1024px) 100vw, 1024px\" \/><\/a>\n\t\t\t<\/div><\/figure><figure class='gallery-item'>\n\t\t\t<div class='gallery-icon landscape'>\n\t\t\t\t<a href='https:\/\/www.sotograndeguide.com\/wp-content\/uploads\/2020\/01\/Primary-School-Sotogrande.jpg'><img decoding=\"async\" width=\"1024\" height=\"683\" src=\"https:\/\/www.sotograndeguide.com\/wp-content\/uploads\/2020\/01\/Primary-School-Sotogrande-1024x683.jpg\" class=\"attachment-large size-large\" alt=\"Escuela Primaria Sotogrande\" srcset=\"https:\/\/www.sotograndeguide.com\/wp-content\/uploads\/2020\/01\/Primary-School-Sotogrande-1024x683.jpg 1024w, https:\/\/www.sotograndeguide.com\/wp-content\/uploads\/2020\/01\/Primary-School-Sotogrande-300x200.jpg 300w, https:\/\/www.sotograndeguide.com\/wp-content\/uploads\/2020\/01\/Primary-School-Sotogrande-768x512.jpg 768w, https:\/\/www.sotograndeguide.com\/wp-content\/uploads\/2020\/01\/Primary-School-Sotogrande-1536x1024.jpg 1536w, https:\/\/www.sotograndeguide.com\/wp-content\/uploads\/2020\/01\/Primary-School-Sotogrande.jpg 1620w\" sizes=\"(max-width: 1024px) 100vw, 1024px\" \/><\/a>\n\t\t\t<\/div><\/figure><figure class='gallery-item'>\n\t\t\t<div class='gallery-icon landscape'>\n\t\t\t\t<a href='https:\/\/www.sotograndeguide.com\/wp-content\/uploads\/2020\/01\/Science-Laboratory-at-Sotogrande-International-School.jpg'><img decoding=\"async\" width=\"1024\" height=\"683\" src=\"https:\/\/www.sotograndeguide.com\/wp-content\/uploads\/2020\/01\/Science-Laboratory-at-Sotogrande-International-School-1024x683.jpg\" class=\"attachment-large size-large\" alt=\"\" srcset=\"https:\/\/www.sotograndeguide.com\/wp-content\/uploads\/2020\/01\/Science-Laboratory-at-Sotogrande-International-School-1024x683.jpg 1024w, https:\/\/www.sotograndeguide.com\/wp-content\/uploads\/2020\/01\/Science-Laboratory-at-Sotogrande-International-School-300x200.jpg 300w, https:\/\/www.sotograndeguide.com\/wp-content\/uploads\/2020\/01\/Science-Laboratory-at-Sotogrande-International-School-768x512.jpg 768w, https:\/\/www.sotograndeguide.com\/wp-content\/uploads\/2020\/01\/Science-Laboratory-at-Sotogrande-International-School-1536x1024.jpg 1536w, https:\/\/www.sotograndeguide.com\/wp-content\/uploads\/2020\/01\/Science-Laboratory-at-Sotogrande-International-School.jpg 1620w\" sizes=\"(max-width: 1024px) 100vw, 1024px\" \/><\/a>\n\t\t\t<\/div><\/figure><figure class='gallery-item'>\n\t\t\t<div class='gallery-icon landscape'>\n\t\t\t\t<a href='https:\/\/www.sotograndeguide.com\/wp-content\/uploads\/2020\/01\/Sotogrande-School-Graduation.jpg'><img decoding=\"async\" width=\"1024\" height=\"681\" src=\"https:\/\/www.sotograndeguide.com\/wp-content\/uploads\/2020\/01\/Sotogrande-School-Graduation-1024x681.jpg\" class=\"attachment-large size-large\" alt=\"Graduaci\u00f3n de la Escuela de Sotogrande\" srcset=\"https:\/\/www.sotograndeguide.com\/wp-content\/uploads\/2020\/01\/Sotogrande-School-Graduation-1024x681.jpg 1024w, https:\/\/www.sotograndeguide.com\/wp-content\/uploads\/2020\/01\/Sotogrande-School-Graduation-300x200.jpg 300w, https:\/\/www.sotograndeguide.com\/wp-content\/uploads\/2020\/01\/Sotogrande-School-Graduation-768x511.jpg 768w, https:\/\/www.sotograndeguide.com\/wp-content\/uploads\/2020\/01\/Sotogrande-School-Graduation-1536x1022.jpg 1536w, https:\/\/www.sotograndeguide.com\/wp-content\/uploads\/2020\/01\/Sotogrande-School-Graduation.jpg 1623w\" sizes=\"(max-width: 1024px) 100vw, 1024px\" \/><\/a>\n\t\t\t<\/div><\/figure><figure class='gallery-item'>\n\t\t\t<div class='gallery-icon landscape'>\n\t\t\t\t<a href='https:\/\/www.sotograndeguide.com\/wp-content\/uploads\/2020\/01\/Sports-at-Sotogrande-School-Spain.jpg'><img decoding=\"async\" width=\"1024\" height=\"683\" src=\"https:\/\/www.sotograndeguide.com\/wp-content\/uploads\/2020\/01\/Sports-at-Sotogrande-School-Spain-1024x683.jpg\" class=\"attachment-large size-large\" alt=\"Deportes en el Colegio Sotogrande Espa\u00f1a\" srcset=\"https:\/\/www.sotograndeguide.com\/wp-content\/uploads\/2020\/01\/Sports-at-Sotogrande-School-Spain-1024x683.jpg 1024w, https:\/\/www.sotograndeguide.com\/wp-content\/uploads\/2020\/01\/Sports-at-Sotogrande-School-Spain-300x200.jpg 300w, https:\/\/www.sotograndeguide.com\/wp-content\/uploads\/2020\/01\/Sports-at-Sotogrande-School-Spain-768x512.jpg 768w, https:\/\/www.sotograndeguide.com\/wp-content\/uploads\/2020\/01\/Sports-at-Sotogrande-School-Spain-1536x1024.jpg 1536w, https:\/\/www.sotograndeguide.com\/wp-content\/uploads\/2020\/01\/Sports-at-Sotogrande-School-Spain.jpg 1620w\" sizes=\"(max-width: 1024px) 100vw, 1024px\" \/><\/a>\n\t\t\t<\/div><\/figure><figure class='gallery-item'>\n\t\t\t<div class='gallery-icon landscape'>\n\t\t\t\t<a href='https:\/\/www.sotograndeguide.com\/wp-content\/uploads\/2020\/01\/Theatre-Play-at-Sotogrand-International-School.jpg'><img decoding=\"async\" width=\"1024\" height=\"647\" src=\"https:\/\/www.sotograndeguide.com\/wp-content\/uploads\/2020\/01\/Theatre-Play-at-Sotogrand-International-School-1024x647.jpg\" class=\"attachment-large size-large\" alt=\"Obra de teatro en la Escuela Internacional Sotogrand\" srcset=\"https:\/\/www.sotograndeguide.com\/wp-content\/uploads\/2020\/01\/Theatre-Play-at-Sotogrand-International-School-1024x647.jpg 1024w, https:\/\/www.sotograndeguide.com\/wp-content\/uploads\/2020\/01\/Theatre-Play-at-Sotogrand-International-School-300x190.jpg 300w, https:\/\/www.sotograndeguide.com\/wp-content\/uploads\/2020\/01\/Theatre-Play-at-Sotogrand-International-School-768x485.jpg 768w, https:\/\/www.sotograndeguide.com\/wp-content\/uploads\/2020\/01\/Theatre-Play-at-Sotogrand-International-School-1536x971.jpg 1536w, https:\/\/www.sotograndeguide.com\/wp-content\/uploads\/2020\/01\/Theatre-Play-at-Sotogrand-International-School.jpg 1709w\" sizes=\"(max-width: 1024px) 100vw, 1024px\" \/><\/a>\n\t\t\t<\/div><\/figure>\n\t\t<\/div>\n\n<p>Como colegio distinguido por Apple, el uso de la tecnolog\u00eda est\u00e1 integrado de forma creativa en el plan de estudios de todos los alumnos desde los 3 a\u00f1os, mientras que el programa F1 in Schools y el Hyperbaric Challenge ofrecen a los alumnos una forma apasionante de aprender materias relacionadas con la ciencia, la tecnolog\u00eda, la ingenier\u00eda y las matem\u00e1ticas (STEM). Se anima a los alumnos a pensar de forma independiente y cr\u00edtica, a desarrollar sus intereses, dones y talentos \u00fanicos y a beneficiarse de las oportunidades que se les brindan para dar lo mejor de s\u00ed mismos.<\/p>\n<p>Sotogrande International Boarding House es una comunidad c\u00e1lida y vibrante, donde el personal se dedica a cuidar y sacar lo mejor de cada individuo. El apoyo acad\u00e9mico que reciben los alumnos se refleja en los resultados de los ex\u00e1menes del Diploma del Bachillerato Internacional, en los que, en los dos \u00faltimos a\u00f1os, los alumnos con mejores resultados han sido ambos internos, uno de los cuales alcanz\u00f3 la puntuaci\u00f3n m\u00e1xima del Bachillerato Internacional de 45 puntos.<\/p>\n<p><iframe title=\"Escuela Internacional de Sotogrande\" width=\"1200\" height=\"675\" src=\"https:\/\/www.youtube.com\/embed\/5OtzQW2U15U?feature=oembed\" frameborder=\"0\" allow=\"accelerometer; autoplay; clipboard-write; encrypted-media; gyroscope; picture-in-picture\" allowfullscreen><\/iframe><\/p>\n<p>Director: Sr. James Kearney<br \/>\nCoordinadora del Diploma: H\u00e9l\u00e8ne Caillet<br \/>\nCoordinadora del PAI: Bel\u00e9n Gonz\u00e1lez<br \/>\nCoordinadora del PEP: Andrea Bennett<br \/>\nAsociaciones: IB, ECIS, CIS, NEASC, NABSS, ACADE<\/p>\n<p><strong>Escuela Internacional de Sotogrande<\/strong><br \/>\nDirecci\u00f3n: Avenida Reserva, s\/n, 11310 Sotogrande, C\u00e1diz<br \/>\nTel\u00e9fono: <a href=\"tel:+34956795902\">956795902<\/a><\/p>","protected":false},"excerpt":{"rendered":"<p>Sotogrande International School (SIS) es un internado internacional privado y un colegio diurno con sede en Sotogrande, en el sur de Espa\u00f1a. El colegio sigue el programa IB de 3 a 18 a\u00f1os y es el hogar de una apasionada comunidad de aprendizaje que inspira y fomenta el aprendizaje y el entendimiento intercultural, promoviendo la educaci\u00f3n como una fuerza para el bien en el mundo. Los resultados acad\u00e9micos son ... <a title=\"Escuela Internacional de Sotogrande\" class=\"read-more\" href=\"https:\/\/www.sotograndeguide.com\/es\/sotogrande-schools\/sotogrande-international-school\/\" aria-label=\"Leer m\u00e1s sobre Escuela Internacional de Sotogrande\">Leer m\u00e1s<\/a><\/p>","protected":false},"author":1,"featured_media":34843,"parent":66,"menu_order":0,"comment_status":"closed","ping_status":"closed","template":"","meta":{"footnotes":""},"class_list":["post-34826","page","type-page","status-publish","has-post-thumbnail"],"yoast_head":"<!-- This site is optimized with the Yoast SEO Premium plugin v20.5 (Yoast SEO v27.4) - https:\/\/yoast.com\/product\/yoast-seo-premium-wordpress\/ -->\n<title>Sotogrande International School<\/title>\n<meta name=\"description\" content=\"Sotogrande International School (SIS) is a private international boarding and day school based in Sotogrande, southern Spain.\" \/>\n<meta name=\"robots\" content=\"index, follow, max-snippet:-1, max-image-preview:large, max-video-preview:-1\" \/>\n<link rel=\"canonical\" href=\"https:\/\/www.sotograndeguide.com\/es\/escuelas-de-sotogrande\/escuela-internacional-de-sotogrande\/\" \/>\n<meta property=\"og:locale\" content=\"es_ES\" \/>\n<meta property=\"og:type\" content=\"article\" \/>\n<meta property=\"og:title\" content=\"Sotogrande International School\" \/>\n<meta property=\"og:description\" content=\"Sotogrande International School (SIS) is a private international boarding and day school based in Sotogrande, southern Spain.\" \/>\n<meta property=\"og:url\" content=\"https:\/\/www.sotograndeguide.com\/es\/escuelas-de-sotogrande\/escuela-internacional-de-sotogrande\/\" \/>\n<meta property=\"og:site_name\" content=\"Sotogrande Guide\" \/>\n<meta property=\"article:publisher\" content=\"https:\/\/www.facebook.com\/sotograndeguide\" \/>\n<meta property=\"article:modified_time\" content=\"2020-01-16T09:53:20+00:00\" \/>\n<meta property=\"og:image\" content=\"https:\/\/www.sotograndeguide.com\/wp-content\/uploads\/2018\/11\/Schools-in-Sotogrande-4.jpg\" \/>\n\t<meta property=\"og:image:width\" content=\"960\" \/>\n\t<meta property=\"og:image:height\" content=\"600\" \/>\n\t<meta property=\"og:image:type\" content=\"image\/jpeg\" \/>\n<meta name=\"twitter:card\" content=\"summary_large_image\" \/>\n<meta name=\"twitter:site\" content=\"@sotograndeguide\" \/>\n<meta name=\"twitter:label1\" content=\"Tiempo de lectura\" \/>\n\t<meta name=\"twitter:data1\" content=\"2 minutos\" \/>\n<!-- \/ Yoast SEO Premium plugin. -->","yoast_head_json":{"title":"Escuela Internacional de Sotogrande","description":"Sotogrande International School (SIS) es un internado internacional privado y centro de d\u00eda con sede en Sotogrande, en el sur de Espa\u00f1a.","robots":{"index":"index","follow":"follow","max-snippet":"max-snippet:-1","max-image-preview":"max-image-preview:large","max-video-preview":"max-video-preview:-1"},"canonical":"https:\/\/www.sotograndeguide.com\/es\/escuelas-de-sotogrande\/escuela-internacional-de-sotogrande\/","og_locale":"es_ES","og_type":"article","og_title":"Sotogrande International School","og_description":"Sotogrande International School (SIS) is a private international boarding and day school based in Sotogrande, southern Spain.","og_url":"https:\/\/www.sotograndeguide.com\/es\/escuelas-de-sotogrande\/escuela-internacional-de-sotogrande\/","og_site_name":"Sotogrande Guide","article_publisher":"https:\/\/www.facebook.com\/sotograndeguide","article_modified_time":"2020-01-16T09:53:20+00:00","og_image":[{"width":960,"height":600,"url":"https:\/\/www.sotograndeguide.com\/wp-content\/uploads\/2018\/11\/Schools-in-Sotogrande-4.jpg","type":"image\/jpeg"}],"twitter_card":"summary_large_image","twitter_site":"@sotograndeguide","twitter_misc":{"Tiempo de lectura":"2 minutos"},"schema":{"@context":"https:\/\/schema.org","@graph":[{"@type":"WebPage","@id":"https:\/\/www.sotograndeguide.com\/sotogrande-schools\/sotogrande-international-school\/","url":"https:\/\/www.sotograndeguide.com\/sotogrande-schools\/sotogrande-international-school\/","name":"Escuela Internacional de Sotogrande","isPartOf":{"@id":"https:\/\/www.sotograndeguide.com\/#website"},"primaryImageOfPage":{"@id":"https:\/\/www.sotograndeguide.com\/sotogrande-schools\/sotogrande-international-school\/#primaryimage"},"image":{"@id":"https:\/\/www.sotograndeguide.com\/sotogrande-schools\/sotogrande-international-school\/#primaryimage"},"thumbnailUrl":"https:\/\/www.sotograndeguide.com\/wp-content\/uploads\/2018\/11\/Schools-in-Sotogrande-4.jpg","datePublished":"2018-11-18T22:18:25+00:00","dateModified":"2020-01-16T09:53:20+00:00","description":"Sotogrande International School (SIS) es un internado internacional privado y centro de d\u00eda con sede en Sotogrande, en el sur de Espa\u00f1a.","breadcrumb":{"@id":"https:\/\/www.sotograndeguide.com\/sotogrande-schools\/sotogrande-international-school\/#breadcrumb"},"inLanguage":"es","potentialAction":[{"@type":"ReadAction","target":["https:\/\/www.sotograndeguide.com\/sotogrande-schools\/sotogrande-international-school\/"]}]},{"@type":"ImageObject","inLanguage":"es","@id":"https:\/\/www.sotograndeguide.com\/sotogrande-schools\/sotogrande-international-school\/#primaryimage","url":"https:\/\/www.sotograndeguide.com\/wp-content\/uploads\/2018\/11\/Schools-in-Sotogrande-4.jpg","contentUrl":"https:\/\/www.sotograndeguide.com\/wp-content\/uploads\/2018\/11\/Schools-in-Sotogrande-4.jpg","width":960,"height":600,"caption":"Sotogrande International School"},{"@type":"BreadcrumbList","@id":"https:\/\/www.sotograndeguide.com\/sotogrande-schools\/sotogrande-international-school\/#breadcrumb","itemListElement":[{"@type":"ListItem","position":1,"name":"Home","item":"https:\/\/www.sotograndeguide.com\/"},{"@type":"ListItem","position":2,"name":"Sotogrande Schools","item":"https:\/\/www.sotograndeguide.com\/sotogrande-schools\/"},{"@type":"ListItem","position":3,"name":"Sotogrande International School"}]},{"@type":"WebSite","@id":"https:\/\/www.sotograndeguide.com\/#website","url":"https:\/\/www.sotograndeguide.com\/","name":"Gu\u00eda de Sotogrande","description":"Noticias, consejos, eventos y rese\u00f1as","publisher":{"@id":"https:\/\/www.sotograndeguide.com\/#organization"},"potentialAction":[{"@type":"SearchAction","target":{"@type":"EntryPoint","urlTemplate":"https:\/\/www.sotograndeguide.com\/?s={search_term_string}"},"query-input":{"@type":"PropertyValueSpecification","valueRequired":true,"valueName":"search_term_string"}}],"inLanguage":"es"},{"@type":"Organization","@id":"https:\/\/www.sotograndeguide.com\/#organization","name":"Gu\u00eda de Sotogrande","url":"https:\/\/www.sotograndeguide.com\/","logo":{"@type":"ImageObject","inLanguage":"es","@id":"https:\/\/www.sotograndeguide.com\/#\/schema\/logo\/image\/","url":"https:\/\/www.sotograndeguide.com\/wp-content\/uploads\/2017\/03\/Sotogrande-Logo-GUIDE.png","contentUrl":"https:\/\/www.sotograndeguide.com\/wp-content\/uploads\/2017\/03\/Sotogrande-Logo-GUIDE.png","width":300,"height":300,"caption":"Sotogrande Guide"},"image":{"@id":"https:\/\/www.sotograndeguide.com\/#\/schema\/logo\/image\/"},"sameAs":["https:\/\/www.facebook.com\/sotograndeguide","https:\/\/x.com\/sotograndeguide","https:\/\/www.tiktok.com\/@sotograndeguide","https:\/\/www.youtube.com\/@SotograndeGuide"]}]}},"jetpack_sharing_enabled":true,"_links":{"self":[{"href":"https:\/\/www.sotograndeguide.com\/es\/wp-json\/wp\/v2\/pages\/34826","targetHints":{"allow":["GET"]}}],"collection":[{"href":"https:\/\/www.sotograndeguide.com\/es\/wp-json\/wp\/v2\/pages"}],"about":[{"href":"https:\/\/www.sotograndeguide.com\/es\/wp-json\/wp\/v2\/types\/page"}],"author":[{"embeddable":true,"href":"https:\/\/www.sotograndeguide.com\/es\/wp-json\/wp\/v2\/users\/1"}],"replies":[{"embeddable":true,"href":"https:\/\/www.sotograndeguide.com\/es\/wp-json\/wp\/v2\/comments?post=34826"}],"version-history":[{"count":0,"href":"https:\/\/www.sotograndeguide.com\/es\/wp-json\/wp\/v2\/pages\/34826\/revisions"}],"up":[{"embeddable":true,"href":"https:\/\/www.sotograndeguide.com\/es\/wp-json\/wp\/v2\/pages\/66"}],"wp:featuredmedia":[{"embeddable":true,"href":"https:\/\/www.sotograndeguide.com\/es\/wp-json\/wp\/v2\/media\/34843"}],"wp:attachment":[{"href":"https:\/\/www.sotograndeguide.com\/es\/wp-json\/wp\/v2\/media?parent=34826"}],"curies":[{"name":"wp","href":"https:\/\/api.w.org\/{rel}","templated":true}]}}