{"id":34545,"date":"2018-06-02T11:37:08","date_gmt":"2018-06-02T11:37:08","guid":{"rendered":"https:\/\/www.sotograndeguide.com\/?page_id=34545"},"modified":"2018-06-02T11:39:03","modified_gmt":"2018-06-02T11:39:03","slug":"tienda-de-cerveza-calma-natural-food","status":"publish","type":"page","link":"https:\/\/www.sotograndeguide.com\/es\/sotogrande-shopping\/calma-natural-food-beer-shop\/","title":{"rendered":"Calma Natural Food &amp; Beer Shop"},"content":{"rendered":"<p>Calma Natural Food &amp; Beer es una nueva tienda y mercado ecol\u00f3gico que abri\u00f3 sus puertas en junio de 2018 en Pueblo Nuevo de Guadiaro. La tienda ofrece productos artesanos locales, productos veganos como quesos veganos, hamburguesas veganas, pat\u00e9s y embutidos veganos, quesos ecol\u00f3gicos de las principales queser\u00edas artesanas locales. Calma tambi\u00e9n dispone de cervezas artesanas, cervezas sin gluten y carne salvaje (jabal\u00ed, ciervo, corzo...), as\u00ed como pollo ecol\u00f3gico certificado 100% bio, verduras frescas, pan ecol\u00f3gico y mucho m\u00e1s.<\/p>\n<p><strong>Calma Natural Food &amp; Beer Shop<\/strong><br \/>\nDirecci\u00f3n: Calle Sierra Bermeja, 14, 11311, Pueblo Nuevo de Guadiaro, San Roque, C\u00e1diz<br \/>\nTel\u00e9fono: <a href=\"tel:+34671275425\">671275425<\/a><\/p>","protected":false},"excerpt":{"rendered":"<p>Calma Natural Food &amp; Beer es una nueva tienda y mercado ecol\u00f3gico que abri\u00f3 sus puertas en junio de 2018 en Pueblo Nuevo de Guadiaro. La tienda ofrece productos artesanos locales, productos veganos como quesos veganos, hamburguesas veganas, pat\u00e9s y embutidos veganos, quesos ecol\u00f3gicos de las principales queser\u00edas artesanas locales. Calma tambi\u00e9n dispone de cervezas artesanas, ... <a title=\"Calma Natural Food &amp; Beer Shop\" class=\"read-more\" href=\"https:\/\/www.sotograndeguide.com\/es\/sotogrande-shopping\/calma-natural-food-beer-shop\/\" aria-label=\"Leer m\u00e1s sobre Calma Natural Food &amp; Beer Shop\">Leer m\u00e1s<\/a><\/p>","protected":false},"author":1,"featured_media":34548,"parent":75,"menu_order":0,"comment_status":"closed","ping_status":"closed","template":"","meta":{"footnotes":""},"class_list":["post-34545","page","type-page","status-publish","has-post-thumbnail"],"yoast_head":"<!-- This site is optimized with the Yoast SEO Premium plugin v20.5 (Yoast SEO v27.5) - https:\/\/yoast.com\/product\/yoast-seo-premium-wordpress\/ -->\n<title>Calma Natural Food &amp; Beer Shop<\/title>\n<meta name=\"robots\" content=\"index, follow, max-snippet:-1, max-image-preview:large, max-video-preview:-1\" \/>\n<link rel=\"canonical\" href=\"https:\/\/www.sotograndeguide.com\/es\/compras-en-sotogrande\/tienda-de-cerveza-calma-natural-food\/\" \/>\n<meta property=\"og:locale\" content=\"es_ES\" \/>\n<meta property=\"og:type\" content=\"article\" \/>\n<meta property=\"og:title\" content=\"Calma Natural Food &amp; Beer Shop\" \/>\n<meta property=\"og:description\" content=\"Calma Natural Food &#038; Beer is a new organic shop and market that opened in June 2018 in Pueblo Nuevo de Guadiaro. The shop offers local artisan products, vegan products such as vegan cheeses, vegan burgers, vegan p\u00e2t\u00e9s &#038; sausages, organic cheeses from the main local artisan cheese factories. Calma also stock craft beers, gluten-free ... Leer m\u00e1s\" \/>\n<meta property=\"og:url\" content=\"https:\/\/www.sotograndeguide.com\/es\/compras-en-sotogrande\/tienda-de-cerveza-calma-natural-food\/\" \/>\n<meta property=\"og:site_name\" content=\"Sotogrande Guide\" \/>\n<meta property=\"article:publisher\" content=\"https:\/\/www.facebook.com\/sotograndeguide\" \/>\n<meta property=\"article:modified_time\" content=\"2018-06-02T11:39:03+00:00\" \/>\n<meta property=\"og:image\" content=\"https:\/\/www.sotograndeguide.com\/wp-content\/uploads\/2018\/06\/Calma-Natural-Food-Beer-Shop-Pueblo-Nuevo-de-Guadiaro.jpg\" \/>\n\t<meta property=\"og:image:width\" content=\"960\" \/>\n\t<meta property=\"og:image:height\" content=\"640\" \/>\n\t<meta property=\"og:image:type\" content=\"image\/jpeg\" \/>\n<meta name=\"twitter:card\" content=\"summary_large_image\" \/>\n<meta name=\"twitter:site\" content=\"@sotograndeguide\" \/>\n<!-- \/ Yoast SEO Premium plugin. -->","yoast_head_json":{"title":"Calma Natural Food &amp; Beer Shop","robots":{"index":"index","follow":"follow","max-snippet":"max-snippet:-1","max-image-preview":"max-image-preview:large","max-video-preview":"max-video-preview:-1"},"canonical":"https:\/\/www.sotograndeguide.com\/es\/compras-en-sotogrande\/tienda-de-cerveza-calma-natural-food\/","og_locale":"es_ES","og_type":"article","og_title":"Calma Natural Food & Beer Shop","og_description":"Calma Natural Food &#038; Beer is a new organic shop and market that opened in June 2018 in Pueblo Nuevo de Guadiaro. The shop offers local artisan products, vegan products such as vegan cheeses, vegan burgers, vegan p\u00e2t\u00e9s &#038; sausages, organic cheeses from the main local artisan cheese factories. Calma also stock craft beers, gluten-free ... Leer m\u00e1s","og_url":"https:\/\/www.sotograndeguide.com\/es\/compras-en-sotogrande\/tienda-de-cerveza-calma-natural-food\/","og_site_name":"Sotogrande Guide","article_publisher":"https:\/\/www.facebook.com\/sotograndeguide","article_modified_time":"2018-06-02T11:39:03+00:00","og_image":[{"width":960,"height":640,"url":"https:\/\/www.sotograndeguide.com\/wp-content\/uploads\/2018\/06\/Calma-Natural-Food-Beer-Shop-Pueblo-Nuevo-de-Guadiaro.jpg","type":"image\/jpeg"}],"twitter_card":"summary_large_image","twitter_site":"@sotograndeguide","schema":{"@context":"https:\/\/schema.org","@graph":[{"@type":"WebPage","@id":"https:\/\/www.sotograndeguide.com\/sotogrande-shopping\/calma-natural-food-beer-shop\/","url":"https:\/\/www.sotograndeguide.com\/sotogrande-shopping\/calma-natural-food-beer-shop\/","name":"Calma Natural Food &amp; Beer Shop","isPartOf":{"@id":"https:\/\/www.sotograndeguide.com\/#website"},"primaryImageOfPage":{"@id":"https:\/\/www.sotograndeguide.com\/sotogrande-shopping\/calma-natural-food-beer-shop\/#primaryimage"},"image":{"@id":"https:\/\/www.sotograndeguide.com\/sotogrande-shopping\/calma-natural-food-beer-shop\/#primaryimage"},"thumbnailUrl":"https:\/\/www.sotograndeguide.com\/wp-content\/uploads\/2018\/06\/Calma-Natural-Food-Beer-Shop-Pueblo-Nuevo-de-Guadiaro.jpg","datePublished":"2018-06-02T11:37:08+00:00","dateModified":"2018-06-02T11:39:03+00:00","breadcrumb":{"@id":"https:\/\/www.sotograndeguide.com\/sotogrande-shopping\/calma-natural-food-beer-shop\/#breadcrumb"},"inLanguage":"es","potentialAction":[{"@type":"ReadAction","target":["https:\/\/www.sotograndeguide.com\/sotogrande-shopping\/calma-natural-food-beer-shop\/"]}]},{"@type":"ImageObject","inLanguage":"es","@id":"https:\/\/www.sotograndeguide.com\/sotogrande-shopping\/calma-natural-food-beer-shop\/#primaryimage","url":"https:\/\/www.sotograndeguide.com\/wp-content\/uploads\/2018\/06\/Calma-Natural-Food-Beer-Shop-Pueblo-Nuevo-de-Guadiaro.jpg","contentUrl":"https:\/\/www.sotograndeguide.com\/wp-content\/uploads\/2018\/06\/Calma-Natural-Food-Beer-Shop-Pueblo-Nuevo-de-Guadiaro.jpg","width":960,"height":640},{"@type":"BreadcrumbList","@id":"https:\/\/www.sotograndeguide.com\/sotogrande-shopping\/calma-natural-food-beer-shop\/#breadcrumb","itemListElement":[{"@type":"ListItem","position":1,"name":"Home","item":"https:\/\/www.sotograndeguide.com\/"},{"@type":"ListItem","position":2,"name":"Sotogrande Shopping","item":"https:\/\/www.sotograndeguide.com\/sotogrande-shopping\/"},{"@type":"ListItem","position":3,"name":"Calma Natural Food &#038; Beer Shop"}]},{"@type":"WebSite","@id":"https:\/\/www.sotograndeguide.com\/#website","url":"https:\/\/www.sotograndeguide.com\/","name":"Gu\u00eda de Sotogrande","description":"Noticias, consejos, eventos y rese\u00f1as","publisher":{"@id":"https:\/\/www.sotograndeguide.com\/#organization"},"potentialAction":[{"@type":"SearchAction","target":{"@type":"EntryPoint","urlTemplate":"https:\/\/www.sotograndeguide.com\/?s={search_term_string}"},"query-input":{"@type":"PropertyValueSpecification","valueRequired":true,"valueName":"search_term_string"}}],"inLanguage":"es"},{"@type":"Organization","@id":"https:\/\/www.sotograndeguide.com\/#organization","name":"Gu\u00eda de Sotogrande","url":"https:\/\/www.sotograndeguide.com\/","logo":{"@type":"ImageObject","inLanguage":"es","@id":"https:\/\/www.sotograndeguide.com\/#\/schema\/logo\/image\/","url":"https:\/\/www.sotograndeguide.com\/wp-content\/uploads\/2017\/03\/Sotogrande-Logo-GUIDE.png","contentUrl":"https:\/\/www.sotograndeguide.com\/wp-content\/uploads\/2017\/03\/Sotogrande-Logo-GUIDE.png","width":300,"height":300,"caption":"Sotogrande Guide"},"image":{"@id":"https:\/\/www.sotograndeguide.com\/#\/schema\/logo\/image\/"},"sameAs":["https:\/\/www.facebook.com\/sotograndeguide","https:\/\/x.com\/sotograndeguide","https:\/\/www.tiktok.com\/@sotograndeguide","https:\/\/www.youtube.com\/@SotograndeGuide"]}]}},"jetpack_sharing_enabled":true,"_links":{"self":[{"href":"https:\/\/www.sotograndeguide.com\/es\/wp-json\/wp\/v2\/pages\/34545","targetHints":{"allow":["GET"]}}],"collection":[{"href":"https:\/\/www.sotograndeguide.com\/es\/wp-json\/wp\/v2\/pages"}],"about":[{"href":"https:\/\/www.sotograndeguide.com\/es\/wp-json\/wp\/v2\/types\/page"}],"author":[{"embeddable":true,"href":"https:\/\/www.sotograndeguide.com\/es\/wp-json\/wp\/v2\/users\/1"}],"replies":[{"embeddable":true,"href":"https:\/\/www.sotograndeguide.com\/es\/wp-json\/wp\/v2\/comments?post=34545"}],"version-history":[{"count":0,"href":"https:\/\/www.sotograndeguide.com\/es\/wp-json\/wp\/v2\/pages\/34545\/revisions"}],"up":[{"embeddable":true,"href":"https:\/\/www.sotograndeguide.com\/es\/wp-json\/wp\/v2\/pages\/75"}],"wp:featuredmedia":[{"embeddable":true,"href":"https:\/\/www.sotograndeguide.com\/es\/wp-json\/wp\/v2\/media\/34548"}],"wp:attachment":[{"href":"https:\/\/www.sotograndeguide.com\/es\/wp-json\/wp\/v2\/media?parent=34545"}],"curies":[{"name":"wp","href":"https:\/\/api.w.org\/{rel}","templated":true}]}}