{"id":33717,"date":"2017-12-30T11:17:35","date_gmt":"2017-12-30T11:17:35","guid":{"rendered":"https:\/\/www.sotograndeguide.com\/?page_id=33717"},"modified":"2018-05-13T11:19:22","modified_gmt":"2018-05-13T11:19:22","slug":"real-club-valderrama","status":"publish","type":"page","link":"https:\/\/www.sotograndeguide.com\/es\/sotogrande-golf\/real-club-valderrama\/","title":{"rendered":"Real Club Valderrama"},"content":{"rendered":"<p>El mundialmente famoso campo de golf de Valderrama fue dise\u00f1ado por Robert Trent Jones en 1974 y est\u00e1 clasificado como uno de los mejores tanto como club como campo. El desafiante y \u00fanico campo de 72 pares fue sede de la Ryder Cup de 1997 y ha acogido numerosos campeonatos de golf de clase mundial a lo largo del a\u00f1o. <\/p>\n<p>Direcci\u00f3n: Avda Los Cortijos s\/n, 11310 Sotogrande, C\u00e1diz, Espa\u00f1a<br \/>\nTel\u00e9fono: <a href=\"tel:+34956791200\">956791200<\/a><\/p>","protected":false},"excerpt":{"rendered":"<p>El mundialmente famoso campo de golf de Valderrama fue dise\u00f1ado por Robert Trent Jones en 1974 y est\u00e1 clasificado como uno de los mejores tanto como club como campo. Este desafiante y \u00fanico campo de 72 pares fue sede de la Ryder Cup de 1997 y ha albergado numerosos campeonatos de golf de talla mundial a lo largo del a\u00f1o. Direcci\u00f3n: Avda. Los Cortijos ... <a title=\"Real Club Valderrama\" class=\"read-more\" href=\"https:\/\/www.sotograndeguide.com\/es\/sotogrande-golf\/real-club-valderrama\/\" aria-label=\"Leer m\u00e1s sobre Real Club Valderrama\">Leer m\u00e1s<\/a><\/p>","protected":false},"author":1,"featured_media":33732,"parent":63,"menu_order":0,"comment_status":"closed","ping_status":"closed","template":"","meta":{"footnotes":""},"class_list":["post-33717","page","type-page","status-publish","has-post-thumbnail"],"yoast_head":"<!-- This site is optimized with the Yoast SEO Premium plugin v20.5 (Yoast SEO v27.4) - https:\/\/yoast.com\/product\/yoast-seo-premium-wordpress\/ -->\n<title>Real Club Valderrama<\/title>\n<meta name=\"robots\" content=\"index, follow, max-snippet:-1, max-image-preview:large, max-video-preview:-1\" \/>\n<link rel=\"canonical\" href=\"https:\/\/www.sotograndeguide.com\/es\/sotogrande-golf\/real-club-valderrama\/\" \/>\n<meta property=\"og:locale\" content=\"es_ES\" \/>\n<meta property=\"og:type\" content=\"article\" \/>\n<meta property=\"og:title\" content=\"Real Club Valderrama\" \/>\n<meta property=\"og:description\" content=\"The world famous Valderrama golf course was designed by Robert Trent Jones in 1974 and is ranked as one of the best both as a club and course. The challenging and unique 72-par course was home to the 1997 ryder cup and has hosted numerous world-class golf championships over the year. Address: Avda Los Cortijos ... Leer m\u00e1s\" \/>\n<meta property=\"og:url\" content=\"https:\/\/www.sotograndeguide.com\/es\/sotogrande-golf\/real-club-valderrama\/\" \/>\n<meta property=\"og:site_name\" content=\"Sotogrande Guide\" \/>\n<meta property=\"article:publisher\" content=\"https:\/\/www.facebook.com\/sotograndeguide\" \/>\n<meta property=\"article:modified_time\" content=\"2018-05-13T11:19:22+00:00\" \/>\n<meta property=\"og:image\" content=\"https:\/\/www.sotograndeguide.com\/wp-content\/uploads\/2017\/12\/Valderrama-Golf-Sotogrande.jpg\" \/>\n\t<meta property=\"og:image:width\" content=\"1920\" \/>\n\t<meta property=\"og:image:height\" content=\"1080\" \/>\n\t<meta property=\"og:image:type\" content=\"image\/jpeg\" \/>\n<meta name=\"twitter:card\" content=\"summary_large_image\" \/>\n<meta name=\"twitter:site\" content=\"@sotograndeguide\" \/>\n<!-- \/ Yoast SEO Premium plugin. -->","yoast_head_json":{"title":"Real Club Valderrama","robots":{"index":"index","follow":"follow","max-snippet":"max-snippet:-1","max-image-preview":"max-image-preview:large","max-video-preview":"max-video-preview:-1"},"canonical":"https:\/\/www.sotograndeguide.com\/es\/sotogrande-golf\/real-club-valderrama\/","og_locale":"es_ES","og_type":"article","og_title":"Real Club Valderrama","og_description":"The world famous Valderrama golf course was designed by Robert Trent Jones in 1974 and is ranked as one of the best both as a club and course. The challenging and unique 72-par course was home to the 1997 ryder cup and has hosted numerous world-class golf championships over the year. Address: Avda Los Cortijos ... Leer m\u00e1s","og_url":"https:\/\/www.sotograndeguide.com\/es\/sotogrande-golf\/real-club-valderrama\/","og_site_name":"Sotogrande Guide","article_publisher":"https:\/\/www.facebook.com\/sotograndeguide","article_modified_time":"2018-05-13T11:19:22+00:00","og_image":[{"width":1920,"height":1080,"url":"https:\/\/www.sotograndeguide.com\/wp-content\/uploads\/2017\/12\/Valderrama-Golf-Sotogrande.jpg","type":"image\/jpeg"}],"twitter_card":"summary_large_image","twitter_site":"@sotograndeguide","schema":{"@context":"https:\/\/schema.org","@graph":[{"@type":"WebPage","@id":"https:\/\/www.sotograndeguide.com\/sotogrande-golf\/real-club-valderrama\/","url":"https:\/\/www.sotograndeguide.com\/sotogrande-golf\/real-club-valderrama\/","name":"Real Club Valderrama","isPartOf":{"@id":"https:\/\/www.sotograndeguide.com\/#website"},"primaryImageOfPage":{"@id":"https:\/\/www.sotograndeguide.com\/sotogrande-golf\/real-club-valderrama\/#primaryimage"},"image":{"@id":"https:\/\/www.sotograndeguide.com\/sotogrande-golf\/real-club-valderrama\/#primaryimage"},"thumbnailUrl":"https:\/\/www.sotograndeguide.com\/wp-content\/uploads\/2017\/12\/Valderrama-Golf-Sotogrande.jpg","datePublished":"2017-12-30T11:17:35+00:00","dateModified":"2018-05-13T11:19:22+00:00","breadcrumb":{"@id":"https:\/\/www.sotograndeguide.com\/sotogrande-golf\/real-club-valderrama\/#breadcrumb"},"inLanguage":"es","potentialAction":[{"@type":"ReadAction","target":["https:\/\/www.sotograndeguide.com\/sotogrande-golf\/real-club-valderrama\/"]}]},{"@type":"ImageObject","inLanguage":"es","@id":"https:\/\/www.sotograndeguide.com\/sotogrande-golf\/real-club-valderrama\/#primaryimage","url":"https:\/\/www.sotograndeguide.com\/wp-content\/uploads\/2017\/12\/Valderrama-Golf-Sotogrande.jpg","contentUrl":"https:\/\/www.sotograndeguide.com\/wp-content\/uploads\/2017\/12\/Valderrama-Golf-Sotogrande.jpg","width":1920,"height":1080,"caption":"Real Club Valderrama"},{"@type":"BreadcrumbList","@id":"https:\/\/www.sotograndeguide.com\/sotogrande-golf\/real-club-valderrama\/#breadcrumb","itemListElement":[{"@type":"ListItem","position":1,"name":"Home","item":"https:\/\/www.sotograndeguide.com\/"},{"@type":"ListItem","position":2,"name":"Sotogrande Golf","item":"https:\/\/www.sotograndeguide.com\/sotogrande-golf\/"},{"@type":"ListItem","position":3,"name":"Real Club Valderrama"}]},{"@type":"WebSite","@id":"https:\/\/www.sotograndeguide.com\/#website","url":"https:\/\/www.sotograndeguide.com\/","name":"Gu\u00eda de Sotogrande","description":"Noticias, consejos, eventos y rese\u00f1as","publisher":{"@id":"https:\/\/www.sotograndeguide.com\/#organization"},"potentialAction":[{"@type":"SearchAction","target":{"@type":"EntryPoint","urlTemplate":"https:\/\/www.sotograndeguide.com\/?s={search_term_string}"},"query-input":{"@type":"PropertyValueSpecification","valueRequired":true,"valueName":"search_term_string"}}],"inLanguage":"es"},{"@type":"Organization","@id":"https:\/\/www.sotograndeguide.com\/#organization","name":"Gu\u00eda de Sotogrande","url":"https:\/\/www.sotograndeguide.com\/","logo":{"@type":"ImageObject","inLanguage":"es","@id":"https:\/\/www.sotograndeguide.com\/#\/schema\/logo\/image\/","url":"https:\/\/www.sotograndeguide.com\/wp-content\/uploads\/2017\/03\/Sotogrande-Logo-GUIDE.png","contentUrl":"https:\/\/www.sotograndeguide.com\/wp-content\/uploads\/2017\/03\/Sotogrande-Logo-GUIDE.png","width":300,"height":300,"caption":"Sotogrande Guide"},"image":{"@id":"https:\/\/www.sotograndeguide.com\/#\/schema\/logo\/image\/"},"sameAs":["https:\/\/www.facebook.com\/sotograndeguide","https:\/\/x.com\/sotograndeguide","https:\/\/www.tiktok.com\/@sotograndeguide","https:\/\/www.youtube.com\/@SotograndeGuide"]}]}},"jetpack_sharing_enabled":true,"_links":{"self":[{"href":"https:\/\/www.sotograndeguide.com\/es\/wp-json\/wp\/v2\/pages\/33717","targetHints":{"allow":["GET"]}}],"collection":[{"href":"https:\/\/www.sotograndeguide.com\/es\/wp-json\/wp\/v2\/pages"}],"about":[{"href":"https:\/\/www.sotograndeguide.com\/es\/wp-json\/wp\/v2\/types\/page"}],"author":[{"embeddable":true,"href":"https:\/\/www.sotograndeguide.com\/es\/wp-json\/wp\/v2\/users\/1"}],"replies":[{"embeddable":true,"href":"https:\/\/www.sotograndeguide.com\/es\/wp-json\/wp\/v2\/comments?post=33717"}],"version-history":[{"count":0,"href":"https:\/\/www.sotograndeguide.com\/es\/wp-json\/wp\/v2\/pages\/33717\/revisions"}],"up":[{"embeddable":true,"href":"https:\/\/www.sotograndeguide.com\/es\/wp-json\/wp\/v2\/pages\/63"}],"wp:featuredmedia":[{"embeddable":true,"href":"https:\/\/www.sotograndeguide.com\/es\/wp-json\/wp\/v2\/media\/33732"}],"wp:attachment":[{"href":"https:\/\/www.sotograndeguide.com\/es\/wp-json\/wp\/v2\/media?parent=33717"}],"curies":[{"name":"wp","href":"https:\/\/api.w.org\/{rel}","templated":true}]}}