{"id":33716,"date":"2017-12-30T11:17:02","date_gmt":"2017-12-30T11:17:02","guid":{"rendered":"https:\/\/www.sotograndeguide.com\/?page_id=33716"},"modified":"2018-05-13T11:18:45","modified_gmt":"2018-05-13T11:18:45","slug":"la-reserva-sotogrande","status":"publish","type":"page","link":"https:\/\/www.sotograndeguide.com\/es\/sotogrande-golf\/la-reserva-sotogrande\/","title":{"rendered":"La Reserva Sotogrande"},"content":{"rendered":"<p>El club de golf La Reserva es uno de los campos m\u00e1s nuevos de Sotogrande. Inaugurado en 2003, La Reserva est\u00e1 situado en una parcela elevada con vistas al mar Mediterr\u00e1neo, las monta\u00f1as y Sotogrande. Dise\u00f1ado por Cabell B. Robinson, La Reserva ofrece un recorrido de 18 hoyos y 7.400 yardas. <\/p>\n<p>Direcci\u00f3n: Avenida La Reserva, s\/n, 11310 Sotogrande, C\u00e1diz, Espa\u00f1a<br \/>\nTel\u00e9fono: <a href=\"tel:+34956785252\">956785252<\/a><\/p>","protected":false},"excerpt":{"rendered":"<p>El club de golf La Reserva es uno de los campos m\u00e1s nuevos de Sotogrande. Inaugurado en 2003, La Reserva est\u00e1 situado en una parcela elevada con vistas al mar Mediterr\u00e1neo, las monta\u00f1as y Sotogrande. Dise\u00f1ado por Cabell B. Robinson, La Reserva ofrece un recorrido de 18 hoyos y 7.400 yardas. Direcci\u00f3n: Avenida La Reserva, s\/n, 11310 Sotogrande, C\u00e1diz, Espa\u00f1a ... <a title=\"La Reserva Sotogrande\" class=\"read-more\" href=\"https:\/\/www.sotograndeguide.com\/es\/sotogrande-golf\/la-reserva-sotogrande\/\" aria-label=\"Leer m\u00e1s sobre La Reserva Sotogrande\">Leer m\u00e1s<\/a><\/p>","protected":false},"author":1,"featured_media":33738,"parent":63,"menu_order":0,"comment_status":"closed","ping_status":"closed","template":"","meta":{"footnotes":""},"class_list":["post-33716","page","type-page","status-publish","has-post-thumbnail"],"yoast_head":"<!-- This site is optimized with the Yoast SEO Premium plugin v20.5 (Yoast SEO v27.5) - https:\/\/yoast.com\/product\/yoast-seo-premium-wordpress\/ -->\n<title>La Reserva Sotogrande<\/title>\n<meta name=\"robots\" content=\"index, follow, max-snippet:-1, max-image-preview:large, max-video-preview:-1\" \/>\n<link rel=\"canonical\" href=\"https:\/\/www.sotograndeguide.com\/es\/sotogrande-golf\/la-reserva-sotogrande\/\" \/>\n<meta property=\"og:locale\" content=\"es_ES\" \/>\n<meta property=\"og:type\" content=\"article\" \/>\n<meta property=\"og:title\" content=\"La Reserva Sotogrande\" \/>\n<meta property=\"og:description\" content=\"The golf club La Reserva is one of the newer courses in Sotogrande. Originally opened in 2003, La Reserva is located on an elevated plot overlooking the Mediterranean Sea, the mountains and Sotogrande. Designed by Cabell B. Robinson, La Reserva offers an 18-hole, 7,400 yard course. Address: Avenida La Reserva, s\/n, 11310 Sotogrande, C\u00e1diz, Spain ... Leer m\u00e1s\" \/>\n<meta property=\"og:url\" content=\"https:\/\/www.sotograndeguide.com\/es\/sotogrande-golf\/la-reserva-sotogrande\/\" \/>\n<meta property=\"og:site_name\" content=\"Sotogrande Guide\" \/>\n<meta property=\"article:publisher\" content=\"https:\/\/www.facebook.com\/sotograndeguide\" \/>\n<meta property=\"article:modified_time\" content=\"2018-05-13T11:18:45+00:00\" \/>\n<meta property=\"og:image\" content=\"https:\/\/www.sotograndeguide.com\/wp-content\/uploads\/2017\/12\/Golf-La-Reserva-Sotogrande.jpg\" \/>\n\t<meta property=\"og:image:width\" content=\"1920\" \/>\n\t<meta property=\"og:image:height\" content=\"1080\" \/>\n\t<meta property=\"og:image:type\" content=\"image\/jpeg\" \/>\n<meta name=\"twitter:card\" content=\"summary_large_image\" \/>\n<meta name=\"twitter:site\" content=\"@sotograndeguide\" \/>\n<!-- \/ Yoast SEO Premium plugin. -->","yoast_head_json":{"title":"La Reserva Sotogrande","robots":{"index":"index","follow":"follow","max-snippet":"max-snippet:-1","max-image-preview":"max-image-preview:large","max-video-preview":"max-video-preview:-1"},"canonical":"https:\/\/www.sotograndeguide.com\/es\/sotogrande-golf\/la-reserva-sotogrande\/","og_locale":"es_ES","og_type":"article","og_title":"La Reserva Sotogrande","og_description":"The golf club La Reserva is one of the newer courses in Sotogrande. Originally opened in 2003, La Reserva is located on an elevated plot overlooking the Mediterranean Sea, the mountains and Sotogrande. Designed by Cabell B. Robinson, La Reserva offers an 18-hole, 7,400 yard course. Address: Avenida La Reserva, s\/n, 11310 Sotogrande, C\u00e1diz, Spain ... Leer m\u00e1s","og_url":"https:\/\/www.sotograndeguide.com\/es\/sotogrande-golf\/la-reserva-sotogrande\/","og_site_name":"Sotogrande Guide","article_publisher":"https:\/\/www.facebook.com\/sotograndeguide","article_modified_time":"2018-05-13T11:18:45+00:00","og_image":[{"width":1920,"height":1080,"url":"https:\/\/www.sotograndeguide.com\/wp-content\/uploads\/2017\/12\/Golf-La-Reserva-Sotogrande.jpg","type":"image\/jpeg"}],"twitter_card":"summary_large_image","twitter_site":"@sotograndeguide","schema":{"@context":"https:\/\/schema.org","@graph":[{"@type":"WebPage","@id":"https:\/\/www.sotograndeguide.com\/sotogrande-golf\/la-reserva-sotogrande\/","url":"https:\/\/www.sotograndeguide.com\/sotogrande-golf\/la-reserva-sotogrande\/","name":"La Reserva Sotogrande","isPartOf":{"@id":"https:\/\/www.sotograndeguide.com\/#website"},"primaryImageOfPage":{"@id":"https:\/\/www.sotograndeguide.com\/sotogrande-golf\/la-reserva-sotogrande\/#primaryimage"},"image":{"@id":"https:\/\/www.sotograndeguide.com\/sotogrande-golf\/la-reserva-sotogrande\/#primaryimage"},"thumbnailUrl":"https:\/\/www.sotograndeguide.com\/wp-content\/uploads\/2017\/12\/Golf-La-Reserva-Sotogrande.jpg","datePublished":"2017-12-30T11:17:02+00:00","dateModified":"2018-05-13T11:18:45+00:00","breadcrumb":{"@id":"https:\/\/www.sotograndeguide.com\/sotogrande-golf\/la-reserva-sotogrande\/#breadcrumb"},"inLanguage":"es","potentialAction":[{"@type":"ReadAction","target":["https:\/\/www.sotograndeguide.com\/sotogrande-golf\/la-reserva-sotogrande\/"]}]},{"@type":"ImageObject","inLanguage":"es","@id":"https:\/\/www.sotograndeguide.com\/sotogrande-golf\/la-reserva-sotogrande\/#primaryimage","url":"https:\/\/www.sotograndeguide.com\/wp-content\/uploads\/2017\/12\/Golf-La-Reserva-Sotogrande.jpg","contentUrl":"https:\/\/www.sotograndeguide.com\/wp-content\/uploads\/2017\/12\/Golf-La-Reserva-Sotogrande.jpg","width":1920,"height":1080,"caption":"Golf La Reserva Sotogrande"},{"@type":"BreadcrumbList","@id":"https:\/\/www.sotograndeguide.com\/sotogrande-golf\/la-reserva-sotogrande\/#breadcrumb","itemListElement":[{"@type":"ListItem","position":1,"name":"Home","item":"https:\/\/www.sotograndeguide.com\/"},{"@type":"ListItem","position":2,"name":"Sotogrande Golf","item":"https:\/\/www.sotograndeguide.com\/sotogrande-golf\/"},{"@type":"ListItem","position":3,"name":"La Reserva Sotogrande"}]},{"@type":"WebSite","@id":"https:\/\/www.sotograndeguide.com\/#website","url":"https:\/\/www.sotograndeguide.com\/","name":"Gu\u00eda de Sotogrande","description":"Noticias, consejos, eventos y rese\u00f1as","publisher":{"@id":"https:\/\/www.sotograndeguide.com\/#organization"},"potentialAction":[{"@type":"SearchAction","target":{"@type":"EntryPoint","urlTemplate":"https:\/\/www.sotograndeguide.com\/?s={search_term_string}"},"query-input":{"@type":"PropertyValueSpecification","valueRequired":true,"valueName":"search_term_string"}}],"inLanguage":"es"},{"@type":"Organization","@id":"https:\/\/www.sotograndeguide.com\/#organization","name":"Gu\u00eda de Sotogrande","url":"https:\/\/www.sotograndeguide.com\/","logo":{"@type":"ImageObject","inLanguage":"es","@id":"https:\/\/www.sotograndeguide.com\/#\/schema\/logo\/image\/","url":"https:\/\/www.sotograndeguide.com\/wp-content\/uploads\/2017\/03\/Sotogrande-Logo-GUIDE.png","contentUrl":"https:\/\/www.sotograndeguide.com\/wp-content\/uploads\/2017\/03\/Sotogrande-Logo-GUIDE.png","width":300,"height":300,"caption":"Sotogrande Guide"},"image":{"@id":"https:\/\/www.sotograndeguide.com\/#\/schema\/logo\/image\/"},"sameAs":["https:\/\/www.facebook.com\/sotograndeguide","https:\/\/x.com\/sotograndeguide","https:\/\/www.tiktok.com\/@sotograndeguide","https:\/\/www.youtube.com\/@SotograndeGuide"]}]}},"jetpack_sharing_enabled":true,"_links":{"self":[{"href":"https:\/\/www.sotograndeguide.com\/es\/wp-json\/wp\/v2\/pages\/33716","targetHints":{"allow":["GET"]}}],"collection":[{"href":"https:\/\/www.sotograndeguide.com\/es\/wp-json\/wp\/v2\/pages"}],"about":[{"href":"https:\/\/www.sotograndeguide.com\/es\/wp-json\/wp\/v2\/types\/page"}],"author":[{"embeddable":true,"href":"https:\/\/www.sotograndeguide.com\/es\/wp-json\/wp\/v2\/users\/1"}],"replies":[{"embeddable":true,"href":"https:\/\/www.sotograndeguide.com\/es\/wp-json\/wp\/v2\/comments?post=33716"}],"version-history":[{"count":0,"href":"https:\/\/www.sotograndeguide.com\/es\/wp-json\/wp\/v2\/pages\/33716\/revisions"}],"up":[{"embeddable":true,"href":"https:\/\/www.sotograndeguide.com\/es\/wp-json\/wp\/v2\/pages\/63"}],"wp:featuredmedia":[{"embeddable":true,"href":"https:\/\/www.sotograndeguide.com\/es\/wp-json\/wp\/v2\/media\/33738"}],"wp:attachment":[{"href":"https:\/\/www.sotograndeguide.com\/es\/wp-json\/wp\/v2\/media?parent=33716"}],"curies":[{"name":"wp","href":"https:\/\/api.w.org\/{rel}","templated":true}]}}