{"id":33571,"date":"2017-11-15T04:29:04","date_gmt":"2017-11-15T04:29:04","guid":{"rendered":"https:\/\/www.sotograndeguide.com\/?page_id=33571"},"modified":"2019-07-07T20:10:26","modified_gmt":"2019-07-07T20:10:26","slug":"aldiana-alcaidesa","status":"publish","type":"page","link":"https:\/\/www.sotograndeguide.com\/es\/sotogrande-hotels\/aldiana-alcaidesa\/","title":{"rendered":"Aldiana Alcaidesa"},"content":{"rendered":"<p><a href=\"http:\/\/www.booking.com\/hotel\/es\/aldiana-alcaidesa.html?aid=1233189&amp;no_rooms=1&amp;group_adults=1&amp;label=sotograndeguide\" target=\"_blank\" rel=\"noopener noreferrer\">Aldiana Alcaidesa<\/a> es un gran hotel de estilo resort situado en La Alcaidesa, a s\u00f3lo cinco minutos en coche de Sotogrande.<\/p>\n<p>El hotel se encuentra a un paseo de las playas m\u00e1s espectaculares de toda la zona y a un corto trayecto en coche de Sotogrande y de los clubes de golf cercanos.<\/p>\n<p>La mayor\u00eda de las habitaciones son sencillas pero ofrecen Wi-Fi, TV y minibar, y la mayor\u00eda goza de vistas al mar.<\/p>\n<p>Dada la ubicaci\u00f3n y las instalaciones, se trata de un hotel muy popular entre las familias con ni\u00f1os.<\/p>\n<p><a href=\"http:\/\/www.booking.com\/hotel\/es\/aldiana-alcaidesa.html?aid=1233189&amp;no_rooms=1&amp;group_adults=1&amp;label=sotograndeguide\" target=\"_blank\" rel=\"noopener noreferrer\">Consulte las mejores tarifas en el Aldiana Alcaidesa Hotel Resort<\/a>.<br \/>\n<a href=\"https:\/\/www.sotograndeguide.com\/es\/hoteles-de-sotogrande\/\">Consulta otros hoteles en Sotogrande y alrededores<\/a>.<br \/>\n<a href=\"https:\/\/www.sotograndeguide.com\/es\/conserje-de-sotogrande\/\" target=\"_blank\" rel=\"noopener noreferrer\">\u00bfTiene preguntas sobre este Hotel? Hable con el Conserje de Sotogrande<\/a>.<\/p>\n<p><strong>Aldiana Alcaidesa<\/strong><br \/>\nDirecci\u00f3n: Urb. Alcaidesa La Hacienda, 11315 La L\u00ednea de la Concepci\u00f3n, C\u00e1diz<br \/>\nTel\u00e9fono: <a href=\"tel:+34956582700\">956582700<\/a><\/p>","protected":false},"excerpt":{"rendered":"<p>Aldiana Alcaidesa es un gran hotel de estilo resort situado en La Alcaidesa, a s\u00f3lo cinco minutos en coche de Sotogrande. El hotel est\u00e1 a un paseo de las playas m\u00e1s espectaculares de toda la zona y a un corto trayecto en coche de Sotogrande y de los clubes de golf cercanos. La mayor\u00eda de las habitaciones son sencillas pero ofrecen Wi-Fi, TV y minibar ... <a title=\"Aldiana Alcaidesa\" class=\"read-more\" href=\"https:\/\/www.sotograndeguide.com\/es\/sotogrande-hotels\/aldiana-alcaidesa\/\" aria-label=\"Leer m\u00e1s sobre Aldiana Alcaidesa\">Leer m\u00e1s<\/a><\/p>","protected":false},"author":1,"featured_media":33615,"parent":94,"menu_order":0,"comment_status":"closed","ping_status":"closed","template":"","meta":{"footnotes":""},"class_list":["post-33571","page","type-page","status-publish","has-post-thumbnail"],"yoast_head":"<!-- This site is optimized with the Yoast SEO Premium plugin v20.5 (Yoast SEO v27.3) - https:\/\/yoast.com\/product\/yoast-seo-premium-wordpress\/ -->\n<title>Aldiana Alcaidesa - Sotogrande Guide \ud83d\udc68\u200d\ud83d\udc69\u200d\ud83d\udc67 Family Friendly Hotel<\/title>\n<meta name=\"description\" content=\"Looking for a family-friendly hotel near Sotogrande? The Aldiana Hotel Resort in Alcaidesa is the popular choice for families with children.\" \/>\n<meta name=\"robots\" content=\"index, follow, max-snippet:-1, max-image-preview:large, max-video-preview:-1\" \/>\n<link rel=\"canonical\" href=\"https:\/\/www.sotograndeguide.com\/es\/hoteles-de-sotogrande\/aldiana-alcaidesa\/\" \/>\n<meta property=\"og:locale\" content=\"es_ES\" \/>\n<meta property=\"og:type\" content=\"article\" \/>\n<meta property=\"og:title\" content=\"Aldiana Alcaidesa\" \/>\n<meta property=\"og:description\" content=\"Looking for a family-friendly hotel near Sotogrande? The Aldiana Hotel Resort in Alcaidesa is the popular choice for families with children.\" \/>\n<meta property=\"og:url\" content=\"https:\/\/www.sotograndeguide.com\/es\/hoteles-de-sotogrande\/aldiana-alcaidesa\/\" \/>\n<meta property=\"og:site_name\" content=\"Sotogrande Guide\" \/>\n<meta property=\"article:publisher\" content=\"https:\/\/www.facebook.com\/sotograndeguide\" \/>\n<meta property=\"article:modified_time\" content=\"2019-07-07T20:10:26+00:00\" \/>\n<meta property=\"og:image\" content=\"https:\/\/www.sotograndeguide.com\/wp-content\/uploads\/2017\/11\/Aldiana-Alcaidesa.jpg\" \/>\n\t<meta property=\"og:image:width\" content=\"800\" \/>\n\t<meta property=\"og:image:height\" content=\"490\" \/>\n\t<meta property=\"og:image:type\" content=\"image\/jpeg\" \/>\n<meta name=\"twitter:card\" content=\"summary_large_image\" \/>\n<meta name=\"twitter:site\" content=\"@sotograndeguide\" \/>\n<meta name=\"twitter:label1\" content=\"Tiempo de lectura\" \/>\n\t<meta name=\"twitter:data1\" content=\"1 minuto\" \/>\n<!-- \/ Yoast SEO Premium plugin. -->","yoast_head_json":{"title":"Aldiana Alcaidesa - Gu\u00eda de Sotogrande \ud83d\udc68\u200d\ud83d\udc69\u200d\ud83d\udc67 Hotel Familiar","description":"\u00bfBusca un hotel familiar cerca de Sotogrande? El Aldiana Hotel Resort en Alcaidesa es la elecci\u00f3n popular para familias con ni\u00f1os.","robots":{"index":"index","follow":"follow","max-snippet":"max-snippet:-1","max-image-preview":"max-image-preview:large","max-video-preview":"max-video-preview:-1"},"canonical":"https:\/\/www.sotograndeguide.com\/es\/hoteles-de-sotogrande\/aldiana-alcaidesa\/","og_locale":"es_ES","og_type":"article","og_title":"Aldiana Alcaidesa","og_description":"Looking for a family-friendly hotel near Sotogrande? The Aldiana Hotel Resort in Alcaidesa is the popular choice for families with children.","og_url":"https:\/\/www.sotograndeguide.com\/es\/hoteles-de-sotogrande\/aldiana-alcaidesa\/","og_site_name":"Sotogrande Guide","article_publisher":"https:\/\/www.facebook.com\/sotograndeguide","article_modified_time":"2019-07-07T20:10:26+00:00","og_image":[{"width":800,"height":490,"url":"https:\/\/www.sotograndeguide.com\/wp-content\/uploads\/2017\/11\/Aldiana-Alcaidesa.jpg","type":"image\/jpeg"}],"twitter_card":"summary_large_image","twitter_site":"@sotograndeguide","twitter_misc":{"Tiempo de lectura":"1 minuto"},"schema":{"@context":"https:\/\/schema.org","@graph":[{"@type":"WebPage","@id":"https:\/\/www.sotograndeguide.com\/sotogrande-hotels\/aldiana-alcaidesa\/","url":"https:\/\/www.sotograndeguide.com\/sotogrande-hotels\/aldiana-alcaidesa\/","name":"Aldiana Alcaidesa - Gu\u00eda de Sotogrande \ud83d\udc68\u200d\ud83d\udc69\u200d\ud83d\udc67 Hotel Familiar","isPartOf":{"@id":"https:\/\/www.sotograndeguide.com\/#website"},"primaryImageOfPage":{"@id":"https:\/\/www.sotograndeguide.com\/sotogrande-hotels\/aldiana-alcaidesa\/#primaryimage"},"image":{"@id":"https:\/\/www.sotograndeguide.com\/sotogrande-hotels\/aldiana-alcaidesa\/#primaryimage"},"thumbnailUrl":"https:\/\/www.sotograndeguide.com\/wp-content\/uploads\/2017\/11\/Aldiana-Alcaidesa.jpg","datePublished":"2017-11-15T04:29:04+00:00","dateModified":"2019-07-07T20:10:26+00:00","description":"\u00bfBusca un hotel familiar cerca de Sotogrande? El Aldiana Hotel Resort en Alcaidesa es la elecci\u00f3n popular para familias con ni\u00f1os.","breadcrumb":{"@id":"https:\/\/www.sotograndeguide.com\/sotogrande-hotels\/aldiana-alcaidesa\/#breadcrumb"},"inLanguage":"es","potentialAction":[{"@type":"ReadAction","target":["https:\/\/www.sotograndeguide.com\/sotogrande-hotels\/aldiana-alcaidesa\/"]}]},{"@type":"ImageObject","inLanguage":"es","@id":"https:\/\/www.sotograndeguide.com\/sotogrande-hotels\/aldiana-alcaidesa\/#primaryimage","url":"https:\/\/www.sotograndeguide.com\/wp-content\/uploads\/2017\/11\/Aldiana-Alcaidesa.jpg","contentUrl":"https:\/\/www.sotograndeguide.com\/wp-content\/uploads\/2017\/11\/Aldiana-Alcaidesa.jpg","width":800,"height":490,"caption":"Aldiana Alcaidesa"},{"@type":"BreadcrumbList","@id":"https:\/\/www.sotograndeguide.com\/sotogrande-hotels\/aldiana-alcaidesa\/#breadcrumb","itemListElement":[{"@type":"ListItem","position":1,"name":"Home","item":"https:\/\/www.sotograndeguide.com\/"},{"@type":"ListItem","position":2,"name":"Sotogrande Hotels","item":"https:\/\/www.sotograndeguide.com\/sotogrande-hotels\/"},{"@type":"ListItem","position":3,"name":"Aldiana Alcaidesa"}]},{"@type":"WebSite","@id":"https:\/\/www.sotograndeguide.com\/#website","url":"https:\/\/www.sotograndeguide.com\/","name":"Gu\u00eda de Sotogrande","description":"Noticias, consejos, eventos y rese\u00f1as","publisher":{"@id":"https:\/\/www.sotograndeguide.com\/#organization"},"potentialAction":[{"@type":"SearchAction","target":{"@type":"EntryPoint","urlTemplate":"https:\/\/www.sotograndeguide.com\/?s={search_term_string}"},"query-input":{"@type":"PropertyValueSpecification","valueRequired":true,"valueName":"search_term_string"}}],"inLanguage":"es"},{"@type":"Organization","@id":"https:\/\/www.sotograndeguide.com\/#organization","name":"Gu\u00eda de Sotogrande","url":"https:\/\/www.sotograndeguide.com\/","logo":{"@type":"ImageObject","inLanguage":"es","@id":"https:\/\/www.sotograndeguide.com\/#\/schema\/logo\/image\/","url":"https:\/\/www.sotograndeguide.com\/wp-content\/uploads\/2017\/03\/Sotogrande-Logo-GUIDE.png","contentUrl":"https:\/\/www.sotograndeguide.com\/wp-content\/uploads\/2017\/03\/Sotogrande-Logo-GUIDE.png","width":300,"height":300,"caption":"Sotogrande Guide"},"image":{"@id":"https:\/\/www.sotograndeguide.com\/#\/schema\/logo\/image\/"},"sameAs":["https:\/\/www.facebook.com\/sotograndeguide","https:\/\/x.com\/sotograndeguide","https:\/\/www.tiktok.com\/@sotograndeguide","https:\/\/www.youtube.com\/@SotograndeGuide"]}]}},"jetpack_sharing_enabled":true,"_links":{"self":[{"href":"https:\/\/www.sotograndeguide.com\/es\/wp-json\/wp\/v2\/pages\/33571","targetHints":{"allow":["GET"]}}],"collection":[{"href":"https:\/\/www.sotograndeguide.com\/es\/wp-json\/wp\/v2\/pages"}],"about":[{"href":"https:\/\/www.sotograndeguide.com\/es\/wp-json\/wp\/v2\/types\/page"}],"author":[{"embeddable":true,"href":"https:\/\/www.sotograndeguide.com\/es\/wp-json\/wp\/v2\/users\/1"}],"replies":[{"embeddable":true,"href":"https:\/\/www.sotograndeguide.com\/es\/wp-json\/wp\/v2\/comments?post=33571"}],"version-history":[{"count":0,"href":"https:\/\/www.sotograndeguide.com\/es\/wp-json\/wp\/v2\/pages\/33571\/revisions"}],"up":[{"embeddable":true,"href":"https:\/\/www.sotograndeguide.com\/es\/wp-json\/wp\/v2\/pages\/94"}],"wp:featuredmedia":[{"embeddable":true,"href":"https:\/\/www.sotograndeguide.com\/es\/wp-json\/wp\/v2\/media\/33615"}],"wp:attachment":[{"href":"https:\/\/www.sotograndeguide.com\/es\/wp-json\/wp\/v2\/media?parent=33571"}],"curies":[{"name":"wp","href":"https:\/\/api.w.org\/{rel}","templated":true}]}}