{"id":33569,"date":"2017-11-15T04:20:09","date_gmt":"2017-11-15T04:20:09","guid":{"rendered":"https:\/\/www.sotograndeguide.com\/?page_id=33569"},"modified":"2019-07-07T20:06:00","modified_gmt":"2019-07-07T20:06:00","slug":"hotel-boutique-milla-de-plata","status":"publish","type":"page","link":"https:\/\/www.sotograndeguide.com\/es\/sotogrande-hotels\/hotel-boutique-milla-de-plata\/","title":{"rendered":"Hotel Boutique Milla de Plata"},"content":{"rendered":"<p><a href=\"http:\/\/www.booking.com\/hotel\/es\/milla-de-la-plata.html?aid=1233189&amp;no_rooms=1&amp;group_adults=1&amp;label=sotograndeguide\" target=\"_blank\" rel=\"noopener noreferrer\">Hotel Boutique Milla de Plata<\/a> se encuentra a las afueras del pueblo de Torreguadiaro.<\/p>\n<p>Este coqueto hotel boutique est\u00e1 situado en primera l\u00ednea de mar y a poca distancia de muchos bares, cafeter\u00edas y restaurantes de Torreguadiaro.<\/p>\n<p>Todas las habitaciones gozan de espectaculares vistas al mar, as\u00ed como a Gibraltar y \u00c1frica.<\/p>\n<p>El hotel tiene su propio restaurante de marisco con vistas panor\u00e1micas al mar, adem\u00e1s de un bar de c\u00f3cteles, una piscina de inmersi\u00f3n y un sal\u00f3n informal para hu\u00e9spedes.<\/p>\n<h3>Galer\u00eda de fotos del Hotel Boutique Milla de Plata<\/h3>\n<div id='gallery-1' class='gallery galleryid-33569 gallery-columns-3 gallery-size-medium'><figure class='gallery-item'>\n\t\t\t<div class='gallery-icon landscape'>\n\t\t\t\t<a href='https:\/\/www.sotograndeguide.com\/wp-content\/uploads\/2018\/11\/Hotel-Boutique-Milla-de-Plata-1.jpg'><img decoding=\"async\" width=\"300\" height=\"200\" src=\"https:\/\/www.sotograndeguide.com\/wp-content\/uploads\/2018\/11\/Hotel-Boutique-Milla-de-Plata-1-300x200.jpg\" class=\"attachment-medium size-medium\" alt=\"Hotel Boutique Milla de Plata\" srcset=\"https:\/\/www.sotograndeguide.com\/wp-content\/uploads\/2018\/11\/Hotel-Boutique-Milla-de-Plata-1-300x200.jpg 300w, https:\/\/www.sotograndeguide.com\/wp-content\/uploads\/2018\/11\/Hotel-Boutique-Milla-de-Plata-1-768x512.jpg 768w, https:\/\/www.sotograndeguide.com\/wp-content\/uploads\/2018\/11\/Hotel-Boutique-Milla-de-Plata-1-1024x683.jpg 1024w, https:\/\/www.sotograndeguide.com\/wp-content\/uploads\/2018\/11\/Hotel-Boutique-Milla-de-Plata-1.jpg 1200w\" sizes=\"(max-width: 300px) 100vw, 300px\" \/><\/a>\n\t\t\t<\/div><\/figure><figure class='gallery-item'>\n\t\t\t<div class='gallery-icon landscape'>\n\t\t\t\t<a href='https:\/\/www.sotograndeguide.com\/wp-content\/uploads\/2018\/11\/Hotel-Boutique-Milla-de-Plata-5.jpg'><img decoding=\"async\" width=\"300\" height=\"200\" src=\"https:\/\/www.sotograndeguide.com\/wp-content\/uploads\/2018\/11\/Hotel-Boutique-Milla-de-Plata-5-300x200.jpg\" class=\"attachment-medium size-medium\" alt=\"Hotel Boutique Milla de Plata\" srcset=\"https:\/\/www.sotograndeguide.com\/wp-content\/uploads\/2018\/11\/Hotel-Boutique-Milla-de-Plata-5-300x200.jpg 300w, https:\/\/www.sotograndeguide.com\/wp-content\/uploads\/2018\/11\/Hotel-Boutique-Milla-de-Plata-5-768x512.jpg 768w, https:\/\/www.sotograndeguide.com\/wp-content\/uploads\/2018\/11\/Hotel-Boutique-Milla-de-Plata-5-1024x683.jpg 1024w, https:\/\/www.sotograndeguide.com\/wp-content\/uploads\/2018\/11\/Hotel-Boutique-Milla-de-Plata-5.jpg 1200w\" sizes=\"(max-width: 300px) 100vw, 300px\" \/><\/a>\n\t\t\t<\/div><\/figure><figure class='gallery-item'>\n\t\t\t<div class='gallery-icon landscape'>\n\t\t\t\t<a href='https:\/\/www.sotograndeguide.com\/wp-content\/uploads\/2018\/11\/Hotel-Boutique-Milla-de-Plata-3.jpg'><img decoding=\"async\" width=\"300\" height=\"200\" src=\"https:\/\/www.sotograndeguide.com\/wp-content\/uploads\/2018\/11\/Hotel-Boutique-Milla-de-Plata-3-300x200.jpg\" class=\"attachment-medium size-medium\" alt=\"Hotel Boutique Milla de Plata\" srcset=\"https:\/\/www.sotograndeguide.com\/wp-content\/uploads\/2018\/11\/Hotel-Boutique-Milla-de-Plata-3-300x200.jpg 300w, https:\/\/www.sotograndeguide.com\/wp-content\/uploads\/2018\/11\/Hotel-Boutique-Milla-de-Plata-3-768x512.jpg 768w, https:\/\/www.sotograndeguide.com\/wp-content\/uploads\/2018\/11\/Hotel-Boutique-Milla-de-Plata-3-1024x683.jpg 1024w, https:\/\/www.sotograndeguide.com\/wp-content\/uploads\/2018\/11\/Hotel-Boutique-Milla-de-Plata-3.jpg 1200w\" sizes=\"(max-width: 300px) 100vw, 300px\" \/><\/a>\n\t\t\t<\/div><\/figure><figure class='gallery-item'>\n\t\t\t<div class='gallery-icon landscape'>\n\t\t\t\t<a href='https:\/\/www.sotograndeguide.com\/wp-content\/uploads\/2018\/11\/Hotel-Boutique-Milla-de-Plata-2.jpg'><img decoding=\"async\" width=\"300\" height=\"200\" src=\"https:\/\/www.sotograndeguide.com\/wp-content\/uploads\/2018\/11\/Hotel-Boutique-Milla-de-Plata-2-300x200.jpg\" class=\"attachment-medium size-medium\" alt=\"Hotel Boutique Milla de Plata\" srcset=\"https:\/\/www.sotograndeguide.com\/wp-content\/uploads\/2018\/11\/Hotel-Boutique-Milla-de-Plata-2-300x200.jpg 300w, https:\/\/www.sotograndeguide.com\/wp-content\/uploads\/2018\/11\/Hotel-Boutique-Milla-de-Plata-2-768x512.jpg 768w, https:\/\/www.sotograndeguide.com\/wp-content\/uploads\/2018\/11\/Hotel-Boutique-Milla-de-Plata-2-1024x683.jpg 1024w, https:\/\/www.sotograndeguide.com\/wp-content\/uploads\/2018\/11\/Hotel-Boutique-Milla-de-Plata-2.jpg 1200w\" sizes=\"(max-width: 300px) 100vw, 300px\" \/><\/a>\n\t\t\t<\/div><\/figure><figure class='gallery-item'>\n\t\t\t<div class='gallery-icon landscape'>\n\t\t\t\t<a href='https:\/\/www.sotograndeguide.com\/wp-content\/uploads\/2018\/11\/Hotel-Boutique-Milla-de-Plata-6.jpg'><img decoding=\"async\" width=\"300\" height=\"200\" src=\"https:\/\/www.sotograndeguide.com\/wp-content\/uploads\/2018\/11\/Hotel-Boutique-Milla-de-Plata-6-300x200.jpg\" class=\"attachment-medium size-medium\" alt=\"Hotel Boutique Milla de Plata\" srcset=\"https:\/\/www.sotograndeguide.com\/wp-content\/uploads\/2018\/11\/Hotel-Boutique-Milla-de-Plata-6-300x200.jpg 300w, https:\/\/www.sotograndeguide.com\/wp-content\/uploads\/2018\/11\/Hotel-Boutique-Milla-de-Plata-6-768x512.jpg 768w, https:\/\/www.sotograndeguide.com\/wp-content\/uploads\/2018\/11\/Hotel-Boutique-Milla-de-Plata-6-1024x683.jpg 1024w, https:\/\/www.sotograndeguide.com\/wp-content\/uploads\/2018\/11\/Hotel-Boutique-Milla-de-Plata-6.jpg 1200w\" sizes=\"(max-width: 300px) 100vw, 300px\" \/><\/a>\n\t\t\t<\/div><\/figure><figure class='gallery-item'>\n\t\t\t<div class='gallery-icon landscape'>\n\t\t\t\t<a href='https:\/\/www.sotograndeguide.com\/wp-content\/uploads\/2018\/11\/Hotel-Boutique-Milla-de-Plata-4.jpg'><img decoding=\"async\" width=\"300\" height=\"200\" src=\"https:\/\/www.sotograndeguide.com\/wp-content\/uploads\/2018\/11\/Hotel-Boutique-Milla-de-Plata-4-300x200.jpg\" class=\"attachment-medium size-medium\" alt=\"Hotel Boutique Milla de Plata\" srcset=\"https:\/\/www.sotograndeguide.com\/wp-content\/uploads\/2018\/11\/Hotel-Boutique-Milla-de-Plata-4-300x200.jpg 300w, https:\/\/www.sotograndeguide.com\/wp-content\/uploads\/2018\/11\/Hotel-Boutique-Milla-de-Plata-4-768x512.jpg 768w, https:\/\/www.sotograndeguide.com\/wp-content\/uploads\/2018\/11\/Hotel-Boutique-Milla-de-Plata-4-1024x683.jpg 1024w, https:\/\/www.sotograndeguide.com\/wp-content\/uploads\/2018\/11\/Hotel-Boutique-Milla-de-Plata-4.jpg 1200w\" sizes=\"(max-width: 300px) 100vw, 300px\" \/><\/a>\n\t\t\t<\/div><\/figure>\n\t\t<\/div>\n\n<p><a href=\"http:\/\/www.booking.com\/hotel\/es\/milla-de-la-plata.html?aid=1233189&amp;no_rooms=1&amp;group_adults=1&amp;label=sotograndeguide\" target=\"_blank\" rel=\"noopener noreferrer\">Consulte las mejores tarifas del Hotel Boutique Milla de Plata en Torreguadiaro<\/a>.<br \/>\n<a href=\"https:\/\/www.sotograndeguide.com\/es\/hoteles-de-sotogrande\/\">Consulta otros hoteles en Sotogrande y alrededores<\/a>:<br \/>\n<a href=\"https:\/\/www.sotograndeguide.com\/es\/conserje-de-sotogrande\/\" target=\"_blank\" rel=\"noopener noreferrer\">\u00bfTiene preguntas sobre este Hotel? Hable con el Conserje de Sotogrande<\/a>.<\/p>\n<p><strong>Hotel Boutique Milla de Plata<\/strong><br \/>\nDirecci\u00f3n: Av. Mar del Sur, 11312 Torreguadiaro, C\u00e1diz<br \/>\nTel\u00e9fono: <a href=\"tel:+34956616561\">956616561<\/a><\/p>","protected":false},"excerpt":{"rendered":"<p>El Hotel Boutique Milla de Plata est\u00e1 situado a las afueras del pueblo de Torreguadiaro. Este bonito hotel boutique est\u00e1 situado en primera l\u00ednea de mar y a poca distancia de muchos bares, cafeter\u00edas y restaurantes de Torreguadiaro. Todas las habitaciones gozan de espectaculares vistas al mar, as\u00ed como vistas hacia Gibraltar y \u00c1frica. El hotel tiene su propia marisquer\u00eda ... <a title=\"Hotel Boutique Milla de Plata\" class=\"read-more\" href=\"https:\/\/www.sotograndeguide.com\/es\/sotogrande-hotels\/hotel-boutique-milla-de-plata\/\" aria-label=\"Leer m\u00e1s sobre Hotel Boutique Milla de Plata\">Leer m\u00e1s<\/a><\/p>","protected":false},"author":1,"featured_media":34180,"parent":94,"menu_order":0,"comment_status":"closed","ping_status":"closed","template":"","meta":{"footnotes":""},"class_list":["post-33569","page","type-page","status-publish","has-post-thumbnail"],"yoast_head":"<!-- This site is optimized with the Yoast SEO Premium plugin v20.5 (Yoast SEO v27.5) - https:\/\/yoast.com\/product\/yoast-seo-premium-wordpress\/ -->\n<title>Hotel Boutique Milla de Plata - Sotogrande Guide \ud83c\udf0a Frontline Sea Hotel<\/title>\n<meta name=\"description\" content=\"The Hotel Boutique Milla de Plata is a frontline sea hotel near Sotogrande, in the small town of Torreguadiaro. Walking distance to Sotogrande Port.\" \/>\n<meta name=\"robots\" content=\"index, follow, max-snippet:-1, max-image-preview:large, max-video-preview:-1\" \/>\n<link rel=\"canonical\" href=\"https:\/\/www.sotograndeguide.com\/es\/hoteles-de-sotogrande\/hotel-boutique-milla-de-plata\/\" \/>\n<meta property=\"og:locale\" content=\"es_ES\" \/>\n<meta property=\"og:type\" content=\"article\" \/>\n<meta property=\"og:title\" content=\"Hotel Boutique Milla de Plata\" \/>\n<meta property=\"og:description\" content=\"The Hotel Boutique Milla de Plata is a frontline sea hotel near Sotogrande, in the small town of Torreguadiaro. Walking distance to Sotogrande Port.\" \/>\n<meta property=\"og:url\" content=\"https:\/\/www.sotograndeguide.com\/es\/hoteles-de-sotogrande\/hotel-boutique-milla-de-plata\/\" \/>\n<meta property=\"og:site_name\" content=\"Sotogrande Guide\" \/>\n<meta property=\"article:publisher\" content=\"https:\/\/www.facebook.com\/sotograndeguide\" \/>\n<meta property=\"article:modified_time\" content=\"2019-07-07T20:06:00+00:00\" \/>\n<meta property=\"og:image\" content=\"https:\/\/www.sotograndeguide.com\/wp-content\/uploads\/2018\/05\/Hotel-Boutique-Milla-de-Plata.jpg\" \/>\n\t<meta property=\"og:image:width\" content=\"1600\" \/>\n\t<meta property=\"og:image:height\" content=\"960\" \/>\n\t<meta property=\"og:image:type\" content=\"image\/jpeg\" \/>\n<meta name=\"twitter:card\" content=\"summary_large_image\" \/>\n<meta name=\"twitter:site\" content=\"@sotograndeguide\" \/>\n<meta name=\"twitter:label1\" content=\"Tiempo de lectura\" \/>\n\t<meta name=\"twitter:data1\" content=\"1 minuto\" \/>\n<!-- \/ Yoast SEO Premium plugin. -->","yoast_head_json":{"title":"Hotel Boutique Milla de Plata - Gu\u00eda de Sotogrande \ud83c\udf0a Frontline Sea Hotel","description":"El Hotel Boutique Milla de Plata es un hotel en primera l\u00ednea de mar cerca de Sotogrande, en la peque\u00f1a localidad de Torreguadiaro. A poca distancia del Puerto de Sotogrande.","robots":{"index":"index","follow":"follow","max-snippet":"max-snippet:-1","max-image-preview":"max-image-preview:large","max-video-preview":"max-video-preview:-1"},"canonical":"https:\/\/www.sotograndeguide.com\/es\/hoteles-de-sotogrande\/hotel-boutique-milla-de-plata\/","og_locale":"es_ES","og_type":"article","og_title":"Hotel Boutique Milla de Plata","og_description":"The Hotel Boutique Milla de Plata is a frontline sea hotel near Sotogrande, in the small town of Torreguadiaro. Walking distance to Sotogrande Port.","og_url":"https:\/\/www.sotograndeguide.com\/es\/hoteles-de-sotogrande\/hotel-boutique-milla-de-plata\/","og_site_name":"Sotogrande Guide","article_publisher":"https:\/\/www.facebook.com\/sotograndeguide","article_modified_time":"2019-07-07T20:06:00+00:00","og_image":[{"width":1600,"height":960,"url":"https:\/\/www.sotograndeguide.com\/wp-content\/uploads\/2018\/05\/Hotel-Boutique-Milla-de-Plata.jpg","type":"image\/jpeg"}],"twitter_card":"summary_large_image","twitter_site":"@sotograndeguide","twitter_misc":{"Tiempo de lectura":"1 minuto"},"schema":{"@context":"https:\/\/schema.org","@graph":[{"@type":"WebPage","@id":"https:\/\/www.sotograndeguide.com\/sotogrande-hotels\/hotel-boutique-milla-de-plata\/","url":"https:\/\/www.sotograndeguide.com\/sotogrande-hotels\/hotel-boutique-milla-de-plata\/","name":"Hotel Boutique Milla de Plata - Gu\u00eda de Sotogrande \ud83c\udf0a Frontline Sea Hotel","isPartOf":{"@id":"https:\/\/www.sotograndeguide.com\/#website"},"primaryImageOfPage":{"@id":"https:\/\/www.sotograndeguide.com\/sotogrande-hotels\/hotel-boutique-milla-de-plata\/#primaryimage"},"image":{"@id":"https:\/\/www.sotograndeguide.com\/sotogrande-hotels\/hotel-boutique-milla-de-plata\/#primaryimage"},"thumbnailUrl":"https:\/\/www.sotograndeguide.com\/wp-content\/uploads\/2018\/05\/Hotel-Boutique-Milla-de-Plata.jpg","datePublished":"2017-11-15T04:20:09+00:00","dateModified":"2019-07-07T20:06:00+00:00","description":"El Hotel Boutique Milla de Plata es un hotel en primera l\u00ednea de mar cerca de Sotogrande, en la peque\u00f1a localidad de Torreguadiaro. A poca distancia del Puerto de Sotogrande.","breadcrumb":{"@id":"https:\/\/www.sotograndeguide.com\/sotogrande-hotels\/hotel-boutique-milla-de-plata\/#breadcrumb"},"inLanguage":"es","potentialAction":[{"@type":"ReadAction","target":["https:\/\/www.sotograndeguide.com\/sotogrande-hotels\/hotel-boutique-milla-de-plata\/"]}]},{"@type":"ImageObject","inLanguage":"es","@id":"https:\/\/www.sotograndeguide.com\/sotogrande-hotels\/hotel-boutique-milla-de-plata\/#primaryimage","url":"https:\/\/www.sotograndeguide.com\/wp-content\/uploads\/2018\/05\/Hotel-Boutique-Milla-de-Plata.jpg","contentUrl":"https:\/\/www.sotograndeguide.com\/wp-content\/uploads\/2018\/05\/Hotel-Boutique-Milla-de-Plata.jpg","width":1600,"height":960,"caption":"Hotel Boutique Milla de Plata"},{"@type":"BreadcrumbList","@id":"https:\/\/www.sotograndeguide.com\/sotogrande-hotels\/hotel-boutique-milla-de-plata\/#breadcrumb","itemListElement":[{"@type":"ListItem","position":1,"name":"Home","item":"https:\/\/www.sotograndeguide.com\/"},{"@type":"ListItem","position":2,"name":"Sotogrande Hotels","item":"https:\/\/www.sotograndeguide.com\/sotogrande-hotels\/"},{"@type":"ListItem","position":3,"name":"Hotel Boutique Milla de Plata"}]},{"@type":"WebSite","@id":"https:\/\/www.sotograndeguide.com\/#website","url":"https:\/\/www.sotograndeguide.com\/","name":"Gu\u00eda de Sotogrande","description":"Noticias, consejos, eventos y rese\u00f1as","publisher":{"@id":"https:\/\/www.sotograndeguide.com\/#organization"},"potentialAction":[{"@type":"SearchAction","target":{"@type":"EntryPoint","urlTemplate":"https:\/\/www.sotograndeguide.com\/?s={search_term_string}"},"query-input":{"@type":"PropertyValueSpecification","valueRequired":true,"valueName":"search_term_string"}}],"inLanguage":"es"},{"@type":"Organization","@id":"https:\/\/www.sotograndeguide.com\/#organization","name":"Gu\u00eda de Sotogrande","url":"https:\/\/www.sotograndeguide.com\/","logo":{"@type":"ImageObject","inLanguage":"es","@id":"https:\/\/www.sotograndeguide.com\/#\/schema\/logo\/image\/","url":"https:\/\/www.sotograndeguide.com\/wp-content\/uploads\/2017\/03\/Sotogrande-Logo-GUIDE.png","contentUrl":"https:\/\/www.sotograndeguide.com\/wp-content\/uploads\/2017\/03\/Sotogrande-Logo-GUIDE.png","width":300,"height":300,"caption":"Sotogrande Guide"},"image":{"@id":"https:\/\/www.sotograndeguide.com\/#\/schema\/logo\/image\/"},"sameAs":["https:\/\/www.facebook.com\/sotograndeguide","https:\/\/x.com\/sotograndeguide","https:\/\/www.tiktok.com\/@sotograndeguide","https:\/\/www.youtube.com\/@SotograndeGuide"]}]}},"jetpack_sharing_enabled":true,"_links":{"self":[{"href":"https:\/\/www.sotograndeguide.com\/es\/wp-json\/wp\/v2\/pages\/33569","targetHints":{"allow":["GET"]}}],"collection":[{"href":"https:\/\/www.sotograndeguide.com\/es\/wp-json\/wp\/v2\/pages"}],"about":[{"href":"https:\/\/www.sotograndeguide.com\/es\/wp-json\/wp\/v2\/types\/page"}],"author":[{"embeddable":true,"href":"https:\/\/www.sotograndeguide.com\/es\/wp-json\/wp\/v2\/users\/1"}],"replies":[{"embeddable":true,"href":"https:\/\/www.sotograndeguide.com\/es\/wp-json\/wp\/v2\/comments?post=33569"}],"version-history":[{"count":0,"href":"https:\/\/www.sotograndeguide.com\/es\/wp-json\/wp\/v2\/pages\/33569\/revisions"}],"up":[{"embeddable":true,"href":"https:\/\/www.sotograndeguide.com\/es\/wp-json\/wp\/v2\/pages\/94"}],"wp:featuredmedia":[{"embeddable":true,"href":"https:\/\/www.sotograndeguide.com\/es\/wp-json\/wp\/v2\/media\/34180"}],"wp:attachment":[{"href":"https:\/\/www.sotograndeguide.com\/es\/wp-json\/wp\/v2\/media?parent=33569"}],"curies":[{"name":"wp","href":"https:\/\/api.w.org\/{rel}","templated":true}]}}