{"id":33565,"date":"2017-11-15T04:03:09","date_gmt":"2017-11-15T04:03:09","guid":{"rendered":"https:\/\/www.sotograndeguide.com\/?page_id=33565"},"modified":"2019-07-07T20:08:22","modified_gmt":"2019-07-07T20:08:22","slug":"suites-san-roque","status":"publish","type":"page","link":"https:\/\/www.sotograndeguide.com\/es\/sotogrande-hotels\/san-roque-suites\/","title":{"rendered":"San Roque Suites"},"content":{"rendered":"<p>En <a href=\"https:\/\/www.booking.com\/hotel\/es\/san-roque-suites-san-roque.html?aid=1233189&amp;no_rooms=1&amp;group_adults=1&amp;label=sotograndeguide\" target=\"_blank\" rel=\"noopener noreferrer\">San Roque Suites Hotel<\/a> est\u00e1 situado a s\u00f3lo cinco minutos de Sotogrande, junto al San Roque Golf Club.<\/p>\n<p>Los edificios de poca altura se asientan sobre jardines paisaj\u00edsticos y las habitaciones se distribuyen en bungalows, que se ofrecen como suites con cocina americana y sala de estar.<\/p>\n<p>El San Roque Suites Hotel cuenta con spa, gimnasio, 2 restaurantes y su propio campo de golf, el San Roque Club Golf.<\/p>\n<p>Tambi\u00e9n hay un centro ecuestre, un club infantil y una piscina al aire libre con bar.<\/p>\n<h3>Galer\u00eda de fotos del Hotel San Roque Suites<\/h3>\n<div id='gallery-1' class='gallery galleryid-33565 gallery-columns-5 gallery-size-large'><figure class='gallery-item'>\n\t\t\t<div class='gallery-icon landscape'>\n\t\t\t\t<a href='https:\/\/www.sotograndeguide.com\/wp-content\/uploads\/2019\/01\/Hotel-San-Roque-Suites-Rooms.jpg'><img decoding=\"async\" width=\"1024\" height=\"768\" src=\"https:\/\/www.sotograndeguide.com\/wp-content\/uploads\/2019\/01\/Hotel-San-Roque-Suites-Rooms-1024x768.jpg\" class=\"attachment-large size-large\" alt=\"Hotel San Roque Suites Habitaciones\" srcset=\"https:\/\/www.sotograndeguide.com\/wp-content\/uploads\/2019\/01\/Hotel-San-Roque-Suites-Rooms.jpg 1024w, https:\/\/www.sotograndeguide.com\/wp-content\/uploads\/2019\/01\/Hotel-San-Roque-Suites-Rooms-300x225.jpg 300w, https:\/\/www.sotograndeguide.com\/wp-content\/uploads\/2019\/01\/Hotel-San-Roque-Suites-Rooms-768x576.jpg 768w\" sizes=\"(max-width: 1024px) 100vw, 1024px\" \/><\/a>\n\t\t\t<\/div><\/figure><figure class='gallery-item'>\n\t\t\t<div class='gallery-icon landscape'>\n\t\t\t\t<a href='https:\/\/www.sotograndeguide.com\/wp-content\/uploads\/2019\/01\/Hotel-San-Roque-Suites.jpg'><img decoding=\"async\" width=\"1024\" height=\"768\" src=\"https:\/\/www.sotograndeguide.com\/wp-content\/uploads\/2019\/01\/Hotel-San-Roque-Suites-1024x768.jpg\" class=\"attachment-large size-large\" alt=\"Hotel San Roque Suites\" srcset=\"https:\/\/www.sotograndeguide.com\/wp-content\/uploads\/2019\/01\/Hotel-San-Roque-Suites.jpg 1024w, https:\/\/www.sotograndeguide.com\/wp-content\/uploads\/2019\/01\/Hotel-San-Roque-Suites-300x225.jpg 300w, https:\/\/www.sotograndeguide.com\/wp-content\/uploads\/2019\/01\/Hotel-San-Roque-Suites-768x576.jpg 768w\" sizes=\"(max-width: 1024px) 100vw, 1024px\" \/><\/a>\n\t\t\t<\/div><\/figure><figure class='gallery-item'>\n\t\t\t<div class='gallery-icon landscape'>\n\t\t\t\t<a href='https:\/\/www.sotograndeguide.com\/wp-content\/uploads\/2019\/01\/Hotel-San-Roque-Suites-Double-Room.jpg'><img decoding=\"async\" width=\"1024\" height=\"768\" src=\"https:\/\/www.sotograndeguide.com\/wp-content\/uploads\/2019\/01\/Hotel-San-Roque-Suites-Double-Room-1024x768.jpg\" class=\"attachment-large size-large\" alt=\"Hotel San Roque Suites Habitaci\u00f3n Doble\" srcset=\"https:\/\/www.sotograndeguide.com\/wp-content\/uploads\/2019\/01\/Hotel-San-Roque-Suites-Double-Room.jpg 1024w, https:\/\/www.sotograndeguide.com\/wp-content\/uploads\/2019\/01\/Hotel-San-Roque-Suites-Double-Room-300x225.jpg 300w, https:\/\/www.sotograndeguide.com\/wp-content\/uploads\/2019\/01\/Hotel-San-Roque-Suites-Double-Room-768x576.jpg 768w\" sizes=\"(max-width: 1024px) 100vw, 1024px\" \/><\/a>\n\t\t\t<\/div><\/figure><figure class='gallery-item'>\n\t\t\t<div class='gallery-icon landscape'>\n\t\t\t\t<a href='https:\/\/www.sotograndeguide.com\/wp-content\/uploads\/2019\/01\/Hotel-San-Roque-Suites-Swimming-Pool.jpg'><img decoding=\"async\" width=\"1024\" height=\"768\" src=\"https:\/\/www.sotograndeguide.com\/wp-content\/uploads\/2019\/01\/Hotel-San-Roque-Suites-Swimming-Pool-1024x768.jpg\" class=\"attachment-large size-large\" alt=\"Piscina del Hotel San Roque Suites\" srcset=\"https:\/\/www.sotograndeguide.com\/wp-content\/uploads\/2019\/01\/Hotel-San-Roque-Suites-Swimming-Pool.jpg 1024w, https:\/\/www.sotograndeguide.com\/wp-content\/uploads\/2019\/01\/Hotel-San-Roque-Suites-Swimming-Pool-300x225.jpg 300w, https:\/\/www.sotograndeguide.com\/wp-content\/uploads\/2019\/01\/Hotel-San-Roque-Suites-Swimming-Pool-768x576.jpg 768w\" sizes=\"(max-width: 1024px) 100vw, 1024px\" \/><\/a>\n\t\t\t<\/div><\/figure><figure class='gallery-item'>\n\t\t\t<div class='gallery-icon landscape'>\n\t\t\t\t<a href='https:\/\/www.sotograndeguide.com\/wp-content\/uploads\/2019\/01\/Hotel-San-Roque-Suites-Exterior.jpg'><img decoding=\"async\" width=\"1024\" height=\"768\" src=\"https:\/\/www.sotograndeguide.com\/wp-content\/uploads\/2019\/01\/Hotel-San-Roque-Suites-Exterior-1024x768.jpg\" class=\"attachment-large size-large\" alt=\"Hotel San Roque Suites Exterior\" srcset=\"https:\/\/www.sotograndeguide.com\/wp-content\/uploads\/2019\/01\/Hotel-San-Roque-Suites-Exterior.jpg 1024w, https:\/\/www.sotograndeguide.com\/wp-content\/uploads\/2019\/01\/Hotel-San-Roque-Suites-Exterior-300x225.jpg 300w, https:\/\/www.sotograndeguide.com\/wp-content\/uploads\/2019\/01\/Hotel-San-Roque-Suites-Exterior-768x576.jpg 768w\" sizes=\"(max-width: 1024px) 100vw, 1024px\" \/><\/a>\n\t\t\t<\/div><\/figure>\n\t\t<\/div>\n\n<p><a href=\"https:\/\/www.booking.com\/hotel\/es\/san-roque-suites-san-roque.html?aid=1233189&amp;no_rooms=1&amp;group_adults=1&amp;label=sotograndeguide\" target=\"_blank\" rel=\"noopener noreferrer\">Consulte las mejores tarifas del Hotel Almenara en Sotogrande<\/a>.<br \/>\n<a href=\"https:\/\/www.sotograndeguide.com\/es\/hoteles-de-sotogrande\/\">Consulta otros hoteles en Sotogrande y alrededores<\/a>.<br \/>\n<a href=\"https:\/\/www.sotograndeguide.com\/es\/conserje-de-sotogrande\/\" target=\"_blank\" rel=\"noopener noreferrer\">\u00bfTiene preguntas sobre este Hotel? Hable con el Conserje de Sotogrande<\/a>.<\/p>\n<p><strong>San Roque Suites<\/strong><br \/>\nDirecci\u00f3n: Carretera N-340, Km 127, 11360 San Roque, C\u00e1diz<br \/>\nTel\u00e9fono: <a href=\"tel:+34956613323\">956613323<\/a><\/p>","protected":false},"excerpt":{"rendered":"<p>El San Roque Suites Hotel est\u00e1 situado a s\u00f3lo cinco minutos de Sotogrande, junto al San Roque Golf Club. Los edificios de poca altura se asientan sobre jardines paisajistas y las habitaciones se distribuyen en bungalows, que se ofrecen como suites con cocina americana y sala de estar. Las instalaciones del San Roque Suites Hotel incluyen un spa, un gimnasio y 2 ... <a title=\"San Roque Suites\" class=\"read-more\" href=\"https:\/\/www.sotograndeguide.com\/es\/sotogrande-hotels\/san-roque-suites\/\" aria-label=\"Leer m\u00e1s sobre San Roque Suites\">Leer m\u00e1s<\/a><\/p>","protected":false},"author":1,"featured_media":33597,"parent":94,"menu_order":0,"comment_status":"closed","ping_status":"closed","template":"","meta":{"footnotes":""},"class_list":["post-33565","page","type-page","status-publish","has-post-thumbnail"],"yoast_head":"<!-- This site is optimized with the Yoast SEO Premium plugin v20.5 (Yoast SEO v27.4) - https:\/\/yoast.com\/product\/yoast-seo-premium-wordpress\/ -->\n<title>San Roque Suites - Sotogrande Guide \u26f3 Recommended Golf Hotel<\/title>\n<meta name=\"description\" content=\"San Roque Suites Hotel Resort is located in San Roque Club, just five minutes drive from Sotogrande and a popular choice for Golf lovers and families.\" \/>\n<meta name=\"robots\" content=\"index, follow, max-snippet:-1, max-image-preview:large, max-video-preview:-1\" \/>\n<link rel=\"canonical\" href=\"https:\/\/www.sotograndeguide.com\/es\/hoteles-de-sotogrande\/suites-san-roque\/\" \/>\n<meta property=\"og:locale\" content=\"es_ES\" \/>\n<meta property=\"og:type\" content=\"article\" \/>\n<meta property=\"og:title\" content=\"San Roque Suites\" \/>\n<meta property=\"og:description\" content=\"San Roque Suites Hotel Resort is located in San Roque Club, just five minutes drive from Sotogrande and a popular choice for Golf lovers and families.\" \/>\n<meta property=\"og:url\" content=\"https:\/\/www.sotograndeguide.com\/es\/hoteles-de-sotogrande\/suites-san-roque\/\" \/>\n<meta property=\"og:site_name\" content=\"Sotogrande Guide\" \/>\n<meta property=\"article:publisher\" content=\"https:\/\/www.facebook.com\/sotograndeguide\" \/>\n<meta property=\"article:modified_time\" content=\"2019-07-07T20:08:22+00:00\" \/>\n<meta property=\"og:image\" content=\"https:\/\/www.sotograndeguide.com\/wp-content\/uploads\/2017\/11\/San-Roque-Suites.jpg\" \/>\n\t<meta property=\"og:image:width\" content=\"1261\" \/>\n\t<meta property=\"og:image:height\" content=\"793\" \/>\n\t<meta property=\"og:image:type\" content=\"image\/jpeg\" \/>\n<meta name=\"twitter:card\" content=\"summary_large_image\" \/>\n<meta name=\"twitter:site\" content=\"@sotograndeguide\" \/>\n<meta name=\"twitter:label1\" content=\"Tiempo de lectura\" \/>\n\t<meta name=\"twitter:data1\" content=\"1 minuto\" \/>\n<!-- \/ Yoast SEO Premium plugin. -->","yoast_head_json":{"title":"San Roque Suites - Gu\u00eda de Sotogrande \u26f3 Hotel de Golf Recomendado","description":"San Roque Suites Hotel Resort est\u00e1 situado en San Roque Club, a s\u00f3lo cinco minutos en coche de Sotogrande y una opci\u00f3n popular para los amantes del golf y las familias.","robots":{"index":"index","follow":"follow","max-snippet":"max-snippet:-1","max-image-preview":"max-image-preview:large","max-video-preview":"max-video-preview:-1"},"canonical":"https:\/\/www.sotograndeguide.com\/es\/hoteles-de-sotogrande\/suites-san-roque\/","og_locale":"es_ES","og_type":"article","og_title":"San Roque Suites","og_description":"San Roque Suites Hotel Resort is located in San Roque Club, just five minutes drive from Sotogrande and a popular choice for Golf lovers and families.","og_url":"https:\/\/www.sotograndeguide.com\/es\/hoteles-de-sotogrande\/suites-san-roque\/","og_site_name":"Sotogrande Guide","article_publisher":"https:\/\/www.facebook.com\/sotograndeguide","article_modified_time":"2019-07-07T20:08:22+00:00","og_image":[{"width":1261,"height":793,"url":"https:\/\/www.sotograndeguide.com\/wp-content\/uploads\/2017\/11\/San-Roque-Suites.jpg","type":"image\/jpeg"}],"twitter_card":"summary_large_image","twitter_site":"@sotograndeguide","twitter_misc":{"Tiempo de lectura":"1 minuto"},"schema":{"@context":"https:\/\/schema.org","@graph":[{"@type":"WebPage","@id":"https:\/\/www.sotograndeguide.com\/sotogrande-hotels\/san-roque-suites\/","url":"https:\/\/www.sotograndeguide.com\/sotogrande-hotels\/san-roque-suites\/","name":"San Roque Suites - Gu\u00eda de Sotogrande \u26f3 Hotel de Golf Recomendado","isPartOf":{"@id":"https:\/\/www.sotograndeguide.com\/#website"},"primaryImageOfPage":{"@id":"https:\/\/www.sotograndeguide.com\/sotogrande-hotels\/san-roque-suites\/#primaryimage"},"image":{"@id":"https:\/\/www.sotograndeguide.com\/sotogrande-hotels\/san-roque-suites\/#primaryimage"},"thumbnailUrl":"https:\/\/www.sotograndeguide.com\/wp-content\/uploads\/2017\/11\/San-Roque-Suites.jpg","datePublished":"2017-11-15T04:03:09+00:00","dateModified":"2019-07-07T20:08:22+00:00","description":"San Roque Suites Hotel Resort est\u00e1 situado en San Roque Club, a s\u00f3lo cinco minutos en coche de Sotogrande y una opci\u00f3n popular para los amantes del golf y las familias.","breadcrumb":{"@id":"https:\/\/www.sotograndeguide.com\/sotogrande-hotels\/san-roque-suites\/#breadcrumb"},"inLanguage":"es","potentialAction":[{"@type":"ReadAction","target":["https:\/\/www.sotograndeguide.com\/sotogrande-hotels\/san-roque-suites\/"]}]},{"@type":"ImageObject","inLanguage":"es","@id":"https:\/\/www.sotograndeguide.com\/sotogrande-hotels\/san-roque-suites\/#primaryimage","url":"https:\/\/www.sotograndeguide.com\/wp-content\/uploads\/2017\/11\/San-Roque-Suites.jpg","contentUrl":"https:\/\/www.sotograndeguide.com\/wp-content\/uploads\/2017\/11\/San-Roque-Suites.jpg","width":1261,"height":793,"caption":"San Roque Suites"},{"@type":"BreadcrumbList","@id":"https:\/\/www.sotograndeguide.com\/sotogrande-hotels\/san-roque-suites\/#breadcrumb","itemListElement":[{"@type":"ListItem","position":1,"name":"Home","item":"https:\/\/www.sotograndeguide.com\/"},{"@type":"ListItem","position":2,"name":"Sotogrande Hotels","item":"https:\/\/www.sotograndeguide.com\/sotogrande-hotels\/"},{"@type":"ListItem","position":3,"name":"San Roque Suites"}]},{"@type":"WebSite","@id":"https:\/\/www.sotograndeguide.com\/#website","url":"https:\/\/www.sotograndeguide.com\/","name":"Gu\u00eda de Sotogrande","description":"Noticias, consejos, eventos y rese\u00f1as","publisher":{"@id":"https:\/\/www.sotograndeguide.com\/#organization"},"potentialAction":[{"@type":"SearchAction","target":{"@type":"EntryPoint","urlTemplate":"https:\/\/www.sotograndeguide.com\/?s={search_term_string}"},"query-input":{"@type":"PropertyValueSpecification","valueRequired":true,"valueName":"search_term_string"}}],"inLanguage":"es"},{"@type":"Organization","@id":"https:\/\/www.sotograndeguide.com\/#organization","name":"Gu\u00eda de Sotogrande","url":"https:\/\/www.sotograndeguide.com\/","logo":{"@type":"ImageObject","inLanguage":"es","@id":"https:\/\/www.sotograndeguide.com\/#\/schema\/logo\/image\/","url":"https:\/\/www.sotograndeguide.com\/wp-content\/uploads\/2017\/03\/Sotogrande-Logo-GUIDE.png","contentUrl":"https:\/\/www.sotograndeguide.com\/wp-content\/uploads\/2017\/03\/Sotogrande-Logo-GUIDE.png","width":300,"height":300,"caption":"Sotogrande Guide"},"image":{"@id":"https:\/\/www.sotograndeguide.com\/#\/schema\/logo\/image\/"},"sameAs":["https:\/\/www.facebook.com\/sotograndeguide","https:\/\/x.com\/sotograndeguide","https:\/\/www.tiktok.com\/@sotograndeguide","https:\/\/www.youtube.com\/@SotograndeGuide"]}]}},"jetpack_sharing_enabled":true,"_links":{"self":[{"href":"https:\/\/www.sotograndeguide.com\/es\/wp-json\/wp\/v2\/pages\/33565","targetHints":{"allow":["GET"]}}],"collection":[{"href":"https:\/\/www.sotograndeguide.com\/es\/wp-json\/wp\/v2\/pages"}],"about":[{"href":"https:\/\/www.sotograndeguide.com\/es\/wp-json\/wp\/v2\/types\/page"}],"author":[{"embeddable":true,"href":"https:\/\/www.sotograndeguide.com\/es\/wp-json\/wp\/v2\/users\/1"}],"replies":[{"embeddable":true,"href":"https:\/\/www.sotograndeguide.com\/es\/wp-json\/wp\/v2\/comments?post=33565"}],"version-history":[{"count":0,"href":"https:\/\/www.sotograndeguide.com\/es\/wp-json\/wp\/v2\/pages\/33565\/revisions"}],"up":[{"embeddable":true,"href":"https:\/\/www.sotograndeguide.com\/es\/wp-json\/wp\/v2\/pages\/94"}],"wp:featuredmedia":[{"embeddable":true,"href":"https:\/\/www.sotograndeguide.com\/es\/wp-json\/wp\/v2\/media\/33597"}],"wp:attachment":[{"href":"https:\/\/www.sotograndeguide.com\/es\/wp-json\/wp\/v2\/media?parent=33565"}],"curies":[{"name":"wp","href":"https:\/\/api.w.org\/{rel}","templated":true}]}}