{"id":33381,"date":"2017-06-30T07:47:47","date_gmt":"2017-06-30T07:47:47","guid":{"rendered":"http:\/\/www.sotograndeguide.com\/?page_id=33381"},"modified":"2018-05-13T11:20:31","modified_gmt":"2018-05-13T11:20:31","slug":"salon-de-belleza-y-peluqueria-versach","status":"publish","type":"page","link":"https:\/\/www.sotograndeguide.com\/es\/sotogrande-hairdressers\/versach-beauty-and-hair-salon\/","title":{"rendered":"Sal\u00f3n de belleza y peluquer\u00eda Versach"},"content":{"rendered":"<p>La calidad, la experiencia, la innovaci\u00f3n y su confianza nos han permitido crecer para ser diferentes, ocupando hoy un lugar de prestigio dentro del sector de la imagen en la zona. Con una intensa y distinguida trayectoria, en VERSACH ofrecemos, adem\u00e1s de una dilatada experiencia, toda la fuerza y el dinamismo de un equipo profesional apasionado, combinando los s\u00f3lidos conocimientos y la creatividad de unas manos j\u00f3venes y en constante evoluci\u00f3n, con las \u00faltimas tecnolog\u00edas en peluquer\u00eda, est\u00e9tica, medicina est\u00e9tica y nutrici\u00f3n.<\/p>\n<p>En VERSACH somos la combinaci\u00f3n perfecta de t\u00e9cnica y arte en el mundo de la Imagen y el cuidado integral. En VERSACH entendemos que nuestro trabajo es crear estilo, ofrecer propuestas con personalidad propias para un p\u00fablico exigente. La moda m\u00e1s actual, una interpretaci\u00f3n personal de las \u00faltimas tendencias, una excelente calidad en los productos que utilizamos, un cuidado y servicio al cliente y unos dise\u00f1os de belleza exclusivos son algunos de los elementos que marcar\u00e1n la diferencia en nuestro nuevo proyecto.<\/p>\n<div id='gallery-1' class='gallery galleryid-33381 gallery-columns-3 gallery-size-medium'><figure class='gallery-item'>\n\t\t\t<div class='gallery-icon landscape'>\n\t\t\t\t<a href='https:\/\/www.sotograndeguide.com\/wp-content\/uploads\/2017\/01\/VERSACH-Sotogrande-Beauty-and-Hair-Salon-2.jpg'><img decoding=\"async\" width=\"300\" height=\"200\" src=\"https:\/\/www.sotograndeguide.com\/wp-content\/uploads\/2017\/01\/VERSACH-Sotogrande-Beauty-and-Hair-Salon-2-300x200.jpg\" class=\"attachment-medium size-medium\" alt=\"Sal\u00f3n de belleza y peluquer\u00eda Versach\" srcset=\"https:\/\/www.sotograndeguide.com\/wp-content\/uploads\/2017\/01\/VERSACH-Sotogrande-Beauty-and-Hair-Salon-2-300x200.jpg 300w, https:\/\/www.sotograndeguide.com\/wp-content\/uploads\/2017\/01\/VERSACH-Sotogrande-Beauty-and-Hair-Salon-2-768x512.jpg 768w, https:\/\/www.sotograndeguide.com\/wp-content\/uploads\/2017\/01\/VERSACH-Sotogrande-Beauty-and-Hair-Salon-2-1024x683.jpg 1024w, https:\/\/www.sotograndeguide.com\/wp-content\/uploads\/2017\/01\/VERSACH-Sotogrande-Beauty-and-Hair-Salon-2.jpg 1440w\" sizes=\"(max-width: 300px) 100vw, 300px\" \/><\/a>\n\t\t\t<\/div><\/figure><figure class='gallery-item'>\n\t\t\t<div class='gallery-icon landscape'>\n\t\t\t\t<a href='https:\/\/www.sotograndeguide.com\/wp-content\/uploads\/2017\/01\/VERSACH-Sotogrande-Beauty-and-Hair-Salon-1.jpg'><img decoding=\"async\" width=\"300\" height=\"200\" src=\"https:\/\/www.sotograndeguide.com\/wp-content\/uploads\/2017\/01\/VERSACH-Sotogrande-Beauty-and-Hair-Salon-1-300x200.jpg\" class=\"attachment-medium size-medium\" alt=\"Sal\u00f3n de belleza y peluquer\u00eda Versach\" srcset=\"https:\/\/www.sotograndeguide.com\/wp-content\/uploads\/2017\/01\/VERSACH-Sotogrande-Beauty-and-Hair-Salon-1-300x200.jpg 300w, https:\/\/www.sotograndeguide.com\/wp-content\/uploads\/2017\/01\/VERSACH-Sotogrande-Beauty-and-Hair-Salon-1-768x512.jpg 768w, https:\/\/www.sotograndeguide.com\/wp-content\/uploads\/2017\/01\/VERSACH-Sotogrande-Beauty-and-Hair-Salon-1-1024x683.jpg 1024w, https:\/\/www.sotograndeguide.com\/wp-content\/uploads\/2017\/01\/VERSACH-Sotogrande-Beauty-and-Hair-Salon-1.jpg 1440w\" sizes=\"(max-width: 300px) 100vw, 300px\" \/><\/a>\n\t\t\t<\/div><\/figure><figure class='gallery-item'>\n\t\t\t<div class='gallery-icon landscape'>\n\t\t\t\t<a href='https:\/\/www.sotograndeguide.com\/wp-content\/uploads\/2017\/01\/VERSACH-Sotogrande-Beauty-and-Hair-Salon-3.jpg'><img decoding=\"async\" width=\"300\" height=\"200\" src=\"https:\/\/www.sotograndeguide.com\/wp-content\/uploads\/2017\/01\/VERSACH-Sotogrande-Beauty-and-Hair-Salon-3-300x200.jpg\" class=\"attachment-medium size-medium\" alt=\"Sal\u00f3n de belleza y peluquer\u00eda Versach\" srcset=\"https:\/\/www.sotograndeguide.com\/wp-content\/uploads\/2017\/01\/VERSACH-Sotogrande-Beauty-and-Hair-Salon-3-300x200.jpg 300w, https:\/\/www.sotograndeguide.com\/wp-content\/uploads\/2017\/01\/VERSACH-Sotogrande-Beauty-and-Hair-Salon-3-768x512.jpg 768w, https:\/\/www.sotograndeguide.com\/wp-content\/uploads\/2017\/01\/VERSACH-Sotogrande-Beauty-and-Hair-Salon-3-1024x683.jpg 1024w, https:\/\/www.sotograndeguide.com\/wp-content\/uploads\/2017\/01\/VERSACH-Sotogrande-Beauty-and-Hair-Salon-3.jpg 1413w\" sizes=\"(max-width: 300px) 100vw, 300px\" \/><\/a>\n\t\t\t<\/div><\/figure>\n\t\t<\/div>\n\n<p><strong>Sal\u00f3n de belleza y peluquer\u00eda Versach<\/strong><br \/>\nDirecci\u00f3n: Carretera N-340 km 134.2 Edificio Laxmor, Local Bajo, 11310 Sotogrande, C\u00e1diz, Espa\u00f1a<br \/>\nTel\u00e9fono: <a href=\"tel:+34669469761\">669469761<\/a><\/p>","protected":false},"excerpt":{"rendered":"<p>La calidad, la experiencia, la innovaci\u00f3n y tu confianza nos han permitido crecer para ser diferentes, ocupando hoy un lugar de prestigio dentro del sector de la imagen en la zona. Con una intensa y distinguida trayectoria, en VERSACH ofrecemos, adem\u00e1s de una dilatada experiencia, toda la fuerza y dinamismo de una ... <a title=\"Sal\u00f3n de belleza y peluquer\u00eda Versach\" class=\"read-more\" href=\"https:\/\/www.sotograndeguide.com\/es\/sotogrande-hairdressers\/versach-beauty-and-hair-salon\/\" aria-label=\"Leer m\u00e1s sobre Versach Sal\u00f3n de Belleza y Peluquer\u00eda\">Leer m\u00e1s<\/a><\/p>","protected":false},"author":1,"featured_media":33920,"parent":79,"menu_order":0,"comment_status":"closed","ping_status":"closed","template":"","meta":{"footnotes":""},"class_list":["post-33381","page","type-page","status-publish","has-post-thumbnail"],"yoast_head":"<!-- This site is optimized with the Yoast SEO Premium plugin v20.5 (Yoast SEO v27.4) - https:\/\/yoast.com\/product\/yoast-seo-premium-wordpress\/ -->\n<title>Versach Beauty and Hair Salon<\/title>\n<meta name=\"robots\" content=\"index, follow, max-snippet:-1, max-image-preview:large, max-video-preview:-1\" \/>\n<link rel=\"canonical\" href=\"https:\/\/www.sotograndeguide.com\/es\/peluquerias-sotogrande\/salon-de-belleza-y-peluqueria-versach\/\" \/>\n<meta property=\"og:locale\" content=\"es_ES\" \/>\n<meta property=\"og:type\" content=\"article\" \/>\n<meta property=\"og:title\" content=\"Versach Beauty and Hair Salon\" \/>\n<meta property=\"og:description\" content=\"The quality, the experience, the innovation and your confidence have allowed us to grow to be different, occupying today a place of prestige within the sector of the image in the zone. With an intense and distinguished career, in VERSACH we offer, in addition to a long experience, all the strength and dynamism of a ... Leer m\u00e1s\" \/>\n<meta property=\"og:url\" content=\"https:\/\/www.sotograndeguide.com\/es\/peluquerias-sotogrande\/salon-de-belleza-y-peluqueria-versach\/\" \/>\n<meta property=\"og:site_name\" content=\"Sotogrande Guide\" \/>\n<meta property=\"article:publisher\" content=\"https:\/\/www.facebook.com\/sotograndeguide\" \/>\n<meta property=\"article:modified_time\" content=\"2018-05-13T11:20:31+00:00\" \/>\n<meta property=\"og:image\" content=\"https:\/\/www.sotograndeguide.com\/wp-content\/uploads\/2018\/01\/Versach-Sotogrande-1.jpg\" \/>\n\t<meta property=\"og:image:width\" content=\"960\" \/>\n\t<meta property=\"og:image:height\" content=\"640\" \/>\n\t<meta property=\"og:image:type\" content=\"image\/jpeg\" \/>\n<meta name=\"twitter:card\" content=\"summary_large_image\" \/>\n<meta name=\"twitter:site\" content=\"@sotograndeguide\" \/>\n<meta name=\"twitter:label1\" content=\"Tiempo de lectura\" \/>\n\t<meta name=\"twitter:data1\" content=\"1 minuto\" \/>\n<!-- \/ Yoast SEO Premium plugin. -->","yoast_head_json":{"title":"Sal\u00f3n de belleza y peluquer\u00eda Versach","robots":{"index":"index","follow":"follow","max-snippet":"max-snippet:-1","max-image-preview":"max-image-preview:large","max-video-preview":"max-video-preview:-1"},"canonical":"https:\/\/www.sotograndeguide.com\/es\/peluquerias-sotogrande\/salon-de-belleza-y-peluqueria-versach\/","og_locale":"es_ES","og_type":"article","og_title":"Versach Beauty and Hair Salon","og_description":"The quality, the experience, the innovation and your confidence have allowed us to grow to be different, occupying today a place of prestige within the sector of the image in the zone. With an intense and distinguished career, in VERSACH we offer, in addition to a long experience, all the strength and dynamism of a ... Leer m\u00e1s","og_url":"https:\/\/www.sotograndeguide.com\/es\/peluquerias-sotogrande\/salon-de-belleza-y-peluqueria-versach\/","og_site_name":"Sotogrande Guide","article_publisher":"https:\/\/www.facebook.com\/sotograndeguide","article_modified_time":"2018-05-13T11:20:31+00:00","og_image":[{"width":960,"height":640,"url":"https:\/\/www.sotograndeguide.com\/wp-content\/uploads\/2018\/01\/Versach-Sotogrande-1.jpg","type":"image\/jpeg"}],"twitter_card":"summary_large_image","twitter_site":"@sotograndeguide","twitter_misc":{"Tiempo de lectura":"1 minuto"},"schema":{"@context":"https:\/\/schema.org","@graph":[{"@type":"WebPage","@id":"https:\/\/www.sotograndeguide.com\/sotogrande-hairdressers\/versach-beauty-and-hair-salon\/","url":"https:\/\/www.sotograndeguide.com\/sotogrande-hairdressers\/versach-beauty-and-hair-salon\/","name":"Sal\u00f3n de belleza y peluquer\u00eda Versach","isPartOf":{"@id":"https:\/\/www.sotograndeguide.com\/#website"},"primaryImageOfPage":{"@id":"https:\/\/www.sotograndeguide.com\/sotogrande-hairdressers\/versach-beauty-and-hair-salon\/#primaryimage"},"image":{"@id":"https:\/\/www.sotograndeguide.com\/sotogrande-hairdressers\/versach-beauty-and-hair-salon\/#primaryimage"},"thumbnailUrl":"https:\/\/www.sotograndeguide.com\/wp-content\/uploads\/2018\/01\/Versach-Sotogrande-1.jpg","datePublished":"2017-06-30T07:47:47+00:00","dateModified":"2018-05-13T11:20:31+00:00","breadcrumb":{"@id":"https:\/\/www.sotograndeguide.com\/sotogrande-hairdressers\/versach-beauty-and-hair-salon\/#breadcrumb"},"inLanguage":"es","potentialAction":[{"@type":"ReadAction","target":["https:\/\/www.sotograndeguide.com\/sotogrande-hairdressers\/versach-beauty-and-hair-salon\/"]}]},{"@type":"ImageObject","inLanguage":"es","@id":"https:\/\/www.sotograndeguide.com\/sotogrande-hairdressers\/versach-beauty-and-hair-salon\/#primaryimage","url":"https:\/\/www.sotograndeguide.com\/wp-content\/uploads\/2018\/01\/Versach-Sotogrande-1.jpg","contentUrl":"https:\/\/www.sotograndeguide.com\/wp-content\/uploads\/2018\/01\/Versach-Sotogrande-1.jpg","width":960,"height":640,"caption":"Versach Sotogrande"},{"@type":"BreadcrumbList","@id":"https:\/\/www.sotograndeguide.com\/sotogrande-hairdressers\/versach-beauty-and-hair-salon\/#breadcrumb","itemListElement":[{"@type":"ListItem","position":1,"name":"Home","item":"https:\/\/www.sotograndeguide.com\/"},{"@type":"ListItem","position":2,"name":"Sotogrande Hairdressers","item":"https:\/\/www.sotograndeguide.com\/sotogrande-hairdressers\/"},{"@type":"ListItem","position":3,"name":"Versach Beauty and Hair Salon"}]},{"@type":"WebSite","@id":"https:\/\/www.sotograndeguide.com\/#website","url":"https:\/\/www.sotograndeguide.com\/","name":"Gu\u00eda de Sotogrande","description":"Noticias, consejos, eventos y rese\u00f1as","publisher":{"@id":"https:\/\/www.sotograndeguide.com\/#organization"},"potentialAction":[{"@type":"SearchAction","target":{"@type":"EntryPoint","urlTemplate":"https:\/\/www.sotograndeguide.com\/?s={search_term_string}"},"query-input":{"@type":"PropertyValueSpecification","valueRequired":true,"valueName":"search_term_string"}}],"inLanguage":"es"},{"@type":"Organization","@id":"https:\/\/www.sotograndeguide.com\/#organization","name":"Gu\u00eda de Sotogrande","url":"https:\/\/www.sotograndeguide.com\/","logo":{"@type":"ImageObject","inLanguage":"es","@id":"https:\/\/www.sotograndeguide.com\/#\/schema\/logo\/image\/","url":"https:\/\/www.sotograndeguide.com\/wp-content\/uploads\/2017\/03\/Sotogrande-Logo-GUIDE.png","contentUrl":"https:\/\/www.sotograndeguide.com\/wp-content\/uploads\/2017\/03\/Sotogrande-Logo-GUIDE.png","width":300,"height":300,"caption":"Sotogrande Guide"},"image":{"@id":"https:\/\/www.sotograndeguide.com\/#\/schema\/logo\/image\/"},"sameAs":["https:\/\/www.facebook.com\/sotograndeguide","https:\/\/x.com\/sotograndeguide","https:\/\/www.tiktok.com\/@sotograndeguide","https:\/\/www.youtube.com\/@SotograndeGuide"]}]}},"jetpack_sharing_enabled":true,"_links":{"self":[{"href":"https:\/\/www.sotograndeguide.com\/es\/wp-json\/wp\/v2\/pages\/33381","targetHints":{"allow":["GET"]}}],"collection":[{"href":"https:\/\/www.sotograndeguide.com\/es\/wp-json\/wp\/v2\/pages"}],"about":[{"href":"https:\/\/www.sotograndeguide.com\/es\/wp-json\/wp\/v2\/types\/page"}],"author":[{"embeddable":true,"href":"https:\/\/www.sotograndeguide.com\/es\/wp-json\/wp\/v2\/users\/1"}],"replies":[{"embeddable":true,"href":"https:\/\/www.sotograndeguide.com\/es\/wp-json\/wp\/v2\/comments?post=33381"}],"version-history":[{"count":0,"href":"https:\/\/www.sotograndeguide.com\/es\/wp-json\/wp\/v2\/pages\/33381\/revisions"}],"up":[{"embeddable":true,"href":"https:\/\/www.sotograndeguide.com\/es\/wp-json\/wp\/v2\/pages\/79"}],"wp:featuredmedia":[{"embeddable":true,"href":"https:\/\/www.sotograndeguide.com\/es\/wp-json\/wp\/v2\/media\/33920"}],"wp:attachment":[{"href":"https:\/\/www.sotograndeguide.com\/es\/wp-json\/wp\/v2\/media?parent=33381"}],"curies":[{"name":"wp","href":"https:\/\/api.w.org\/{rel}","templated":true}]}}