{"id":32143,"date":"2017-02-21T13:13:09","date_gmt":"2017-02-21T13:13:09","guid":{"rendered":"http:\/\/www.sotograndeguide.com\/?page_id=32143"},"modified":"2019-05-21T20:43:29","modified_gmt":"2019-05-21T20:43:29","slug":"lolive-de-la-reserva","status":"publish","type":"page","link":"https:\/\/www.sotograndeguide.com\/es\/sotogrande-restaurants\/lolive-de-la-reserva\/","title":{"rendered":"L'Olive de La Reserva"},"content":{"rendered":"<p>L'Olive de La Reserva es un sofisticado local situado en el Club de Golf La Reserva, en Sotogrande.<\/p>\n<p>Recientemente reformado, el local aporta una decoraci\u00f3n moderna y creativa a una ubicaci\u00f3n espaciosa y acogedora a la vez.<\/p>\n<p>Ya sea para un tentempi\u00e9 o un almuerzo ligero, con un s\u00e1ndwich club o una cena entre familiares y amigos, L'Olive de La Reserva ofrece un men\u00fa variado para todos los gustos.<\/p>\n<p>Con su nuevo horario de apertura de 2017, el local es tambi\u00e9n un lugar ideal para terminar la semana con estilo tomando unos c\u00f3cteles.<\/p>\n<p>De domingo a jueves: de 8.00 a 18.00 horas<br \/>\nViernes y s\u00e1bado 8h - 23h<\/p>\n<p><strong>L'Olive de la Reserva<\/strong><br \/>\nCocina: Mediterr\u00e1nea, Japonesa<br \/>\nDirecci\u00f3n: Club de Golf La Reserva, Avda. La Reserva, s\/n, 11310, Sotogrande<br \/>\nTel\u00e9fono: <a href=\"tel:+34956785252\">956785252<\/a><\/p>","protected":false},"excerpt":{"rendered":"<p>L'Olive de La Reserva es un sofisticado local situado en el Club de Golf La Reserva, en Sotogrande. Recientemente reformado, el local aporta una decoraci\u00f3n moderna y creativa a un lugar espacioso y a la vez acogedor. Ya sea para un tentempi\u00e9 o un almuerzo ligero, con un club s\u00e1ndwich o para encontrar cena entre familia y amigos, ... <a title=\"L&#039;Olive de La Reserva\" class=\"read-more\" href=\"https:\/\/www.sotograndeguide.com\/es\/sotogrande-restaurants\/lolive-de-la-reserva\/\" aria-label=\"Leer m\u00e1s sobre L&#039;Olive de La Reserva\">Leer m\u00e1s<\/a><\/p>","protected":false},"author":1,"featured_media":32152,"parent":91,"menu_order":0,"comment_status":"closed","ping_status":"closed","template":"","meta":{"footnotes":""},"class_list":["post-32143","page","type-page","status-publish","has-post-thumbnail"],"yoast_head":"<!-- This site is optimized with the Yoast SEO Premium plugin v20.5 (Yoast SEO v27.5) - https:\/\/yoast.com\/product\/yoast-seo-premium-wordpress\/ -->\n<title>L\u2019Olive de La Reserva<\/title>\n<meta name=\"robots\" content=\"index, follow, max-snippet:-1, max-image-preview:large, max-video-preview:-1\" \/>\n<link rel=\"canonical\" href=\"https:\/\/www.sotograndeguide.com\/es\/restaurantes-sotogrande\/lolive-de-la-reserva\/\" \/>\n<meta property=\"og:locale\" content=\"es_ES\" \/>\n<meta property=\"og:type\" content=\"article\" \/>\n<meta property=\"og:title\" content=\"L\u2019Olive de La Reserva\" \/>\n<meta property=\"og:description\" content=\"L\u2019Olive de La Reserva is a sophisticated venue located in the Club at La Reserva Golf in Sotogrande. Recently refurbished, the venue brings modern and creative decor to a spacious and yet cozy location. Whether it is for a snack or light lunch, with a club sandwich or a find dining among family and friends, ... Leer m\u00e1s\" \/>\n<meta property=\"og:url\" content=\"https:\/\/www.sotograndeguide.com\/es\/restaurantes-sotogrande\/lolive-de-la-reserva\/\" \/>\n<meta property=\"og:site_name\" content=\"Sotogrande Guide\" \/>\n<meta property=\"article:publisher\" content=\"https:\/\/www.facebook.com\/sotograndeguide\" \/>\n<meta property=\"article:modified_time\" content=\"2019-05-21T20:43:29+00:00\" \/>\n<meta property=\"og:image\" content=\"https:\/\/www.sotograndeguide.com\/wp-content\/uploads\/2017\/02\/L\u2019Olive-Bar-Restaurant-La-Reserva-Sotogrande.jpg\" \/>\n\t<meta property=\"og:image:width\" content=\"1245\" \/>\n\t<meta property=\"og:image:height\" content=\"864\" \/>\n\t<meta property=\"og:image:type\" content=\"image\/jpeg\" \/>\n<meta name=\"twitter:card\" content=\"summary_large_image\" \/>\n<meta name=\"twitter:site\" content=\"@sotograndeguide\" \/>\n<meta name=\"twitter:label1\" content=\"Tiempo de lectura\" \/>\n\t<meta name=\"twitter:data1\" content=\"1 minuto\" \/>\n<!-- \/ Yoast SEO Premium plugin. -->","yoast_head_json":{"title":"L'Olive de La Reserva","robots":{"index":"index","follow":"follow","max-snippet":"max-snippet:-1","max-image-preview":"max-image-preview:large","max-video-preview":"max-video-preview:-1"},"canonical":"https:\/\/www.sotograndeguide.com\/es\/restaurantes-sotogrande\/lolive-de-la-reserva\/","og_locale":"es_ES","og_type":"article","og_title":"L\u2019Olive de La Reserva","og_description":"L\u2019Olive de La Reserva is a sophisticated venue located in the Club at La Reserva Golf in Sotogrande. Recently refurbished, the venue brings modern and creative decor to a spacious and yet cozy location. Whether it is for a snack or light lunch, with a club sandwich or a find dining among family and friends, ... Leer m\u00e1s","og_url":"https:\/\/www.sotograndeguide.com\/es\/restaurantes-sotogrande\/lolive-de-la-reserva\/","og_site_name":"Sotogrande Guide","article_publisher":"https:\/\/www.facebook.com\/sotograndeguide","article_modified_time":"2019-05-21T20:43:29+00:00","og_image":[{"width":1245,"height":864,"url":"https:\/\/www.sotograndeguide.com\/wp-content\/uploads\/2017\/02\/L\u2019Olive-Bar-Restaurant-La-Reserva-Sotogrande.jpg","type":"image\/jpeg"}],"twitter_card":"summary_large_image","twitter_site":"@sotograndeguide","twitter_misc":{"Tiempo de lectura":"1 minuto"},"schema":{"@context":"https:\/\/schema.org","@graph":[{"@type":"WebPage","@id":"https:\/\/www.sotograndeguide.com\/sotogrande-restaurants\/lolive-de-la-reserva\/","url":"https:\/\/www.sotograndeguide.com\/sotogrande-restaurants\/lolive-de-la-reserva\/","name":"L'Olive de La Reserva","isPartOf":{"@id":"https:\/\/www.sotograndeguide.com\/#website"},"primaryImageOfPage":{"@id":"https:\/\/www.sotograndeguide.com\/sotogrande-restaurants\/lolive-de-la-reserva\/#primaryimage"},"image":{"@id":"https:\/\/www.sotograndeguide.com\/sotogrande-restaurants\/lolive-de-la-reserva\/#primaryimage"},"thumbnailUrl":"https:\/\/www.sotograndeguide.com\/wp-content\/uploads\/2017\/02\/L\u2019Olive-Bar-Restaurant-La-Reserva-Sotogrande.jpg","datePublished":"2017-02-21T13:13:09+00:00","dateModified":"2019-05-21T20:43:29+00:00","breadcrumb":{"@id":"https:\/\/www.sotograndeguide.com\/sotogrande-restaurants\/lolive-de-la-reserva\/#breadcrumb"},"inLanguage":"es","potentialAction":[{"@type":"ReadAction","target":["https:\/\/www.sotograndeguide.com\/sotogrande-restaurants\/lolive-de-la-reserva\/"]}]},{"@type":"ImageObject","inLanguage":"es","@id":"https:\/\/www.sotograndeguide.com\/sotogrande-restaurants\/lolive-de-la-reserva\/#primaryimage","url":"https:\/\/www.sotograndeguide.com\/wp-content\/uploads\/2017\/02\/L\u2019Olive-Bar-Restaurant-La-Reserva-Sotogrande.jpg","contentUrl":"https:\/\/www.sotograndeguide.com\/wp-content\/uploads\/2017\/02\/L\u2019Olive-Bar-Restaurant-La-Reserva-Sotogrande.jpg","width":1245,"height":864,"caption":"L\u2019Olive de La Reserva"},{"@type":"BreadcrumbList","@id":"https:\/\/www.sotograndeguide.com\/sotogrande-restaurants\/lolive-de-la-reserva\/#breadcrumb","itemListElement":[{"@type":"ListItem","position":1,"name":"Home","item":"https:\/\/www.sotograndeguide.com\/"},{"@type":"ListItem","position":2,"name":"Sotogrande Restaurants","item":"https:\/\/www.sotograndeguide.com\/sotogrande-restaurants\/"},{"@type":"ListItem","position":3,"name":"L\u2019Olive de La Reserva"}]},{"@type":"WebSite","@id":"https:\/\/www.sotograndeguide.com\/#website","url":"https:\/\/www.sotograndeguide.com\/","name":"Gu\u00eda de Sotogrande","description":"Noticias, consejos, eventos y rese\u00f1as","publisher":{"@id":"https:\/\/www.sotograndeguide.com\/#organization"},"potentialAction":[{"@type":"SearchAction","target":{"@type":"EntryPoint","urlTemplate":"https:\/\/www.sotograndeguide.com\/?s={search_term_string}"},"query-input":{"@type":"PropertyValueSpecification","valueRequired":true,"valueName":"search_term_string"}}],"inLanguage":"es"},{"@type":"Organization","@id":"https:\/\/www.sotograndeguide.com\/#organization","name":"Gu\u00eda de Sotogrande","url":"https:\/\/www.sotograndeguide.com\/","logo":{"@type":"ImageObject","inLanguage":"es","@id":"https:\/\/www.sotograndeguide.com\/#\/schema\/logo\/image\/","url":"https:\/\/www.sotograndeguide.com\/wp-content\/uploads\/2017\/03\/Sotogrande-Logo-GUIDE.png","contentUrl":"https:\/\/www.sotograndeguide.com\/wp-content\/uploads\/2017\/03\/Sotogrande-Logo-GUIDE.png","width":300,"height":300,"caption":"Sotogrande Guide"},"image":{"@id":"https:\/\/www.sotograndeguide.com\/#\/schema\/logo\/image\/"},"sameAs":["https:\/\/www.facebook.com\/sotograndeguide","https:\/\/x.com\/sotograndeguide","https:\/\/www.tiktok.com\/@sotograndeguide","https:\/\/www.youtube.com\/@SotograndeGuide"]}]}},"jetpack_sharing_enabled":true,"_links":{"self":[{"href":"https:\/\/www.sotograndeguide.com\/es\/wp-json\/wp\/v2\/pages\/32143","targetHints":{"allow":["GET"]}}],"collection":[{"href":"https:\/\/www.sotograndeguide.com\/es\/wp-json\/wp\/v2\/pages"}],"about":[{"href":"https:\/\/www.sotograndeguide.com\/es\/wp-json\/wp\/v2\/types\/page"}],"author":[{"embeddable":true,"href":"https:\/\/www.sotograndeguide.com\/es\/wp-json\/wp\/v2\/users\/1"}],"replies":[{"embeddable":true,"href":"https:\/\/www.sotograndeguide.com\/es\/wp-json\/wp\/v2\/comments?post=32143"}],"version-history":[{"count":0,"href":"https:\/\/www.sotograndeguide.com\/es\/wp-json\/wp\/v2\/pages\/32143\/revisions"}],"up":[{"embeddable":true,"href":"https:\/\/www.sotograndeguide.com\/es\/wp-json\/wp\/v2\/pages\/91"}],"wp:featuredmedia":[{"embeddable":true,"href":"https:\/\/www.sotograndeguide.com\/es\/wp-json\/wp\/v2\/media\/32152"}],"wp:attachment":[{"href":"https:\/\/www.sotograndeguide.com\/es\/wp-json\/wp\/v2\/media?parent=32143"}],"curies":[{"name":"wp","href":"https:\/\/api.w.org\/{rel}","templated":true}]}}