{"id":31594,"date":"2017-04-27T16:51:28","date_gmt":"2017-04-27T16:51:28","guid":{"rendered":"http:\/\/www.sotograndeguide.com\/?page_id=31594"},"modified":"2019-05-21T20:43:24","modified_gmt":"2019-05-21T20:43:24","slug":"ke-bar","status":"publish","type":"page","link":"https:\/\/www.sotograndeguide.com\/es\/sotogrande-restaurants\/ke-bar\/","title":{"rendered":"KE Bar"},"content":{"rendered":"<p>El Bar KE es sin duda uno de los locales m\u00e1s frecuentados de Sotogrande, no necesariamente por su comida sino por su ambiente. Situado en primera l\u00ednea del Puerto de Sotogrande, este local tiene vistas al puerto y es el lugar al que ir para ver y ser visto. <\/p>\n<p>El KE Bar sirve principalmente cocina mediterr\u00e1nea con algunos platos de sushi japon\u00e9s. Sus bebidas son asequibles y el personal es muy profesional. KE Bar es una opci\u00f3n popular tanto para los lugare\u00f1os como para los turistas y es frecuentado durante todo el a\u00f1o. Durante el verano, es recomendable reservar si se va a comer o cenar en grupo. Si simplemente se presenta sin reserva durante la temporada alta, lo m\u00e1s probable es que tenga que esperar por una mesa.<\/p>\n<p>Se trata de un local espacioso con una enorme terraza. Su decoraci\u00f3n, limpia y moderna, atrae a grandes y peque\u00f1os. Dada su ubicaci\u00f3n, rodeado de espacios abiertos, el KE Bar tambi\u00e9n es muy popular entre las familias, ya que los ni\u00f1os pueden jugar cerca y los padres pueden vigilarlos.<\/p>\n<p>Cocina: Mediterr\u00e1nea<br \/>\nDirecci\u00f3n: Paseo del Puerto, Puerto Deportivo, 11310, Sotogrande, Espa\u00f1a<br \/>\nTel\u00e9fono: <a href=\"tel:+34956790301\">956790301<\/a><\/p>","protected":false},"excerpt":{"rendered":"<p>El Bar KE es sin duda uno de los locales m\u00e1s frecuentados de Sotogrande, no necesariamente por su comida sino por su ambiente. Situado en primera l\u00ednea del Puerto de Sotogrande, este local tiene vistas al puerto y es el lugar al que ir para ver y ser visto. El KE Bar sirve principalmente una cocina mediterr\u00e1nea con ... <a title=\"KE Bar\" class=\"read-more\" href=\"https:\/\/www.sotograndeguide.com\/es\/sotogrande-restaurants\/ke-bar\/\" aria-label=\"Leer m\u00e1s sobre KE Bar\">Leer m\u00e1s<\/a><\/p>","protected":false},"author":1,"featured_media":33243,"parent":91,"menu_order":0,"comment_status":"closed","ping_status":"closed","template":"","meta":{"footnotes":""},"class_list":["post-31594","page","type-page","status-publish","has-post-thumbnail"],"yoast_head":"<!-- This site is optimized with the Yoast SEO Premium plugin v20.5 (Yoast SEO v27.4) - https:\/\/yoast.com\/product\/yoast-seo-premium-wordpress\/ -->\n<title>KE Bar<\/title>\n<meta name=\"robots\" content=\"index, follow, max-snippet:-1, max-image-preview:large, max-video-preview:-1\" \/>\n<link rel=\"canonical\" href=\"https:\/\/www.sotograndeguide.com\/es\/restaurantes-sotogrande\/ke-bar\/\" \/>\n<meta property=\"og:locale\" content=\"es_ES\" \/>\n<meta property=\"og:type\" content=\"article\" \/>\n<meta property=\"og:title\" content=\"KE Bar\" \/>\n<meta property=\"og:description\" content=\"The KE Bar is without a doubt one of the most frequented venues in Sotogrande, not necessarily for its food but for its atmosphere. Located frontline in the Sotogrande Port, this venue overlooks the harbour and is the place to go to see and be seen. The KE Bar mainly serves a Mediterranean cuisine with ... Leer m\u00e1s\" \/>\n<meta property=\"og:url\" content=\"https:\/\/www.sotograndeguide.com\/es\/restaurantes-sotogrande\/ke-bar\/\" \/>\n<meta property=\"og:site_name\" content=\"Sotogrande Guide\" \/>\n<meta property=\"article:publisher\" content=\"https:\/\/www.facebook.com\/sotograndeguide\" \/>\n<meta property=\"article:modified_time\" content=\"2019-05-21T20:43:24+00:00\" \/>\n<meta property=\"og:image\" content=\"https:\/\/www.sotograndeguide.com\/wp-content\/uploads\/2017\/02\/Ke-Sotogrande.jpg\" \/>\n\t<meta property=\"og:image:width\" content=\"2048\" \/>\n\t<meta property=\"og:image:height\" content=\"1365\" \/>\n\t<meta property=\"og:image:type\" content=\"image\/jpeg\" \/>\n<meta name=\"twitter:card\" content=\"summary_large_image\" \/>\n<meta name=\"twitter:site\" content=\"@sotograndeguide\" \/>\n<meta name=\"twitter:label1\" content=\"Tiempo de lectura\" \/>\n\t<meta name=\"twitter:data1\" content=\"1 minuto\" \/>\n<!-- \/ Yoast SEO Premium plugin. -->","yoast_head_json":{"title":"KE Bar","robots":{"index":"index","follow":"follow","max-snippet":"max-snippet:-1","max-image-preview":"max-image-preview:large","max-video-preview":"max-video-preview:-1"},"canonical":"https:\/\/www.sotograndeguide.com\/es\/restaurantes-sotogrande\/ke-bar\/","og_locale":"es_ES","og_type":"article","og_title":"KE Bar","og_description":"The KE Bar is without a doubt one of the most frequented venues in Sotogrande, not necessarily for its food but for its atmosphere. Located frontline in the Sotogrande Port, this venue overlooks the harbour and is the place to go to see and be seen. The KE Bar mainly serves a Mediterranean cuisine with ... Leer m\u00e1s","og_url":"https:\/\/www.sotograndeguide.com\/es\/restaurantes-sotogrande\/ke-bar\/","og_site_name":"Sotogrande Guide","article_publisher":"https:\/\/www.facebook.com\/sotograndeguide","article_modified_time":"2019-05-21T20:43:24+00:00","og_image":[{"width":2048,"height":1365,"url":"https:\/\/www.sotograndeguide.com\/wp-content\/uploads\/2017\/02\/Ke-Sotogrande.jpg","type":"image\/jpeg"}],"twitter_card":"summary_large_image","twitter_site":"@sotograndeguide","twitter_misc":{"Tiempo de lectura":"1 minuto"},"schema":{"@context":"https:\/\/schema.org","@graph":[{"@type":"WebPage","@id":"https:\/\/www.sotograndeguide.com\/sotogrande-restaurants\/ke-bar\/","url":"https:\/\/www.sotograndeguide.com\/sotogrande-restaurants\/ke-bar\/","name":"KE Bar","isPartOf":{"@id":"https:\/\/www.sotograndeguide.com\/#website"},"primaryImageOfPage":{"@id":"https:\/\/www.sotograndeguide.com\/sotogrande-restaurants\/ke-bar\/#primaryimage"},"image":{"@id":"https:\/\/www.sotograndeguide.com\/sotogrande-restaurants\/ke-bar\/#primaryimage"},"thumbnailUrl":"https:\/\/www.sotograndeguide.com\/wp-content\/uploads\/2017\/02\/Ke-Sotogrande.jpg","datePublished":"2017-04-27T16:51:28+00:00","dateModified":"2019-05-21T20:43:24+00:00","breadcrumb":{"@id":"https:\/\/www.sotograndeguide.com\/sotogrande-restaurants\/ke-bar\/#breadcrumb"},"inLanguage":"es","potentialAction":[{"@type":"ReadAction","target":["https:\/\/www.sotograndeguide.com\/sotogrande-restaurants\/ke-bar\/"]}]},{"@type":"ImageObject","inLanguage":"es","@id":"https:\/\/www.sotograndeguide.com\/sotogrande-restaurants\/ke-bar\/#primaryimage","url":"https:\/\/www.sotograndeguide.com\/wp-content\/uploads\/2017\/02\/Ke-Sotogrande.jpg","contentUrl":"https:\/\/www.sotograndeguide.com\/wp-content\/uploads\/2017\/02\/Ke-Sotogrande.jpg","width":"2048","height":"1365","caption":"Ke Sotogrande"},{"@type":"BreadcrumbList","@id":"https:\/\/www.sotograndeguide.com\/sotogrande-restaurants\/ke-bar\/#breadcrumb","itemListElement":[{"@type":"ListItem","position":1,"name":"Home","item":"https:\/\/www.sotograndeguide.com\/"},{"@type":"ListItem","position":2,"name":"Sotogrande Restaurants","item":"https:\/\/www.sotograndeguide.com\/sotogrande-restaurants\/"},{"@type":"ListItem","position":3,"name":"KE Bar"}]},{"@type":"WebSite","@id":"https:\/\/www.sotograndeguide.com\/#website","url":"https:\/\/www.sotograndeguide.com\/","name":"Gu\u00eda de Sotogrande","description":"Noticias, consejos, eventos y rese\u00f1as","publisher":{"@id":"https:\/\/www.sotograndeguide.com\/#organization"},"potentialAction":[{"@type":"SearchAction","target":{"@type":"EntryPoint","urlTemplate":"https:\/\/www.sotograndeguide.com\/?s={search_term_string}"},"query-input":{"@type":"PropertyValueSpecification","valueRequired":true,"valueName":"search_term_string"}}],"inLanguage":"es"},{"@type":"Organization","@id":"https:\/\/www.sotograndeguide.com\/#organization","name":"Gu\u00eda de Sotogrande","url":"https:\/\/www.sotograndeguide.com\/","logo":{"@type":"ImageObject","inLanguage":"es","@id":"https:\/\/www.sotograndeguide.com\/#\/schema\/logo\/image\/","url":"https:\/\/www.sotograndeguide.com\/wp-content\/uploads\/2017\/03\/Sotogrande-Logo-GUIDE.png","contentUrl":"https:\/\/www.sotograndeguide.com\/wp-content\/uploads\/2017\/03\/Sotogrande-Logo-GUIDE.png","width":300,"height":300,"caption":"Sotogrande Guide"},"image":{"@id":"https:\/\/www.sotograndeguide.com\/#\/schema\/logo\/image\/"},"sameAs":["https:\/\/www.facebook.com\/sotograndeguide","https:\/\/x.com\/sotograndeguide","https:\/\/www.tiktok.com\/@sotograndeguide","https:\/\/www.youtube.com\/@SotograndeGuide"]}]}},"jetpack_sharing_enabled":true,"_links":{"self":[{"href":"https:\/\/www.sotograndeguide.com\/es\/wp-json\/wp\/v2\/pages\/31594","targetHints":{"allow":["GET"]}}],"collection":[{"href":"https:\/\/www.sotograndeguide.com\/es\/wp-json\/wp\/v2\/pages"}],"about":[{"href":"https:\/\/www.sotograndeguide.com\/es\/wp-json\/wp\/v2\/types\/page"}],"author":[{"embeddable":true,"href":"https:\/\/www.sotograndeguide.com\/es\/wp-json\/wp\/v2\/users\/1"}],"replies":[{"embeddable":true,"href":"https:\/\/www.sotograndeguide.com\/es\/wp-json\/wp\/v2\/comments?post=31594"}],"version-history":[{"count":0,"href":"https:\/\/www.sotograndeguide.com\/es\/wp-json\/wp\/v2\/pages\/31594\/revisions"}],"up":[{"embeddable":true,"href":"https:\/\/www.sotograndeguide.com\/es\/wp-json\/wp\/v2\/pages\/91"}],"wp:featuredmedia":[{"embeddable":true,"href":"https:\/\/www.sotograndeguide.com\/es\/wp-json\/wp\/v2\/media\/33243"}],"wp:attachment":[{"href":"https:\/\/www.sotograndeguide.com\/es\/wp-json\/wp\/v2\/media?parent=31594"}],"curies":[{"name":"wp","href":"https:\/\/api.w.org\/{rel}","templated":true}]}}