{"id":31590,"date":"2017-04-27T16:27:09","date_gmt":"2017-04-27T16:27:09","guid":{"rendered":"http:\/\/www.sotograndeguide.com\/?page_id=31590"},"modified":"2023-04-10T19:05:39","modified_gmt":"2023-04-10T19:05:39","slug":"trocadero","status":"publish","type":"page","link":"https:\/\/www.sotograndeguide.com\/es\/sotogrande-restaurants\/trocadero\/","title":{"rendered":"Trocadero Sotogrande"},"content":{"rendered":"<p>El club de playa Trocadero es un impresionante local en primera l\u00ednea de playa con un ampl\u00edsimo Restaurante, situado en Sotogrande Costa, justo al lado de la prestigiosa avenida Paseo del Parque. Desde el momento en que entras, el dise\u00f1o y la decoraci\u00f3n atraen todos tus sentidos.<\/p>\n<p>Dispone de dos refrescantes piscinas, una amplia zona al aire libre con tumbonas y camas balinesas, as\u00ed como diversos comedores interiores y exteriores. M\u00e1s que un restaurante, el club de playa Trocadero es un lugar para relajarse y disfrutar de una copa, tomar el sol y disfrutar de la vida en todo su esplendor. En verano, Trocadero puede estar muy concurrido, as\u00ed que vaya con paciencia y no quedar\u00e1 decepcionado.<\/p>\n<p>La comida es mediterr\u00e1nea creativa con algunas opciones japonesas, con una gran variedad para todos los gustos y el bar ofrece una gran selecci\u00f3n de c\u00f3cteles. El local es tambi\u00e9n uno de los pocos que ofrecen vida nocturna en Sotogrande, con DJs que pinchan m\u00fasica hasta altas horas de la noche.<\/p>\n<p><strong>Trocadero<\/strong><br \/>\nCocina: Mediterr\u00e1nea, Japonesa<br \/>\nDirecci\u00f3n: Paseo del Parque, s\/n, 11310 Sotogrande, San Roque, Espa\u00f1a<br \/>\nTel\u00e9fono: <a href=\"tel:+34956795012\">956795012<\/a><\/p>","protected":false},"excerpt":{"rendered":"<p>El club de playa Trocadero es un impresionante local en primera l\u00ednea de playa con un ampl\u00edsimo Restaurante, situado en Sotogrande Costa, justo al lado de la prestigiosa avenida Paseo del Parque. Desde el momento en que entras, el dise\u00f1o y la decoraci\u00f3n atraen todos tus sentidos. Hay dos piscinas frescas, gran zona al aire libre con tumbonas y camas balinesas ... <a title=\"Trocadero Sotogrande\" class=\"read-more\" href=\"https:\/\/www.sotograndeguide.com\/es\/sotogrande-restaurants\/trocadero\/\" aria-label=\"Leer m\u00e1s sobre Trocadero Sotogrande\">Leer m\u00e1s<\/a><\/p>","protected":false},"author":1,"featured_media":33238,"parent":91,"menu_order":0,"comment_status":"closed","ping_status":"closed","template":"","meta":{"footnotes":""},"class_list":["post-31590","page","type-page","status-publish","has-post-thumbnail"],"yoast_head":"<!-- This site is optimized with the Yoast SEO Premium plugin v20.5 (Yoast SEO v27.5) - https:\/\/yoast.com\/product\/yoast-seo-premium-wordpress\/ -->\n<title>Trocadero Sotogrande Beach Club &amp; Restaurant - Sotogrande Guide<\/title>\n<meta name=\"robots\" content=\"index, follow, max-snippet:-1, max-image-preview:large, max-video-preview:-1\" \/>\n<link rel=\"canonical\" href=\"https:\/\/www.sotograndeguide.com\/es\/restaurantes-sotogrande\/trocadero\/\" \/>\n<meta property=\"og:locale\" content=\"es_ES\" \/>\n<meta property=\"og:type\" content=\"article\" \/>\n<meta property=\"og:title\" content=\"Trocadero Sotogrande\" \/>\n<meta property=\"og:description\" content=\"The Trocadero beach club is an impressive beachfront venue with a very large Restaurant, located in Sotogrande Costa, just off the prestigious Paseo del Parque avenue. From the moment you walk in, the design and decor attract all your senses. There are two cool swimming pools, large open area with sun loungers and balinese beds ... Leer m\u00e1s\" \/>\n<meta property=\"og:url\" content=\"https:\/\/www.sotograndeguide.com\/es\/restaurantes-sotogrande\/trocadero\/\" \/>\n<meta property=\"og:site_name\" content=\"Sotogrande Guide\" \/>\n<meta property=\"article:publisher\" content=\"https:\/\/www.facebook.com\/sotograndeguide\" \/>\n<meta property=\"article:modified_time\" content=\"2023-04-10T19:05:39+00:00\" \/>\n<meta property=\"og:image\" content=\"https:\/\/www.sotograndeguide.com\/wp-content\/uploads\/2017\/04\/Trocadero-Sotogrande.jpg\" \/>\n\t<meta property=\"og:image:width\" content=\"1000\" \/>\n\t<meta property=\"og:image:height\" content=\"667\" \/>\n\t<meta property=\"og:image:type\" content=\"image\/jpeg\" \/>\n<meta name=\"twitter:card\" content=\"summary_large_image\" \/>\n<meta name=\"twitter:site\" content=\"@sotograndeguide\" \/>\n<meta name=\"twitter:label1\" content=\"Tiempo de lectura\" \/>\n\t<meta name=\"twitter:data1\" content=\"1 minuto\" \/>\n<!-- \/ Yoast SEO Premium plugin. -->","yoast_head_json":{"title":"Trocadero Sotogrande Beach Club &amp; Restaurant - Gu\u00eda de Sotogrande","robots":{"index":"index","follow":"follow","max-snippet":"max-snippet:-1","max-image-preview":"max-image-preview:large","max-video-preview":"max-video-preview:-1"},"canonical":"https:\/\/www.sotograndeguide.com\/es\/restaurantes-sotogrande\/trocadero\/","og_locale":"es_ES","og_type":"article","og_title":"Trocadero Sotogrande","og_description":"The Trocadero beach club is an impressive beachfront venue with a very large Restaurant, located in Sotogrande Costa, just off the prestigious Paseo del Parque avenue. From the moment you walk in, the design and decor attract all your senses. There are two cool swimming pools, large open area with sun loungers and balinese beds ... Leer m\u00e1s","og_url":"https:\/\/www.sotograndeguide.com\/es\/restaurantes-sotogrande\/trocadero\/","og_site_name":"Sotogrande Guide","article_publisher":"https:\/\/www.facebook.com\/sotograndeguide","article_modified_time":"2023-04-10T19:05:39+00:00","og_image":[{"width":1000,"height":667,"url":"https:\/\/www.sotograndeguide.com\/wp-content\/uploads\/2017\/04\/Trocadero-Sotogrande.jpg","type":"image\/jpeg"}],"twitter_card":"summary_large_image","twitter_site":"@sotograndeguide","twitter_misc":{"Tiempo de lectura":"1 minuto"},"schema":{"@context":"https:\/\/schema.org","@graph":[{"@type":"WebPage","@id":"https:\/\/www.sotograndeguide.com\/sotogrande-restaurants\/trocadero\/","url":"https:\/\/www.sotograndeguide.com\/sotogrande-restaurants\/trocadero\/","name":"Trocadero Sotogrande Beach Club &amp; Restaurant - Gu\u00eda de Sotogrande","isPartOf":{"@id":"https:\/\/www.sotograndeguide.com\/#website"},"primaryImageOfPage":{"@id":"https:\/\/www.sotograndeguide.com\/sotogrande-restaurants\/trocadero\/#primaryimage"},"image":{"@id":"https:\/\/www.sotograndeguide.com\/sotogrande-restaurants\/trocadero\/#primaryimage"},"thumbnailUrl":"https:\/\/www.sotograndeguide.com\/wp-content\/uploads\/2017\/04\/Trocadero-Sotogrande.jpg","datePublished":"2017-04-27T16:27:09+00:00","dateModified":"2023-04-10T19:05:39+00:00","breadcrumb":{"@id":"https:\/\/www.sotograndeguide.com\/sotogrande-restaurants\/trocadero\/#breadcrumb"},"inLanguage":"es","potentialAction":[{"@type":"ReadAction","target":["https:\/\/www.sotograndeguide.com\/sotogrande-restaurants\/trocadero\/"]}]},{"@type":"ImageObject","inLanguage":"es","@id":"https:\/\/www.sotograndeguide.com\/sotogrande-restaurants\/trocadero\/#primaryimage","url":"https:\/\/www.sotograndeguide.com\/wp-content\/uploads\/2017\/04\/Trocadero-Sotogrande.jpg","contentUrl":"https:\/\/www.sotograndeguide.com\/wp-content\/uploads\/2017\/04\/Trocadero-Sotogrande.jpg","width":"1000","height":"667","caption":"Trocadero Sotogrande"},{"@type":"BreadcrumbList","@id":"https:\/\/www.sotograndeguide.com\/sotogrande-restaurants\/trocadero\/#breadcrumb","itemListElement":[{"@type":"ListItem","position":1,"name":"Home","item":"https:\/\/www.sotograndeguide.com\/"},{"@type":"ListItem","position":2,"name":"Sotogrande Restaurants","item":"https:\/\/www.sotograndeguide.com\/sotogrande-restaurants\/"},{"@type":"ListItem","position":3,"name":"Trocadero Sotogrande"}]},{"@type":"WebSite","@id":"https:\/\/www.sotograndeguide.com\/#website","url":"https:\/\/www.sotograndeguide.com\/","name":"Gu\u00eda de Sotogrande","description":"Noticias, consejos, eventos y rese\u00f1as","publisher":{"@id":"https:\/\/www.sotograndeguide.com\/#organization"},"potentialAction":[{"@type":"SearchAction","target":{"@type":"EntryPoint","urlTemplate":"https:\/\/www.sotograndeguide.com\/?s={search_term_string}"},"query-input":{"@type":"PropertyValueSpecification","valueRequired":true,"valueName":"search_term_string"}}],"inLanguage":"es"},{"@type":"Organization","@id":"https:\/\/www.sotograndeguide.com\/#organization","name":"Gu\u00eda de Sotogrande","url":"https:\/\/www.sotograndeguide.com\/","logo":{"@type":"ImageObject","inLanguage":"es","@id":"https:\/\/www.sotograndeguide.com\/#\/schema\/logo\/image\/","url":"https:\/\/www.sotograndeguide.com\/wp-content\/uploads\/2017\/03\/Sotogrande-Logo-GUIDE.png","contentUrl":"https:\/\/www.sotograndeguide.com\/wp-content\/uploads\/2017\/03\/Sotogrande-Logo-GUIDE.png","width":300,"height":300,"caption":"Sotogrande Guide"},"image":{"@id":"https:\/\/www.sotograndeguide.com\/#\/schema\/logo\/image\/"},"sameAs":["https:\/\/www.facebook.com\/sotograndeguide","https:\/\/x.com\/sotograndeguide","https:\/\/www.tiktok.com\/@sotograndeguide","https:\/\/www.youtube.com\/@SotograndeGuide"]}]}},"jetpack_sharing_enabled":true,"_links":{"self":[{"href":"https:\/\/www.sotograndeguide.com\/es\/wp-json\/wp\/v2\/pages\/31590","targetHints":{"allow":["GET"]}}],"collection":[{"href":"https:\/\/www.sotograndeguide.com\/es\/wp-json\/wp\/v2\/pages"}],"about":[{"href":"https:\/\/www.sotograndeguide.com\/es\/wp-json\/wp\/v2\/types\/page"}],"author":[{"embeddable":true,"href":"https:\/\/www.sotograndeguide.com\/es\/wp-json\/wp\/v2\/users\/1"}],"replies":[{"embeddable":true,"href":"https:\/\/www.sotograndeguide.com\/es\/wp-json\/wp\/v2\/comments?post=31590"}],"version-history":[{"count":0,"href":"https:\/\/www.sotograndeguide.com\/es\/wp-json\/wp\/v2\/pages\/31590\/revisions"}],"up":[{"embeddable":true,"href":"https:\/\/www.sotograndeguide.com\/es\/wp-json\/wp\/v2\/pages\/91"}],"wp:featuredmedia":[{"embeddable":true,"href":"https:\/\/www.sotograndeguide.com\/es\/wp-json\/wp\/v2\/media\/33238"}],"wp:attachment":[{"href":"https:\/\/www.sotograndeguide.com\/es\/wp-json\/wp\/v2\/media?parent=31590"}],"curies":[{"name":"wp","href":"https:\/\/api.w.org\/{rel}","templated":true}]}}