{"id":31589,"date":"2017-02-19T22:45:31","date_gmt":"2017-02-19T22:45:31","guid":{"rendered":"http:\/\/www.sotograndeguide.com\/?page_id=31589"},"modified":"2019-05-21T20:37:06","modified_gmt":"2019-05-21T20:37:06","slug":"mara","status":"publish","type":"page","link":"https:\/\/www.sotograndeguide.com\/es\/sotogrande-restaurants\/mara\/","title":{"rendered":"Mara"},"content":{"rendered":"<p>Restaurante Mara es uno de los restaurantes con m\u00e1s solera de la zona de Sotogrande, con dos locales, uno en Sotovila, Pueblo Nuevo de Guadiaro y otro en el Puerto de Sotogrande, segunda l\u00ednea en la Plaza de Los Naranjos.<\/p>\n<p>El Restaurante Mara en el Puerto de Sotogrande est\u00e1 abierto todo el a\u00f1o, sirviendo una deliciosa y t\u00edpica variedad de platos mediterr\u00e1neos, incluyendo las populares Calameres fritas, Gambas al Pil Pil. No se lo pierda si le gusta el at\u00fan, el At\u00fan Macerado.<\/p>\n<p>Mara tiene un ambiente sin pretensiones donde la atenci\u00f3n se centra en la comida. Tienen un acuario en el interior con langosta fresca nadando alrededor y sirven un pescado de alta calidad siempre fresco.<\/p>\n<p>Los precios son asequibles y la ubicaci\u00f3n es pr\u00e1ctica, con amplio aparcamiento la mayor parte del a\u00f1o (en verano no ser\u00e1 as\u00ed).<\/p>\n<p><strong>Restaurante Mara<\/strong><br \/>\nCocina: Mediterr\u00e1nea, Pescado<br \/>\nDirecci\u00f3n: Plaza de Los Naranjos, 15, Puerto de Sotogrande, 11310, Sotogrande, Espa\u00f1a<br \/>\nTel\u00e9fono: <a href=\"tel:+34650208251\">650208251<\/a><\/p>","protected":false},"excerpt":{"rendered":"<p>El Restaurante Mara es uno de los restaurantes con m\u00e1s solera de la zona de Sotogrande, con dos locales, uno en Sotovila, Pueblo Nuevo de Guadiaro y otro en el Puerto de Sotogrande, en segunda l\u00ednea de la Plaza de Los Naranjos. El Restaurante Mara en el Puerto de Sotogrande est\u00e1 abierto todo el a\u00f1o, sirviendo una deliciosa y t\u00edpica variedad de platos mediterr\u00e1neos, ... <a title=\"Mara\" class=\"read-more\" href=\"https:\/\/www.sotograndeguide.com\/es\/sotogrande-restaurants\/mara\/\" aria-label=\"Leer m\u00e1s sobre Mara\">Leer m\u00e1s<\/a><\/p>","protected":false},"author":1,"featured_media":33290,"parent":91,"menu_order":0,"comment_status":"closed","ping_status":"closed","template":"","meta":{"footnotes":""},"class_list":["post-31589","page","type-page","status-publish","has-post-thumbnail"],"yoast_head":"<!-- This site is optimized with the Yoast SEO Premium plugin v20.5 (Yoast SEO v27.5) - https:\/\/yoast.com\/product\/yoast-seo-premium-wordpress\/ -->\n<title>Mara Restaurant - Sotogrande Guide<\/title>\n<meta name=\"robots\" content=\"index, follow, max-snippet:-1, max-image-preview:large, max-video-preview:-1\" \/>\n<link rel=\"canonical\" href=\"https:\/\/www.sotograndeguide.com\/es\/restaurantes-sotogrande\/mara\/\" \/>\n<meta property=\"og:locale\" content=\"es_ES\" \/>\n<meta property=\"og:type\" content=\"article\" \/>\n<meta property=\"og:title\" content=\"Mara\" \/>\n<meta property=\"og:description\" content=\"Mara Restaurant is one of the most established restaurants in the Sotogrande area, with two locations, one in Sotovila, Pueblo Nuevo de Guadiaro and one in Sotogrande Port, second line on the Plaza de Los Naranjos. The Mara Restaurant in Sotogrande Port is open all year, serving a delicious and typical Mediterranean variety of dishes, ... Leer m\u00e1s\" \/>\n<meta property=\"og:url\" content=\"https:\/\/www.sotograndeguide.com\/es\/restaurantes-sotogrande\/mara\/\" \/>\n<meta property=\"og:site_name\" content=\"Sotogrande Guide\" \/>\n<meta property=\"article:publisher\" content=\"https:\/\/www.facebook.com\/sotograndeguide\" \/>\n<meta property=\"article:modified_time\" content=\"2019-05-21T20:37:06+00:00\" \/>\n<meta property=\"og:image\" content=\"https:\/\/www.sotograndeguide.com\/wp-content\/uploads\/2017\/02\/Restaurante-Mara-Sotogrande.jpg\" \/>\n\t<meta property=\"og:image:width\" content=\"850\" \/>\n\t<meta property=\"og:image:height\" content=\"572\" \/>\n\t<meta property=\"og:image:type\" content=\"image\/jpeg\" \/>\n<meta name=\"twitter:card\" content=\"summary_large_image\" \/>\n<meta name=\"twitter:site\" content=\"@sotograndeguide\" \/>\n<meta name=\"twitter:label1\" content=\"Tiempo de lectura\" \/>\n\t<meta name=\"twitter:data1\" content=\"1 minuto\" \/>\n<!-- \/ Yoast SEO Premium plugin. -->","yoast_head_json":{"title":"Restaurante Mara - Gu\u00eda de Sotogrande","robots":{"index":"index","follow":"follow","max-snippet":"max-snippet:-1","max-image-preview":"max-image-preview:large","max-video-preview":"max-video-preview:-1"},"canonical":"https:\/\/www.sotograndeguide.com\/es\/restaurantes-sotogrande\/mara\/","og_locale":"es_ES","og_type":"article","og_title":"Mara","og_description":"Mara Restaurant is one of the most established restaurants in the Sotogrande area, with two locations, one in Sotovila, Pueblo Nuevo de Guadiaro and one in Sotogrande Port, second line on the Plaza de Los Naranjos. The Mara Restaurant in Sotogrande Port is open all year, serving a delicious and typical Mediterranean variety of dishes, ... Leer m\u00e1s","og_url":"https:\/\/www.sotograndeguide.com\/es\/restaurantes-sotogrande\/mara\/","og_site_name":"Sotogrande Guide","article_publisher":"https:\/\/www.facebook.com\/sotograndeguide","article_modified_time":"2019-05-21T20:37:06+00:00","og_image":[{"width":850,"height":572,"url":"https:\/\/www.sotograndeguide.com\/wp-content\/uploads\/2017\/02\/Restaurante-Mara-Sotogrande.jpg","type":"image\/jpeg"}],"twitter_card":"summary_large_image","twitter_site":"@sotograndeguide","twitter_misc":{"Tiempo de lectura":"1 minuto"},"schema":{"@context":"https:\/\/schema.org","@graph":[{"@type":"WebPage","@id":"https:\/\/www.sotograndeguide.com\/sotogrande-restaurants\/mara\/","url":"https:\/\/www.sotograndeguide.com\/sotogrande-restaurants\/mara\/","name":"Restaurante Mara - Gu\u00eda de Sotogrande","isPartOf":{"@id":"https:\/\/www.sotograndeguide.com\/#website"},"primaryImageOfPage":{"@id":"https:\/\/www.sotograndeguide.com\/sotogrande-restaurants\/mara\/#primaryimage"},"image":{"@id":"https:\/\/www.sotograndeguide.com\/sotogrande-restaurants\/mara\/#primaryimage"},"thumbnailUrl":"https:\/\/www.sotograndeguide.com\/wp-content\/uploads\/2017\/02\/Restaurante-Mara-Sotogrande.jpg","datePublished":"2017-02-19T22:45:31+00:00","dateModified":"2019-05-21T20:37:06+00:00","breadcrumb":{"@id":"https:\/\/www.sotograndeguide.com\/sotogrande-restaurants\/mara\/#breadcrumb"},"inLanguage":"es","potentialAction":[{"@type":"ReadAction","target":["https:\/\/www.sotograndeguide.com\/sotogrande-restaurants\/mara\/"]}]},{"@type":"ImageObject","inLanguage":"es","@id":"https:\/\/www.sotograndeguide.com\/sotogrande-restaurants\/mara\/#primaryimage","url":"https:\/\/www.sotograndeguide.com\/wp-content\/uploads\/2017\/02\/Restaurante-Mara-Sotogrande.jpg","contentUrl":"https:\/\/www.sotograndeguide.com\/wp-content\/uploads\/2017\/02\/Restaurante-Mara-Sotogrande.jpg","width":"850","height":"572","caption":"Restaurante Mara Sotogrande"},{"@type":"BreadcrumbList","@id":"https:\/\/www.sotograndeguide.com\/sotogrande-restaurants\/mara\/#breadcrumb","itemListElement":[{"@type":"ListItem","position":1,"name":"Home","item":"https:\/\/www.sotograndeguide.com\/"},{"@type":"ListItem","position":2,"name":"Sotogrande Restaurants","item":"https:\/\/www.sotograndeguide.com\/sotogrande-restaurants\/"},{"@type":"ListItem","position":3,"name":"Mara"}]},{"@type":"WebSite","@id":"https:\/\/www.sotograndeguide.com\/#website","url":"https:\/\/www.sotograndeguide.com\/","name":"Gu\u00eda de Sotogrande","description":"Noticias, consejos, eventos y rese\u00f1as","publisher":{"@id":"https:\/\/www.sotograndeguide.com\/#organization"},"potentialAction":[{"@type":"SearchAction","target":{"@type":"EntryPoint","urlTemplate":"https:\/\/www.sotograndeguide.com\/?s={search_term_string}"},"query-input":{"@type":"PropertyValueSpecification","valueRequired":true,"valueName":"search_term_string"}}],"inLanguage":"es"},{"@type":"Organization","@id":"https:\/\/www.sotograndeguide.com\/#organization","name":"Gu\u00eda de Sotogrande","url":"https:\/\/www.sotograndeguide.com\/","logo":{"@type":"ImageObject","inLanguage":"es","@id":"https:\/\/www.sotograndeguide.com\/#\/schema\/logo\/image\/","url":"https:\/\/www.sotograndeguide.com\/wp-content\/uploads\/2017\/03\/Sotogrande-Logo-GUIDE.png","contentUrl":"https:\/\/www.sotograndeguide.com\/wp-content\/uploads\/2017\/03\/Sotogrande-Logo-GUIDE.png","width":300,"height":300,"caption":"Sotogrande Guide"},"image":{"@id":"https:\/\/www.sotograndeguide.com\/#\/schema\/logo\/image\/"},"sameAs":["https:\/\/www.facebook.com\/sotograndeguide","https:\/\/x.com\/sotograndeguide","https:\/\/www.tiktok.com\/@sotograndeguide","https:\/\/www.youtube.com\/@SotograndeGuide"]}]}},"jetpack_sharing_enabled":true,"_links":{"self":[{"href":"https:\/\/www.sotograndeguide.com\/es\/wp-json\/wp\/v2\/pages\/31589","targetHints":{"allow":["GET"]}}],"collection":[{"href":"https:\/\/www.sotograndeguide.com\/es\/wp-json\/wp\/v2\/pages"}],"about":[{"href":"https:\/\/www.sotograndeguide.com\/es\/wp-json\/wp\/v2\/types\/page"}],"author":[{"embeddable":true,"href":"https:\/\/www.sotograndeguide.com\/es\/wp-json\/wp\/v2\/users\/1"}],"replies":[{"embeddable":true,"href":"https:\/\/www.sotograndeguide.com\/es\/wp-json\/wp\/v2\/comments?post=31589"}],"version-history":[{"count":0,"href":"https:\/\/www.sotograndeguide.com\/es\/wp-json\/wp\/v2\/pages\/31589\/revisions"}],"up":[{"embeddable":true,"href":"https:\/\/www.sotograndeguide.com\/es\/wp-json\/wp\/v2\/pages\/91"}],"wp:featuredmedia":[{"embeddable":true,"href":"https:\/\/www.sotograndeguide.com\/es\/wp-json\/wp\/v2\/media\/33290"}],"wp:attachment":[{"href":"https:\/\/www.sotograndeguide.com\/es\/wp-json\/wp\/v2\/media?parent=31589"}],"curies":[{"name":"wp","href":"https:\/\/api.w.org\/{rel}","templated":true}]}}