{"id":31588,"date":"2017-02-19T22:45:03","date_gmt":"2017-02-19T22:45:03","guid":{"rendered":"http:\/\/www.sotograndeguide.com\/?page_id=31588"},"modified":"2019-05-21T20:44:11","modified_gmt":"2019-05-21T20:44:11","slug":"puratapa","status":"publish","type":"page","link":"https:\/\/www.sotograndeguide.com\/es\/sotogrande-restaurants\/puratapa\/","title":{"rendered":"PuraTapa"},"content":{"rendered":"<p>El gastrobar PuraTapa suele estar clasificado en las primeras posiciones de populares portales de opiniones y valoraciones, gu\u00edas de viaje y directorios gastron\u00f3micos. Situado en Torreguadiaro, PuraTapa es un peque\u00f1o restaurante de estilo boutique que sirve tapas creativas.<\/p>\n<p>El restaurante PuraTapa ofrece una experiencia gastron\u00f3mica para locales y turistas por igual. Abri\u00f3 sus puertas en 2011, pero r\u00e1pidamente se convirti\u00f3 en uno de los restaurantes m\u00e1s populares de Sotogrande y a finales de 2016 abri\u00f3 un segundo local llamado Bokana, situado en el puerto deportivo de Sotogrande.<\/p>\n<p>El interior es sencillo y limpio. La carta est\u00e1 expuesta en una pizarra negra y los camareros son siempre amables y est\u00e1n dispuestos a ofrecer sugerencias.<\/p>\n<p>PuraTapa suele estar muy concurrido a la hora de comer, por lo que si tiene pensado ir con un grupo, se recomienda reservar.<\/p>\n<p><strong>PuraTapa<\/strong><br \/>\nCocina: Creativa, Tapas<br \/>\nDirecci\u00f3n: Avd Mar Del Sur S\/N, Torreguadiaro, 11312, Sotogrande, Espa\u00f1a<br \/>\nTel\u00e9fono: <a href=\"tel:+34956615366\">956615366<\/a><\/p>","protected":false},"excerpt":{"rendered":"<p>El gastrobar PuraTapa suele aparecer en las primeras posiciones de los portales de opiniones y valoraciones m\u00e1s populares, gu\u00edas de viaje y directorios gastron\u00f3micos. Situado en Torreguadiaro, PuraTapa es un peque\u00f1o restaurante de estilo boutique que sirve tapas creativas. El restaurante PuraTapa ofrece una experiencia gastron\u00f3mica que atiende a locales y turistas por igual. S\u00f3lo abrieron en 2011 pero r\u00e1pidamente ... <a title=\"PuraTapa\" class=\"read-more\" href=\"https:\/\/www.sotograndeguide.com\/es\/sotogrande-restaurants\/puratapa\/\" aria-label=\"Leer m\u00e1s sobre PuraTapa\">Leer m\u00e1s<\/a><\/p>","protected":false},"author":1,"featured_media":33291,"parent":91,"menu_order":0,"comment_status":"closed","ping_status":"closed","template":"","meta":{"footnotes":""},"class_list":["post-31588","page","type-page","status-publish","has-post-thumbnail"],"yoast_head":"<!-- This site is optimized with the Yoast SEO Premium plugin v20.5 (Yoast SEO v27.4) - https:\/\/yoast.com\/product\/yoast-seo-premium-wordpress\/ -->\n<title>PuraTapa Tapas Bar Restaurant - Sotogrande Guide<\/title>\n<meta name=\"robots\" content=\"index, follow, max-snippet:-1, max-image-preview:large, max-video-preview:-1\" \/>\n<link rel=\"canonical\" href=\"https:\/\/www.sotograndeguide.com\/es\/restaurantes-sotogrande\/puratapa\/\" \/>\n<meta property=\"og:locale\" content=\"es_ES\" \/>\n<meta property=\"og:type\" content=\"article\" \/>\n<meta property=\"og:title\" content=\"PuraTapa\" \/>\n<meta property=\"og:description\" content=\"The PuraTapa gastrobar is often rated in the top positions on popular reviews and ratings portals, travel guides and gastro directories. Located in Torreguadiaro, PuraTapa is a small boutique style restaurant serving creative tapas. The PuraTapa restaurant offers a gastronomic experience that caters to locals and tourists alike. They only opened in 2011 but quickly ... Leer m\u00e1s\" \/>\n<meta property=\"og:url\" content=\"https:\/\/www.sotograndeguide.com\/es\/restaurantes-sotogrande\/puratapa\/\" \/>\n<meta property=\"og:site_name\" content=\"Sotogrande Guide\" \/>\n<meta property=\"article:publisher\" content=\"https:\/\/www.facebook.com\/sotograndeguide\" \/>\n<meta property=\"article:modified_time\" content=\"2019-05-21T20:44:11+00:00\" \/>\n<meta property=\"og:image\" content=\"https:\/\/www.sotograndeguide.com\/wp-content\/uploads\/2017\/02\/PuraTapa-Torreguadiaro-Sotogrande.jpg\" \/>\n\t<meta property=\"og:image:width\" content=\"900\" \/>\n\t<meta property=\"og:image:height\" content=\"600\" \/>\n\t<meta property=\"og:image:type\" content=\"image\/jpeg\" \/>\n<meta name=\"twitter:card\" content=\"summary_large_image\" \/>\n<meta name=\"twitter:site\" content=\"@sotograndeguide\" \/>\n<meta name=\"twitter:label1\" content=\"Tiempo de lectura\" \/>\n\t<meta name=\"twitter:data1\" content=\"1 minuto\" \/>\n<!-- \/ Yoast SEO Premium plugin. -->","yoast_head_json":{"title":"PuraTapa Tapas Bar Restaurante - Gu\u00eda de Sotogrande","robots":{"index":"index","follow":"follow","max-snippet":"max-snippet:-1","max-image-preview":"max-image-preview:large","max-video-preview":"max-video-preview:-1"},"canonical":"https:\/\/www.sotograndeguide.com\/es\/restaurantes-sotogrande\/puratapa\/","og_locale":"es_ES","og_type":"article","og_title":"PuraTapa","og_description":"The PuraTapa gastrobar is often rated in the top positions on popular reviews and ratings portals, travel guides and gastro directories. Located in Torreguadiaro, PuraTapa is a small boutique style restaurant serving creative tapas. The PuraTapa restaurant offers a gastronomic experience that caters to locals and tourists alike. They only opened in 2011 but quickly ... Leer m\u00e1s","og_url":"https:\/\/www.sotograndeguide.com\/es\/restaurantes-sotogrande\/puratapa\/","og_site_name":"Sotogrande Guide","article_publisher":"https:\/\/www.facebook.com\/sotograndeguide","article_modified_time":"2019-05-21T20:44:11+00:00","og_image":[{"width":900,"height":600,"url":"https:\/\/www.sotograndeguide.com\/wp-content\/uploads\/2017\/02\/PuraTapa-Torreguadiaro-Sotogrande.jpg","type":"image\/jpeg"}],"twitter_card":"summary_large_image","twitter_site":"@sotograndeguide","twitter_misc":{"Tiempo de lectura":"1 minuto"},"schema":{"@context":"https:\/\/schema.org","@graph":[{"@type":"WebPage","@id":"https:\/\/www.sotograndeguide.com\/sotogrande-restaurants\/puratapa\/","url":"https:\/\/www.sotograndeguide.com\/sotogrande-restaurants\/puratapa\/","name":"PuraTapa Tapas Bar Restaurante - Gu\u00eda de Sotogrande","isPartOf":{"@id":"https:\/\/www.sotograndeguide.com\/#website"},"primaryImageOfPage":{"@id":"https:\/\/www.sotograndeguide.com\/sotogrande-restaurants\/puratapa\/#primaryimage"},"image":{"@id":"https:\/\/www.sotograndeguide.com\/sotogrande-restaurants\/puratapa\/#primaryimage"},"thumbnailUrl":"https:\/\/www.sotograndeguide.com\/wp-content\/uploads\/2017\/02\/PuraTapa-Torreguadiaro-Sotogrande.jpg","datePublished":"2017-02-19T22:45:03+00:00","dateModified":"2019-05-21T20:44:11+00:00","breadcrumb":{"@id":"https:\/\/www.sotograndeguide.com\/sotogrande-restaurants\/puratapa\/#breadcrumb"},"inLanguage":"es","potentialAction":[{"@type":"ReadAction","target":["https:\/\/www.sotograndeguide.com\/sotogrande-restaurants\/puratapa\/"]}]},{"@type":"ImageObject","inLanguage":"es","@id":"https:\/\/www.sotograndeguide.com\/sotogrande-restaurants\/puratapa\/#primaryimage","url":"https:\/\/www.sotograndeguide.com\/wp-content\/uploads\/2017\/02\/PuraTapa-Torreguadiaro-Sotogrande.jpg","contentUrl":"https:\/\/www.sotograndeguide.com\/wp-content\/uploads\/2017\/02\/PuraTapa-Torreguadiaro-Sotogrande.jpg","width":"900","height":"600","caption":"PuraTapa Torreguadiaro Sotogrande"},{"@type":"BreadcrumbList","@id":"https:\/\/www.sotograndeguide.com\/sotogrande-restaurants\/puratapa\/#breadcrumb","itemListElement":[{"@type":"ListItem","position":1,"name":"Home","item":"https:\/\/www.sotograndeguide.com\/"},{"@type":"ListItem","position":2,"name":"Sotogrande Restaurants","item":"https:\/\/www.sotograndeguide.com\/sotogrande-restaurants\/"},{"@type":"ListItem","position":3,"name":"PuraTapa"}]},{"@type":"WebSite","@id":"https:\/\/www.sotograndeguide.com\/#website","url":"https:\/\/www.sotograndeguide.com\/","name":"Gu\u00eda de Sotogrande","description":"Noticias, consejos, eventos y rese\u00f1as","publisher":{"@id":"https:\/\/www.sotograndeguide.com\/#organization"},"potentialAction":[{"@type":"SearchAction","target":{"@type":"EntryPoint","urlTemplate":"https:\/\/www.sotograndeguide.com\/?s={search_term_string}"},"query-input":{"@type":"PropertyValueSpecification","valueRequired":true,"valueName":"search_term_string"}}],"inLanguage":"es"},{"@type":"Organization","@id":"https:\/\/www.sotograndeguide.com\/#organization","name":"Gu\u00eda de Sotogrande","url":"https:\/\/www.sotograndeguide.com\/","logo":{"@type":"ImageObject","inLanguage":"es","@id":"https:\/\/www.sotograndeguide.com\/#\/schema\/logo\/image\/","url":"https:\/\/www.sotograndeguide.com\/wp-content\/uploads\/2017\/03\/Sotogrande-Logo-GUIDE.png","contentUrl":"https:\/\/www.sotograndeguide.com\/wp-content\/uploads\/2017\/03\/Sotogrande-Logo-GUIDE.png","width":300,"height":300,"caption":"Sotogrande Guide"},"image":{"@id":"https:\/\/www.sotograndeguide.com\/#\/schema\/logo\/image\/"},"sameAs":["https:\/\/www.facebook.com\/sotograndeguide","https:\/\/x.com\/sotograndeguide","https:\/\/www.tiktok.com\/@sotograndeguide","https:\/\/www.youtube.com\/@SotograndeGuide"]}]}},"jetpack_sharing_enabled":true,"_links":{"self":[{"href":"https:\/\/www.sotograndeguide.com\/es\/wp-json\/wp\/v2\/pages\/31588","targetHints":{"allow":["GET"]}}],"collection":[{"href":"https:\/\/www.sotograndeguide.com\/es\/wp-json\/wp\/v2\/pages"}],"about":[{"href":"https:\/\/www.sotograndeguide.com\/es\/wp-json\/wp\/v2\/types\/page"}],"author":[{"embeddable":true,"href":"https:\/\/www.sotograndeguide.com\/es\/wp-json\/wp\/v2\/users\/1"}],"replies":[{"embeddable":true,"href":"https:\/\/www.sotograndeguide.com\/es\/wp-json\/wp\/v2\/comments?post=31588"}],"version-history":[{"count":0,"href":"https:\/\/www.sotograndeguide.com\/es\/wp-json\/wp\/v2\/pages\/31588\/revisions"}],"up":[{"embeddable":true,"href":"https:\/\/www.sotograndeguide.com\/es\/wp-json\/wp\/v2\/pages\/91"}],"wp:featuredmedia":[{"embeddable":true,"href":"https:\/\/www.sotograndeguide.com\/es\/wp-json\/wp\/v2\/media\/33291"}],"wp:attachment":[{"href":"https:\/\/www.sotograndeguide.com\/es\/wp-json\/wp\/v2\/media?parent=31588"}],"curies":[{"name":"wp","href":"https:\/\/api.w.org\/{rel}","templated":true}]}}