{"id":31586,"date":"2017-10-22T17:07:51","date_gmt":"2017-10-22T17:07:51","guid":{"rendered":"http:\/\/www.sotograndeguide.com\/?page_id=31586"},"modified":"2023-05-23T19:03:49","modified_gmt":"2023-05-23T19:03:49","slug":"hotel-encinar-de-sotogrande","status":"publish","type":"page","link":"https:\/\/www.sotograndeguide.com\/es\/sotogrande-hotels\/hotel-encinar-de-sotogrande\/","title":{"rendered":"Hotel Encinar de Sotogrande"},"content":{"rendered":"<p>En <a href=\"https:\/\/www.booking.com\/hotel\/es\/sotograndecadiz.en.html?aid=1233189&amp;no_rooms=1&amp;group_adults=1&amp;label=sotograndeguide\" target=\"_blank\" rel=\"noopener noreferrer\">Hotel Encinar de Sotogrande<\/a> (antes Hotel NH Sotogrande) est\u00e1 situado justo al lado de la autopista A-7, en la salida Km 130. Este hotel de 4 estrellas fue el primer hotel de Sotogrande y desde entonces ha sido reformado en numerosas ocasiones y ampliado en tama\u00f1o.<\/p>\n<p>El Hotel Encinar de Sotogrande ofrece un alojamiento c\u00f3modo y a precios razonables y es popular entre los turistas que vienen a jugar al Golf, as\u00ed como los que visitan Sotogrande con amigos y familiares. Dispone de una amplia zona ajardinada exterior con piscina, pistas de p\u00e1del y zona de juegos para ni\u00f1os.<\/p>\n<p>El Hotel Encinar de Sotogrande ofrece 96 habitaciones de diversas categor\u00edas y tama\u00f1os, muchas de ellas con vistas al jard\u00edn y algunas con vistas al cercano campo de golf La Ca\u00f1ada. El hotel est\u00e1 situado junto a la A-7, por lo que dependiendo del viento el ruido puede ser constante.<\/p>\n<p>El Hotel Encinar de Sotogrande ofrece un alojamiento asequible en Sotogrande que la mayor\u00eda de los hu\u00e9spedes consideran la mejor relaci\u00f3n calidad-precio de la zona de Sotogrande, seg\u00fan los sitios web de opiniones m\u00e1s populares.<\/p>\n<p>Situado cerca de <a href=\"https:\/\/www.sotograndeguide.com\/es\/playas-de-sotogrande\/el-club-de-playa-la-reserva\/\">la nueva Playa en La Reserva Club<\/a>.<\/p>\n<h3>Galer\u00eda de fotos del Hotel Encinar de Sotogrande<\/h3>\n<div id='gallery-1' class='gallery galleryid-31586 gallery-columns-4 gallery-size-medium'><figure class='gallery-item'>\n\t\t\t<div class='gallery-icon landscape'>\n\t\t\t\t<a href='https:\/\/www.sotograndeguide.com\/wp-content\/uploads\/2018\/11\/Hotel-NH-Sotogrande-1.jpg'><img decoding=\"async\" width=\"300\" height=\"200\" src=\"https:\/\/www.sotograndeguide.com\/wp-content\/uploads\/2018\/11\/Hotel-NH-Sotogrande-1-300x200.jpg\" class=\"attachment-medium size-medium\" alt=\"Hotel NH Sotogrande\" srcset=\"https:\/\/www.sotograndeguide.com\/wp-content\/uploads\/2018\/11\/Hotel-NH-Sotogrande-1-300x200.jpg 300w, https:\/\/www.sotograndeguide.com\/wp-content\/uploads\/2018\/11\/Hotel-NH-Sotogrande-1-768x512.jpg 768w, https:\/\/www.sotograndeguide.com\/wp-content\/uploads\/2018\/11\/Hotel-NH-Sotogrande-1-1024x683.jpg 1024w, https:\/\/www.sotograndeguide.com\/wp-content\/uploads\/2018\/11\/Hotel-NH-Sotogrande-1.jpg 1200w\" sizes=\"(max-width: 300px) 100vw, 300px\" \/><\/a>\n\t\t\t<\/div><\/figure><figure class='gallery-item'>\n\t\t\t<div class='gallery-icon landscape'>\n\t\t\t\t<a href='https:\/\/www.sotograndeguide.com\/wp-content\/uploads\/2018\/11\/Hotel-NH-Sotogrande-4.jpg'><img decoding=\"async\" width=\"300\" height=\"200\" src=\"https:\/\/www.sotograndeguide.com\/wp-content\/uploads\/2018\/11\/Hotel-NH-Sotogrande-4-300x200.jpg\" class=\"attachment-medium size-medium\" alt=\"Hotel NH Sotogrande\" srcset=\"https:\/\/www.sotograndeguide.com\/wp-content\/uploads\/2018\/11\/Hotel-NH-Sotogrande-4-300x200.jpg 300w, https:\/\/www.sotograndeguide.com\/wp-content\/uploads\/2018\/11\/Hotel-NH-Sotogrande-4-768x512.jpg 768w, https:\/\/www.sotograndeguide.com\/wp-content\/uploads\/2018\/11\/Hotel-NH-Sotogrande-4-1024x683.jpg 1024w, https:\/\/www.sotograndeguide.com\/wp-content\/uploads\/2018\/11\/Hotel-NH-Sotogrande-4.jpg 1200w\" sizes=\"(max-width: 300px) 100vw, 300px\" \/><\/a>\n\t\t\t<\/div><\/figure><figure class='gallery-item'>\n\t\t\t<div class='gallery-icon landscape'>\n\t\t\t\t<a href='https:\/\/www.sotograndeguide.com\/wp-content\/uploads\/2018\/11\/Hotel-NH-Sotogrande-2.jpg'><img decoding=\"async\" width=\"300\" height=\"200\" src=\"https:\/\/www.sotograndeguide.com\/wp-content\/uploads\/2018\/11\/Hotel-NH-Sotogrande-2-300x200.jpg\" class=\"attachment-medium size-medium\" alt=\"Hotel NH Sotogrande\" srcset=\"https:\/\/www.sotograndeguide.com\/wp-content\/uploads\/2018\/11\/Hotel-NH-Sotogrande-2-300x200.jpg 300w, https:\/\/www.sotograndeguide.com\/wp-content\/uploads\/2018\/11\/Hotel-NH-Sotogrande-2-768x512.jpg 768w, https:\/\/www.sotograndeguide.com\/wp-content\/uploads\/2018\/11\/Hotel-NH-Sotogrande-2-1024x683.jpg 1024w, https:\/\/www.sotograndeguide.com\/wp-content\/uploads\/2018\/11\/Hotel-NH-Sotogrande-2.jpg 1200w\" sizes=\"(max-width: 300px) 100vw, 300px\" \/><\/a>\n\t\t\t<\/div><\/figure><figure class='gallery-item'>\n\t\t\t<div class='gallery-icon landscape'>\n\t\t\t\t<a href='https:\/\/www.sotograndeguide.com\/wp-content\/uploads\/2018\/11\/Hotel-NH-Sotogrande-3.jpg'><img decoding=\"async\" width=\"300\" height=\"200\" src=\"https:\/\/www.sotograndeguide.com\/wp-content\/uploads\/2018\/11\/Hotel-NH-Sotogrande-3-300x200.jpg\" class=\"attachment-medium size-medium\" alt=\"Hotel NH Sotogrande\" srcset=\"https:\/\/www.sotograndeguide.com\/wp-content\/uploads\/2018\/11\/Hotel-NH-Sotogrande-3-300x200.jpg 300w, https:\/\/www.sotograndeguide.com\/wp-content\/uploads\/2018\/11\/Hotel-NH-Sotogrande-3-768x512.jpg 768w, https:\/\/www.sotograndeguide.com\/wp-content\/uploads\/2018\/11\/Hotel-NH-Sotogrande-3-1024x683.jpg 1024w, https:\/\/www.sotograndeguide.com\/wp-content\/uploads\/2018\/11\/Hotel-NH-Sotogrande-3.jpg 1200w\" sizes=\"(max-width: 300px) 100vw, 300px\" \/><\/a>\n\t\t\t<\/div><\/figure>\n\t\t<\/div>\n\n<p><a href=\"https:\/\/www.booking.com\/hotel\/es\/sotograndecadiz.en.html?aid=1233189&amp;no_rooms=1&amp;group_adults=1&amp;label=sotograndeguide\">Consulte las mejores tarifas en el Hotel Encinar de Sotogrande<\/a>.<br \/>\n<a href=\"https:\/\/www.sotograndeguide.com\/es\/hoteles-de-sotogrande\/\">Consulta otros hoteles en Sotogrande y alrededores<\/a>.<br \/>\n<a href=\"https:\/\/www.sotograndeguide.com\/es\/conserje-de-sotogrande\/\" target=\"_blank\" rel=\"noopener noreferrer\">\u00bfTiene preguntas sobre este Hotel? Hable con el Conserje de Sotogrande<\/a>.<\/p>\n<p><strong>Hotel Encinar de Sotogrande<\/strong><br \/>\nDirecci\u00f3n: Autov\u00eda del Mediterr\u00e1neo, Km. 130, 11310 Sotogrande, C\u00e1diz<br \/>\nTel\u00e9fono: <a href=\"tel:+34956695444\">956695444<\/a><\/p>","protected":false},"excerpt":{"rendered":"<p>El Hotel Encinar de Sotogrande (antes Hotel NH Sotogrande) est\u00e1 situado justo al lado de la autopista A-7, en la salida Km 130. Este hotel de 4 estrellas fue el primer hotel de Sotogrande y desde entonces ha sido reformado en numerosas ocasiones y ampliado en tama\u00f1o. El Hotel Encinar de Sotogrande ofrece un alojamiento c\u00f3modo y a precios razonables y est\u00e1 ... <a title=\"Hotel Encinar de Sotogrande\" class=\"read-more\" href=\"https:\/\/www.sotograndeguide.com\/es\/sotogrande-hotels\/hotel-encinar-de-sotogrande\/\" aria-label=\"Leer m\u00e1s sobre Hotel Encinar de Sotogrande\">Leer m\u00e1s<\/a><\/p>","protected":false},"author":1,"featured_media":35977,"parent":94,"menu_order":0,"comment_status":"closed","ping_status":"closed","template":"","meta":{"footnotes":""},"class_list":["post-31586","page","type-page","status-publish","has-post-thumbnail"],"yoast_head":"<!-- This site is optimized with the Yoast SEO Premium plugin v20.5 (Yoast SEO v27.5) - https:\/\/yoast.com\/product\/yoast-seo-premium-wordpress\/ -->\n<title>Hotel Encinar de Sotogrande - Sotogrande Guide \ud83d\udecc Trending Hotel Book Now<\/title>\n<meta name=\"description\" content=\"The Hotel Encinar de Sotogrande is a landmark hotel with great facilities and generous-sized rooms. A popular hotel for groups and families.\" \/>\n<meta name=\"robots\" content=\"index, follow, max-snippet:-1, max-image-preview:large, max-video-preview:-1\" \/>\n<link rel=\"canonical\" href=\"https:\/\/www.sotograndeguide.com\/es\/hoteles-de-sotogrande\/hotel-encinar-de-sotogrande\/\" \/>\n<meta property=\"og:locale\" content=\"es_ES\" \/>\n<meta property=\"og:type\" content=\"article\" \/>\n<meta property=\"og:title\" content=\"Hotel Encinar de Sotogrande\" \/>\n<meta property=\"og:description\" content=\"The Hotel Encinar de Sotogrande is a landmark hotel with great facilities and generous-sized rooms. A popular hotel for groups and families.\" \/>\n<meta property=\"og:url\" content=\"https:\/\/www.sotograndeguide.com\/es\/hoteles-de-sotogrande\/hotel-encinar-de-sotogrande\/\" \/>\n<meta property=\"og:site_name\" content=\"Sotogrande Guide\" \/>\n<meta property=\"article:publisher\" content=\"https:\/\/www.facebook.com\/sotograndeguide\" \/>\n<meta property=\"article:modified_time\" content=\"2023-05-23T19:03:49+00:00\" \/>\n<meta property=\"og:image\" content=\"https:\/\/www.sotograndeguide.com\/wp-content\/uploads\/2023\/05\/Hote-Encinar-de-Sotogrande.jpg\" \/>\n\t<meta property=\"og:image:width\" content=\"1900\" \/>\n\t<meta property=\"og:image:height\" content=\"1266\" \/>\n\t<meta property=\"og:image:type\" content=\"image\/jpeg\" \/>\n<meta name=\"twitter:card\" content=\"summary_large_image\" \/>\n<meta name=\"twitter:site\" content=\"@sotograndeguide\" \/>\n<meta name=\"twitter:label1\" content=\"Tiempo de lectura\" \/>\n\t<meta name=\"twitter:data1\" content=\"1 minuto\" \/>\n<!-- \/ Yoast SEO Premium plugin. -->","yoast_head_json":{"title":"Hotel Encinar de Sotogrande - Gu\u00eda de Sotogrande \ud83d\udecc Trending Hotel Reserva Ahora","description":"El Hotel Encinar de Sotogrande es un hotel emblem\u00e1tico con grandes instalaciones y habitaciones de tama\u00f1o generoso. Un hotel popular para grupos y familias.","robots":{"index":"index","follow":"follow","max-snippet":"max-snippet:-1","max-image-preview":"max-image-preview:large","max-video-preview":"max-video-preview:-1"},"canonical":"https:\/\/www.sotograndeguide.com\/es\/hoteles-de-sotogrande\/hotel-encinar-de-sotogrande\/","og_locale":"es_ES","og_type":"article","og_title":"Hotel Encinar de Sotogrande","og_description":"The Hotel Encinar de Sotogrande is a landmark hotel with great facilities and generous-sized rooms. A popular hotel for groups and families.","og_url":"https:\/\/www.sotograndeguide.com\/es\/hoteles-de-sotogrande\/hotel-encinar-de-sotogrande\/","og_site_name":"Sotogrande Guide","article_publisher":"https:\/\/www.facebook.com\/sotograndeguide","article_modified_time":"2023-05-23T19:03:49+00:00","og_image":[{"width":1900,"height":1266,"url":"https:\/\/www.sotograndeguide.com\/wp-content\/uploads\/2023\/05\/Hote-Encinar-de-Sotogrande.jpg","type":"image\/jpeg"}],"twitter_card":"summary_large_image","twitter_site":"@sotograndeguide","twitter_misc":{"Tiempo de lectura":"1 minuto"},"schema":{"@context":"https:\/\/schema.org","@graph":[{"@type":"WebPage","@id":"https:\/\/www.sotograndeguide.com\/sotogrande-hotels\/hotel-encinar-de-sotogrande\/","url":"https:\/\/www.sotograndeguide.com\/sotogrande-hotels\/hotel-encinar-de-sotogrande\/","name":"Hotel Encinar de Sotogrande - Gu\u00eda de Sotogrande \ud83d\udecc Trending Hotel Reserva Ahora","isPartOf":{"@id":"https:\/\/www.sotograndeguide.com\/#website"},"primaryImageOfPage":{"@id":"https:\/\/www.sotograndeguide.com\/sotogrande-hotels\/hotel-encinar-de-sotogrande\/#primaryimage"},"image":{"@id":"https:\/\/www.sotograndeguide.com\/sotogrande-hotels\/hotel-encinar-de-sotogrande\/#primaryimage"},"thumbnailUrl":"https:\/\/www.sotograndeguide.com\/wp-content\/uploads\/2023\/05\/Hote-Encinar-de-Sotogrande.jpg","datePublished":"2017-10-22T17:07:51+00:00","dateModified":"2023-05-23T19:03:49+00:00","description":"El Hotel Encinar de Sotogrande es un hotel emblem\u00e1tico con grandes instalaciones y habitaciones de tama\u00f1o generoso. Un hotel popular para grupos y familias.","breadcrumb":{"@id":"https:\/\/www.sotograndeguide.com\/sotogrande-hotels\/hotel-encinar-de-sotogrande\/#breadcrumb"},"inLanguage":"es","potentialAction":[{"@type":"ReadAction","target":["https:\/\/www.sotograndeguide.com\/sotogrande-hotels\/hotel-encinar-de-sotogrande\/"]}]},{"@type":"ImageObject","inLanguage":"es","@id":"https:\/\/www.sotograndeguide.com\/sotogrande-hotels\/hotel-encinar-de-sotogrande\/#primaryimage","url":"https:\/\/www.sotograndeguide.com\/wp-content\/uploads\/2023\/05\/Hote-Encinar-de-Sotogrande.jpg","contentUrl":"https:\/\/www.sotograndeguide.com\/wp-content\/uploads\/2023\/05\/Hote-Encinar-de-Sotogrande.jpg","width":1900,"height":1266,"caption":"Hotel Encinar de Sotogrande"},{"@type":"BreadcrumbList","@id":"https:\/\/www.sotograndeguide.com\/sotogrande-hotels\/hotel-encinar-de-sotogrande\/#breadcrumb","itemListElement":[{"@type":"ListItem","position":1,"name":"Home","item":"https:\/\/www.sotograndeguide.com\/"},{"@type":"ListItem","position":2,"name":"Sotogrande Hotels","item":"https:\/\/www.sotograndeguide.com\/sotogrande-hotels\/"},{"@type":"ListItem","position":3,"name":"Hotel Encinar de Sotogrande"}]},{"@type":"WebSite","@id":"https:\/\/www.sotograndeguide.com\/#website","url":"https:\/\/www.sotograndeguide.com\/","name":"Gu\u00eda de Sotogrande","description":"Noticias, consejos, eventos y rese\u00f1as","publisher":{"@id":"https:\/\/www.sotograndeguide.com\/#organization"},"potentialAction":[{"@type":"SearchAction","target":{"@type":"EntryPoint","urlTemplate":"https:\/\/www.sotograndeguide.com\/?s={search_term_string}"},"query-input":{"@type":"PropertyValueSpecification","valueRequired":true,"valueName":"search_term_string"}}],"inLanguage":"es"},{"@type":"Organization","@id":"https:\/\/www.sotograndeguide.com\/#organization","name":"Gu\u00eda de Sotogrande","url":"https:\/\/www.sotograndeguide.com\/","logo":{"@type":"ImageObject","inLanguage":"es","@id":"https:\/\/www.sotograndeguide.com\/#\/schema\/logo\/image\/","url":"https:\/\/www.sotograndeguide.com\/wp-content\/uploads\/2017\/03\/Sotogrande-Logo-GUIDE.png","contentUrl":"https:\/\/www.sotograndeguide.com\/wp-content\/uploads\/2017\/03\/Sotogrande-Logo-GUIDE.png","width":300,"height":300,"caption":"Sotogrande Guide"},"image":{"@id":"https:\/\/www.sotograndeguide.com\/#\/schema\/logo\/image\/"},"sameAs":["https:\/\/www.facebook.com\/sotograndeguide","https:\/\/x.com\/sotograndeguide","https:\/\/www.tiktok.com\/@sotograndeguide","https:\/\/www.youtube.com\/@SotograndeGuide"]}]}},"jetpack_sharing_enabled":true,"_links":{"self":[{"href":"https:\/\/www.sotograndeguide.com\/es\/wp-json\/wp\/v2\/pages\/31586","targetHints":{"allow":["GET"]}}],"collection":[{"href":"https:\/\/www.sotograndeguide.com\/es\/wp-json\/wp\/v2\/pages"}],"about":[{"href":"https:\/\/www.sotograndeguide.com\/es\/wp-json\/wp\/v2\/types\/page"}],"author":[{"embeddable":true,"href":"https:\/\/www.sotograndeguide.com\/es\/wp-json\/wp\/v2\/users\/1"}],"replies":[{"embeddable":true,"href":"https:\/\/www.sotograndeguide.com\/es\/wp-json\/wp\/v2\/comments?post=31586"}],"version-history":[{"count":0,"href":"https:\/\/www.sotograndeguide.com\/es\/wp-json\/wp\/v2\/pages\/31586\/revisions"}],"up":[{"embeddable":true,"href":"https:\/\/www.sotograndeguide.com\/es\/wp-json\/wp\/v2\/pages\/94"}],"wp:featuredmedia":[{"embeddable":true,"href":"https:\/\/www.sotograndeguide.com\/es\/wp-json\/wp\/v2\/media\/35977"}],"wp:attachment":[{"href":"https:\/\/www.sotograndeguide.com\/es\/wp-json\/wp\/v2\/media?parent=31586"}],"curies":[{"name":"wp","href":"https:\/\/api.w.org\/{rel}","templated":true}]}}