{"id":1257,"date":"2017-02-01T09:26:09","date_gmt":"2017-02-01T09:26:09","guid":{"rendered":"http:\/\/www.sotograndeguide.com\/?page_id=1257"},"modified":"2017-02-01T09:26:09","modified_gmt":"2017-02-01T09:26:09","slug":"privacidad","status":"publish","type":"page","link":"https:\/\/www.sotograndeguide.com\/es\/privacy\/","title":{"rendered":"Privacidad"},"content":{"rendered":"<p>Esta pol\u00edtica de privacidad describe c\u00f3mo tratamos los datos personales proporcionados por nuestros usuarios. Recogemos, almacenamos en ficheros de datos, utilizamos y compartimos dichos datos personales para ayudar a que el sitio web SotograndeGuide.com (\"SotograndeGuide.com\") funcione y para mantenerlo seguro (detalles m\u00e1s abajo). SotograndeGuide.com actuando por s\u00ed misma y a trav\u00e9s de sus filiales, es la \"responsable del tratamiento\" de dichos datos personales. Cuando usted accede a SotograndeGuide.com (y en particular cuando nos facilita sus datos personales) acepta las condiciones previstas en esta pol\u00edtica y otorga su consentimiento a SotograndeGuide.com para llevar a cabo el tratamiento de datos aqu\u00ed previsto). Esta pol\u00edtica entra en vigor el 01\/01\/2017.<\/p>\n<p>COLECCI\u00d3N. La informaci\u00f3n publicada en SotograndeGuide.com est\u00e1, obviamente, a disposici\u00f3n del p\u00fablico. Nuestros servidores est\u00e1n ubicados en Estados Unidos y en la Uni\u00f3n Europea. Por lo tanto, si decide proporcionarnos informaci\u00f3n personal, est\u00e1 consintiendo la transferencia y almacenamiento de dicha informaci\u00f3n en nuestros servidores de Estados Unidos y de la Uni\u00f3n Europea. Recogemos y almacenamos en ficheros de datos los siguientes datos personales:<\/p>\n<p>direcci\u00f3n de correo electr\u00f3nico, informaci\u00f3n de contacto f\u00edsico y (dependiendo del servicio utilizado) a veces n\u00fameros de tel\u00e9fono;<br \/>\ndatos de inicio de sesi\u00f3n del ordenador, estad\u00edsticas sobre p\u00e1ginas vistas, tr\u00e1fico hacia y desde SotograndeGuide.com y datos de anuncios (todo ello a trav\u00e9s de cookies - puede tomar medidas para desactivar las cookies en su navegador, aunque es probable que esto afecte a su capacidad para utilizar el sitio);<br \/>\notra informaci\u00f3n, incluida la direcci\u00f3n IP de los usuarios y la informaci\u00f3n est\u00e1ndar de registro web.<\/p>\n<p>USO. Utilizamos la informaci\u00f3n personal de los usuarios para:<\/p>\n<p>prestar nuestros servicios;<br \/>\nresolver litigios, cobrar tasas y solucionar problemas;<br \/>\nfomentar el comercio seguro y hacer cumplir nuestras pol\u00edticas;<br \/>\npersonalizar las experiencias de los usuarios, medir el inter\u00e9s en nuestros servicios, mejorar nuestros servicios e informar a los usuarios sobre servicios y actualizaciones;<br \/>\ncomunicarle ofertas promocionales y de marketing de acuerdo con sus preferencias;<br \/>\nhacer otras cosas para los usuarios como se describe cuando recogemos la informaci\u00f3n.<\/p>\n<p>DIVULGACI\u00d3N. No vendemos ni alquilamos sus datos personales a terceros para sus fines comerciales sin su consentimiento expl\u00edcito. Podemos revelar informaci\u00f3n personal para responder a requisitos legales, hacer cumplir nuestras pol\u00edticas, responder a reclamaciones de que una publicaci\u00f3n u otro contenido viola los derechos de otros, o proteger los derechos, la propiedad o la seguridad de cualquier persona. Tambi\u00e9n podemos compartir su informaci\u00f3n personal para ayudar a detectar y prevenir actos potencialmente ilegales y violaciones de nuestras pol\u00edticas, y para orientar las decisiones sobre sus productos, servicios y comunicaciones. Los miembros de nuestra familia corporativa utilizar\u00e1n esta informaci\u00f3n para enviarle comunicaciones de marketing s\u00f3lo si usted ha solicitado sus servicios.<\/p>\n<p>USO DE LA INFORMACI\u00d3N DE SotograndeGuide.com. Usted puede utilizar la informaci\u00f3n personal recopilada de SotograndeGuide.com s\u00f3lo para hacer un seguimiento con otro usuario sobre un anuncio espec\u00edfico, no para enviar spam o recopilar datos personales de alguien que no ha accedido a ello.<\/p>\n<p>COMUNICACIONES Y HERRAMIENTAS DE CORREO ELECTR\u00d3NICO. Usted acepta recibir comunicaciones de marketing nuestras y de nuestros socios, a menos que nos indique que prefiere no recibirlas. Si no desea recibir nuestras comunicaciones comerciales, s\u00f3lo tiene que indicar su preferencia siguiendo las instrucciones proporcionadas con la comunicaci\u00f3n.<\/p>\n<p>No puede utilizar nuestro sitio ni nuestras herramientas de comunicaci\u00f3n para recopilar direcciones, enviar spam o incumplir de cualquier otro modo nuestras Condiciones de uso o nuestra Pol\u00edtica de privacidad. Podemos escanear autom\u00e1ticamente y filtrar manualmente los mensajes enviados a trav\u00e9s de nuestras herramientas de comunicaci\u00f3n en busca de actividades maliciosas o contenidos prohibidos, pero no almacenamos permanentemente dichos mensajes. Si utiliza nuestras herramientas para enviar contenidos a un amigo, no almacenamos permanentemente las direcciones de sus amigos ni las utilizamos o revelamos con fines de marketing. Para denunciar el spam de otros usuarios, p\u00f3ngase en contacto con el Servicio de Atenci\u00f3n al Cliente.<\/p>\n<p>ACCESO, MODIFICACI\u00d3N, CANCELACI\u00d3N Y OPOSICI\u00d3N Puede acceder, modificar, cancelar la mayor\u00eda de sus datos personales u oponerse a cualquier tratamiento de dichos datos personales revisando su publicaci\u00f3n o la p\u00e1gina de estado de su cuenta. P\u00f3ngase en contacto con Atenci\u00f3n al Cliente para revisar cualquier dato personal que almacenemos y que no est\u00e9 disponible en SotograndeGuide.com. Dichas solicitudes pueden conllevar un coste, pero \u00e9ste no superar\u00e1 los importes permitidos por la ley. Cancelamos los datos personales cuando ya no los necesitamos para los fines que hemos descrito anteriormente. Conservamos los datos personales seg\u00fan lo permita la ley para resolver disputas, hacer cumplir nuestras pol\u00edticas y evitar que vuelvan los malos.<\/p>\n<p>SEGURIDAD. Utilizamos muchas herramientas (cifrado, contrase\u00f1as, seguridad f\u00edsica) para proteger su informaci\u00f3n personal contra el acceso y la divulgaci\u00f3n no autorizados, pero como probablemente sabe, nada es perfecto, por lo que no ofrecemos garant\u00edas.<\/p>\n<p>GENERAL. Podemos actualizar esta pol\u00edtica en cualquier momento, y las actualizaciones entrar\u00e1n en vigor la pr\u00f3xima vez que utilice SotograndeGuide.com o transcurridos 30 d\u00edas, lo que ocurra antes. Si nosotros o nuestras filiales corporativas participamos en una fusi\u00f3n o adquisici\u00f3n, podemos compartir datos personales con otra empresa, pero esta pol\u00edtica seguir\u00e1 siendo de aplicaci\u00f3n. Env\u00ede sus preguntas sobre esta pol\u00edtica al Servicio de Atenci\u00f3n al Cliente.<\/p>","protected":false},"excerpt":{"rendered":"<p>Esta pol\u00edtica de privacidad describe c\u00f3mo tratamos los datos personales proporcionados por nuestros usuarios. Recogemos, almacenamos en ficheros de datos, utilizamos y compartimos dichos datos personales para ayudar a que el sitio web SotograndeGuide.com (\"SotograndeGuide.com\") funcione y para mantenerlo seguro (detalles m\u00e1s abajo). SotograndeGuide.com actuando por s\u00ed misma y a trav\u00e9s de sus filiales, es la \"responsable del tratamiento\" de dichos datos personales. ... <a title=\"Privacidad\" class=\"read-more\" href=\"https:\/\/www.sotograndeguide.com\/es\/privacy\/\" aria-label=\"Leer m\u00e1s sobre Privacidad\">Leer m\u00e1s<\/a><\/p>","protected":false},"author":1,"featured_media":0,"parent":0,"menu_order":0,"comment_status":"closed","ping_status":"closed","template":"","meta":{"footnotes":""},"class_list":["post-1257","page","type-page","status-publish"],"yoast_head":"<!-- This site is optimized with the Yoast SEO Premium plugin v20.5 (Yoast SEO v27.4) - https:\/\/yoast.com\/product\/yoast-seo-premium-wordpress\/ -->\n<title>Privacy<\/title>\n<meta name=\"robots\" content=\"index, follow, max-snippet:-1, max-image-preview:large, max-video-preview:-1\" \/>\n<link rel=\"canonical\" href=\"https:\/\/www.sotograndeguide.com\/es\/privacidad\/\" \/>\n<meta property=\"og:locale\" content=\"es_ES\" \/>\n<meta property=\"og:type\" content=\"article\" \/>\n<meta property=\"og:title\" content=\"Privacy\" \/>\n<meta property=\"og:description\" content=\"This privacy policy describes how we handle the personal data provided by our users. We collect, store in data files, use, and share such personal data to help the SotograndeGuide.com website (\u201cSotograndeGuide.com\u201d) work and to keep it safe (details below). SotograndeGuide.com acting itself and through its subsidiaries, is the \u201cdata controller\u201d of such personal data. ... Leer m\u00e1s\" \/>\n<meta property=\"og:url\" content=\"https:\/\/www.sotograndeguide.com\/es\/privacidad\/\" \/>\n<meta property=\"og:site_name\" content=\"Sotogrande Guide\" \/>\n<meta property=\"article:publisher\" content=\"https:\/\/www.facebook.com\/sotograndeguide\" \/>\n<meta property=\"og:image\" content=\"https:\/\/www.sotograndeguide.com\/wp-content\/uploads\/2017\/03\/Sotogrande-Logo-GUIDE.png\" \/>\n\t<meta property=\"og:image:width\" content=\"300\" \/>\n\t<meta property=\"og:image:height\" content=\"300\" \/>\n\t<meta property=\"og:image:type\" content=\"image\/png\" \/>\n<meta name=\"twitter:card\" content=\"summary_large_image\" \/>\n<meta name=\"twitter:site\" content=\"@sotograndeguide\" \/>\n<meta name=\"twitter:label1\" content=\"Tiempo de lectura\" \/>\n\t<meta name=\"twitter:data1\" content=\"4 minutos\" \/>\n<!-- \/ Yoast SEO Premium plugin. -->","yoast_head_json":{"title":"Privacidad","robots":{"index":"index","follow":"follow","max-snippet":"max-snippet:-1","max-image-preview":"max-image-preview:large","max-video-preview":"max-video-preview:-1"},"canonical":"https:\/\/www.sotograndeguide.com\/es\/privacidad\/","og_locale":"es_ES","og_type":"article","og_title":"Privacy","og_description":"This privacy policy describes how we handle the personal data provided by our users. We collect, store in data files, use, and share such personal data to help the SotograndeGuide.com website (\u201cSotograndeGuide.com\u201d) work and to keep it safe (details below). SotograndeGuide.com acting itself and through its subsidiaries, is the \u201cdata controller\u201d of such personal data. ... Leer m\u00e1s","og_url":"https:\/\/www.sotograndeguide.com\/es\/privacidad\/","og_site_name":"Sotogrande Guide","article_publisher":"https:\/\/www.facebook.com\/sotograndeguide","og_image":[{"width":300,"height":300,"url":"https:\/\/www.sotograndeguide.com\/wp-content\/uploads\/2017\/03\/Sotogrande-Logo-GUIDE.png","type":"image\/png"}],"twitter_card":"summary_large_image","twitter_site":"@sotograndeguide","twitter_misc":{"Tiempo de lectura":"4 minutos"},"schema":{"@context":"https:\/\/schema.org","@graph":[{"@type":"WebPage","@id":"https:\/\/www.sotograndeguide.com\/privacy\/","url":"https:\/\/www.sotograndeguide.com\/privacy\/","name":"Privacidad","isPartOf":{"@id":"https:\/\/www.sotograndeguide.com\/#website"},"datePublished":"2017-02-01T09:26:09+00:00","breadcrumb":{"@id":"https:\/\/www.sotograndeguide.com\/privacy\/#breadcrumb"},"inLanguage":"es","potentialAction":[{"@type":"ReadAction","target":["https:\/\/www.sotograndeguide.com\/privacy\/"]}]},{"@type":"BreadcrumbList","@id":"https:\/\/www.sotograndeguide.com\/privacy\/#breadcrumb","itemListElement":[{"@type":"ListItem","position":1,"name":"Home","item":"https:\/\/www.sotograndeguide.com\/"},{"@type":"ListItem","position":2,"name":"Privacy"}]},{"@type":"WebSite","@id":"https:\/\/www.sotograndeguide.com\/#website","url":"https:\/\/www.sotograndeguide.com\/","name":"Gu\u00eda de Sotogrande","description":"Noticias, consejos, eventos y rese\u00f1as","publisher":{"@id":"https:\/\/www.sotograndeguide.com\/#organization"},"potentialAction":[{"@type":"SearchAction","target":{"@type":"EntryPoint","urlTemplate":"https:\/\/www.sotograndeguide.com\/?s={search_term_string}"},"query-input":{"@type":"PropertyValueSpecification","valueRequired":true,"valueName":"search_term_string"}}],"inLanguage":"es"},{"@type":"Organization","@id":"https:\/\/www.sotograndeguide.com\/#organization","name":"Gu\u00eda de Sotogrande","url":"https:\/\/www.sotograndeguide.com\/","logo":{"@type":"ImageObject","inLanguage":"es","@id":"https:\/\/www.sotograndeguide.com\/#\/schema\/logo\/image\/","url":"https:\/\/www.sotograndeguide.com\/wp-content\/uploads\/2017\/03\/Sotogrande-Logo-GUIDE.png","contentUrl":"https:\/\/www.sotograndeguide.com\/wp-content\/uploads\/2017\/03\/Sotogrande-Logo-GUIDE.png","width":300,"height":300,"caption":"Sotogrande Guide"},"image":{"@id":"https:\/\/www.sotograndeguide.com\/#\/schema\/logo\/image\/"},"sameAs":["https:\/\/www.facebook.com\/sotograndeguide","https:\/\/x.com\/sotograndeguide","https:\/\/www.tiktok.com\/@sotograndeguide","https:\/\/www.youtube.com\/@SotograndeGuide"]}]}},"jetpack_sharing_enabled":true,"_links":{"self":[{"href":"https:\/\/www.sotograndeguide.com\/es\/wp-json\/wp\/v2\/pages\/1257","targetHints":{"allow":["GET"]}}],"collection":[{"href":"https:\/\/www.sotograndeguide.com\/es\/wp-json\/wp\/v2\/pages"}],"about":[{"href":"https:\/\/www.sotograndeguide.com\/es\/wp-json\/wp\/v2\/types\/page"}],"author":[{"embeddable":true,"href":"https:\/\/www.sotograndeguide.com\/es\/wp-json\/wp\/v2\/users\/1"}],"replies":[{"embeddable":true,"href":"https:\/\/www.sotograndeguide.com\/es\/wp-json\/wp\/v2\/comments?post=1257"}],"version-history":[{"count":0,"href":"https:\/\/www.sotograndeguide.com\/es\/wp-json\/wp\/v2\/pages\/1257\/revisions"}],"wp:attachment":[{"href":"https:\/\/www.sotograndeguide.com\/es\/wp-json\/wp\/v2\/media?parent=1257"}],"curies":[{"name":"wp","href":"https:\/\/api.w.org\/{rel}","templated":true}]}}