{"id":110,"date":"2017-01-30T19:13:22","date_gmt":"2017-01-30T19:13:22","guid":{"rendered":"http:\/\/www.sotograndeguide.com\/?page_id=110"},"modified":"2019-05-06T13:39:42","modified_gmt":"2019-05-06T13:39:42","slug":"deportes-sotogrande","status":"publish","type":"page","link":"https:\/\/www.sotograndeguide.com\/es\/sotogrande-sports\/","title":{"rendered":"Deportes de Sotogrande"},"content":{"rendered":"<p>Las actividades deportivas y de ocio en Sotogrande son muy populares. A menudo ver\u00e1 a gente haciendo ciclismo y footing por las anchas calles del complejo. Y, por supuesto, Sotogrande es grande para <a href=\"https:\/\/www.sotograndeguide.com\/es\/sotogrande-golf\/\">Golf<\/a> y <a href=\"https:\/\/www.sotograndeguide.com\/es\/polo-sotogrande\/\">Polo<\/a>. Pero hay m\u00e1s.<\/p>\n<p>Ya sea kayak, windsurf, tenis, p\u00e1del, moto acu\u00e1tica, vela o equitaci\u00f3n, aqu\u00ed lo encontrar\u00e1 todo. Hay actividades para todas las edades durante todo el a\u00f1o.<\/p>\n<div class=\"pt-cv-wrapper\"><div class=\"pt-cv-view pt-cv-grid pt-cv-colsys\" id=\"pt-cv-view-a74a144178\"><div data-id=\"pt-cv-page-1\" class=\"pt-cv-page\" data-cvc=\"2\"><div class=\"col-md-6 col-sm-6 col-xs-12 pt-cv-content-item pt-cv-1-col\"  data-pid=\"34988\"><div class='pt-cv-ifield'><a href=\"https:\/\/www.sotograndeguide.com\/es\/sotogrande-sports\/pilates-sotogrande\/\" class=\"_self pt-cv-href-thumbnail pt-cv-thumb-default cvplbd\" target=\"_self\" ><img decoding=\"async\" width=\"250\" height=\"200\" src=\"https:\/\/www.sotograndeguide.com\/wp-content\/uploads\/2023\/04\/pilates-sotogrande-250x200.jpg\" class=\"pt-cv-thumbnail img-none\" alt=\"Pilates Sotogrande\" srcset=\"https:\/\/www.sotograndeguide.com\/wp-content\/uploads\/2023\/04\/pilates-sotogrande-250x200.jpg\" sizes=\"(max-width: 250px) 100vw, 250px\" \/><\/a>\n<h4 class=\"pt-cv-title\"><a href=\"https:\/\/www.sotograndeguide.com\/es\/sotogrande-sports\/pilates-sotogrande\/\" class=\"_self cvplbd\" target=\"_self\" >Pilates Sotogrande<\/a><\/h4><\/div><\/div>\n<div class=\"col-md-6 col-sm-6 col-xs-12 pt-cv-content-item pt-cv-1-col\"  data-pid=\"35541\"><div class='pt-cv-ifield'><a href=\"https:\/\/www.sotograndeguide.com\/es\/sotogrande-sports\/yogafit-sotogrande\/\" class=\"_self pt-cv-href-thumbnail pt-cv-thumb-default cvplbd\" target=\"_self\" ><img decoding=\"async\" width=\"250\" height=\"200\" src=\"https:\/\/www.sotograndeguide.com\/wp-content\/uploads\/2020\/11\/Yogafit-Sotogrande-250x200.jpg\" class=\"pt-cv-thumbnail img-none\" alt=\"Yogafit Sotogrande\" srcset=\"https:\/\/www.sotograndeguide.com\/wp-content\/uploads\/2020\/11\/Yogafit-Sotogrande-250x200.jpg\" sizes=\"(max-width: 250px) 100vw, 250px\" \/><\/a>\n<h4 class=\"pt-cv-title\"><a href=\"https:\/\/www.sotograndeguide.com\/es\/sotogrande-sports\/yogafit-sotogrande\/\" class=\"_self cvplbd\" target=\"_self\" >Yogafit Sotogrande<\/a><\/h4><\/div><\/div>\n<div class=\"col-md-6 col-sm-6 col-xs-12 pt-cv-content-item pt-cv-1-col\"  data-pid=\"35712\"><div class='pt-cv-ifield'><a href=\"https:\/\/www.sotograndeguide.com\/es\/feathers-food-fitness\/\" class=\"_self pt-cv-href-thumbnail pt-cv-thumb-default cvplbd\" target=\"_self\" ><img decoding=\"async\" width=\"250\" height=\"200\" src=\"https:\/\/www.sotograndeguide.com\/wp-content\/uploads\/2021\/10\/Feathers-Food-Fitness-250x200.jpg\" class=\"pt-cv-thumbnail img-none\" alt=\"Feathers Food &amp; Fitness\" srcset=\"https:\/\/www.sotograndeguide.com\/wp-content\/uploads\/2021\/10\/Feathers-Food-Fitness-250x200.jpg\" sizes=\"(max-width: 250px) 100vw, 250px\" \/><\/a>\n<h4 class=\"pt-cv-title\"><a href=\"https:\/\/www.sotograndeguide.com\/es\/feathers-food-fitness\/\" class=\"_self cvplbd\" target=\"_self\" >Feathers Food &amp; Fitness<\/a><\/h4><\/div><\/div>\n<div class=\"col-md-6 col-sm-6 col-xs-12 pt-cv-content-item pt-cv-1-col\"  data-pid=\"35739\"><div class='pt-cv-ifield'><a href=\"https:\/\/www.sotograndeguide.com\/es\/centro-nautico-de-sotogrande\/\" class=\"_self pt-cv-href-thumbnail pt-cv-thumb-default cvplbd\" target=\"_self\" ><img decoding=\"async\" width=\"250\" height=\"200\" src=\"https:\/\/www.sotograndeguide.com\/wp-content\/uploads\/2021\/10\/Water-Sports-Sotogrande-250x200.jpeg\" class=\"pt-cv-thumbnail img-none\" alt=\"Centro N\u00e1utico de Sotogrande\" srcset=\"https:\/\/www.sotograndeguide.com\/wp-content\/uploads\/2021\/10\/Water-Sports-Sotogrande-250x200.jpeg\" sizes=\"(max-width: 250px) 100vw, 250px\" \/><\/a>\n<h4 class=\"pt-cv-title\"><a href=\"https:\/\/www.sotograndeguide.com\/es\/centro-nautico-de-sotogrande\/\" class=\"_self cvplbd\" target=\"_self\" >Centro N\u00e1utico de Sotogrande<\/a><\/h4><\/div><\/div>\n<div class=\"col-md-6 col-sm-6 col-xs-12 pt-cv-content-item pt-cv-1-col\"  data-pid=\"35775\"><div class='pt-cv-ifield'><a href=\"https:\/\/www.sotograndeguide.com\/es\/sotogrande-sports\/sotogrande-hipica\/\" class=\"_self pt-cv-href-thumbnail pt-cv-thumb-default cvplbd\" target=\"_self\" ><img decoding=\"async\" width=\"250\" height=\"200\" src=\"https:\/\/www.sotograndeguide.com\/wp-content\/uploads\/2022\/01\/Sotogrande-Hipica-250x200.jpg\" class=\"pt-cv-thumbnail img-none\" alt=\"Sotogrande H\u00edpica\" srcset=\"https:\/\/www.sotograndeguide.com\/wp-content\/uploads\/2022\/01\/Sotogrande-Hipica-250x200.jpg\" sizes=\"(max-width: 250px) 100vw, 250px\" \/><\/a>\n<h4 class=\"pt-cv-title\"><a href=\"https:\/\/www.sotograndeguide.com\/es\/sotogrande-sports\/sotogrande-hipica\/\" class=\"_self cvplbd\" target=\"_self\" >Sotogrande H\u00edpica<\/a><\/h4><\/div><\/div><\/div><\/div><\/div>\t\t\t<style type=\"text\/css\" id=\"pt-cv-inline-style-8010b3eoyu\">#pt-cv-view-a74a144178 .pt-cv-title a, #pt-cv-view-a74a144178  .panel-title { font-weight: 600 !important; }\n#pt-cv-view-a74a144178 .pt-cv-readmore  { color: #ffffff !important; background-color: #00aeef !important; }\n#pt-cv-view-a74a144178 .pt-cv-readmore:hover  { color: #ffffff !important; background-color: #00aeef !important; }<\/style>\r\n\t\t\t\n<p><em>\u00bfNos hemos dejado algo? \u00bfLe gustar\u00eda que su empresa apareciese en la lista? <a href=\"https:\/\/www.sotograndeguide.com\/es\/pongase-en-contacto-con\/\">P\u00f3ngase en contacto<\/a>.<\/em><\/p>","protected":false},"excerpt":{"rendered":"<p>Las actividades deportivas y de ocio en Sotogrande son muy populares. A menudo ver\u00e1 a gente haciendo ciclismo y footing por las anchas calles del complejo. Y, por supuesto, Sotogrande es famoso por el golf y el polo. Pero hay m\u00e1s. Ya sea kayak, windsurf, tenis, paddle, moto acu\u00e1tica, vela o equitaci\u00f3n, aqu\u00ed lo encontrar\u00e1 todo. ... <a title=\"Deportes de Sotogrande\" class=\"read-more\" href=\"https:\/\/www.sotograndeguide.com\/es\/sotogrande-sports\/\" aria-label=\"Leer m\u00e1s sobre Deportes de Sotogrande\">Leer m\u00e1s<\/a><\/p>","protected":false},"author":1,"featured_media":34995,"parent":0,"menu_order":0,"comment_status":"closed","ping_status":"closed","template":"","meta":{"footnotes":""},"class_list":["post-110","page","type-page","status-publish","has-post-thumbnail"],"yoast_head":"<!-- This site is optimized with the Yoast SEO Premium plugin v20.5 (Yoast SEO v27.5) - https:\/\/yoast.com\/product\/yoast-seo-premium-wordpress\/ -->\n<title>Sotogrande Sports<\/title>\n<meta name=\"robots\" content=\"index, follow, max-snippet:-1, max-image-preview:large, max-video-preview:-1\" \/>\n<link rel=\"canonical\" href=\"https:\/\/www.sotograndeguide.com\/es\/deportes-sotogrande\/\" \/>\n<meta property=\"og:locale\" content=\"es_ES\" \/>\n<meta property=\"og:type\" content=\"article\" \/>\n<meta property=\"og:title\" content=\"Sotogrande Sports\" \/>\n<meta property=\"og:description\" content=\"Sports and leisure activities in Sotogrande are very popular. You will often see people cycling and jogging resort\u2019s wide streets. Then of course Sotogrande is big for Golf and Polo. But there is more. Whether it is kayaking, wind surfing, tennis, paddle tennis, jet skiing, sailing or horse riding, you will find it all here. ... Leer m\u00e1s\" \/>\n<meta property=\"og:url\" content=\"https:\/\/www.sotograndeguide.com\/es\/deportes-sotogrande\/\" \/>\n<meta property=\"og:site_name\" content=\"Sotogrande Guide\" \/>\n<meta property=\"article:publisher\" content=\"https:\/\/www.facebook.com\/sotograndeguide\" \/>\n<meta property=\"article:modified_time\" content=\"2019-05-06T13:39:42+00:00\" \/>\n<meta property=\"og:image\" content=\"https:\/\/www.sotograndeguide.com\/wp-content\/uploads\/2019\/02\/Sotogrande-Sports.jpg\" \/>\n\t<meta property=\"og:image:width\" content=\"1280\" \/>\n\t<meta property=\"og:image:height\" content=\"853\" \/>\n\t<meta property=\"og:image:type\" content=\"image\/jpeg\" \/>\n<meta name=\"twitter:card\" content=\"summary_large_image\" \/>\n<meta name=\"twitter:site\" content=\"@sotograndeguide\" \/>\n<!-- \/ Yoast SEO Premium plugin. -->","yoast_head_json":{"title":"Deportes de Sotogrande","robots":{"index":"index","follow":"follow","max-snippet":"max-snippet:-1","max-image-preview":"max-image-preview:large","max-video-preview":"max-video-preview:-1"},"canonical":"https:\/\/www.sotograndeguide.com\/es\/deportes-sotogrande\/","og_locale":"es_ES","og_type":"article","og_title":"Sotogrande Sports","og_description":"Sports and leisure activities in Sotogrande are very popular. You will often see people cycling and jogging resort\u2019s wide streets. Then of course Sotogrande is big for Golf and Polo. But there is more. Whether it is kayaking, wind surfing, tennis, paddle tennis, jet skiing, sailing or horse riding, you will find it all here. ... Leer m\u00e1s","og_url":"https:\/\/www.sotograndeguide.com\/es\/deportes-sotogrande\/","og_site_name":"Sotogrande Guide","article_publisher":"https:\/\/www.facebook.com\/sotograndeguide","article_modified_time":"2019-05-06T13:39:42+00:00","og_image":[{"width":1280,"height":853,"url":"https:\/\/www.sotograndeguide.com\/wp-content\/uploads\/2019\/02\/Sotogrande-Sports.jpg","type":"image\/jpeg"}],"twitter_card":"summary_large_image","twitter_site":"@sotograndeguide","schema":{"@context":"https:\/\/schema.org","@graph":[{"@type":"WebPage","@id":"https:\/\/www.sotograndeguide.com\/sotogrande-sports\/","url":"https:\/\/www.sotograndeguide.com\/sotogrande-sports\/","name":"Deportes de Sotogrande","isPartOf":{"@id":"https:\/\/www.sotograndeguide.com\/#website"},"primaryImageOfPage":{"@id":"https:\/\/www.sotograndeguide.com\/sotogrande-sports\/#primaryimage"},"image":{"@id":"https:\/\/www.sotograndeguide.com\/sotogrande-sports\/#primaryimage"},"thumbnailUrl":"https:\/\/www.sotograndeguide.com\/wp-content\/uploads\/2019\/02\/Sotogrande-Sports.jpg","datePublished":"2017-01-30T19:13:22+00:00","dateModified":"2019-05-06T13:39:42+00:00","breadcrumb":{"@id":"https:\/\/www.sotograndeguide.com\/sotogrande-sports\/#breadcrumb"},"inLanguage":"es","potentialAction":[{"@type":"ReadAction","target":["https:\/\/www.sotograndeguide.com\/sotogrande-sports\/"]}]},{"@type":"ImageObject","inLanguage":"es","@id":"https:\/\/www.sotograndeguide.com\/sotogrande-sports\/#primaryimage","url":"https:\/\/www.sotograndeguide.com\/wp-content\/uploads\/2019\/02\/Sotogrande-Sports.jpg","contentUrl":"https:\/\/www.sotograndeguide.com\/wp-content\/uploads\/2019\/02\/Sotogrande-Sports.jpg","width":1280,"height":853,"caption":"Sotogrande Sports"},{"@type":"BreadcrumbList","@id":"https:\/\/www.sotograndeguide.com\/sotogrande-sports\/#breadcrumb","itemListElement":[{"@type":"ListItem","position":1,"name":"Home","item":"https:\/\/www.sotograndeguide.com\/"},{"@type":"ListItem","position":2,"name":"Sotogrande Sports"}]},{"@type":"WebSite","@id":"https:\/\/www.sotograndeguide.com\/#website","url":"https:\/\/www.sotograndeguide.com\/","name":"Gu\u00eda de Sotogrande","description":"Noticias, consejos, eventos y rese\u00f1as","publisher":{"@id":"https:\/\/www.sotograndeguide.com\/#organization"},"potentialAction":[{"@type":"SearchAction","target":{"@type":"EntryPoint","urlTemplate":"https:\/\/www.sotograndeguide.com\/?s={search_term_string}"},"query-input":{"@type":"PropertyValueSpecification","valueRequired":true,"valueName":"search_term_string"}}],"inLanguage":"es"},{"@type":"Organization","@id":"https:\/\/www.sotograndeguide.com\/#organization","name":"Gu\u00eda de Sotogrande","url":"https:\/\/www.sotograndeguide.com\/","logo":{"@type":"ImageObject","inLanguage":"es","@id":"https:\/\/www.sotograndeguide.com\/#\/schema\/logo\/image\/","url":"https:\/\/www.sotograndeguide.com\/wp-content\/uploads\/2017\/03\/Sotogrande-Logo-GUIDE.png","contentUrl":"https:\/\/www.sotograndeguide.com\/wp-content\/uploads\/2017\/03\/Sotogrande-Logo-GUIDE.png","width":300,"height":300,"caption":"Sotogrande Guide"},"image":{"@id":"https:\/\/www.sotograndeguide.com\/#\/schema\/logo\/image\/"},"sameAs":["https:\/\/www.facebook.com\/sotograndeguide","https:\/\/x.com\/sotograndeguide","https:\/\/www.tiktok.com\/@sotograndeguide","https:\/\/www.youtube.com\/@SotograndeGuide"]}]}},"jetpack_sharing_enabled":true,"_links":{"self":[{"href":"https:\/\/www.sotograndeguide.com\/es\/wp-json\/wp\/v2\/pages\/110","targetHints":{"allow":["GET"]}}],"collection":[{"href":"https:\/\/www.sotograndeguide.com\/es\/wp-json\/wp\/v2\/pages"}],"about":[{"href":"https:\/\/www.sotograndeguide.com\/es\/wp-json\/wp\/v2\/types\/page"}],"author":[{"embeddable":true,"href":"https:\/\/www.sotograndeguide.com\/es\/wp-json\/wp\/v2\/users\/1"}],"replies":[{"embeddable":true,"href":"https:\/\/www.sotograndeguide.com\/es\/wp-json\/wp\/v2\/comments?post=110"}],"version-history":[{"count":0,"href":"https:\/\/www.sotograndeguide.com\/es\/wp-json\/wp\/v2\/pages\/110\/revisions"}],"wp:featuredmedia":[{"embeddable":true,"href":"https:\/\/www.sotograndeguide.com\/es\/wp-json\/wp\/v2\/media\/34995"}],"wp:attachment":[{"href":"https:\/\/www.sotograndeguide.com\/es\/wp-json\/wp\/v2\/media?parent=110"}],"curies":[{"name":"wp","href":"https:\/\/api.w.org\/{rel}","templated":true}]}}