{"id":104,"date":"2017-01-30T19:12:41","date_gmt":"2017-01-30T19:12:41","guid":{"rendered":"http:\/\/www.sotograndeguide.com\/?page_id=104"},"modified":"2018-04-21T21:21:26","modified_gmt":"2018-04-21T21:21:26","slug":"conserje-de-sotogrande","status":"publish","type":"page","link":"https:\/\/www.sotograndeguide.com\/es\/sotogrande-concierge\/","title":{"rendered":"Conserjer\u00eda de Sotogrande"},"content":{"rendered":"<p>Ofrecemos un servicio de conserjer\u00eda profesional y discreto para negocios, placer y asuntos personales.<\/p>\n<p>Nuestro servicio de conserjer\u00eda en Sotogrande incluye actualmente mayordomos y personal dom\u00e9stico, personal shoppers, conductores, entrenadores personales y presentaciones de seguridad personal.<\/p>\n<p>Tambi\u00e9n nos ocupamos de alquileres de yates y jets privados, alquiler de villas, excursiones privadas, alquiler de coches de lujo, catas de vino, excursiones y paquetes de golf, entretenimiento VIP y organizaci\u00f3n de eventos.<\/p>\n<p>Si se va a mudar a Sotogrande, puede que tambi\u00e9n le interese nuestro servicio de agente de compras, asistencia en alquileres de larga duraci\u00f3n, consultor\u00eda de puesta en marcha, intermediaci\u00f3n de negocios, gesti\u00f3n de propiedades y servicios de reubicaci\u00f3n.<\/p>\n<p>P\u00f3ngase en contacto con su conserje personal en Sotogrande hoy mismo con sus requisitos:<\/p>\n\n<div class=\"wpcf7 no-js\" id=\"wpcf7-f38-o1\" lang=\"en-US\" dir=\"ltr\" data-wpcf7-id=\"38\">\n<div class=\"screen-reader-response\"><p role=\"status\" aria-live=\"polite\" aria-atomic=\"true\"><\/p> <ul><\/ul><\/div>\n<form action=\"\/es\/wp-json\/wp\/v2\/pages\/104#wpcf7-f38-o1\" method=\"post\" class=\"wpcf7-form init\" aria-label=\"Formulario de contacto\" novalidate=\"novalidate\" data-status=\"init\" data-trp-original-action=\"\/es\/wp-json\/wp\/v2\/pages\/104#wpcf7-f38-o1\">\n<fieldset class=\"hidden-fields-container\"><input type=\"hidden\" name=\"_wpcf7\" value=\"38\" \/><input type=\"hidden\" name=\"_wpcf7_version\" value=\"6.1.5\" \/><input type=\"hidden\" name=\"_wpcf7_locale\" value=\"en_US\" \/><input type=\"hidden\" name=\"_wpcf7_unit_tag\" value=\"wpcf7-f38-o1\" \/><input type=\"hidden\" name=\"_wpcf7_container_post\" value=\"0\" \/><input type=\"hidden\" name=\"_wpcf7_posted_data_hash\" value=\"\" \/><input type=\"hidden\" name=\"_wpcf7_recaptcha_response\" value=\"\" \/>\n<\/fieldset>\n<div id=\"responsive-form\" class=\"clearfix\">\n\t<div class=\"form-row\">\n\t\t<div class=\"column-half\">\n\t\t\t<p><span class=\"wpcf7-form-control-wrap\" data-name=\"your-name\"><input size=\"40\" maxlength=\"400\" class=\"wpcf7-form-control wpcf7-text wpcf7-validates-as-required cf7r-fb-first-name\" aria-required=\"true\" aria-invalid=\"false\" placeholder=\"Nombre\" value=\"\" type=\"text\" name=\"your-name\" \/><\/span>\n\t\t\t<\/p>\n\t\t<\/div>\n\t\t<div class=\"column-half\">\n\t\t\t<p><span class=\"wpcf7-form-control-wrap\" data-name=\"your-surname\"><input size=\"40\" maxlength=\"400\" class=\"wpcf7-form-control wpcf7-text wpcf7-validates-as-required cf7r-fb-last-name\" aria-required=\"true\" aria-invalid=\"false\" placeholder=\"Apellido\" value=\"\" type=\"text\" name=\"your-surname\" \/><\/span>\n\t\t\t<\/p>\n\t\t<\/div>\n\t<\/div>\n\t<div class=\"form-row\">\n\t\t<div class=\"column-half\">\n\t\t\t<p><span class=\"wpcf7-form-control-wrap\" data-name=\"your-email\"><input size=\"40\" maxlength=\"400\" class=\"wpcf7-form-control wpcf7-email wpcf7-validates-as-required wpcf7-text wpcf7-validates-as-email cf7r-fb-email\" aria-required=\"true\" aria-invalid=\"false\" placeholder=\"Su correo electr\u00f3nico\" value=\"\" type=\"email\" name=\"your-email\" \/><\/span>\n\t\t\t<\/p>\n\t\t<\/div>\n\t\t<div class=\"column-half\">\n\t\t\t<p><span class=\"wpcf7-form-control-wrap your-tel\"><input class=\"wpcf7-form-control wpcf7-intl_tel wpcf7-intl-tel\" aria-invalid=\"false\" placeholder=\"Su tel\u00e9fono\" size=\"40\" value=\"\" type=\"tel\" name=\"your-tel-cf7it-national\" \/><input name=\"your-tel\" type=\"hidden\" class=\"wpcf7-intl-tel-full\" \/><input type=\"hidden\" name=\"your-tel-cf7it-country-name\" class=\"wpcf7-intl-tel-country-name\" \/><input type=\"hidden\" name=\"your-tel-cf7it-country-code\" class=\"wpcf7-intl-tel-country-code\" \/><\/span>\n\t\t\t<\/p>\n\t\t<\/div>\n\t<\/div>\n\t<div class=\"form-row\">\n\t\t<div class=\"column-full\">\n\t\t\t<p><span class=\"wpcf7-form-control-wrap\" data-name=\"your-message\"><textarea cols=\"10\" rows=\"10\" maxlength=\"2000\" class=\"wpcf7-form-control wpcf7-textarea\" aria-invalid=\"false\" placeholder=\"\u00bfTiene alguna pregunta o requisito espec\u00edfico? D\u00edganoslo aqu\u00ed...\" name=\"your-message\"><\/textarea><\/span>\n\t\t\t<\/p>\n\t\t<\/div>\n\t<\/div>\n\t<div class=\"form-row\">\n\t\t<div class=\"column-full\">\n\t\t\t<p><input class=\"wpcf7-form-control wpcf7-submit has-spinner\" type=\"submit\" value=\"Enviar mi solicitud ahora\" \/>\n\t\t\t<\/p>\n\t\t<\/div>\n\t<\/div>\n<\/div><!--end responsive-form-->\n<p style=\"text-align: center;\"><small>Este sitio est\u00e1 protegido por reCAPTCHA y por la pol\u00edtica de privacidad de Google. <a href=\"https:\/\/policies.google.com\/privacy\">Pol\u00edtica de privacidad<\/a> y <a href=\"https:\/\/policies.google.com\/terms\">Condiciones de uso<\/a> aplicar.<\/small>\n<\/p><div class=\"wpcf7-response-output\" aria-hidden=\"true\"><\/div>\n<input type=\"hidden\" name=\"trp-form-language\" value=\"es\"\/><\/form>\n<\/div>","protected":false},"excerpt":{"rendered":"<p>Ofrecemos un servicio de conserjer\u00eda profesional y discreto para negocios, placer y asuntos personales. Nuestro servicio de conserjer\u00eda en Sotogrande incluye actualmente mayordomos y personal dom\u00e9stico, compradores personales, conductores, entrenadores personales y presentaciones de seguridad personal. Tambi\u00e9n nos ocupamos de alquileres de yates y jets privados, alquiler de villas, excursiones privadas, alquiler de coches de lujo, catas de vino, excursiones de golf y ... <a title=\"Conserjer\u00eda de Sotogrande\" class=\"read-more\" href=\"https:\/\/www.sotograndeguide.com\/es\/sotogrande-concierge\/\" aria-label=\"Leer m\u00e1s sobre Sotogrande Concierge\">Leer m\u00e1s<\/a><\/p>","protected":false},"author":1,"featured_media":329,"parent":0,"menu_order":0,"comment_status":"closed","ping_status":"closed","template":"","meta":{"footnotes":""},"class_list":["post-104","page","type-page","status-publish","has-post-thumbnail"],"yoast_head":"<!-- This site is optimized with the Yoast SEO Premium plugin v20.5 (Yoast SEO v27.5) - https:\/\/yoast.com\/product\/yoast-seo-premium-wordpress\/ -->\n<title>Sotogrande Concierge<\/title>\n<meta name=\"robots\" content=\"index, follow, max-snippet:-1, max-image-preview:large, max-video-preview:-1\" \/>\n<link rel=\"canonical\" href=\"https:\/\/www.sotograndeguide.com\/es\/conserje-de-sotogrande\/\" \/>\n<meta property=\"og:locale\" content=\"es_ES\" \/>\n<meta property=\"og:type\" content=\"article\" \/>\n<meta property=\"og:title\" content=\"Sotogrande Concierge\" \/>\n<meta property=\"og:description\" content=\"We offer a professional and discrete concierge service for business, pleasure and personal matters. Our concierge service in Sotogrande currently includes butlers and domestic staff, personal shoppers, drivers, personal trainers and personal security introductions. We also cater for private jet and yacht charters, villa rentals, private tours, luxury car rental, wine tasting, Golf tours and ... Leer m\u00e1s\" \/>\n<meta property=\"og:url\" content=\"https:\/\/www.sotograndeguide.com\/es\/conserje-de-sotogrande\/\" \/>\n<meta property=\"og:site_name\" content=\"Sotogrande Guide\" \/>\n<meta property=\"article:publisher\" content=\"https:\/\/www.facebook.com\/sotograndeguide\" \/>\n<meta property=\"article:modified_time\" content=\"2018-04-21T21:21:26+00:00\" \/>\n<meta property=\"og:image\" content=\"https:\/\/www.sotograndeguide.com\/wp-content\/uploads\/2017\/01\/193998-e1485850071817.jpeg\" \/>\n\t<meta property=\"og:image:width\" content=\"1001\" \/>\n\t<meta property=\"og:image:height\" content=\"696\" \/>\n\t<meta property=\"og:image:type\" content=\"image\/jpeg\" \/>\n<meta name=\"twitter:card\" content=\"summary_large_image\" \/>\n<meta name=\"twitter:site\" content=\"@sotograndeguide\" \/>\n<meta name=\"twitter:label1\" content=\"Tiempo de lectura\" \/>\n\t<meta name=\"twitter:data1\" content=\"1 minuto\" \/>\n<!-- \/ Yoast SEO Premium plugin. -->","yoast_head_json":{"title":"Conserjer\u00eda de Sotogrande","robots":{"index":"index","follow":"follow","max-snippet":"max-snippet:-1","max-image-preview":"max-image-preview:large","max-video-preview":"max-video-preview:-1"},"canonical":"https:\/\/www.sotograndeguide.com\/es\/conserje-de-sotogrande\/","og_locale":"es_ES","og_type":"article","og_title":"Sotogrande Concierge","og_description":"We offer a professional and discrete concierge service for business, pleasure and personal matters. Our concierge service in Sotogrande currently includes butlers and domestic staff, personal shoppers, drivers, personal trainers and personal security introductions. We also cater for private jet and yacht charters, villa rentals, private tours, luxury car rental, wine tasting, Golf tours and ... Leer m\u00e1s","og_url":"https:\/\/www.sotograndeguide.com\/es\/conserje-de-sotogrande\/","og_site_name":"Sotogrande Guide","article_publisher":"https:\/\/www.facebook.com\/sotograndeguide","article_modified_time":"2018-04-21T21:21:26+00:00","og_image":[{"width":1001,"height":696,"url":"https:\/\/www.sotograndeguide.com\/wp-content\/uploads\/2017\/01\/193998-e1485850071817.jpeg","type":"image\/jpeg"}],"twitter_card":"summary_large_image","twitter_site":"@sotograndeguide","twitter_misc":{"Tiempo de lectura":"1 minuto"},"schema":{"@context":"https:\/\/schema.org","@graph":[{"@type":"WebPage","@id":"https:\/\/www.sotograndeguide.com\/sotogrande-concierge\/","url":"https:\/\/www.sotograndeguide.com\/sotogrande-concierge\/","name":"Conserjer\u00eda de Sotogrande","isPartOf":{"@id":"https:\/\/www.sotograndeguide.com\/#website"},"primaryImageOfPage":{"@id":"https:\/\/www.sotograndeguide.com\/sotogrande-concierge\/#primaryimage"},"image":{"@id":"https:\/\/www.sotograndeguide.com\/sotogrande-concierge\/#primaryimage"},"thumbnailUrl":"https:\/\/www.sotograndeguide.com\/wp-content\/uploads\/2017\/01\/193998-e1485850071817.jpeg","datePublished":"2017-01-30T19:12:41+00:00","dateModified":"2018-04-21T21:21:26+00:00","breadcrumb":{"@id":"https:\/\/www.sotograndeguide.com\/sotogrande-concierge\/#breadcrumb"},"inLanguage":"es","potentialAction":[{"@type":"ReadAction","target":["https:\/\/www.sotograndeguide.com\/sotogrande-concierge\/"]}]},{"@type":"ImageObject","inLanguage":"es","@id":"https:\/\/www.sotograndeguide.com\/sotogrande-concierge\/#primaryimage","url":"https:\/\/www.sotograndeguide.com\/wp-content\/uploads\/2017\/01\/193998-e1485850071817.jpeg","contentUrl":"https:\/\/www.sotograndeguide.com\/wp-content\/uploads\/2017\/01\/193998-e1485850071817.jpeg","width":1001,"height":696,"caption":"Sotogrande Concierge"},{"@type":"BreadcrumbList","@id":"https:\/\/www.sotograndeguide.com\/sotogrande-concierge\/#breadcrumb","itemListElement":[{"@type":"ListItem","position":1,"name":"Home","item":"https:\/\/www.sotograndeguide.com\/"},{"@type":"ListItem","position":2,"name":"Sotogrande Concierge"}]},{"@type":"WebSite","@id":"https:\/\/www.sotograndeguide.com\/#website","url":"https:\/\/www.sotograndeguide.com\/","name":"Gu\u00eda de Sotogrande","description":"Noticias, consejos, eventos y rese\u00f1as","publisher":{"@id":"https:\/\/www.sotograndeguide.com\/#organization"},"potentialAction":[{"@type":"SearchAction","target":{"@type":"EntryPoint","urlTemplate":"https:\/\/www.sotograndeguide.com\/?s={search_term_string}"},"query-input":{"@type":"PropertyValueSpecification","valueRequired":true,"valueName":"search_term_string"}}],"inLanguage":"es"},{"@type":"Organization","@id":"https:\/\/www.sotograndeguide.com\/#organization","name":"Gu\u00eda de Sotogrande","url":"https:\/\/www.sotograndeguide.com\/","logo":{"@type":"ImageObject","inLanguage":"es","@id":"https:\/\/www.sotograndeguide.com\/#\/schema\/logo\/image\/","url":"https:\/\/www.sotograndeguide.com\/wp-content\/uploads\/2017\/03\/Sotogrande-Logo-GUIDE.png","contentUrl":"https:\/\/www.sotograndeguide.com\/wp-content\/uploads\/2017\/03\/Sotogrande-Logo-GUIDE.png","width":300,"height":300,"caption":"Sotogrande Guide"},"image":{"@id":"https:\/\/www.sotograndeguide.com\/#\/schema\/logo\/image\/"},"sameAs":["https:\/\/www.facebook.com\/sotograndeguide","https:\/\/x.com\/sotograndeguide","https:\/\/www.tiktok.com\/@sotograndeguide","https:\/\/www.youtube.com\/@SotograndeGuide"]}]}},"jetpack_sharing_enabled":true,"_links":{"self":[{"href":"https:\/\/www.sotograndeguide.com\/es\/wp-json\/wp\/v2\/pages\/104","targetHints":{"allow":["GET"]}}],"collection":[{"href":"https:\/\/www.sotograndeguide.com\/es\/wp-json\/wp\/v2\/pages"}],"about":[{"href":"https:\/\/www.sotograndeguide.com\/es\/wp-json\/wp\/v2\/types\/page"}],"author":[{"embeddable":true,"href":"https:\/\/www.sotograndeguide.com\/es\/wp-json\/wp\/v2\/users\/1"}],"replies":[{"embeddable":true,"href":"https:\/\/www.sotograndeguide.com\/es\/wp-json\/wp\/v2\/comments?post=104"}],"version-history":[{"count":0,"href":"https:\/\/www.sotograndeguide.com\/es\/wp-json\/wp\/v2\/pages\/104\/revisions"}],"wp:featuredmedia":[{"embeddable":true,"href":"https:\/\/www.sotograndeguide.com\/es\/wp-json\/wp\/v2\/media\/329"}],"wp:attachment":[{"href":"https:\/\/www.sotograndeguide.com\/es\/wp-json\/wp\/v2\/media?parent=104"}],"curies":[{"name":"wp","href":"https:\/\/api.w.org\/{rel}","templated":true}]}}