{"id":97,"date":"2017-01-30T19:11:59","date_gmt":"2017-01-30T19:11:59","guid":{"rendered":"http:\/\/www.sotograndeguide.com\/?page_id=97"},"modified":"2019-01-28T20:39:06","modified_gmt":"2019-01-28T20:39:06","slug":"sotogrande-ubersicht","status":"publish","type":"page","link":"https:\/\/www.sotograndeguide.com\/de\/sotogrande-overview\/","title":{"rendered":"Sotogrande \u00dcberblick"},"content":{"rendered":"<p>Sotogrande, auch bekannt als 'Soto', steht f\u00fcr Diskretion, Ruhe und Raffinesse.<\/p>\n<h2>Sotogrande Geschichte<\/h2>\n<p>Der pensionierte US-General Joseph Rafael McMicking e Ynchausti und Mercedes Zobel de Ayala y Roxas, beide Filipinos amerikanischer bzw. spanischer Abstammung, kauften 1962 zun\u00e4chst f\u00fcnf benachbarte Farmen mit der Idee, eine luxuri\u00f6se Wohnanlage am Mittelmeer zu errichten.<\/p>\n<h2>Sotogrande Informationen<\/h2>\n<p>Mit ausgezeichneten Flugverbindungen nach Gro\u00dfbritannien \u00fcber den Flughafen Gibraltar und nach Europa \u00fcber den Flughafen Malaga ist Sotogrande sowohl f\u00fcr Vollzeit- als auch f\u00fcr Teilzeitbewohner ein g\u00fcnstiger Standort.<\/p>\n<h2>Sotogrande Standort<\/h2>\n<p>Sotogrande liegt an der westlichen Costa del Sol, in der Provinz C\u00e1diz. Nur 20 Minuten vom Flughafen Gibraltar und etwa 1 Stunde vom internationalen Flughafen M\u00e1laga entfernt.<\/p>\n<h2>Sotogrande Einrichtungen<\/h2>\n<p>Sotogrande bietet das Beste aus allen Welten. Die Einrichtungen in Sotogrande umfassen eine lange Liste von Sport- und Freizeitm\u00f6glichkeiten. Unter anderem: Tennis, Fitness, Polo, Reiten, Kitesurfen, Segeln, Golf und vieles mehr.<\/p>\n<h2>Sotogrande Schnelle Fakten<\/h2>\n<p>Ein 2000 Hektar gro\u00dfes Anwesen<br \/>\nDurchschnittlich 320 Sonnentage<br \/>\nErstmals in den 60er Jahren entwickelt<br \/>\nNur 15 Minuten von Gibraltar entfernt<br \/>\nNur 30 Minuten von Marbella entfernt<br \/>\nNur 20 Minuten von Tarifa entfernt<br \/>\nNur 60 Minuten zum Flughafen Malaga<br \/>\nKnapp 3 Stunden von Sierra Nevada entfernt<br \/>\nEin unber\u00fchrtes Naturparadies<br \/>\nNiedrige Bebauungsdichten<br \/>\nH\u00f6chster Komfort und Privatsph\u00e4re<br \/>\nExquisite Lebensqualit\u00e4t<\/p>","protected":false},"excerpt":{"rendered":"<p>Sotogrande, auch bekannt als \"Soto\", steht f\u00fcr Diskretion, Frieden und Kultiviertheit. Sotogrande Geschichte Der pensionierte US-General Joseph Rafael McMicking e Ynchausti und Mercedes Zobel de Ayala y Roxas, beide Filipinos amerikanischer bzw. spanischer Abstammung, kauften 1962 zun\u00e4chst f\u00fcnf benachbarte Farmen mit der Idee, eine luxuri\u00f6se Wohnsiedlung am Mittelmeer zu errichten. ... <a title=\"Sotogrande \u00dcberblick\" class=\"read-more\" href=\"https:\/\/www.sotograndeguide.com\/de\/sotogrande-overview\/\" aria-label=\"Mehr Informationen \u00fcber Sotogrande \u00dcbersicht\">Mehr lesen<\/a><\/p>","protected":false},"author":1,"featured_media":0,"parent":0,"menu_order":0,"comment_status":"closed","ping_status":"closed","template":"","meta":{"footnotes":""},"class_list":["post-97","page","type-page","status-publish"],"yoast_head":"<!-- This site is optimized with the Yoast SEO Premium plugin v20.5 (Yoast SEO v27.3) - https:\/\/yoast.com\/product\/yoast-seo-premium-wordpress\/ -->\n<title>Sotogrande Overview<\/title>\n<meta name=\"robots\" content=\"index, follow, max-snippet:-1, max-image-preview:large, max-video-preview:-1\" \/>\n<link rel=\"canonical\" href=\"https:\/\/www.sotograndeguide.com\/de\/sotogrande-ubersicht\/\" \/>\n<meta property=\"og:locale\" content=\"de_DE\" \/>\n<meta property=\"og:type\" content=\"article\" \/>\n<meta property=\"og:title\" content=\"Sotogrande Overview\" \/>\n<meta property=\"og:description\" content=\"Sotogrande, also known as &#8216;Soto&#8217; is about discretion, peace and sophistication. Sotogrande History Retired US General Joseph Rafael McMicking e Ynchausti and Mercedes Zobel de Ayala y Roxas, both Filipinos of American and Spanish descent, respectively first bought five neighbouring farms in 1962, with the idea of creating a luxurious residential development by the Mediterranean. ... Read more\" \/>\n<meta property=\"og:url\" content=\"https:\/\/www.sotograndeguide.com\/de\/sotogrande-ubersicht\/\" \/>\n<meta property=\"og:site_name\" content=\"Sotogrande Guide\" \/>\n<meta property=\"article:publisher\" content=\"https:\/\/www.facebook.com\/sotograndeguide\" \/>\n<meta property=\"article:modified_time\" content=\"2019-01-28T20:39:06+00:00\" \/>\n<meta property=\"og:image\" content=\"https:\/\/www.sotograndeguide.com\/wp-content\/uploads\/2017\/03\/Sotogrande-Logo-GUIDE.png\" \/>\n\t<meta property=\"og:image:width\" content=\"300\" \/>\n\t<meta property=\"og:image:height\" content=\"300\" \/>\n\t<meta property=\"og:image:type\" content=\"image\/png\" \/>\n<meta name=\"twitter:card\" content=\"summary_large_image\" \/>\n<meta name=\"twitter:site\" content=\"@sotograndeguide\" \/>\n<meta name=\"twitter:label1\" content=\"Gesch\u00e4tzte Lesezeit\" \/>\n\t<meta name=\"twitter:data1\" content=\"1\u00a0Minute\" \/>\n<!-- \/ Yoast SEO Premium plugin. -->","yoast_head_json":{"title":"Sotogrande \u00dcberblick","robots":{"index":"index","follow":"follow","max-snippet":"max-snippet:-1","max-image-preview":"max-image-preview:large","max-video-preview":"max-video-preview:-1"},"canonical":"https:\/\/www.sotograndeguide.com\/de\/sotogrande-ubersicht\/","og_locale":"de_DE","og_type":"article","og_title":"Sotogrande Overview","og_description":"Sotogrande, also known as &#8216;Soto&#8217; is about discretion, peace and sophistication. Sotogrande History Retired US General Joseph Rafael McMicking e Ynchausti and Mercedes Zobel de Ayala y Roxas, both Filipinos of American and Spanish descent, respectively first bought five neighbouring farms in 1962, with the idea of creating a luxurious residential development by the Mediterranean. ... Read more","og_url":"https:\/\/www.sotograndeguide.com\/de\/sotogrande-ubersicht\/","og_site_name":"Sotogrande Guide","article_publisher":"https:\/\/www.facebook.com\/sotograndeguide","article_modified_time":"2019-01-28T20:39:06+00:00","og_image":[{"width":300,"height":300,"url":"https:\/\/www.sotograndeguide.com\/wp-content\/uploads\/2017\/03\/Sotogrande-Logo-GUIDE.png","type":"image\/png"}],"twitter_card":"summary_large_image","twitter_site":"@sotograndeguide","twitter_misc":{"Gesch\u00e4tzte Lesezeit":"1\u00a0Minute"},"schema":{"@context":"https:\/\/schema.org","@graph":[{"@type":"WebPage","@id":"https:\/\/www.sotograndeguide.com\/sotogrande-overview\/","url":"https:\/\/www.sotograndeguide.com\/sotogrande-overview\/","name":"Sotogrande \u00dcberblick","isPartOf":{"@id":"https:\/\/www.sotograndeguide.com\/#website"},"datePublished":"2017-01-30T19:11:59+00:00","dateModified":"2019-01-28T20:39:06+00:00","breadcrumb":{"@id":"https:\/\/www.sotograndeguide.com\/sotogrande-overview\/#breadcrumb"},"inLanguage":"de","potentialAction":[{"@type":"ReadAction","target":["https:\/\/www.sotograndeguide.com\/sotogrande-overview\/"]}]},{"@type":"BreadcrumbList","@id":"https:\/\/www.sotograndeguide.com\/sotogrande-overview\/#breadcrumb","itemListElement":[{"@type":"ListItem","position":1,"name":"Home","item":"https:\/\/www.sotograndeguide.com\/"},{"@type":"ListItem","position":2,"name":"Sotogrande Overview"}]},{"@type":"WebSite","@id":"https:\/\/www.sotograndeguide.com\/#website","url":"https:\/\/www.sotograndeguide.com\/","name":"Sotogrande Reisef\u00fchrer","description":"Nachrichten, Tipps, Veranstaltungen und Rezensionen","publisher":{"@id":"https:\/\/www.sotograndeguide.com\/#organization"},"potentialAction":[{"@type":"SearchAction","target":{"@type":"EntryPoint","urlTemplate":"https:\/\/www.sotograndeguide.com\/?s={search_term_string}"},"query-input":{"@type":"PropertyValueSpecification","valueRequired":true,"valueName":"search_term_string"}}],"inLanguage":"de"},{"@type":"Organization","@id":"https:\/\/www.sotograndeguide.com\/#organization","name":"Sotogrande Reisef\u00fchrer","url":"https:\/\/www.sotograndeguide.com\/","logo":{"@type":"ImageObject","inLanguage":"de","@id":"https:\/\/www.sotograndeguide.com\/#\/schema\/logo\/image\/","url":"https:\/\/www.sotograndeguide.com\/wp-content\/uploads\/2017\/03\/Sotogrande-Logo-GUIDE.png","contentUrl":"https:\/\/www.sotograndeguide.com\/wp-content\/uploads\/2017\/03\/Sotogrande-Logo-GUIDE.png","width":300,"height":300,"caption":"Sotogrande Guide"},"image":{"@id":"https:\/\/www.sotograndeguide.com\/#\/schema\/logo\/image\/"},"sameAs":["https:\/\/www.facebook.com\/sotograndeguide","https:\/\/x.com\/sotograndeguide","https:\/\/www.tiktok.com\/@sotograndeguide","https:\/\/www.youtube.com\/@SotograndeGuide"]}]}},"jetpack_sharing_enabled":true,"_links":{"self":[{"href":"https:\/\/www.sotograndeguide.com\/de\/wp-json\/wp\/v2\/pages\/97","targetHints":{"allow":["GET"]}}],"collection":[{"href":"https:\/\/www.sotograndeguide.com\/de\/wp-json\/wp\/v2\/pages"}],"about":[{"href":"https:\/\/www.sotograndeguide.com\/de\/wp-json\/wp\/v2\/types\/page"}],"author":[{"embeddable":true,"href":"https:\/\/www.sotograndeguide.com\/de\/wp-json\/wp\/v2\/users\/1"}],"replies":[{"embeddable":true,"href":"https:\/\/www.sotograndeguide.com\/de\/wp-json\/wp\/v2\/comments?post=97"}],"version-history":[{"count":0,"href":"https:\/\/www.sotograndeguide.com\/de\/wp-json\/wp\/v2\/pages\/97\/revisions"}],"wp:attachment":[{"href":"https:\/\/www.sotograndeguide.com\/de\/wp-json\/wp\/v2\/media?parent=97"}],"curies":[{"name":"wp","href":"https:\/\/api.w.org\/{rel}","templated":true}]}}