{"id":88,"date":"2017-01-30T19:08:15","date_gmt":"2017-01-30T19:08:15","guid":{"rendered":"http:\/\/www.sotograndeguide.com\/?page_id=88"},"modified":"2019-01-28T21:18:11","modified_gmt":"2019-01-28T21:18:11","slug":"sotogrande-apotheken","status":"publish","type":"page","link":"https:\/\/www.sotograndeguide.com\/de\/sotogrande-pharmacies\/","title":{"rendered":"Sotogrande Apotheken"},"content":{"rendered":"<p><strong>Apotheke in Sotogrande<\/strong><br \/>\nAnschrift: Galerias Paniagua, Plaza Blanca, s\/n, 11310 San Roque, C\u00e1diz<br \/>\nTelefon: <a href=\"tel:+34956794961\">956794961<\/a><\/p>\n<p><strong>Apotheke in Pueblo Nuevo<\/strong><br \/>\nAnschrift: Calle Sierra Bermeja, 11311 Guadiaro, C\u00e1diz<br \/>\nTelefon: <a href=\"tel:+34956794052\">956794052<\/a><\/p>\n<p><strong>Apotheke in Guadiaro<\/strong><br \/>\nAnschrift: Calle Carretera, 13 Barriada De Guadiaro, 11311 Guadiaro, C\u00e1diz<br \/>\nTelefon: <a href=\"tel:+34956614105\">956614105<\/a><\/p>\n<p><strong>Apotheke in Torreguadiaro<\/strong><br \/>\nAnschrift: Av. Mar del Sur, s\/n, Edificio Vista Laguna I, 11312 Torreguadiaro, C\u00e1diz<br \/>\nTelefon: <a href=\"tel:+34956610000\">956610000<\/a><\/p>\n<p><strong>Apotheke in San Enrique<\/strong><br \/>\nAnschrift: Plaza de la Fuente, 11312 San Enrique de Guadiaro, C\u00e1diz<br \/>\nTelefon: <a href=\"tel:+34956615128\">956615128<\/a><\/p>\n<p><strong>Apotheke in Secadero<\/strong><br \/>\nAnschrift: Calle Jimena, 18, 29692 El Secadero, M\u00e1laga<br \/>\nTelefon: <a href=\"tel:+34952854082\">952854082<\/a><\/p>","protected":false},"excerpt":{"rendered":"<p>Apotheke in Sotogrande Adresse: Galerias Paniagua, Plaza Blanca, s\/n, 11310 San Roque, C\u00e1diz Telefon: 956794961 Apotheke in Pueblo Nuevo Adresse: Calle Sierra Bermeja, 11311 Guadiaro, C\u00e1diz Telefon: 956794052 Apotheke in Guadiaro Adresse: Calle Carretera, 13 Barriada De Guadiaro, 11311 Guadiaro, C\u00e1diz Telefon: 956614105 Apotheke in Torreguadiaro Adresse: Av. Mar del Sur, s\/n, Edificio Vista Laguna ... <a title=\"Sotogrande Apotheken\" class=\"read-more\" href=\"https:\/\/www.sotograndeguide.com\/de\/sotogrande-pharmacies\/\" aria-label=\"Mehr Informationen \u00fcber Sotogrande Apotheken\">Mehr lesen<\/a><\/p>","protected":false},"author":1,"featured_media":34977,"parent":0,"menu_order":0,"comment_status":"closed","ping_status":"closed","template":"","meta":{"footnotes":""},"class_list":["post-88","page","type-page","status-publish","has-post-thumbnail"],"yoast_head":"<!-- This site is optimized with the Yoast SEO Premium plugin v20.5 (Yoast SEO v27.3) - https:\/\/yoast.com\/product\/yoast-seo-premium-wordpress\/ -->\n<title>Sotogrande Pharmacies<\/title>\n<meta name=\"robots\" content=\"index, follow, max-snippet:-1, max-image-preview:large, max-video-preview:-1\" \/>\n<link rel=\"canonical\" href=\"https:\/\/www.sotograndeguide.com\/de\/sotogrande-apotheken\/\" \/>\n<meta property=\"og:locale\" content=\"de_DE\" \/>\n<meta property=\"og:type\" content=\"article\" \/>\n<meta property=\"og:title\" content=\"Sotogrande Pharmacies\" \/>\n<meta property=\"og:description\" content=\"Pharmacy in Sotogrande Address: Galerias Paniagua, Plaza Blanca, s\/n, 11310 San Roque, C\u00e1diz Telephone: 956794961 Pharmacy in Pueblo Nuevo Address: Calle Sierra Bermeja, 11311 Guadiaro, C\u00e1diz Telephone: 956794052 Pharmacy in Guadiaro Address: Calle Carretera, 13 Barriada De Guadiaro, 11311 Guadiaro, C\u00e1diz Telephone: 956614105 Pharmacy in Torreguadiaro Address: Av. Mar del Sur, s\/n, Edificio Vista Laguna ... Read more\" \/>\n<meta property=\"og:url\" content=\"https:\/\/www.sotograndeguide.com\/de\/sotogrande-apotheken\/\" \/>\n<meta property=\"og:site_name\" content=\"Sotogrande Guide\" \/>\n<meta property=\"article:publisher\" content=\"https:\/\/www.facebook.com\/sotograndeguide\" \/>\n<meta property=\"article:modified_time\" content=\"2019-01-28T21:18:11+00:00\" \/>\n<meta property=\"og:image\" content=\"https:\/\/www.sotograndeguide.com\/wp-content\/uploads\/2019\/01\/Pharmacies-in-Sotogrande.jpg\" \/>\n\t<meta property=\"og:image:width\" content=\"1280\" \/>\n\t<meta property=\"og:image:height\" content=\"853\" \/>\n\t<meta property=\"og:image:type\" content=\"image\/jpeg\" \/>\n<meta name=\"twitter:card\" content=\"summary_large_image\" \/>\n<meta name=\"twitter:site\" content=\"@sotograndeguide\" \/>\n<!-- \/ Yoast SEO Premium plugin. -->","yoast_head_json":{"title":"Sotogrande Apotheken","robots":{"index":"index","follow":"follow","max-snippet":"max-snippet:-1","max-image-preview":"max-image-preview:large","max-video-preview":"max-video-preview:-1"},"canonical":"https:\/\/www.sotograndeguide.com\/de\/sotogrande-apotheken\/","og_locale":"de_DE","og_type":"article","og_title":"Sotogrande Pharmacies","og_description":"Pharmacy in Sotogrande Address: Galerias Paniagua, Plaza Blanca, s\/n, 11310 San Roque, C\u00e1diz Telephone: 956794961 Pharmacy in Pueblo Nuevo Address: Calle Sierra Bermeja, 11311 Guadiaro, C\u00e1diz Telephone: 956794052 Pharmacy in Guadiaro Address: Calle Carretera, 13 Barriada De Guadiaro, 11311 Guadiaro, C\u00e1diz Telephone: 956614105 Pharmacy in Torreguadiaro Address: Av. Mar del Sur, s\/n, Edificio Vista Laguna ... Read more","og_url":"https:\/\/www.sotograndeguide.com\/de\/sotogrande-apotheken\/","og_site_name":"Sotogrande Guide","article_publisher":"https:\/\/www.facebook.com\/sotograndeguide","article_modified_time":"2019-01-28T21:18:11+00:00","og_image":[{"width":1280,"height":853,"url":"https:\/\/www.sotograndeguide.com\/wp-content\/uploads\/2019\/01\/Pharmacies-in-Sotogrande.jpg","type":"image\/jpeg"}],"twitter_card":"summary_large_image","twitter_site":"@sotograndeguide","schema":{"@context":"https:\/\/schema.org","@graph":[{"@type":"WebPage","@id":"https:\/\/www.sotograndeguide.com\/sotogrande-pharmacies\/","url":"https:\/\/www.sotograndeguide.com\/sotogrande-pharmacies\/","name":"Sotogrande Apotheken","isPartOf":{"@id":"https:\/\/www.sotograndeguide.com\/#website"},"primaryImageOfPage":{"@id":"https:\/\/www.sotograndeguide.com\/sotogrande-pharmacies\/#primaryimage"},"image":{"@id":"https:\/\/www.sotograndeguide.com\/sotogrande-pharmacies\/#primaryimage"},"thumbnailUrl":"https:\/\/www.sotograndeguide.com\/wp-content\/uploads\/2019\/01\/Pharmacies-in-Sotogrande.jpg","datePublished":"2017-01-30T19:08:15+00:00","dateModified":"2019-01-28T21:18:11+00:00","breadcrumb":{"@id":"https:\/\/www.sotograndeguide.com\/sotogrande-pharmacies\/#breadcrumb"},"inLanguage":"de","potentialAction":[{"@type":"ReadAction","target":["https:\/\/www.sotograndeguide.com\/sotogrande-pharmacies\/"]}]},{"@type":"ImageObject","inLanguage":"de","@id":"https:\/\/www.sotograndeguide.com\/sotogrande-pharmacies\/#primaryimage","url":"https:\/\/www.sotograndeguide.com\/wp-content\/uploads\/2019\/01\/Pharmacies-in-Sotogrande.jpg","contentUrl":"https:\/\/www.sotograndeguide.com\/wp-content\/uploads\/2019\/01\/Pharmacies-in-Sotogrande.jpg","width":1280,"height":853,"caption":"Pharmacies in Sotogrande"},{"@type":"BreadcrumbList","@id":"https:\/\/www.sotograndeguide.com\/sotogrande-pharmacies\/#breadcrumb","itemListElement":[{"@type":"ListItem","position":1,"name":"Home","item":"https:\/\/www.sotograndeguide.com\/"},{"@type":"ListItem","position":2,"name":"Sotogrande Pharmacies"}]},{"@type":"WebSite","@id":"https:\/\/www.sotograndeguide.com\/#website","url":"https:\/\/www.sotograndeguide.com\/","name":"Sotogrande Reisef\u00fchrer","description":"Nachrichten, Tipps, Veranstaltungen und Rezensionen","publisher":{"@id":"https:\/\/www.sotograndeguide.com\/#organization"},"potentialAction":[{"@type":"SearchAction","target":{"@type":"EntryPoint","urlTemplate":"https:\/\/www.sotograndeguide.com\/?s={search_term_string}"},"query-input":{"@type":"PropertyValueSpecification","valueRequired":true,"valueName":"search_term_string"}}],"inLanguage":"de"},{"@type":"Organization","@id":"https:\/\/www.sotograndeguide.com\/#organization","name":"Sotogrande Reisef\u00fchrer","url":"https:\/\/www.sotograndeguide.com\/","logo":{"@type":"ImageObject","inLanguage":"de","@id":"https:\/\/www.sotograndeguide.com\/#\/schema\/logo\/image\/","url":"https:\/\/www.sotograndeguide.com\/wp-content\/uploads\/2017\/03\/Sotogrande-Logo-GUIDE.png","contentUrl":"https:\/\/www.sotograndeguide.com\/wp-content\/uploads\/2017\/03\/Sotogrande-Logo-GUIDE.png","width":300,"height":300,"caption":"Sotogrande Guide"},"image":{"@id":"https:\/\/www.sotograndeguide.com\/#\/schema\/logo\/image\/"},"sameAs":["https:\/\/www.facebook.com\/sotograndeguide","https:\/\/x.com\/sotograndeguide","https:\/\/www.tiktok.com\/@sotograndeguide","https:\/\/www.youtube.com\/@SotograndeGuide"]}]}},"jetpack_sharing_enabled":true,"_links":{"self":[{"href":"https:\/\/www.sotograndeguide.com\/de\/wp-json\/wp\/v2\/pages\/88","targetHints":{"allow":["GET"]}}],"collection":[{"href":"https:\/\/www.sotograndeguide.com\/de\/wp-json\/wp\/v2\/pages"}],"about":[{"href":"https:\/\/www.sotograndeguide.com\/de\/wp-json\/wp\/v2\/types\/page"}],"author":[{"embeddable":true,"href":"https:\/\/www.sotograndeguide.com\/de\/wp-json\/wp\/v2\/users\/1"}],"replies":[{"embeddable":true,"href":"https:\/\/www.sotograndeguide.com\/de\/wp-json\/wp\/v2\/comments?post=88"}],"version-history":[{"count":0,"href":"https:\/\/www.sotograndeguide.com\/de\/wp-json\/wp\/v2\/pages\/88\/revisions"}],"wp:featuredmedia":[{"embeddable":true,"href":"https:\/\/www.sotograndeguide.com\/de\/wp-json\/wp\/v2\/media\/34977"}],"wp:attachment":[{"href":"https:\/\/www.sotograndeguide.com\/de\/wp-json\/wp\/v2\/media?parent=88"}],"curies":[{"name":"wp","href":"https:\/\/api.w.org\/{rel}","templated":true}]}}